{"id":29483,"date":"2026-03-18T13:26:04","date_gmt":"2026-03-18T13:26:04","guid":{"rendered":"https:\/\/soydeaqui.ddns.net\/pachuca\/index.php\/producto\/teclado-numerico-para-control-de-acceso-externo-1010-usuarios\/"},"modified":"2026-03-18T13:26:05","modified_gmt":"2026-03-18T13:26:05","slug":"teclado-numerico-para-control-de-acceso-externo-1010-usuarios","status":"publish","type":"product","link":"https:\/\/soydeaqui.ddns.net\/pachuca\/index.php\/producto\/teclado-numerico-para-control-de-acceso-externo-1010-usuarios\/","title":{"rendered":"Teclado Num\u00e9rico  para Control de Acceso Externo &#8211; 1010 Usuarios"},"content":{"rendered":"<div style='width: 100%; max-width: 1200px; margin: 0 auto; font-family: sans-serif; line-height: 1.6; color: inherit; background-color: transparent;'> <!-- Secci\u00f3n de caracter\u00edsticas --> <\/p>\n<div style='display: flex; flex-wrap: wrap; gap: 30px; margin-bottom: 30px;'>\n<div style='flex: 1 1 300px; min-width: 280px;'>\n<h3 style='font-size: 22px; border-bottom: 2px solid currentColor; padding-bottom: 5px; margin-top: 0; color: inherit; opacity: 0.8;'>Caracter\u00edsticas T\u00e9cnicas<\/h3>\n<ul style='padding-left: 20px; font-size: 15px; color: inherit;'>\n<li style='margin-bottom: 5px;'>12~24 VCA \/ V C.C. operaci\u00f3n.<\/li>\n<li style='margin-bottom: 5px;'>1&comma;010 Codigos de usuario (salida #1: 1&comma;000 usuarios&comma; salida #2: 10 usuarios).<\/li>\n<li style='margin-bottom: 5px;'>Dos relevadores de forma C&comma; cada uno con capacidad nominal de 1A@30V C.C..<\/li>\n<li style='margin-bottom: 5px;'>Cada relevador tiene un tiempo de salida programable desde 1~99 segundos o conmutado.<\/li>\n<li style='margin-bottom: 5px;'>La salida #2 puede programarse para utilizarse con un timbre de puerta.<\/li>\n<li style='margin-bottom: 5px;'>Dos entradas de egreso y una entrada de sensor para puerta.<\/li>\n<li style='margin-bottom: 5px;'>Teclas con iluminaci\u00f3n posterior para facilitar su uso nocturno.<\/li>\n<li style='margin-bottom: 5px;'>Todas las caracter\u00edsticas se programan directamente desde el teclado: No se necesita un programador externo.<\/li>\n<li style='margin-bottom: 5px;'>La memoria EEPROM protege la informaci\u00f3n programada en caso de cortes de energ\u00eda el\u00e9ctrica.<\/li>\n<li style='margin-bottom: 5px;'>Sensor \u00f3ptico contra vandalismo para mayor seguridad.<\/li>\n<li style='margin-bottom: 5px;'>Los circuitos electr\u00f3nicos se han fijado mediante un vaciado de epoxi para uso en exterior.<\/li>\n<li style='margin-bottom: 5px;'>Clasificaci\u00f3n IP65 impermeable&comma; construcci\u00f3n en aluminio reforzado.<\/li>\n<\/ul><\/div>\n<\/p><\/div>\n<p> <!-- Separador --> <\/p>\n<hr style='border: 0; border-top: 1px solid rgba(150&comma; 150&comma; 150&comma; 0.3); margin: 30px 0;'> <\/div>\n","protected":false},"excerpt":{"rendered":"<p>Teclado Num\u00e9rico  para Control de Acceso Externo &#8211; 1010 Usuarios<\/p>\n","protected":false},"featured_media":29482,"comment_status":"open","ping_status":"closed","template":"","meta":[],"product_brand":[],"product_cat":[835],"product_tag":[419,836,62],"class_list":{"0":"post-29483","1":"product","2":"type-product","3":"status-publish","4":"has-post-thumbnail","6":"product_cat-todos-teclados-autonomos","7":"product_tag-seco-larm-usa-inc","8":"product_tag-teclados-autonomos","9":"product_tag-todos","11":"first","12":"outofstock","13":"sale","14":"shipping-taxable","15":"purchasable","16":"product-type-simple"},"_links":{"self":[{"href":"https:\/\/soydeaqui.ddns.net\/pachuca\/index.php\/wp-json\/wp\/v2\/product\/29483","targetHints":{"allow":["GET"]}}],"collection":[{"href":"https:\/\/soydeaqui.ddns.net\/pachuca\/index.php\/wp-json\/wp\/v2\/product"}],"about":[{"href":"https:\/\/soydeaqui.ddns.net\/pachuca\/index.php\/wp-json\/wp\/v2\/types\/product"}],"replies":[{"embeddable":true,"href":"https:\/\/soydeaqui.ddns.net\/pachuca\/index.php\/wp-json\/wp\/v2\/comments?post=29483"}],"wp:featuredmedia":[{"embeddable":true,"href":"https:\/\/soydeaqui.ddns.net\/pachuca\/index.php\/wp-json\/wp\/v2\/media\/29482"}],"wp:attachment":[{"href":"https:\/\/soydeaqui.ddns.net\/pachuca\/index.php\/wp-json\/wp\/v2\/media?parent=29483"}],"wp:term":[{"taxonomy":"product_brand","embeddable":true,"href":"https:\/\/soydeaqui.ddns.net\/pachuca\/index.php\/wp-json\/wp\/v2\/product_brand?post=29483"},{"taxonomy":"product_cat","embeddable":true,"href":"https:\/\/soydeaqui.ddns.net\/pachuca\/index.php\/wp-json\/wp\/v2\/product_cat?post=29483"},{"taxonomy":"product_tag","embeddable":true,"href":"https:\/\/soydeaqui.ddns.net\/pachuca\/index.php\/wp-json\/wp\/v2\/product_tag?post=29483"}],"curies":[{"name":"wp","href":"https:\/\/api.w.org\/{rel}","templated":true}]}}