{"id":29458,"date":"2026-03-18T13:25:33","date_gmt":"2026-03-18T13:25:33","guid":{"rendered":"https:\/\/soydeaqui.ddns.net\/pachuca\/index.php\/producto\/protector-poe-a-10-100-mbps-exterior-cat5e-100mbps\/"},"modified":"2026-03-18T13:25:34","modified_gmt":"2026-03-18T13:25:34","slug":"protector-poe-a-10-100-mbps-exterior-cat5e-100mbps","status":"publish","type":"product","link":"https:\/\/soydeaqui.ddns.net\/pachuca\/index.php\/producto\/protector-poe-a-10-100-mbps-exterior-cat5e-100mbps\/","title":{"rendered":"Protector PoE a 10\/100 Mbps (exterior) (Cat5e 100Mbps)"},"content":{"rendered":"<div style='width: 100%; max-width: 1200px; margin: 0 auto; font-family: sans-serif; line-height: 1.6; color: inherit; background-color: transparent;'>\n<div style='display: flex; flex-wrap: wrap; gap: 30px; margin-bottom: 30px;'>\n<div style='flex: 1 1 300px; min-width: 280px;'>\n<h3 style='font-size: 22px; border-bottom: 2px solid currentColor; padding-bottom: 5px; margin-top: 0; color: inherit; opacity: 0.8;'>Descripci\u00f3n<\/h3>\n<p style='font-size: 15px; color: inherit; margin-top: 0; margin-bottom: 15px;'>Los protectores tXPRO son utilizados en instalaciones profesionales para proteger los equipos de una descarga el\u00e9ctrica. La s\u00faper alta respuesta entrega una alta confiabilidad y evita el reemplazo de equipos da\u00f1ados adem\u00e1s de costos adicionales por reparaci\u00f3n.<\/p>\n<p style='font-size: 15px; color: inherit; margin-top: 0; margin-bottom: 15px;'>Este protector PoE para exterior implementa un circuito de protecci\u00f3n multinivel con tecnolog\u00eda avanzada de fabricaci\u00f3n&comma; ofreciendo excelente rendimiento en corriente de descarga&comma; voltaje limitante&comma; tiempo de respuesta&comma; estabilidad y confiabilidad general.<\/p>\n<\/p><\/div>\n<\/p><\/div>\n<div style='display: flex; flex-wrap: wrap; gap: 20px; margin-bottom: 30px;'>\n<div style='flex: 1 1 250px; border: 1px solid rgba(150&comma; 150&comma; 150&comma; 0.4); border-radius: 8px; overflow: hidden; display: flex; flex-direction: column;'>\n<div style='padding: 15px; border-bottom: 1px solid rgba(150&comma; 150&comma; 150&comma; 0.2); font-weight: bold; font-size: 18px; color: inherit;'>Caracter\u00edsticas principales<\/div>\n<div style='padding: 15px; color: inherit;'>\n<ul style='padding-left: 20px; margin: 0; font-size: 14px; list-style-type: disc;'>\n<li style='margin-bottom: 5px;'>Tecnolog\u00eda de protecci\u00f3n multinivel: Gas-Tube + TVS<\/li>\n<li style='margin-bottom: 5px;'>Doble protecci\u00f3n en m\u00f3dulo com\u00fan y diferencial<\/li>\n<li style='margin-bottom: 5px;'>Tecnolog\u00eda de matriz TVS&comma; baja capacitancia<\/li>\n<li style='margin-bottom: 5px;'>Capacidad de m\u00faltiples descargas<\/li>\n<li style='margin-bottom: 5px;'>Carcaza IP65 para operaci\u00f3n exterior<\/li>\n<li style='margin-bottom: 5px;'>Compatibilidad con cables Cat5e y Cat6<\/li>\n<\/ul><\/div>\n<\/p><\/div>\n<div style='flex: 1 1 250px; border: 1px solid rgba(150&comma; 150&comma; 150&comma; 0.4); border-radius: 8px; overflow: hidden; display: flex; flex-direction: column;'>\n<div style='padding: 15px; border-bottom: 1px solid rgba(150&comma; 150&comma; 150&comma; 0.2); font-weight: bold; font-size: 18px; color: inherit;'>Par\u00e1metros el\u00e9ctricos<\/div>\n<div style='padding: 15px; color: inherit;'>\n<ul style='padding-left: 20px; margin: 0; font-size: 14px; list-style-type: disc;'>\n<li style='margin-bottom: 5px;'><strong>Tensi\u00f3n de trabajo:<\/strong> 48V DC<\/li>\n<li style='margin-bottom: 5px;'><strong>Tensi\u00f3n m\u00e1xima de operaci\u00f3n:<\/strong> 57V DC<\/li>\n<li style='margin-bottom: 5px;'><strong>Corriente nominal de descarga (8\/20\u00b5s):<\/strong> 5kA<\/li>\n<li style='margin-bottom: 5px;'><strong>Corriente m\u00e1xima de descarga (8\/20\u00b5s):<\/strong> 10kA<\/li>\n<li style='margin-bottom: 5px;'><strong>Nivel de protecci\u00f3n (8\/20\u00b5s):<\/strong> \u2264150V<\/li>\n<li style='margin-bottom: 5px;'><strong>Pines protegidos:<\/strong> 4\/5&comma; 7\/8<\/li>\n<\/ul><\/div>\n<\/p><\/div>\n<div style='flex: 1 1 250px; border: 1px solid rgba(150&comma; 150&comma; 150&comma; 0.4); border-radius: 8px; overflow: hidden; display: flex; flex-direction: column;'>\n<div style='padding: 15px; border-bottom: 1px solid rgba(150&comma; 150&comma; 150&comma; 0.2); font-weight: bold; font-size: 18px; color: inherit;'>Par\u00e1metros de red<\/div>\n<div style='padding: 15px; color: inherit;'>\n<ul style='padding-left: 20px; margin: 0; font-size: 14px; list-style-type: disc;'>\n<li style='margin-bottom: 5px;'><strong>Tensi\u00f3n m\u00e1xima de operaci\u00f3n:<\/strong> 5V<\/li>\n<li style='margin-bottom: 5px;'><strong>Voltaje limitante (10\/700\u00b5s):<\/strong> \u2264500V (L\u00ednea-Tierra)&comma; \u226420V (L\u00ednea-L\u00ednea)<\/li>\n<li style='margin-bottom: 5px;'><strong>Corriente nominal de descarga (8\/20\u00b5s):<\/strong> 3kA<\/li>\n<li style='margin-bottom: 5px;'><strong>Corriente m\u00e1xima de descarga (8\/20\u00b5s):<\/strong> 5kA<\/li>\n<li style='margin-bottom: 5px;'><strong>Tasa de transmisi\u00f3n adaptativa:<\/strong> 100Mbps<\/li>\n<li style='margin-bottom: 5px;'><strong>P\u00e9rdida de inserci\u00f3n:<\/strong> \u22640.5dB<\/li>\n<li style='margin-bottom: 5px;'><strong>Pines protegidos:<\/strong> 1\/2&comma; 3\/6<\/li>\n<li style='margin-bottom: 5px;'><strong>Tiempo de respuesta:<\/strong> 1ns<\/li>\n<\/ul><\/div>\n<\/p><\/div>\n<div style='flex: 1 1 250px; border: 1px solid rgba(150&comma; 150&comma; 150&comma; 0.4); border-radius: 8px; overflow: hidden; display: flex; flex-direction: column;'>\n<div style='padding: 15px; border-bottom: 1px solid rgba(150&comma; 150&comma; 150&comma; 0.2); font-weight: bold; font-size: 18px; color: inherit;'>Caracter\u00edsticas mec\u00e1nicas<\/div>\n<div style='padding: 15px; color: inherit;'>\n<ul style='padding-left: 20px; margin: 0; font-size: 14px; list-style-type: disc;'>\n<li style='margin-bottom: 5px;'><strong>Dimensiones:<\/strong> 172(W)\u00d7159(L)\u00d778(H)mm<\/li>\n<li style='margin-bottom: 5px;'><strong>Peso:<\/strong> 600g<\/li>\n<li style='margin-bottom: 5px;'><strong>Protecci\u00f3n:<\/strong> IP65 (con cinta aislante aplicada en las conexiones)<\/li>\n<li style='margin-bottom: 5px;'><strong>Temperatura de operaci\u00f3n:<\/strong> -40\u00b0C a 85\u00b0C<\/li>\n<li style='margin-bottom: 5px;'><strong>Humedad relativa:<\/strong> \u226495%<\/li>\n<li style='margin-bottom: 5px;'><strong>Normas:<\/strong> IEC61000&comma; RoHS<\/li>\n<\/ul><\/div>\n<\/p><\/div>\n<\/p><\/div>\n<div style='display: flex; flex-wrap: wrap; gap: 30px; margin-bottom: 30px;'>\n<div style='flex: 1 1 300px; min-width: 280px;'>\n<h3 style='font-size: 22px; border-bottom: 2px solid currentColor; padding-bottom: 5px; margin-top: 0; color: inherit; opacity: 0.8;'>Instalaci\u00f3n y mantenimiento<\/h3>\n<ul style='padding-left: 20px; font-size: 15px; color: inherit;'>\n<li style='margin-bottom: 5px;'><strong>a)<\/strong> El SPD debe conectarse en serie entre el dispositivo protegido y el canal de transmisi\u00f3n de se\u00f1al\/alimentaci\u00f3n.<\/li>\n<li style='margin-bottom: 5px;'><strong>b)<\/strong> El terminal de entrada (IN) del SPD debe conectarse al canal de transmisi\u00f3n de se\u00f1al\/alimentaci\u00f3n&comma; y el terminal de salida (OUT) del SPD debe conectarse al dispositivo protegido.<\/li>\n<li style='margin-bottom: 5px;'><strong>c)<\/strong> Conectar el cable de tierra del SPD a la barra de tierra del sistema de protecci\u00f3n contra rayos del cuarto o edificio.<\/li>\n<\/ul>\n<p style='font-size: 15px; color: inherit; margin-top: 15px; margin-bottom: 15px;'>No se requiere mantenimiento especial. Cuando surja un problema y se sospeche del SPD&comma; verificar el sistema con el SPD fuera del circuito. Si el sistema se recupera&comma; el SPD debe considerarse da\u00f1ado y debe reemplazarse inmediatamente.<\/p>\n<\/p><\/div>\n<\/p><\/div>\n<div style='display: flex; flex-wrap: wrap; gap: 30px; margin-bottom: 30px;'>\n<div style='flex: 1 1 300px; min-width: 280px;'>\n<h3 style='font-size: 22px; border-bottom: 2px solid currentColor; padding-bottom: 5px; margin-top: 0; color: inherit; opacity: 0.8;'>Notas de instalaci\u00f3n<\/h3>\n<p style='font-size: 15px; color: inherit; margin-top: 0; margin-bottom: 15px;'>Para lograr el nivel de protecci\u00f3n IP65&comma; la <strong>etapa 3<\/strong> debe realizarse cuidadosamente. Sin esta etapa&comma; el producto pierde su capacidad IP65&comma; pero a\u00fan puede funcionar correctamente en exteriores cuando se instala en posici\u00f3n vertical (con los tres nodos hacia abajo).<\/p>\n<\/p><\/div>\n<\/p><\/div>\n<div style='display: flex; flex-wrap: wrap; gap: 30px; margin-bottom: 30px;'>\n<div style='flex: 1 1 300px; min-width: 280px;'>\n<h3 style='font-size: 22px; border-bottom: 2px solid currentColor; padding-bottom: 5px; margin-top: 0; color: inherit; opacity: 0.8;'>Im\u00e1genes del producto<\/h3>\n<\/p><\/div>\n<\/p><\/div>\n<div style='display: flex; flex-wrap: wrap; gap: 20px; margin-bottom: 30px;'>\n<div style='flex: 1 1 400px; min-width: 300px;'> <img style='width: 100%; height: auto; border: 1px solid rgba(150&comma;150&comma;150&comma;0.3); border-radius: 8px;' src='http:\/\/148.223.3.142\/archivos\/jvillela\/TXPRO1.jpg' alt='TXPRO'> <\/div>\n<div style='flex: 1 1 400px; min-width: 300px;'> <img style='width: 100%; height: auto; border: 1px solid rgba(150&comma;150&comma;150&comma;0.3); border-radius: 8px;' src='http:\/\/148.223.3.142\/archivos\/jvillela\/TXPRO2.jpg' alt='TXPRO'> <\/div>\n<\/p><\/div>\n<hr style='border: 0; border-top: 1px solid rgba(150&comma; 150&comma; 150&comma; 0.3); margin: 30px 0;'> <\/div>\n","protected":false},"excerpt":{"rendered":"<p>Protector PoE a 10\/100 Mbps (exterior) (Cat5e 100Mbps)<\/p>\n","protected":false},"featured_media":29457,"comment_status":"open","ping_status":"closed","template":"","meta":[],"product_brand":[],"product_cat":[953],"product_tag":[898,954,560],"class_list":{"0":"post-29458","1":"product","2":"type-product","3":"status-publish","4":"has-post-thumbnail","6":"product_cat-redes","7":"product_tag-proteccion-contra-descargas","8":"product_tag-redes","9":"product_tag-txpro","11":"first","12":"outofstock","13":"sale","14":"shipping-taxable","15":"purchasable","16":"product-type-simple"},"_links":{"self":[{"href":"https:\/\/soydeaqui.ddns.net\/pachuca\/index.php\/wp-json\/wp\/v2\/product\/29458","targetHints":{"allow":["GET"]}}],"collection":[{"href":"https:\/\/soydeaqui.ddns.net\/pachuca\/index.php\/wp-json\/wp\/v2\/product"}],"about":[{"href":"https:\/\/soydeaqui.ddns.net\/pachuca\/index.php\/wp-json\/wp\/v2\/types\/product"}],"replies":[{"embeddable":true,"href":"https:\/\/soydeaqui.ddns.net\/pachuca\/index.php\/wp-json\/wp\/v2\/comments?post=29458"}],"wp:featuredmedia":[{"embeddable":true,"href":"https:\/\/soydeaqui.ddns.net\/pachuca\/index.php\/wp-json\/wp\/v2\/media\/29457"}],"wp:attachment":[{"href":"https:\/\/soydeaqui.ddns.net\/pachuca\/index.php\/wp-json\/wp\/v2\/media?parent=29458"}],"wp:term":[{"taxonomy":"product_brand","embeddable":true,"href":"https:\/\/soydeaqui.ddns.net\/pachuca\/index.php\/wp-json\/wp\/v2\/product_brand?post=29458"},{"taxonomy":"product_cat","embeddable":true,"href":"https:\/\/soydeaqui.ddns.net\/pachuca\/index.php\/wp-json\/wp\/v2\/product_cat?post=29458"},{"taxonomy":"product_tag","embeddable":true,"href":"https:\/\/soydeaqui.ddns.net\/pachuca\/index.php\/wp-json\/wp\/v2\/product_tag?post=29458"}],"curies":[{"name":"wp","href":"https:\/\/api.w.org\/{rel}","templated":true}]}}