{"id":29430,"date":"2026-03-18T13:24:58","date_gmt":"2026-03-18T13:24:58","guid":{"rendered":"https:\/\/soydeaqui.ddns.net\/pachuca\/index.php\/producto\/protector-metalico-contra-descargas-atmosfericas-poe-individual-de-10-100-1000-mbps-1101-959alpu-ptp-m\/"},"modified":"2026-03-18T13:25:03","modified_gmt":"2026-03-18T13:25:03","slug":"protector-metalico-contra-descargas-atmosfericas-poe-individual-de-10-100-1000-mbps-1101-959alpu-ptp-m","status":"publish","type":"product","link":"https:\/\/soydeaqui.ddns.net\/pachuca\/index.php\/producto\/protector-metalico-contra-descargas-atmosfericas-poe-individual-de-10-100-1000-mbps-1101-959alpu-ptp-m\/","title":{"rendered":"Protector Metalico Contra Descargas Atmosfericas PoE Individual De 10\/100\/1000 Mbps (1101-959)(ALPU-PTP-M)"},"content":{"rendered":"<div style='width: 100%; max-width: 1200px; margin: 0 auto; font-family: sans-serif; line-height: 1.6; color: inherit; background-color: transparent;'> <!-- Imagen de marca --> <\/p>\n<div style='text-align: center; margin-bottom: 20px;'> <img style='width: 100%; max-width: 300px; height: auto; border: 1px solid rgba(150&comma;150&comma;150&comma;0.3); border-radius: 8px;' src='https:\/\/ftp3.syscom.mx\/usuarios\/fotos\/ALPUF140\/80800-transtector_logo.jpg' alt='Logo TransTector'> <\/div>\n<p> <!-- Descripci\u00f3n principal --> <\/p>\n<div style='margin-bottom: 30px;'>\n<p>Nuestro protector \/ supresor de sobretensi\u00f3n Gigabit Ethernet \/ PoE ++ brinda protecci\u00f3n para su equipo electr\u00f3nico y respalda la confiabilidad del sistema a largo plazo al absorber grandes cantidades de energ\u00eda transitoria. Este dispositivo industrial de protecci\u00f3n contra sobretensiones Gigabit Ethernet \/ PoE ++ para aplicaciones de l\u00ednea de datos ayuda a prevenir da\u00f1os por picos de energ\u00eda que pueden ser causados por rayos y otras fuentes de energ\u00eda el\u00e9ctrica fuertes. El dispositivo de supresi\u00f3n de picos de tensi\u00f3n transitoria \/ TVSS para Gigabit Ethernet \/ PoE ++ puede actuar como un pararrayos y una unidad de protecci\u00f3n contra picos de sobretensi\u00f3n el\u00e9ctrica.<\/p>\n<\/p><\/div>\n<p> <!-- Secci\u00f3n de caracter\u00edsticas&comma; beneficios y aplicaciones --> <\/p>\n<div style='display: flex; flex-wrap: wrap; gap: 30px; margin-bottom: 30px;'>\n<div style='flex: 1 1 300px; min-width: 280px;'>\n<h3 style='font-size: 22px; border-bottom: 2px solid currentColor; padding-bottom: 5px; margin-top: 0; color: inherit; opacity: 0.8;'>Caracter\u00edsticas principales:<\/h3>\n<ul style='padding-left: 20px; font-size: 15px; color: inherit;'>\n<li style='margin-bottom: 5px;'><strong>Puertos:<\/strong> Gigabits<\/li>\n<li style='margin-bottom: 5px;'><strong>Protecci\u00f3n:<\/strong> Hasta PoE++ (90W)<\/li>\n<li style='margin-bottom: 5px;'><strong>Modos de protecci\u00f3n:<\/strong> L-G<\/li>\n<li style='margin-bottom: 5px;'><strong>Impedancia:<\/strong> 100 \u03a9<\/li>\n<li style='margin-bottom: 5px;'><strong>Tecnolog\u00eda:<\/strong> Diodo de avalancha de silicio (SASD)<\/li>\n<li style='margin-bottom: 5px;'><strong>Corriente m\u00e1xima:<\/strong> 1 A<\/li>\n<li style='margin-bottom: 5px;'><strong>Tiempo de respuesta:<\/strong> < 5 ns<\/li>\n<li style='margin-bottom: 5px;'><strong>Rango de temperatura:<\/strong> -40\u00b0 a 75\u00b0C<\/li>\n<li style='margin-bottom: 5px;'><strong>Garant\u00eda:<\/strong> 1 a\u00f1o<\/li>\n<\/ul><\/div>\n<div style='flex: 1 1 300px; min-width: 280px;'>\n<h3 style='font-size: 22px; border-bottom: 2px solid currentColor; padding-bottom: 5px; margin-top: 0; color: inherit; opacity: 0.8;'>Beneficios:<\/h3>\n<ul style='padding-left: 20px; font-size: 15px; color: inherit;'>\n<li style='margin-bottom: 5px;'><strong>F\u00e1cil instalaci\u00f3n<\/strong><\/li>\n<li style='margin-bottom: 5px;'><strong>Pines protegidos:<\/strong> (1&comma;2)&comma; (3&comma;6)&comma; (4&comma;5)&comma; (7&comma;8)<\/li>\n<li style='margin-bottom: 5px;'><strong>Peso:<\/strong> 362.87 g<\/li>\n<li style='margin-bottom: 5px;'><strong>Montaje:<\/strong> En Poste y pared<\/li>\n<li style='margin-bottom: 5px;'><strong>Conector:<\/strong> RJ45 blindado<\/li>\n<li style='margin-bottom: 5px;'><strong>Protecci\u00f3n:<\/strong> NEMA 3R<\/li>\n<li style='margin-bottom: 5px;'><strong>Certificados:<\/strong> ATEX (EN\/IEC 60950-1&comma; ETL 60950-1)<\/li>\n<li style='margin-bottom: 5px;'><strong>Compatible con:<\/strong> Cat5&comma; Cat5e&comma; Cat6&comma; Cat6A<\/li>\n<\/ul><\/div>\n<div style='flex: 1 1 300px; min-width: 280px;'>\n<h3 style='font-size: 22px; border-bottom: 2px solid currentColor; padding-bottom: 5px; margin-top: 0; color: inherit; opacity: 0.8;'>Aplicaciones:<\/h3>\n<ul style='padding-left: 20px; font-size: 15px; color: inherit;'>\n<li style='margin-bottom: 5px;'>Enlaces inal\u00e1mbricos<\/li>\n<li style='margin-bottom: 5px;'>WISP\/ISP<\/li>\n<li style='margin-bottom: 5px;'>Videovigilancia IP<\/li>\n<li style='margin-bottom: 5px;'>WiFi para exterior<\/li>\n<li style='margin-bottom: 5px;'>Centros de datos<\/li>\n<\/ul><\/div>\n<\/p><\/div>\n<p> <!-- Separador --> <\/p>\n<hr style='border: 0; border-top: 1px solid rgba(150&comma; 150&comma; 150&comma; 0.3); margin: 30px 0;'> <!-- Im\u00e1genes --> <\/p>\n<div style='display: flex; flex-wrap: wrap; gap: 20px; justify-content: center; margin-bottom: 30px;'>\n<div style='flex: 1 1 300px; min-width: 280px;'> <img style='width: 100%; height: auto; border: 1px solid rgba(150&comma;150&comma;150&comma;0.3); border-radius: 8px;' src='https:\/\/ftp3.syscom.mx\/usuarios\/fotos\/TALP551000\/65278-talp551000_2.jpeg' alt='Protector Metalico Contra Descargas Atmosfericas PoE Individual'> <\/div>\n<div style='flex: 1 1 300px; min-width: 280px;'> <img style='width: 100%; height: auto; border: 1px solid rgba(150&comma;150&comma;150&comma;0.3); border-radius: 8px;' src='https:\/\/ftp3.syscom.mx\/usuarios\/fotos\/TALP551000\/65278-screenshot_at_apr_23_10-52-42_copia.png' alt='Escenario de instalaci\u00f3n'> <\/div>\n<\/p><\/div>\n<p> <!-- Nota importante --> <\/p>\n<div style='margin-top: 20px; padding: 15px; border-left: 5px solid #c0392b; background-color: rgba(192&comma;57&comma;43&comma;0.1);'>\n<p style='margin: 0; color: inherit; font-size: 15px;'> <strong>Nota:<\/strong> El protector tiene que estar aterrizado a tierra <\/p>\n<\/p><\/div>\n<\/p><\/div>\n","protected":false},"excerpt":{"rendered":"<p>Protector Metalico Contra Descargas Atmosfericas PoE Individual De 10\/100\/1000 Mbps (1101-959)(ALPU-PTP-M)<\/p>\n","protected":false},"featured_media":29429,"comment_status":"open","ping_status":"closed","template":"","meta":[],"product_brand":[],"product_cat":[953],"product_tag":[898,954,546],"class_list":{"0":"post-29430","1":"product","2":"type-product","3":"status-publish","4":"has-post-thumbnail","6":"product_cat-redes","7":"product_tag-proteccion-contra-descargas","8":"product_tag-redes","9":"product_tag-transtector","11":"first","12":"instock","13":"sale","14":"shipping-taxable","15":"purchasable","16":"product-type-simple"},"_links":{"self":[{"href":"https:\/\/soydeaqui.ddns.net\/pachuca\/index.php\/wp-json\/wp\/v2\/product\/29430","targetHints":{"allow":["GET"]}}],"collection":[{"href":"https:\/\/soydeaqui.ddns.net\/pachuca\/index.php\/wp-json\/wp\/v2\/product"}],"about":[{"href":"https:\/\/soydeaqui.ddns.net\/pachuca\/index.php\/wp-json\/wp\/v2\/types\/product"}],"replies":[{"embeddable":true,"href":"https:\/\/soydeaqui.ddns.net\/pachuca\/index.php\/wp-json\/wp\/v2\/comments?post=29430"}],"wp:featuredmedia":[{"embeddable":true,"href":"https:\/\/soydeaqui.ddns.net\/pachuca\/index.php\/wp-json\/wp\/v2\/media\/29429"}],"wp:attachment":[{"href":"https:\/\/soydeaqui.ddns.net\/pachuca\/index.php\/wp-json\/wp\/v2\/media?parent=29430"}],"wp:term":[{"taxonomy":"product_brand","embeddable":true,"href":"https:\/\/soydeaqui.ddns.net\/pachuca\/index.php\/wp-json\/wp\/v2\/product_brand?post=29430"},{"taxonomy":"product_cat","embeddable":true,"href":"https:\/\/soydeaqui.ddns.net\/pachuca\/index.php\/wp-json\/wp\/v2\/product_cat?post=29430"},{"taxonomy":"product_tag","embeddable":true,"href":"https:\/\/soydeaqui.ddns.net\/pachuca\/index.php\/wp-json\/wp\/v2\/product_tag?post=29430"}],"curies":[{"name":"wp","href":"https:\/\/api.w.org\/{rel}","templated":true}]}}