{"id":294,"date":"2026-03-18T05:38:07","date_gmt":"2026-03-18T05:38:07","guid":{"rendered":"https:\/\/soydeaqui.ddns.net\/pachuca\/index.php\/producto\/motor-movelite-wt-para-cortinas-tradicionales-requiere-riel-mov35_2l-compatibilidad-con-sistemas-de-control-automatizado\/"},"modified":"2026-03-18T05:38:08","modified_gmt":"2026-03-18T05:38:08","slug":"motor-movelite-wt-para-cortinas-tradicionales-requiere-riel-mov35_2l-compatibilidad-con-sistemas-de-control-automatizado","status":"publish","type":"product","link":"https:\/\/soydeaqui.ddns.net\/pachuca\/index.php\/producto\/motor-movelite-wt-para-cortinas-tradicionales-requiere-riel-mov35_2l-compatibilidad-con-sistemas-de-control-automatizado\/","title":{"rendered":"Motor Movelite\u2122 WT \/ Para Cortinas Tradicionales \/ Requiere riel MOV35_2L \/Compatibilidad con sistemas de control automatizado"},"content":{"rendered":"<div style='width: 100%; max-width: 1200px; margin: 0 auto; font-family: sans-serif; line-height: 1.6; color: inherit; background-color: transparent;'>\n<h2 style='font-size: 22px; margin-bottom: 10px; color: inherit; opacity: 0.9;'>Motor para Cortinas Somfy Movelite AC<\/h2>\n<p style='margin-top: 0; margin-bottom: 15px;'>El <strong>Motor Somfy Movelite AC<\/strong> es una soluci\u00f3n accesible&comma; elegante y confiable para la automatizaci\u00f3n de cortinas&comma; dise\u00f1ada para proyectos residenciales y comerciales. Ofrece las funciones esenciales de motorizaci\u00f3n con un dise\u00f1o minimalista y alto desempe\u00f1o&comma; garantizando un movimiento suave y silencioso.<\/p>\n<p style='margin-bottom: 20px;'>Gracias a su compatibilidad con m\u00faltiples tecnolog\u00edas (<strong>WT&comma; RTS y DCT*<\/strong>)&comma; el Movelite AC se adapta a distintas necesidades de control&comma; desde sistemas cableados hasta soluciones inal\u00e1mbricas y de contacto seco&comma; brindando flexibilidad en instalaci\u00f3n y configuraci\u00f3n.<\/p>\n<p> <!-- Secci\u00f3n de caracter\u00edsticas --> <\/p>\n<div style='display: flex; flex-wrap: wrap; gap: 30px; margin-bottom: 30px;'>\n<div style='flex: 1 1 300px; min-width: 280px;'>\n<h3 style='font-size: 20px; border-bottom: 2px solid currentColor; padding-bottom: 5px; margin-top: 0; color: inherit; opacity: 0.8;'>CARACTER\u00cdSTICAS PRINCIPALES<\/h3>\n<ul style='padding-left: 20px; font-size: 15px; color: inherit;'>\n<li style='margin-bottom: 5px;'>Motor para cortinas con funciones esenciales de automatizaci\u00f3n.<\/li>\n<li style='margin-bottom: 5px;'>Disponible en tecnolog\u00edas WT&comma; RTS y DCT*.<\/li>\n<li style='margin-bottom: 5px;'>Capacidad de carga de hasta <strong>60 kg<\/strong>.<\/li>\n<li style='margin-bottom: 5px;'>Compatible con aperturas de una y dos hojas.<\/li>\n<li style='margin-bottom: 5px;'>Funci\u00f3n <strong>Touch Motion<\/strong> (RTS y DCT*).<\/li>\n<li style='margin-bottom: 5px;'>Posici\u00f3n favorita <strong>\u201cmy\u201d<\/strong> (RTS y DCT*).<\/li>\n<li style='margin-bottom: 5px;'>Finales de carrera autom\u00e1ticos (RTS) y ajustables (RTS\/DCT*).<\/li>\n<li style='margin-bottom: 5px;'>Accionamiento manual en caso de falla el\u00e9ctrica.<\/li>\n<li style='margin-bottom: 5px;'>Compatible con rieles y accesorios <strong>Glydea<\/strong>.<\/li>\n<\/ul><\/div>\n<\/p><\/div>\n<p> <!-- Secci\u00f3n de beneficios --> <\/p>\n<div style='display: flex; flex-wrap: wrap; gap: 30px; margin-bottom: 30px;'>\n<div style='flex: 1 1 300px; min-width: 280px;'>\n<h3 style='font-size: 20px; border-bottom: 2px solid currentColor; padding-bottom: 5px; margin-top: 0; color: inherit; opacity: 0.8;'>BENEFICIOS<\/h3>\n<ul style='padding-left: 20px; font-size: 15px; color: inherit;'>\n<li style='margin-bottom: 5px;'>Soluci\u00f3n confiable y minimalista.<\/li>\n<li style='margin-bottom: 5px;'>Ideal para proyectos residenciales y comerciales.<\/li>\n<li style='margin-bottom: 5px;'>Instalaci\u00f3n flexible: el motor puede montarse en cualquiera de los extremos del riel.<\/li>\n<li style='margin-bottom: 5px;'>Compatibilidad con sistemas inteligentes Somfy.<\/li>\n<li style='margin-bottom: 5px;'>Operaci\u00f3n silenciosa con alto confort ac\u00fastico.<\/li>\n<\/ul><\/div>\n<\/p><\/div>\n<p> <!-- Secci\u00f3n de especificaciones t\u00e9cnicas --> <\/p>\n<div style='display: flex; flex-wrap: wrap; gap: 30px; margin-bottom: 30px;'>\n<div style='flex: 1 1 300px; min-width: 280px;'>\n<h3 style='font-size: 20px; border-bottom: 2px solid currentColor; padding-bottom: 5px; margin-top: 0; color: inherit; opacity: 0.8;'>ESPECIFICACIONES T\u00c9CNICAS<\/h3>\n<ul style='padding-left: 20px; font-size: 15px; color: inherit;'>\n<li style='margin-bottom: 5px;'><strong>Alimentaci\u00f3n:<\/strong> 100 \u2013 240 V AC<\/li>\n<li style='margin-bottom: 5px;'><strong>Grado de protecci\u00f3n:<\/strong> IP30<\/li>\n<li style='margin-bottom: 5px;'><strong>Clase de aislamiento:<\/strong> Clase I<\/li>\n<li style='margin-bottom: 5px;'><strong>Par nominal:<\/strong> 0.6 Nm \/ 1.0 Nm<\/li>\n<li style='margin-bottom: 5px;'><strong>Velocidad lineal:<\/strong> 15 cm\/s<\/li>\n<li style='margin-bottom: 5px;'><strong>Nivel de ruido:<\/strong> 41 dB(A)<\/li>\n<li style='margin-bottom: 5px;'><strong>Temperatura de operaci\u00f3n:<\/strong> 0 \u00b0C a +60 \u00b0C<\/li>\n<li style='margin-bottom: 5px;'><strong>Longitud m\u00e1xima de riel:<\/strong> 10 m<\/li>\n<\/ul><\/div>\n<\/p><\/div>\n<p> <!-- Secci\u00f3n de compatibilidad y control --> <\/p>\n<div style='display: flex; flex-wrap: wrap; gap: 30px; margin-bottom: 30px;'>\n<div style='flex: 1 1 300px; min-width: 280px;'>\n<h3 style='font-size: 20px; border-bottom: 2px solid currentColor; padding-bottom: 5px; margin-top: 0; color: inherit; opacity: 0.8;'>Compatibilidad y control<\/h3>\n<ul style='padding-left: 20px; font-size: 15px; color: inherit;'>\n<li style='margin-bottom: 5px;'>Compatible con todo tipo de cortinas como cl\u00e1sica plisada&comma; francesa y Ripplefold (a trav\u00e9s de los rieles)<\/li>\n<li style='margin-bottom: 5px;'>Control mediante convertidor mec\u00e1nico a RTS modelo: <a href='https:\/\/www.syscom.mx\/products\/232713' style='color: inherit; text-decoration: underline;'>1811244<\/a> + controles remotos <a href='https:\/\/www.syscom.mx\/products\/218495' style='color: inherit; text-decoration: underline;'><strong>SITUO1RTSPURE<\/strong><\/a><\/li>\n<li style='margin-bottom: 5px;'>Control mediante la app <strong>Inteo Somfy<\/strong> <a href='https:\/\/www.syscom.mx\/products\/200364' style='color: inherit; text-decoration: underline;'>9027166<\/a><\/li>\n<\/ul><\/div>\n<\/p><\/div>\n<p> <!-- Secci\u00f3n de integraci\u00f3n con terceros --> <\/p>\n<div style='display: flex; flex-wrap: wrap; gap: 30px; margin-bottom: 30px;'>\n<div style='flex: 1 1 300px; min-width: 280px;'>\n<h3 style='font-size: 20px; border-bottom: 2px solid currentColor; padding-bottom: 5px; margin-top: 0; color: inherit; opacity: 0.8;'>Integraci\u00f3n con Terceros<\/h3>\n<p style='margin-bottom: 15px; font-size: 15px; color: inherit;'>Ahora ya podemos automatizar nuestras persianas y cortinas mec\u00e1nicas SOMFY&comma; con el uso de nuestros relevadores WIFI de Shelly&comma; modelo recomendado: <a href='https:\/\/www.syscom.mx\/products\/241571' style='color: inherit; text-decoration: underline;'><strong>SHELLY2PMGEN3<\/strong><\/a><\/p>\n<\/p><\/div>\n<\/p><\/div>\n<p> <!-- Comparativa de motores Somfy Movelite --> <\/p>\n<div style='display: flex; flex-wrap: wrap; gap: 30px; margin-bottom: 30px;'>\n<div style='flex: 1 1 100%; min-width: 280px;'>\n<h3 style='font-size: 20px; border-bottom: 2px solid currentColor; padding-bottom: 5px; margin-top: 0; margin-bottom: 20px; color: inherit; opacity: 0.8;'>COMPARATIVA DE MOTORES SOMFY MOVELITE<\/h3>\n<div style='overflow-x: auto;'>\n<table style='width: 100%; border-collapse: collapse; color: inherit;'>\n<thead>\n<tr style='background: rgba(150&comma; 150&comma; 150&comma; 0.1);'>\n<th style='border: 1px solid rgba(150&comma; 150&comma; 150&comma; 0.3); padding: 10px; text-align: left;'>Caracter\u00edstica<\/th>\n<th style='border: 1px solid rgba(150&comma; 150&comma; 150&comma; 0.3); padding: 10px; text-align: left;'>MOVELITE WT<\/th>\n<th style='border: 1px solid rgba(150&comma; 150&comma; 150&comma; 0.3); padding: 10px; text-align: left;'>MOVELITE WF<\/th>\n<\/tr>\n<\/thead>\n<tbody>\n<tr>\n<td style='border: 1px solid rgba(150&comma; 150&comma; 150&comma; 0.3); padding: 10px;'>Tipo de alimentaci\u00f3n<\/td>\n<td style='border: 1px solid rgba(150&comma; 150&comma; 150&comma; 0.3); padding: 10px;'>Cableado (100 \u2013 240 V AC)<\/td>\n<td style='border: 1px solid rgba(150&comma; 150&comma; 150&comma; 0.3); padding: 10px;'>Bater\u00eda recargable<\/td>\n<\/tr>\n<tr style='background: rgba(150&comma; 150&comma; 150&comma; 0.05);'>\n<td style='border: 1px solid rgba(150&comma; 150&comma; 150&comma; 0.3); padding: 10px;'>Tipo de control<\/td>\n<td style='border: 1px solid rgba(150&comma; 150&comma; 150&comma; 0.3); padding: 10px;'>Interruptor cableado<\/td>\n<td style='border: 1px solid rgba(150&comma; 150&comma; 150&comma; 0.3); padding: 10px;'>Control remoto RTS \/ Touch Motion<\/td>\n<\/tr>\n<tr>\n<td style='border: 1px solid rgba(150&comma; 150&comma; 150&comma; 0.3); padding: 10px;'>Instalaci\u00f3n<\/td>\n<td style='border: 1px solid rgba(150&comma; 150&comma; 150&comma; 0.3); padding: 10px;'>Requiere cableado el\u00e9ctrico<\/td>\n<td style='border: 1px solid rgba(150&comma; 150&comma; 150&comma; 0.3); padding: 10px;'>Inal\u00e1mbrica&comma; sin obra el\u00e9ctrica<\/td>\n<\/tr>\n<tr style='background: rgba(150&comma; 150&comma; 150&comma; 0.05);'>\n<td style='border: 1px solid rgba(150&comma; 150&comma; 150&comma; 0.3); padding: 10px;'>Nivel de ruido<\/td>\n<td style='border: 1px solid rgba(150&comma; 150&comma; 150&comma; 0.3); padding: 10px;'>Silencioso<\/td>\n<td style='border: 1px solid rgba(150&comma; 150&comma; 150&comma; 0.3); padding: 10px;'>Ultra silencioso<\/td>\n<\/tr>\n<tr>\n<td style='border: 1px solid rgba(150&comma; 150&comma; 150&comma; 0.3); padding: 10px;'>Capacidad de carga<\/td>\n<td style='border: 1px solid rgba(150&comma; 150&comma; 150&comma; 0.3); padding: 10px;'>Cortinas convencionales<\/td>\n<td style='border: 1px solid rgba(150&comma; 150&comma; 150&comma; 0.3); padding: 10px;'>Hasta 35 kg<\/td>\n<\/tr>\n<tr style='background: rgba(150&comma; 150&comma; 150&comma; 0.05);'>\n<td style='border: 1px solid rgba(150&comma; 150&comma; 150&comma; 0.3); padding: 10px;'>Uso recomendado<\/td>\n<td style='border: 1px solid rgba(150&comma; 150&comma; 150&comma; 0.3); padding: 10px;'>Proyectos cableados y continuos<\/td>\n<td style='border: 1px solid rgba(150&comma; 150&comma; 150&comma; 0.3); padding: 10px;'>Proyectos residenciales y DIY<\/td>\n<\/tr>\n<tr>\n<td style='border: 1px solid rgba(150&comma; 150&comma; 150&comma; 0.3); padding: 10px;'>Ideal para<\/td>\n<td style='border: 1px solid rgba(150&comma; 150&comma; 150&comma; 0.3); padding: 10px;'>Oficinas&comma; hoteles&comma; proyectos comerciales<\/td>\n<td style='border: 1px solid rgba(150&comma; 150&comma; 150&comma; 0.3); padding: 10px;'>Hogares inteligentes y remodelaciones<\/td>\n<\/tr>\n<\/tbody>\n<\/table><\/div>\n<\/p><\/div>\n<\/p><\/div>\n<p> <!-- Secci\u00f3n de requisito de riel --> <\/p>\n<div style='display: flex; flex-wrap: wrap; gap: 30px; margin-bottom: 30px;'>\n<div style='flex: 1 1 100%; min-width: 280px;'>\n<h3 style='font-size: 20px; border-bottom: 2px solid currentColor; padding-bottom: 5px; margin-top: 0; margin-bottom: 20px; color: inherit; opacity: 0.8;'>NOTA<\/h3>\n<div style='display: flex; flex-wrap: wrap; gap: 20px; align-items: center;'>\n<div style='flex: 1 1 300px; min-width: 280px;'>\n<p style='margin: 0 0 15px; font-size: 15px; color: inherit;'>Para lograr una cortina motorizada completa y funcional&comma; es indispensable complementar el motor con el riel retr\u00e1ctil modelo: <a href='https:\/\/www.syscom.mx\/products\/246356' style='color: inherit; text-decoration: underline;'>RIELRETRACURTAIN<\/a>. Este riel est\u00e1 dise\u00f1ado para trabajar de forma compatible con el sistema de motorizaci\u00f3n&comma; permitiendo un desplazamiento suave&comma; preciso y seguro de la cortina.<\/p>\n<\/p><\/div>\n<div style='flex: 1 1 300px; min-width: 280px;'> <img style='width: 100%; height: auto; border: 1px solid rgba(150&comma;150&comma;150&comma;0.3); border-radius: 8px;' src='http:\/\/ftp3.syscom.mx\/usuarios\/amuela\/MoveliteWF\/Somfy Movelite Wirefree RTS.png' alt=''> <\/div>\n<\/p><\/div>\n<\/p><\/div>\n<\/p><\/div>\n<p> <!-- Informaci\u00f3n final --> <\/p>\n<div style='border-top: 1px solid rgba(150&comma; 150&comma; 150&comma; 0.3); padding-top: 15px; font-size: 14px; color: inherit;'>\n<p style='margin: 5px 0;'><strong>Marca:<\/strong> Somfy<\/p>\n<p style='margin: 5px 0;'><strong>Modelo:<\/strong> Movelite AC<\/p>\n<p style='margin: 5px 0;'><strong>Aplicaci\u00f3n:<\/strong> Cortinas de interior<\/p>\n<p style='margin: 5px 0;'><strong>Nota:<\/strong> La conversi\u00f3n a tecnolog\u00eda DCT debe ser realizada \u00fanicamente por personal calificado.<\/p>\n<\/p><\/div>\n<\/p><\/div>\n","protected":false},"excerpt":{"rendered":"<p>Motor Movelite\u2122 WT \/ Para Cortinas Tradicionales \/ Requiere riel MOV35_2L \/Compatibilidad con sistemas de control automatizado<\/p>\n","protected":false},"featured_media":293,"comment_status":"open","ping_status":"closed","template":"","meta":[],"product_brand":[],"product_cat":[29],"product_tag":[30,31,46],"class_list":{"0":"post-294","1":"product","2":"type-product","3":"status-publish","4":"has-post-thumbnail","6":"product_cat-persianas-y-cortineros","7":"product_tag-automatizacion-casa-inteligente","8":"product_tag-persianas-y-cortineros","9":"product_tag-somfy","11":"first","12":"instock","13":"sale","14":"shipping-taxable","15":"purchasable","16":"product-type-simple"},"_links":{"self":[{"href":"https:\/\/soydeaqui.ddns.net\/pachuca\/index.php\/wp-json\/wp\/v2\/product\/294","targetHints":{"allow":["GET"]}}],"collection":[{"href":"https:\/\/soydeaqui.ddns.net\/pachuca\/index.php\/wp-json\/wp\/v2\/product"}],"about":[{"href":"https:\/\/soydeaqui.ddns.net\/pachuca\/index.php\/wp-json\/wp\/v2\/types\/product"}],"replies":[{"embeddable":true,"href":"https:\/\/soydeaqui.ddns.net\/pachuca\/index.php\/wp-json\/wp\/v2\/comments?post=294"}],"wp:featuredmedia":[{"embeddable":true,"href":"https:\/\/soydeaqui.ddns.net\/pachuca\/index.php\/wp-json\/wp\/v2\/media\/293"}],"wp:attachment":[{"href":"https:\/\/soydeaqui.ddns.net\/pachuca\/index.php\/wp-json\/wp\/v2\/media?parent=294"}],"wp:term":[{"taxonomy":"product_brand","embeddable":true,"href":"https:\/\/soydeaqui.ddns.net\/pachuca\/index.php\/wp-json\/wp\/v2\/product_brand?post=294"},{"taxonomy":"product_cat","embeddable":true,"href":"https:\/\/soydeaqui.ddns.net\/pachuca\/index.php\/wp-json\/wp\/v2\/product_cat?post=294"},{"taxonomy":"product_tag","embeddable":true,"href":"https:\/\/soydeaqui.ddns.net\/pachuca\/index.php\/wp-json\/wp\/v2\/product_tag?post=294"}],"curies":[{"name":"wp","href":"https:\/\/api.w.org\/{rel}","templated":true}]}}