{"id":29396,"date":"2026-03-18T13:24:12","date_gmt":"2026-03-18T13:24:12","guid":{"rendered":"https:\/\/soydeaqui.ddns.net\/pachuca\/index.php\/producto\/modulo-expansor-de-4-lectoras-para-panel-ac-425ip-bu\/"},"modified":"2026-03-18T13:24:17","modified_gmt":"2026-03-18T13:24:17","slug":"modulo-expansor-de-4-lectoras-para-panel-ac-425ip-bu","status":"publish","type":"product","link":"https:\/\/soydeaqui.ddns.net\/pachuca\/index.php\/producto\/modulo-expansor-de-4-lectoras-para-panel-ac-425ip-bu\/","title":{"rendered":"M\u00f3dulo Expansor de 4 Lectoras \/ Para Panel AC-425IP-BU"},"content":{"rendered":"<div style='width: 100%; max-width: 1200px; margin: 0 auto; font-family: sans-serif; line-height: 1.6; color: inherit; background-color: transparent;'> <!-- Secci\u00f3n de descripci\u00f3n --> <\/p>\n<div style='margin-bottom: 30px; font-size: 15px;'>\n<p style='margin-top: 0; margin-bottom: 15px;'>Compatible s\u00f3lo coEl m\u00f3dulo de expansi\u00f3n de 4 lectores MD-D04B de Rosslare est\u00e1 dise\u00f1ado con un enfoque en alta calidad y confiabilidad&comma; siendo ideal para aplicaciones residenciales y comerciales.<\/p>\n<p style='margin-top: 0; margin-bottom: 15px;'>F\u00e1cil de instalar y operar&comma; la placa de expansi\u00f3n MD-D04B cuenta con comunicaciones supervisadas de \u00faltima generaci\u00f3n con el controlador. La placa de expansi\u00f3n agrega cuatro puertos de lectores&comma; cuatro lectores o entradas adicionales de teclado&comma; cuatro salidas de rel\u00e9 y cuatro entradas supervisadas al panel de control de acceso.<\/p>\n<\/p><\/div>\n<p> <!-- Secci\u00f3n de especificaciones --> <\/p>\n<div style='display: flex; flex-wrap: wrap; gap: 30px; margin-bottom: 30px;'>\n<div style='flex: 1 1 300px; min-width: 280px;'>\n<h3 style='font-size: 22px; border-bottom: 2px solid currentColor; padding-bottom: 5px; margin-top: 0; color: inherit; opacity: 0.8;'>Especificaciones El\u00e9ctricas<\/h3>\n<ul style='padding-left: 20px; font-size: 15px; color: inherit;'>\n<li style='margin-bottom: 5px;'><strong>Voltaje de entrada:<\/strong> 12 VCC desde el controlador principal<\/li>\n<li style='margin-bottom: 5px;'><strong>Corriente de entrada (sin incluir dispositivos):<\/strong> En espera: 30 mA \/ M\u00e1ximo: 135 mA<\/li>\n<li style='margin-bottom: 5px;'><strong>N\u00famero de puertos de lectores:<\/strong> 4<\/li>\n<li style='margin-bottom: 5px;'><strong>N\u00famero de entradas:<\/strong> 4<\/li>\n<li style='margin-bottom: 5px;'><strong>Rel\u00e9s de salida:<\/strong> 4 x 5 A con contactos N.A.&comma; N.C. y COM&comma; rel\u00e9s de forma C<\/li>\n<li style='margin-bottom: 5px;'><strong>Voltaje de entrada:<\/strong> 5 VCC voltaje m\u00e1ximo.<\/li>\n<\/ul><\/div>\n<\/p><\/div>\n<p> <!-- Secci\u00f3n de compatibilidad --> <\/p>\n<div style='margin-bottom: 30px;'>\n<p style='font-weight: bold; margin-top: 0; margin-bottom: 15px; color: inherit;'>Solo compatible con modulo de control de acceso AC-425IPBU.<\/p>\n<\/p><\/div>\n<p> <!-- Secci\u00f3n de caracter\u00edsticas --> <\/p>\n<div style='display: flex; flex-wrap: wrap; gap: 20px; margin-bottom: 30px;'>\n<div style='flex: 1 1 250px; border: 1px solid rgba(150&comma; 150&comma; 150&comma; 0.4); border-radius: 8px; overflow: hidden; display: flex; flex-direction: column;'>\n<div style='padding: 15px; border-bottom: 1px solid rgba(150&comma; 150&comma; 150&comma; 0.2); font-weight: bold; font-size: 18px; color: inherit;'>Caracter\u00edsticas<\/div>\n<div style='padding: 15px; color: inherit;'>\n<ul style='padding-left: 20px; margin: 0; font-size: 14px; list-style-type: disc;'>\n<li style='margin-bottom: 5px;'>4 Entradas de lectora Wiegand<\/li>\n<li style='margin-bottom: 5px;'>4 Salidas de relevador<\/li>\n<\/ul><\/div>\n<\/p><\/div>\n<p> <!-- Secci\u00f3n de garant\u00eda --> <\/p>\n<div style='flex: 1 1 250px; border: 1px solid rgba(150&comma; 150&comma; 150&comma; 0.4); border-radius: 8px; overflow: hidden; display: flex; flex-direction: column;'>\n<div style='padding: 15px; border-bottom: 1px solid rgba(150&comma; 150&comma; 150&comma; 0.2); font-weight: bold; font-size: 18px; color: inherit;'>Garant\u00eda<\/div>\n<div style='padding: 15px; color: inherit; font-size: 14px;'> 1 A\u00f1o de garant\u00eda <\/div>\n<\/p><\/div>\n<\/p><\/div>\n<p> <!-- Separador --> <\/p>\n<hr style='border: 0; border-top: 1px solid rgba(150&comma; 150&comma; 150&comma; 0.3); margin: 30px 0;'> <\/div>\n","protected":false},"excerpt":{"rendered":"<p>M\u00f3dulo Expansor de 4 Lectoras \/ Para Panel AC-425IP-BU<\/p>\n","protected":false},"featured_media":29395,"comment_status":"open","ping_status":"closed","template":"","meta":[],"product_brand":[],"product_cat":[783],"product_tag":[785,784,563],"class_list":{"0":"post-29396","1":"product","2":"type-product","3":"status-publish","4":"has-post-thumbnail","6":"product_cat-controladores-de-acceso","7":"product_tag-controladores-de-acceso","8":"product_tag-paneles-de-control-de-acceso","9":"product_tag-rosslare-security-products","11":"first","12":"instock","13":"sale","14":"shipping-taxable","15":"purchasable","16":"product-type-simple"},"_links":{"self":[{"href":"https:\/\/soydeaqui.ddns.net\/pachuca\/index.php\/wp-json\/wp\/v2\/product\/29396","targetHints":{"allow":["GET"]}}],"collection":[{"href":"https:\/\/soydeaqui.ddns.net\/pachuca\/index.php\/wp-json\/wp\/v2\/product"}],"about":[{"href":"https:\/\/soydeaqui.ddns.net\/pachuca\/index.php\/wp-json\/wp\/v2\/types\/product"}],"replies":[{"embeddable":true,"href":"https:\/\/soydeaqui.ddns.net\/pachuca\/index.php\/wp-json\/wp\/v2\/comments?post=29396"}],"wp:featuredmedia":[{"embeddable":true,"href":"https:\/\/soydeaqui.ddns.net\/pachuca\/index.php\/wp-json\/wp\/v2\/media\/29395"}],"wp:attachment":[{"href":"https:\/\/soydeaqui.ddns.net\/pachuca\/index.php\/wp-json\/wp\/v2\/media?parent=29396"}],"wp:term":[{"taxonomy":"product_brand","embeddable":true,"href":"https:\/\/soydeaqui.ddns.net\/pachuca\/index.php\/wp-json\/wp\/v2\/product_brand?post=29396"},{"taxonomy":"product_cat","embeddable":true,"href":"https:\/\/soydeaqui.ddns.net\/pachuca\/index.php\/wp-json\/wp\/v2\/product_cat?post=29396"},{"taxonomy":"product_tag","embeddable":true,"href":"https:\/\/soydeaqui.ddns.net\/pachuca\/index.php\/wp-json\/wp\/v2\/product_tag?post=29396"}],"curies":[{"name":"wp","href":"https:\/\/api.w.org\/{rel}","templated":true}]}}