{"id":29382,"date":"2026-03-18T13:23:54","date_gmt":"2026-03-18T13:23:54","guid":{"rendered":"https:\/\/soydeaqui.ddns.net\/pachuca\/index.php\/producto\/controlador-de-acceso-para-2-lectoras-expandible-a-2-lectores-adicionales-30000-tarjetas-incluye-gabinete-y-fuente-de-alimentacion-nueva-generacion-2\/"},"modified":"2026-03-18T13:23:59","modified_gmt":"2026-03-18T13:23:59","slug":"controlador-de-acceso-para-2-lectoras-expandible-a-2-lectores-adicionales-30000-tarjetas-incluye-gabinete-y-fuente-de-alimentacion-nueva-generacion-2","status":"publish","type":"product","link":"https:\/\/soydeaqui.ddns.net\/pachuca\/index.php\/producto\/controlador-de-acceso-para-2-lectoras-expandible-a-2-lectores-adicionales-30000-tarjetas-incluye-gabinete-y-fuente-de-alimentacion-nueva-generacion-2\/","title":{"rendered":"Controlador de Acceso para 2 lectoras \/ Expandible a 2 Lectores Adicionales \/ 30,000 Tarjetas \/ Incluye Gabinete y Fuente de Alimentaci\u00f3n \/ Nueva Generaci\u00f3n!"},"content":{"rendered":"<div style='width: 100%; max-width: 1200px; margin: 0 auto; font-family: sans-serif; line-height: 1.6; color: inherit; background-color: transparent;'> <!-- Secci\u00f3n de descripci\u00f3n principal --> <\/p>\n<div style='margin-bottom: 30px;'>\n<p style='margin: 0 0 10px; color: inherit;'>CONTROL. P\/2 LECTORAS INC.GABINETE EN CLR.NEGRO Y FUENTE EXPANDIBLE A 4 LECTORAS<\/p>\n<\/p><\/div>\n<p> <!-- Video principal --> <\/p>\n<div style='position: relative; padding-bottom: 56.25%; height: 0; overflow: hidden; margin-bottom: 30px;'>   <\/div>\n<p> <!-- Secci\u00f3n de caracter\u00edsticas --> <\/p>\n<div style='display: flex; flex-wrap: wrap; gap: 20px; margin-bottom: 30px;'>\n<div style='flex: 1 1 300px; min-width: 280px; border: 1px solid rgba(150&comma; 150&comma; 150&comma; 0.4); border-radius: 8px; overflow: hidden; display: flex; flex-direction: column;'>\n<div style='padding: 15px; border-bottom: 1px solid rgba(150&comma; 150&comma; 150&comma; 0.2); font-weight: bold; font-size: 18px; color: inherit; background-color: rgba(255&comma; 255&comma; 255&comma; 0.05);'>Caracter\u00edsticas Principales<\/div>\n<div style='padding: 15px; color: inherit;'>\n<ul style='padding-left: 20px; margin: 0; font-size: 14px; list-style-type: disc;'>\n<li style='margin-bottom: 5px;'>Panel de control de acceso para 2 puertas expandible a 4<\/li>\n<li style='margin-bottom: 5px;'>Hasta 4 lectoras con expansores<\/li>\n<li style='margin-bottom: 5px;'>20&comma;000 usuarios<\/li>\n<li style='margin-bottom: 5px;'>30&comma;000 eventos en memoria (memoria c\u00edclica)<\/li>\n<li style='margin-bottom: 5px;'>Tarjeta TCP\/IP<\/li>\n<li style='margin-bottom: 5px;'>Soporta el control de hasta 4 lectoras&comma; 2 en el panel y dos m\u00e1s con el expansor MDD02B<\/li>\n<li style='margin-bottom: 5px;'>2 entradas auxiliares y dos salidas auxiliares<\/li>\n<\/ul><\/div>\n<\/p><\/div>\n<div style='flex: 1 1 300px; min-width: 280px; border: 1px solid rgba(150&comma; 150&comma; 150&comma; 0.4); border-radius: 8px; overflow: hidden; display: flex; flex-direction: column;'>\n<div style='padding: 15px; border-bottom: 1px solid rgba(150&comma; 150&comma; 150&comma; 0.2); font-weight: bold; font-size: 18px; color: inherit; background-color: rgba(255&comma; 255&comma; 255&comma; 0.05);'>Expansi\u00f3n<\/div>\n<div style='padding: 15px; color: inherit;'>\n<ul style='padding-left: 20px; margin: 0; font-size: 14px; list-style-type: disc;'>\n<li style='margin-bottom: 5px;'>Expansor de dos lectoras MDD02B<\/li>\n<\/ul><\/div>\n<\/p><\/div>\n<div style='flex: 1 1 300px; min-width: 280px; border: 1px solid rgba(150&comma; 150&comma; 150&comma; 0.4); border-radius: 8px; overflow: hidden; display: flex; flex-direction: column;'>\n<div style='padding: 15px; border-bottom: 1px solid rgba(150&comma; 150&comma; 150&comma; 0.2); font-weight: bold; font-size: 18px; color: inherit; background-color: rgba(255&comma; 255&comma; 255&comma; 0.05);'>Caracter\u00edsticas Adicionales<\/div>\n<div style='padding: 15px; color: inherit;'>\n<ul style='padding-left: 20px; margin: 0; font-size: 14px; list-style-type: disc;'>\n<li style='margin-bottom: 5px;'>Reloj en tiempo real&comma; mantiene la hora y fecha hasta por dos semanas sin energ\u00eda<\/li>\n<li style='margin-bottom: 5px;'>Gran espacio en gabinete&comma; con chapa&comma; tiene peinetas para administrar mejor el cableado&comma; el gabinete incluye luz LED para iluminar la tablilla y gabinete en situaciones de poca luz<\/li>\n<li style='margin-bottom: 5px;'>La administraci\u00f3n de la energ\u00eda permite conocer el estatus de la corriente y la bater\u00eda<\/li>\n<li style='margin-bottom: 5px;'>Medidas (HxWxD): 345 x 400 x 10 mm<\/li>\n<li style='margin-bottom: 5px;'>Software gratuito hasta 256 lectoras<\/li>\n<li style='margin-bottom: 5px;'>Los relevadores son de contacto seco<\/li>\n<\/ul><\/div>\n<\/p><\/div>\n<\/p><\/div>\n<p> <!-- Notas importantes --> <\/p>\n<div style='margin-bottom: 30px;'>\n<div style='border: 1px solid rgba(150&comma; 150&comma; 150&comma; 0.4); border-left: 6px solid #a80007; border-radius: 8px; padding: 20px; background-color: rgba(255&comma; 255&comma; 255&comma; 0.05);'>\n<h3 style='margin-top: 0; font-size: 18px; color: inherit;'><strong>NOTAS:<\/strong><\/h3>\n<ul style='padding-left: 20px; margin: 15px 0; font-size: 14px; color: inherit; list-style-type: disc;'>\n<li style='margin-bottom: 10px;'><strong>El software AXTRAXNG ya no se soporta uso de c\u00e1maras IP a trav\u00e9s de la aplicaci\u00f3n VITRAX<\/strong><\/li>\n<li style='margin-bottom: 10px;'><strong>Solo se da soporte al software suministrado con el equipo o proporcionado por SYSCOM y siempre y cuando se utilice el mismo motor de base de datos que se incluye. Cualquier otra implementaci\u00f3n hacia otro software u otra versi\u00f3n de base de datos&comma; es responsabilidad del integrador o desarrollador a cargo<\/strong><\/li>\n<li><strong>GARANTIA DEL PRODUCTO 1 a\u00f1o directo en SYSCOM y GARANT\u00cdA de 2 a\u00f1os limitada del producto en F\u00e1brica<\/strong><\/li>\n<\/ul><\/div>\n<\/p><\/div>\n<p> <!-- Imagen --> <\/p>\n<div style='margin: 30px 0; text-align: center;'> <img style='width: 100%; max-width: 600px; height: auto; border: 1px solid rgba(150&comma;150&comma;150&comma;0.3); border-radius: 8px;' src='https:\/\/lh5.googleusercontent.com\/sqKBTsp_xNPYKdEeNlPJIbESOSHSSWmzO8lWJ7G4UJWCdI-CtIDfAr2k-6SaXh3HSQmg-b6PJRT1Z05YnRKiGl-varW32kL6tceBdbrOI1tfei2Zg0EYjuBVAw49QhoQXxraXQTS5s8' alt='Imagen del producto'> <\/div>\n<p> <!-- Otros videos --> <\/p>\n<div style='margin-bottom: 30px;'>\n<h3 style='text-align: center; font-size: 18px; border-bottom: 2px solid currentColor; padding-bottom: 5px; margin: 30px 0 20px; color: inherit; opacity: 0.8;'>Videos Adicionales<\/h3>\n<div style='position: relative; padding-bottom: 56.25%; height: 0; overflow: hidden; margin-bottom: 30px;'>   <\/div>\n<div style='position: relative; padding-bottom: 56.25%; height: 0; overflow: hidden; margin-bottom: 30px;'>   <\/div>\n<div style='position: relative; padding-bottom: 56.25%; height: 0; overflow: hidden; margin-bottom: 30px;'>   <\/div>\n<\/p><\/div>\n<p> <!-- Enlace a base de conocimientos --> <\/p>\n<div style='text-align: center; margin: 30px 0;'>\n<h2 style='margin: 0 0 15px; font-size: 18px; color: inherit;'>VISITE NUESTRA BASE DE CONOCIMIENTOS <a href='http:\/\/conocimiento.syscom.mx\/?s=rosslare' style='color: #a80007; text-decoration: underline;' target='_blank'>ROSSLARE<\/a><\/h2>\n<h2 style='margin: 0; font-size: 16px; color: inherit;'>Utilice los lectores CSN de Rosslare con la funci\u00f3n <strong style='color: inherit;'>NFC<\/strong> de su Smartphone<\/h2>\n<\/p><\/div>\n<p> <!-- Sistema operativo recomendado --> <\/p>\n<div style='margin: 40px 0;'>\n<div style='border: 1px solid rgba(150&comma; 150&comma; 150&comma; 0.4); border-radius: 8px; padding: 20px; background-color: rgba(255&comma; 255&comma; 255&comma; 0.05); text-align: center;'>\n<h3 style='margin: 0; font-size: 18px; color: inherit;'><strong>SISTEMA OPERATIVO RECOMENDADO PARA AXTRAXNG 27 ES WINDOWS 8\/8.1\/10 PRO<\/strong><\/h3>\n<\/p><\/div>\n<\/p><\/div>\n<\/p><\/div>\n","protected":false},"excerpt":{"rendered":"<p>Controlador de Acceso para 2 lectoras \/ Expandible a 2 Lectores Adicionales \/ 30,000 Tarjetas \/ Incluye Gabinete y Fuente de Alimentaci\u00f3n \/ Nueva Generaci\u00f3n!<\/p>\n","protected":false},"featured_media":29381,"comment_status":"open","ping_status":"closed","template":"","meta":[],"product_brand":[],"product_cat":[783],"product_tag":[785,784,563],"class_list":{"0":"post-29382","1":"product","2":"type-product","3":"status-publish","4":"has-post-thumbnail","6":"product_cat-controladores-de-acceso","7":"product_tag-controladores-de-acceso","8":"product_tag-paneles-de-control-de-acceso","9":"product_tag-rosslare-security-products","11":"first","12":"instock","13":"sale","14":"shipping-taxable","15":"purchasable","16":"product-type-simple"},"_links":{"self":[{"href":"https:\/\/soydeaqui.ddns.net\/pachuca\/index.php\/wp-json\/wp\/v2\/product\/29382","targetHints":{"allow":["GET"]}}],"collection":[{"href":"https:\/\/soydeaqui.ddns.net\/pachuca\/index.php\/wp-json\/wp\/v2\/product"}],"about":[{"href":"https:\/\/soydeaqui.ddns.net\/pachuca\/index.php\/wp-json\/wp\/v2\/types\/product"}],"replies":[{"embeddable":true,"href":"https:\/\/soydeaqui.ddns.net\/pachuca\/index.php\/wp-json\/wp\/v2\/comments?post=29382"}],"wp:featuredmedia":[{"embeddable":true,"href":"https:\/\/soydeaqui.ddns.net\/pachuca\/index.php\/wp-json\/wp\/v2\/media\/29381"}],"wp:attachment":[{"href":"https:\/\/soydeaqui.ddns.net\/pachuca\/index.php\/wp-json\/wp\/v2\/media?parent=29382"}],"wp:term":[{"taxonomy":"product_brand","embeddable":true,"href":"https:\/\/soydeaqui.ddns.net\/pachuca\/index.php\/wp-json\/wp\/v2\/product_brand?post=29382"},{"taxonomy":"product_cat","embeddable":true,"href":"https:\/\/soydeaqui.ddns.net\/pachuca\/index.php\/wp-json\/wp\/v2\/product_cat?post=29382"},{"taxonomy":"product_tag","embeddable":true,"href":"https:\/\/soydeaqui.ddns.net\/pachuca\/index.php\/wp-json\/wp\/v2\/product_tag?post=29382"}],"curies":[{"name":"wp","href":"https:\/\/api.w.org\/{rel}","templated":true}]}}