{"id":29375,"date":"2026-03-18T13:23:45","date_gmt":"2026-03-18T13:23:45","guid":{"rendered":"https:\/\/soydeaqui.ddns.net\/pachuca\/index.php\/producto\/controlador-de-acceso-para-4-lectoras-expandible-a-4-lectores-adicionales-30000-tarjetas-20000-eventos-incluye-gabinete-y-fuente-de-alimentacion-nueva-generacion\/"},"modified":"2026-03-18T13:23:52","modified_gmt":"2026-03-18T13:23:52","slug":"controlador-de-acceso-para-4-lectoras-expandible-a-4-lectores-adicionales-30000-tarjetas-20000-eventos-incluye-gabinete-y-fuente-de-alimentacion-nueva-generacion","status":"publish","type":"product","link":"https:\/\/soydeaqui.ddns.net\/pachuca\/index.php\/producto\/controlador-de-acceso-para-4-lectoras-expandible-a-4-lectores-adicionales-30000-tarjetas-20000-eventos-incluye-gabinete-y-fuente-de-alimentacion-nueva-generacion\/","title":{"rendered":"Controlador de Acceso para 4 Lectoras \/ Expandible a 4 Lectores Adicionales \/ 30,000 Tarjetas \/ 20,000 Eventos \/ Incluye Gabinete y Fuente de Alimentaci\u00f3n \/ Nueva Generaci\u00f3n!"},"content":{"rendered":"<div style='width: 100%; max-width: 1200px; margin: 0 auto; font-family: sans-serif; line-height: 1.6; color: inherit; background-color: transparent;'> <!-- Secci\u00f3n de caracter\u00edsticas destacadas --> <\/p>\n<div style='margin-bottom: 30px;'>\n<h3 style='font-size: 24px; color: #f1c40f; margin-top: 0; margin-bottom: 15px; opacity: 0.9;'>NUEVAS CARACTERISTICAS<\/h3>\n<p style='font-size: 15px; color: inherit; margin-bottom: 25px;'>Con nuevas caracter\u00edsticas innovadoras que fueron solicitadas por el mercado y creaciones creativas de nuestros laboratorios<\/p>\n<p> <!-- Secci\u00f3n de descripci\u00f3n con imagen --> <\/p>\n<div style='display: flex; flex-wrap: wrap; gap: 30px; align-items: center; margin-bottom: 30px;'>\n<div style='flex: 1 1 300px; min-width: 280px;'>\n<div style='font-size: 18px; color: inherit; margin-bottom: 15px; font-weight: bold;'>Caracter\u00edstica principal<\/div>\n<p style='font-size: 15px; color: inherit; margin-bottom: 10px;'>Este controlador de acceso AC-425IP-B hace distinci\u00f3n del tipo de credencial m\u00faltiple para terminales conectados.<\/p>\n<p style='font-size: 15px; color: inherit;'>Puede registrar y usar diversos tipos de credenciales para autenticaci\u00f3n de m\u00faltiples factores&comma; registro de eventos y automatizaci\u00f3n<\/p>\n<\/p><\/div>\n<div style='flex: 1 1 300px; min-width: 280px;'> <img style='width: 100%; height: auto; border: 1px solid rgba(150&comma;150&comma;150&comma;0.3); border-radius: 8px;' src='https:\/\/mail.google.com\/mail\/u\/0?ui=2&#038;ik=ca54714e81&#038;attid=0.10&#038;permmsgid=msg-f:1643463270642408372&#038;th=16cec123200adbb4&#038;view=fimg&#038;sz=s0-l75-ft&#038;attbid=ANGjdJ8adH1hR69V6MT8dqh1dXJ6qvdBP8OYM9cVyUZHECjbOy8MJA4VfGeUEfDHCDFlVR8HXe1_j0afda0bU8eDOFr_iNc6LmQ8Ie49Hn5ijBsBwnmkz3gBZokiKww&#038;disp=emb' alt='Imagen del controlador AC425IPBU'> <\/div>\n<\/p><\/div>\n<\/p><\/div>\n<p> <!-- Secci\u00f3n de especificaciones --> <\/p>\n<div style='display: flex; flex-wrap: wrap; gap: 30px; margin-bottom: 30px;'>\n<div style='flex: 1 1 300px; min-width: 280px;'>\n<h3 style='font-size: 22px; border-bottom: 2px solid currentColor; padding-bottom: 5px; margin-top: 0; color: inherit; opacity: 0.8;'>Controlador<\/h3>\n<ul style='padding-left: 20px; font-size: 15px; color: inherit;'>\n<li style='margin-bottom: 5px;'>30&comma;000 tarjetas<\/li>\n<li style='margin-bottom: 5px;'>20&comma;000 registros (memoria c\u00edclica)<\/li>\n<li style='margin-bottom: 5px;'>4 entradas para lectora (Wiegand) 26 bits<\/li>\n<li style='margin-bottom: 5px;'>Configurable para 2 o 4 puertas<\/li>\n<li style='margin-bottom: 5px;'>4 relevadores para apertura de la puerta<\/li>\n<li style='margin-bottom: 5px;'>Bocina de alarma incorporada<\/li>\n<li style='margin-bottom: 5px;'>Terminales desmontables de tornillo<\/li>\n<li style='margin-bottom: 5px;'>Gabinete con fuente (entrada 110 Vca&comma; salida 12 Vcc&comma; 1.5 A) con cargador de bater\u00eda (no incluida)<\/li>\n<li style='margin-bottom: 5px;'>Dimensiones: 326 x 263 x 97 mm<\/li>\n<li style='margin-bottom: 5px;'>Peso 2.4 kg<\/li>\n<\/ul><\/div>\n<div style='flex: 1 1 300px; min-width: 280px;'>\n<h3 style='font-size: 22px; border-bottom: 2px solid currentColor; padding-bottom: 5px; margin-top: 0; color: inherit; opacity: 0.8;'>Comunicaci\u00f3n<\/h3>\n<ul style='padding-left: 20px; font-size: 15px; color: inherit;'>\n<li style='margin-bottom: 5px;'>RS485 (G-BUS)<\/li>\n<li style='margin-bottom: 5px;'>TCP\/IP<\/li>\n<\/ul>\n<h3 style='font-size: 22px; border-bottom: 2px solid currentColor; padding-bottom: 5px; margin-top: 25px; color: inherit; opacity: 0.8;'>Software compatible<\/h3>\n<ul style='padding-left: 20px; font-size: 15px; color: inherit;'>\n<li style='margin-bottom: 5px;'>AXTRAX NG (nivel 0) en espa\u00f1ol\/ingl\u00e9s<\/li>\n<li style='margin-bottom: 5px;'>Sugerido Windows 7 Profesional para versiones de AXTRAXNG anteriores a versi\u00f3n 26&comma; recomendado para AXTRAXNG 26.5.4.8 Windows 8 Pro<\/li>\n<li style='margin-bottom: 5px;'>Base de datos en SQL Server<\/li>\n<li style='margin-bottom: 5px;'>Funciona como cliente\/servidor<\/li>\n<li style='margin-bottom: 5px;'>Capacidad de administrar hasta 1&comma;023 puertas (Con licencias*)<\/li>\n<li style='margin-bottom: 5px;'>Programaci\u00f3n de niveles de operador<\/li>\n<li style='margin-bottom: 5px;'>Soporta hasta 64 controladores (gratuito)<\/li>\n<li style='margin-bottom: 5px;'>32 horarios<\/li>\n<li style='margin-bottom: 5px;'>128 grupos de autorizaci\u00f3n<\/li>\n<li style='margin-bottom: 5px;'>Monitoreo en tiempo real<\/li>\n<li style='margin-bottom: 5px;'>Capacidad de incorporar fotograf\u00edas<\/li>\n<li style='margin-bottom: 5px;'>Funci\u00f3n de antipassback y antipassback global<\/li>\n<li style='margin-bottom: 5px;'>Reportes amigables por usuario y por departamento<\/li>\n<li style='margin-bottom: 5px;'>Respaldo de la programaci\u00f3n manual y autom\u00e1tico<\/li>\n<li style='margin-bottom: 5px;'>Capacidad de mapas virtuales<\/li>\n<\/ul><\/div>\n<\/p><\/div>\n<p> <!-- Video de YouTube --> <\/p>\n<div style='margin-bottom: 30px;'>\n<div style='position: relative; padding-bottom: 56.25%; height: 0; overflow: hidden; margin-bottom: 30px;'>   <\/div>\n<p style='text-align: center; font-size: 16px; color: inherit; margin: 0;'> <a href='https:\/\/www.youtube.com\/watch?v=73d8QQhAIXE' target='_blank' rel='noopener' style='color: inherit; text-decoration: none; font-weight: bold;'> Lectoras Biom\u00e9tricas con Rosslare + AXTRAX. Todo en un Mismo Software <\/a> <\/p>\n<\/p><\/div>\n<p> <!-- Informaci\u00f3n adicional --> <\/p>\n<div style='display: flex; flex-wrap: wrap; gap: 30px;'>\n<div style='flex: 1 1 300px; min-width: 280px;'>\n<div style='border: 1px solid rgba(150&comma; 150&comma; 150&comma; 0.4); border-radius: 8px; padding: 15px;'>\n<h3 style='font-size: 18px; margin-top: 0; margin-bottom: 10px; color: inherit; opacity: 0.9;'>Informaci\u00f3n importante<\/h3>\n<p style='margin: 0 0 15px; font-size: 15px; color: inherit;'>La venta de estos equipos requiere curso de certificaci\u00f3n impartido por SYSCOM<\/p>\n<p style='margin: 0; font-size: 15px; color: inherit;'><strong style='color: inherit;'>*1 A\u00f1o de garant\u00eda.<\/strong><\/p>\n<\/p><\/div>\n<\/p><\/div>\n<div style='flex: 1 1 300px; min-width: 280px;'>\n<div style='border: 1px solid rgba(150&comma; 150&comma; 150&comma; 0.4); border-radius: 8px; padding: 15px;'>\n<h3 style='font-size: 18px; margin-top: 0; margin-bottom: 10px; color: inherit; opacity: 0.9;'>Notas<\/h3>\n<p style='margin: 0; font-size: 14px; color: inherit;'>Solo se da soporte al software suministrado con el equipo o proporcionado por SYSCOM y siempre y cuando se utilice el mismo motor de base de datos que se incluye. Cualquier otra implementaci\u00f3n hacia otro software u otra versi\u00f3n de base de datos&comma; es responsabilidad del integrador o desarrollador a cargo.<\/p>\n<\/p><\/div>\n<\/p><\/div>\n<\/p><\/div>\n<p> <!-- Separador final --> <\/p>\n<hr style='border: 0; border-top: 1px solid rgba(150&comma; 150&comma; 150&comma; 0.3); margin: 30px 0;'> <\/div>\n","protected":false},"excerpt":{"rendered":"<p>Controlador de Acceso para 4 Lectoras \/ Expandible a 4 Lectores Adicionales \/ 30,000 Tarjetas \/ 20,000 Eventos \/ Incluye Gabinete y Fuente de Alimentaci\u00f3n \/ Nueva Generaci\u00f3n!<\/p>\n","protected":false},"featured_media":29374,"comment_status":"open","ping_status":"closed","template":"","meta":[],"product_brand":[],"product_cat":[783],"product_tag":[785,784,563],"class_list":{"0":"post-29375","1":"product","2":"type-product","3":"status-publish","4":"has-post-thumbnail","6":"product_cat-controladores-de-acceso","7":"product_tag-controladores-de-acceso","8":"product_tag-paneles-de-control-de-acceso","9":"product_tag-rosslare-security-products","11":"first","12":"instock","13":"sale","14":"shipping-taxable","15":"purchasable","16":"product-type-simple"},"_links":{"self":[{"href":"https:\/\/soydeaqui.ddns.net\/pachuca\/index.php\/wp-json\/wp\/v2\/product\/29375","targetHints":{"allow":["GET"]}}],"collection":[{"href":"https:\/\/soydeaqui.ddns.net\/pachuca\/index.php\/wp-json\/wp\/v2\/product"}],"about":[{"href":"https:\/\/soydeaqui.ddns.net\/pachuca\/index.php\/wp-json\/wp\/v2\/types\/product"}],"replies":[{"embeddable":true,"href":"https:\/\/soydeaqui.ddns.net\/pachuca\/index.php\/wp-json\/wp\/v2\/comments?post=29375"}],"wp:featuredmedia":[{"embeddable":true,"href":"https:\/\/soydeaqui.ddns.net\/pachuca\/index.php\/wp-json\/wp\/v2\/media\/29374"}],"wp:attachment":[{"href":"https:\/\/soydeaqui.ddns.net\/pachuca\/index.php\/wp-json\/wp\/v2\/media?parent=29375"}],"wp:term":[{"taxonomy":"product_brand","embeddable":true,"href":"https:\/\/soydeaqui.ddns.net\/pachuca\/index.php\/wp-json\/wp\/v2\/product_brand?post=29375"},{"taxonomy":"product_cat","embeddable":true,"href":"https:\/\/soydeaqui.ddns.net\/pachuca\/index.php\/wp-json\/wp\/v2\/product_cat?post=29375"},{"taxonomy":"product_tag","embeddable":true,"href":"https:\/\/soydeaqui.ddns.net\/pachuca\/index.php\/wp-json\/wp\/v2\/product_tag?post=29375"}],"curies":[{"name":"wp","href":"https:\/\/api.w.org\/{rel}","templated":true}]}}