{"id":29368,"date":"2026-03-18T13:23:37","date_gmt":"2026-03-18T13:23:37","guid":{"rendered":"https:\/\/soydeaqui.ddns.net\/pachuca\/index.php\/producto\/ribbon-negro-k-para-dtc1500-con-3000-impresiones\/"},"modified":"2026-03-18T13:23:42","modified_gmt":"2026-03-18T13:23:42","slug":"ribbon-negro-k-para-dtc1500-con-3000-impresiones","status":"publish","type":"product","link":"https:\/\/soydeaqui.ddns.net\/pachuca\/index.php\/producto\/ribbon-negro-k-para-dtc1500-con-3000-impresiones\/","title":{"rendered":"Ribbon Negro K para DTC1500 con 3000 impresiones"},"content":{"rendered":"<div style='width: 100%; max-width: 1200px; margin: 0 auto; font-family: sans-serif; line-height: 1.6; color: inherit; background-color: transparent;'> <!-- Secci\u00f3n de caracter\u00edsticas principales --> <\/p>\n<div style='display: flex; flex-wrap: wrap; gap: 30px; margin-bottom: 30px;'>\n<div style='flex: 1 1 300px; min-width: 280px;'>\n<h3 style='font-size: 22px; border-bottom: 2px solid currentColor; padding-bottom: 5px; margin-top: 0; color: inherit; opacity: 0.8;'>Caracter\u00edsticas Principales<\/h3>\n<ul style='padding-left: 20px; font-size: 15px; color: inherit;'>\n<li style='margin-bottom: 5px;'>Compatibilidad con impresoras Fargo DTC1500<\/li>\n<li style='margin-bottom: 5px;'>3000 impresiones por un lado&comma; 1500 doble lado<\/li>\n<li style='margin-bottom: 5px;'>Im\u00e1genes coloridas y texto n\u00edtido<\/li>\n<li style='margin-bottom: 5px;'>Cinta de resina y sublimaci\u00f3n personalizada<\/li>\n<li style='margin-bottom: 5px;'>Color negro para precisi\u00f3n en c\u00f3digos de barras<\/li>\n<\/ul><\/div>\n<\/p><\/div>\n<p> <!-- Secci\u00f3n de especificaciones t\u00e9cnicas --> <\/p>\n<div style='display: flex; flex-wrap: wrap; gap: 20px; margin-bottom: 30px;'>\n<div style='flex: 1 1 250px; border: 1px solid rgba(150&comma; 150&comma; 150&comma; 0.4); border-radius: 8px; overflow: hidden; display: flex; flex-direction: column;'>\n<div style='padding: 15px; border-bottom: 1px solid rgba(150&comma; 150&comma; 150&comma; 0.2); font-weight: bold; font-size: 18px; color: inherit;'>Especificaciones T\u00e9cnicas<\/div>\n<div style='padding: 15px; color: inherit;'>\n<ul style='padding-left: 20px; margin: 0; font-size: 14px; list-style-type: disc;'>\n<li style='margin-bottom: 5px;'><strong>Tipo:<\/strong> Cinta de resina negra (K)<\/li>\n<li style='margin-bottom: 5px;'><strong>Modelo:<\/strong> 045616<\/li>\n<li style='margin-bottom: 5px;'><strong>Rendimiento:<\/strong> 3000 impresiones por un lado \/ 1500 por doble lado<\/li>\n<li style='margin-bottom: 5px;'><strong>Aplicaci\u00f3n:<\/strong> C\u00f3digos de barras&comma; texto&comma; n\u00fameros de serie&comma; gr\u00e1ficos en negrita<\/li>\n<li style='margin-bottom: 5px;'><strong>Compatibilidad:<\/strong> Impresoras HID FARGO DTC1500<\/li>\n<\/ul><\/div>\n<\/p><\/div>\n<p> <!-- Secci\u00f3n de informaci\u00f3n de uso --> <\/p>\n<div style='flex: 1 1 250px; border: 1px solid rgba(150&comma; 150&comma; 150&comma; 0.4); border-radius: 8px; overflow: hidden; display: flex; flex-direction: column;'>\n<div style='padding: 15px; border-bottom: 1px solid rgba(150&comma; 150&comma; 150&comma; 0.2); font-weight: bold; font-size: 18px; color: inherit;'>Informaci\u00f3n de Uso<\/div>\n<div style='padding: 15px; color: inherit;'>\n<ul style='padding-left: 20px; margin: 0; font-size: 14px; list-style-type: disc;'>\n<li style='margin-bottom: 5px;'>Cinta de resina negra dise\u00f1ada espec\u00edficamente para aplicaciones que requieren alta precisi\u00f3n en texto y c\u00f3digos de barras<\/li>\n<li style='margin-bottom: 5px;'>Ideal para impresi\u00f3n de informaci\u00f3n cr\u00edtica que requiere durabilidad<\/li>\n<li style='margin-bottom: 5px;'>Compatible con m\u00f3dulos de laminaci\u00f3n de una o doble cara<\/li>\n<li style='margin-bottom: 5px;'>Recomendado para uso con tarjetas UltraCard de HID para \u00f3ptimos resultados<\/li>\n<\/ul><\/div>\n<\/p><\/div>\n<\/p><\/div>\n<p> <!-- Separador --> <\/p>\n<hr style='border: 0; border-top: 1px solid rgba(150&comma; 150&comma; 150&comma; 0.3); margin: 30px 0;'> <!-- Secci\u00f3n de compatibilidad y recomendaciones --> <\/p>\n<div style='display: flex; flex-wrap: wrap; gap: 20px; margin-bottom: 30px;'>\n<div style='flex: 1 1 250px; border: 1px solid rgba(150&comma; 150&comma; 150&comma; 0.4); border-radius: 8px; overflow: hidden; display: flex; flex-direction: column;'>\n<div style='padding: 15px; border-bottom: 1px solid rgba(150&comma; 150&comma; 150&comma; 0.2); font-weight: bold; font-size: 18px; color: inherit;'>Compatibilidad<\/div>\n<div style='padding: 15px; color: inherit;'>\n<ul style='padding-left: 20px; margin: 0; font-size: 14px; list-style-type: disc;'>\n<li style='margin-bottom: 5px;'>Impresoras HID FARGO DTC1500<\/li>\n<li style='margin-bottom: 5px;'>M\u00f3dulos de laminaci\u00f3n de una o doble cara<\/li>\n<li style='margin-bottom: 5px;'>Tarjetas UltraCard de HID (PVC y compuestas)<\/li>\n<\/ul><\/div>\n<\/p><\/div>\n<div style='flex: 1 1 250px; border: 1px solid rgba(150&comma; 150&comma; 150&comma; 0.4); border-radius: 8px; overflow: hidden; display: flex; flex-direction: column;'>\n<div style='padding: 15px; border-bottom: 1px solid rgba(150&comma; 150&comma; 150&comma; 0.2); font-weight: bold; font-size: 18px; color: inherit;'>Recomendaciones<\/div>\n<div style='padding: 15px; color: inherit;'>\n<ul style='padding-left: 20px; margin: 0; font-size: 14px; list-style-type: disc;'>\n<li style='margin-bottom: 5px;'>Usar solo consumibles originales HID para maximizar la vida del cabezal de impresi\u00f3n<\/li>\n<li style='margin-bottom: 5px;'>Realizar mantenimiento regular con kits de limpieza recomendados<\/li>\n<li style='margin-bottom: 5px;'>Reemplazar el cabezal t\u00e9rmico cuando sea necesario para mantener la calidad de impresi\u00f3n<\/li>\n<\/ul><\/div>\n<\/p><\/div>\n<\/p><\/div>\n<\/p><\/div>\n","protected":false},"excerpt":{"rendered":"<p>Ribbon Negro K para DTC1500 con 3000 impresiones<\/p>\n","protected":false},"featured_media":29367,"comment_status":"open","ping_status":"closed","template":"","meta":[],"product_brand":[],"product_cat":[823],"product_tag":[814,812,62],"class_list":{"0":"post-29368","1":"product","2":"type-product","3":"status-publish","4":"has-post-thumbnail","6":"product_cat-todos-identificacion-y-credencializacion","7":"product_tag-hid","8":"product_tag-identificacion-y-credencializacion","9":"product_tag-todos","11":"first","12":"outofstock","13":"sale","14":"shipping-taxable","15":"purchasable","16":"product-type-simple"},"_links":{"self":[{"href":"https:\/\/soydeaqui.ddns.net\/pachuca\/index.php\/wp-json\/wp\/v2\/product\/29368","targetHints":{"allow":["GET"]}}],"collection":[{"href":"https:\/\/soydeaqui.ddns.net\/pachuca\/index.php\/wp-json\/wp\/v2\/product"}],"about":[{"href":"https:\/\/soydeaqui.ddns.net\/pachuca\/index.php\/wp-json\/wp\/v2\/types\/product"}],"replies":[{"embeddable":true,"href":"https:\/\/soydeaqui.ddns.net\/pachuca\/index.php\/wp-json\/wp\/v2\/comments?post=29368"}],"wp:featuredmedia":[{"embeddable":true,"href":"https:\/\/soydeaqui.ddns.net\/pachuca\/index.php\/wp-json\/wp\/v2\/media\/29367"}],"wp:attachment":[{"href":"https:\/\/soydeaqui.ddns.net\/pachuca\/index.php\/wp-json\/wp\/v2\/media?parent=29368"}],"wp:term":[{"taxonomy":"product_brand","embeddable":true,"href":"https:\/\/soydeaqui.ddns.net\/pachuca\/index.php\/wp-json\/wp\/v2\/product_brand?post=29368"},{"taxonomy":"product_cat","embeddable":true,"href":"https:\/\/soydeaqui.ddns.net\/pachuca\/index.php\/wp-json\/wp\/v2\/product_cat?post=29368"},{"taxonomy":"product_tag","embeddable":true,"href":"https:\/\/soydeaqui.ddns.net\/pachuca\/index.php\/wp-json\/wp\/v2\/product_tag?post=29368"}],"curies":[{"name":"wp","href":"https:\/\/api.w.org\/{rel}","templated":true}]}}