{"id":29322,"date":"2026-03-18T13:22:38","date_gmt":"2026-03-18T13:22:38","guid":{"rendered":"https:\/\/soydeaqui.ddns.net\/pachuca\/index.php\/producto\/detector-de-metales-de-33-zonas\/"},"modified":"2026-03-18T13:22:45","modified_gmt":"2026-03-18T13:22:45","slug":"detector-de-metales-de-33-zonas","status":"publish","type":"product","link":"https:\/\/soydeaqui.ddns.net\/pachuca\/index.php\/producto\/detector-de-metales-de-33-zonas\/","title":{"rendered":"Detector de metales de 33 zonas"},"content":{"rendered":"<div style='width: 100%; max-width: 1200px; margin: 0 auto; font-family: sans-serif; line-height: 1.6; color: inherit; background-color: transparent;'>\n<p style='color: inherit; font-size: 14px; text-align: justify; margin: 0 0 20px 0; padding: 0; background-color: transparent;'>ZK-D4330 adapta una estructura de viga con un dise\u00f1o modular y con cableado oculto. Este dise\u00f1o no s\u00f3lo es m\u00e1s conveniente para la instalaci\u00f3n&comma; el mantenimiento y la log\u00edstica&comma; sino que tambi\u00e9n permite un mayor nivel de seguridad.<\/p>\n<hr style='border: 0; border-top: 1px solid rgba(150&comma; 150&comma; 150&comma; 0.3); margin: 30px 0;'>\n<div style='display: flex; flex-wrap: wrap; gap: 30px; margin-bottom: 30px;'>\n<div style='flex: 1 1 300px; min-width: 280px;'>\n<h3 style='font-size: 20px; border-bottom: 2px solid currentColor; padding-bottom: 5px; margin-top: 0; margin-bottom: 15px; color: inherit; opacity: 0.8;'>Caracter\u00edsticas principales<\/h3>\n<ul style='padding-left: 20px; font-size: 15px; color: inherit; list-style-type: disc;'>\n<li style='margin-bottom: 5px;'>33 zonas de detecci\u00f3n<\/li>\n<li style='margin-bottom: 5px;'>Pantalla HD de 7&#8242;<\/li>\n<li style='margin-bottom: 5px;'>Control remoto<\/li>\n<\/ul><\/div>\n<div style='flex: 1 1 300px; min-width: 280px;'>\n<h3 style='font-size: 20px; border-bottom: 2px solid currentColor; padding-bottom: 5px; margin-top: 0; margin-bottom: 15px; color: inherit; opacity: 0.8;'>Caracter\u00edsticas F\u00edsicas y El\u00e9ctricas<\/h3>\n<ul style='padding-left: 20px; font-size: 15px; color: inherit; list-style-type: disc;'>\n<li style='margin-bottom: 5px;'>Voltaje de entrada 15v 480mA<\/li>\n<li style='margin-bottom: 5px;'>Temperatura de trabajo -20\u00b0C ~ 50\u00b0C<\/li>\n<li style='margin-bottom: 5px;'>Peso bruto 70kg\n<ul style='margin: 8px 0 0 20px; padding: 0; list-style-type: circle;'>\n<li style='margin-bottom: 5px;'>Dimensiones externas (mm) 2220 (H) x 930(W) x 760 (D)<\/li>\n<li style='margin-bottom: 5px;'>Dimensiones del canal (mm) 2010 (H) x 760(W) x 760 (D)<\/li>\n<li style='margin-bottom: 5px;'>Dimensiones del paquete (mm) 2300 (H) x 335(W) x 800 (D)<\/li>\n<\/ul>\n<\/li>\n<\/ul><\/div>\n<div style='flex: 1 1 300px; min-width: 280px;'>\n<h3 style='font-size: 20px; border-bottom: 2px solid currentColor; padding-bottom: 5px; margin-top: 0; margin-bottom: 15px; color: inherit; opacity: 0.8;'>Caracter\u00edsticas Destacadas<\/h3>\n<ul style='padding-left: 20px; font-size: 15px; color: inherit; list-style-type: disc;'>\n<li style='margin-bottom: 5px;'>Excelente estabilidad y capacidad de anti-interferencia<\/li>\n<li style='margin-bottom: 5px;'>Sencilla instalaci\u00f3n y operaci\u00f3n<\/li>\n<li style='margin-bottom: 5px;'>Soporte de varios idiomas para personalizaci\u00f3n<\/li>\n<li style='margin-bottom: 5px;'>Gran precisi\u00f3n y velocidad de verificaci\u00f3n<\/li>\n<\/ul><\/div>\n<\/p><\/div>\n<\/p><\/div>\n","protected":false},"excerpt":{"rendered":"<p>Detector de metales de 33 zonas<\/p>\n","protected":false},"featured_media":29321,"comment_status":"open","ping_status":"closed","template":"","meta":[],"product_brand":[],"product_cat":[826],"product_tag":[827,844],"class_list":{"0":"post-29322","1":"product","2":"type-product","3":"status-publish","4":"has-post-thumbnail","6":"product_cat-detectores-de-metal-detectores-de-metal","7":"product_tag-detectores-de-metal","8":"product_tag-zkteco","10":"first","11":"instock","12":"sale","13":"shipping-taxable","14":"purchasable","15":"product-type-simple"},"_links":{"self":[{"href":"https:\/\/soydeaqui.ddns.net\/pachuca\/index.php\/wp-json\/wp\/v2\/product\/29322","targetHints":{"allow":["GET"]}}],"collection":[{"href":"https:\/\/soydeaqui.ddns.net\/pachuca\/index.php\/wp-json\/wp\/v2\/product"}],"about":[{"href":"https:\/\/soydeaqui.ddns.net\/pachuca\/index.php\/wp-json\/wp\/v2\/types\/product"}],"replies":[{"embeddable":true,"href":"https:\/\/soydeaqui.ddns.net\/pachuca\/index.php\/wp-json\/wp\/v2\/comments?post=29322"}],"wp:featuredmedia":[{"embeddable":true,"href":"https:\/\/soydeaqui.ddns.net\/pachuca\/index.php\/wp-json\/wp\/v2\/media\/29321"}],"wp:attachment":[{"href":"https:\/\/soydeaqui.ddns.net\/pachuca\/index.php\/wp-json\/wp\/v2\/media?parent=29322"}],"wp:term":[{"taxonomy":"product_brand","embeddable":true,"href":"https:\/\/soydeaqui.ddns.net\/pachuca\/index.php\/wp-json\/wp\/v2\/product_brand?post=29322"},{"taxonomy":"product_cat","embeddable":true,"href":"https:\/\/soydeaqui.ddns.net\/pachuca\/index.php\/wp-json\/wp\/v2\/product_cat?post=29322"},{"taxonomy":"product_tag","embeddable":true,"href":"https:\/\/soydeaqui.ddns.net\/pachuca\/index.php\/wp-json\/wp\/v2\/product_tag?post=29322"}],"curies":[{"name":"wp","href":"https:\/\/api.w.org\/{rel}","templated":true}]}}