{"id":29221,"date":"2026-03-18T13:20:24","date_gmt":"2026-03-18T13:20:24","guid":{"rendered":"https:\/\/soydeaqui.ddns.net\/pachuca\/index.php\/producto\/nueva-generacion-lector-rfid-uhf-bluetooth-largo-alcance-12-metros-climas-extremos-programacion-desde-android-ios-wiegand\/"},"modified":"2026-03-18T13:20:31","modified_gmt":"2026-03-18T13:20:31","slug":"nueva-generacion-lector-rfid-uhf-bluetooth-largo-alcance-12-metros-climas-extremos-programacion-desde-android-ios-wiegand","status":"publish","type":"product","link":"https:\/\/soydeaqui.ddns.net\/pachuca\/index.php\/producto\/nueva-generacion-lector-rfid-uhf-bluetooth-largo-alcance-12-metros-climas-extremos-programacion-desde-android-ios-wiegand\/","title":{"rendered":"(Nueva Generaci\u00f3n) Lector RFID UHF + BLUETOOTH \/ LARGO ALCANCE 12 METROS \/  CLIMAS EXTREMOS \/ Programaci\u00f3n desde Android\/iOS \/ Wiegand"},"content":{"rendered":"<div style='width: 100%; max-width: 1200px; margin: 0 auto; font-family: sans-serif; line-height: 1.6; color: inherit; background-color: transparent;'> <!-- Secci\u00f3n de encabezado destacado --> <\/p>\n<div style='background-color: #0091ff; border-top: 5px solid red; border-radius: 8px; padding: 15px; box-shadow: 10px 5px 3px rgba(128&comma; 128&comma; 128&comma; 0.3); margin-left: 30px; margin-bottom: 20px;'>\n<h3 style='color: white; margin-top: 0; margin-bottom: 15px;'>Antena de Largo Alcance Para Control de Acceso Vehicular (RFID-UHF \/ BLUETOOTH)<\/h3>\n<ul style='padding-left: 20px; margin: 0;'>\n<li style='color: white; margin-bottom: 8px;'>Nueva generaci\u00f3n&comma; M\u00e1s sensibles (siempre lectura) y programaci\u00f3n por la APP<\/li>\n<li style='color: white; margin-bottom: 0;'>Descargar &#8216;Access Id&#8217;: se requiere para el acceso de usuario. (SIN COSTO&comma; GRATUITA)<\/li>\n<\/ul><\/div>\n<p> <!-- Secci\u00f3n principal con grid --> <\/p>\n<div style='display: grid; grid-template-columns: 1fr 1fr; gap: 30px; margin-bottom: 30px;'> <!-- Caracter\u00edsticas --> <\/p>\n<div style='background-color: #c7f1ff; border-bottom: 6px solid dodgerblue; border-radius: 8px; padding: 20px; box-shadow: 10px 5px 3px rgba(128&comma; 128&comma; 128&comma; 0.3);'>\n<h3 style='margin-top: 0; margin-bottom: 15px; color: inherit;'>Caracter\u00edsticas<\/h3>\n<ul style='padding-left: 20px; margin: 0; color: inherit;'>\n<li style='margin-bottom: 8px;'>Frecuencia de operaci\u00f3n de 902-928 Mhz.<\/li>\n<li style='margin-bottom: 8px;'>Modo de operaci\u00f3n FHSS.<\/li>\n<li style='margin-bottom: 8px;'>Protocolo EPC C1 GEN2 (similar al REPUVE).<\/li>\n<li style='margin-bottom: 8px;'>Hasta 12 metros lineales de alcance con tags EPCC1GEN2.<\/li>\n<li style='margin-bottom: 8px;'>Se recomienda utilizar tarjetas ACCESSPRO.<\/li>\n<li style='margin-bottom: 8px;'>Salida Wiegand de 26 bits para tags EPCC1GEN2.<\/li>\n<li style='margin-bottom: 8px;'>Comunicaci\u00f3n Bluetooth compatible con IOS y ANDROID (puede variar seg\u00fan la versi\u00f3n del sistema operativo)<\/li>\n<li style='margin-bottom: 8px;'>Alcance de Bluetooth aprox. 10 metros (depende del smartphone).<\/li>\n<li style='margin-bottom: 8px;'>APP disponible de Usuario&comma; sin costo y APP de Administrador con costo.<\/li>\n<li style='margin-bottom: 8px;'>Potencia ajustable.<\/li>\n<li style='margin-bottom: 8px;'>Antena integrada de 12 dBi.<\/li>\n<li style='margin-bottom: 8px;'>Temperatura de operaci\u00f3n de -20 a 80 \u00baC.<\/li>\n<li style='margin-bottom: 8px;'>Alimentaci\u00f3n de 9 Vcc ~ 24Vcc&comma; 3 A (incluida).<\/li>\n<li style='margin-bottom: 8px;'>Dimensiones de 365 x 365 x 32 mm.<\/li>\n<li style='margin-bottom: 0;'>Peso de 2 kg.<\/li>\n<\/ul><\/div>\n<p> <!-- Programaci\u00f3n desde dispositivos m\u00f3viles --> <\/p>\n<div style='background-color: #0091ff; border-top: 5px solid red; border-radius: 8px; padding: 15px; box-shadow: 10px 5px 3px rgba(128&comma; 128&comma; 128&comma; 0.3);'>\n<h3 style='color: white; margin-top: 0; margin-bottom: 15px;'>Programaci\u00f3n desde Android \/ iOS (SIN LAPTOP)<\/h3>\n<ul style='padding-left: 20px; margin: 0;'>\n<li style='color: white; margin-bottom: 8px;'>Descargar &#8216;Access Admin&#8217;: se requiere para la configuraci\u00f3n de la antena. (tiene costo la descarga)<\/li>\n<li style='color: white; margin-bottom: 0;'>Descargar &#8216;Access Id&#8217;: se requiere para el acceso de usuario. (sin costo&comma; gratuito)<\/li>\n<\/ul><\/div>\n<p> <!-- Notas importantes --> <\/p>\n<div style='background-color: #c7f1ff; border-bottom: 6px solid dodgerblue; border-radius: 10px; padding: 15px; box-shadow: 10px 5px 3px rgba(128&comma; 128&comma; 128&comma; 0.3);'>\n<h3 style='margin-top: 0; margin-bottom: 15px; color: inherit;'>Notas:<\/h3>\n<p style='margin: 0 0 12px 0; text-align: justify;'>1.- Puede variar la distancia seg\u00fan las condiciones del lugar o sitio y por el tipo de tag.<\/p>\n<p style='margin: 0 0 12px 0;'>2.- Debe considerar que otros Tags instalados en el veh\u00edculo pueden interferir en la lectura&comma; es importante calibrar antes de instalar.<\/p>\n<p style='margin: 0 0 12px 0;'>3.- Debe considerar que en una instalaci\u00f3n t\u00edpica podr\u00eda requerir diferentes tipos de tags de acuerdo al veh\u00edculo.<\/p>\n<p style='margin: 0 0 12px 0;'>4.- Solo se da soporte al software suministrado con el equipo o proporcionado por SYSCOM y siempre y cuando se utilice el mismo motor de base de datos que se incluye. Cualquier otra implementaci\u00f3n hacia otro software u otra versi\u00f3n de base de datos&comma; es responsabilidad del integrador o desarrollador a cargo.<\/p>\n<p style='margin: 0 0 12px 0;'>5.- Se recomienda el uso de caja de conexiones para evitar empates y adhesiones queden expuestas en el exterior. Puede utilizar los montajes RFSOP Y RFSOPT que incluyen la caja de conexi\u00f3n.<\/p>\n<p style='margin: 0 0 12px 0;'>6.- Solo se da soporte al software suministrado con el equipo o proporcionado por SYSCOM y siempre y cuando se utilice el mismo motor de base de datos que se incluye. Cualquier otra implementaci\u00f3n hacia otro software u otra versi\u00f3n de base de datos&comma; es responsabilidad del integrador o desarrollador a cargo.<\/p>\n<p style='margin: 0;'>Descargue la aplicaci\u00f3n e instale a trav\u00e9s del APK en smartphones con ANDROID de nuestro centro de descargas<\/p>\n<\/p><\/div>\n<p> <!-- Requerimientos --> <\/p>\n<div style='background-color: #c7f1ff; border-bottom: 6px solid dodgerblue; border-radius: 10px; padding: 15px; box-shadow: 10px 5px 3px rgba(128&comma; 128&comma; 128&comma; 0.3); margin-top: 40px;'>\n<h3 style='margin-top: 0; margin-bottom: 15px; color: inherit;'>Requerimientos<\/h3>\n<p style='margin: 0;'>Requiere un Controlador de Acceso. Compatible con ROSSLARE (AC215IPBU&comma; AC825IP&comma; AC425IPBU)&comma; y Serie AccessPRO de SYSCOM o cualquier otro sistema que soporte Wiegand est\u00e1ndar a 26 Bits<\/p>\n<\/p><\/div>\n<\/p><\/div>\n<p> <!-- Informaci\u00f3n adicional --> <\/p>\n<div style='margin-bottom: 30px;'>\n<p>Considere que el REPUVE&comma; es un tag en la frecuencia de UHF. Este lector tendr\u00e1 un firmware disponible para filtrar de mejor manera la lectura del REPUVE. El cual pr\u00f3ximamente estar\u00e1 disponible<\/p>\n<\/p><\/div>\n<p> <!-- Imagen del producto --> <\/p>\n<div style='margin-bottom: 30px;'> <img style='width: 100%; height: auto; border: 1px solid rgba(150&comma;150&comma;150&comma;0.3); border-radius: 8px;' src='https:\/\/1.bp.blogspot.com\/-_rKlyNXgG2M\/XVsyaKlSwII\/AAAAAAAAfzs\/Vxgx9t64ovk0nan5bLZaRQlRi_J4fK38gCLcBGAs\/s1600\/PRO12RFBLU-p.png' alt='Lector RFID UHF + BLUETOOTH PRO12RFBLU'> <\/p>\n<div style='margin-top: 15px; font-size: 14px; color: inherit;'>Nuevas lectoras UHF+BLUETOOTH Largo Alcance <a style='color: #005cb9; text-decoration: none;' href='https:\/\/www.syscom.mx\/principal\/searchcont?route=PRO12RFBLU-ACCESSPRO-164422&#038;autodetect=pro12'>PRO12RFBLU<\/a> y <a style='color: #005cb9; text-decoration: none;' href='https:\/\/www.syscom.mx\/principal\/searchcont?route=PRO6RFBLU-ACCESSPRO-164424&#038;autodetect=pro6'>PRO6RFBLU<\/a> de AccessPRO.<\/div>\n<\/p><\/div>\n<p> <!-- Informaci\u00f3n de programaci\u00f3n m\u00f3vil --> <\/p>\n<div style='margin-bottom: 30px;'>\n<div style='font-size: 18px; font-weight: bold; margin-bottom: 15px; color: inherit;'>Integra tambi\u00e9n credenciales Bluetooth<\/div>\n<div style='color: inherit;'>Puede agregar a su sistema CREDENTIAL APP de AccessPRO<\/div>\n<\/p><\/div>\n<p> <!-- Soluci\u00f3n ideal --> <\/p>\n<div style='margin-bottom: 30px;'>\n<div style='font-size: 18px; font-weight: bold; margin-bottom: 15px; color: inherit;'>La l\u00ednea de lectores de largo alcance UHF+Bluetooth de AccessPRO es la soluci\u00f3n ideal para acceso vehicular.<\/div>\n<div style='color: inherit;'>Con alcance hasta 12 metros y tarjetas UHF es ideal para llevar registro y control de acceso \/estacionamientos.<\/div>\n<\/p><\/div>\n<p> <!-- Ejemplo de uso --> <\/p>\n<div style='margin-bottom: 30px;'>\n<div style='font-size: 18px; font-weight: bold; margin-bottom: 15px; color: inherit;'>Ejemplo: Permitir acceso despu\u00e9s de las 8PM \u00fanicamente con acceso m\u00f3vil<\/div>\n<\/p><\/div>\n<p> <!-- Programaci\u00f3n desde dispositivos m\u00f3viles --> <\/p>\n<div style='margin-bottom: 30px;'>\n<div style='font-size: 20px; font-weight: bold; margin-bottom: 15px; color: inherit;'>PROGRAMACI\u00d3N CON ANDROID (R) Y iOS Smartphones<\/div>\n<div style='font-size: 22px; font-weight: bold; margin-bottom: 15px; color: inherit;'>Acceda a programaci\u00f3n sin usar Laptop&comma; todo desde m\u00f3vil<\/div>\n<\/p><\/div>\n<\/p><\/div>\n","protected":false},"excerpt":{"rendered":"<p>(Nueva Generaci\u00f3n) Lector RFID UHF + BLUETOOTH \/ LARGO ALCANCE 12 METROS \/  CLIMAS EXTREMOS \/ Programaci\u00f3n desde Android\/iOS \/ Wiegand<\/p>\n","protected":false},"featured_media":29220,"comment_status":"open","ping_status":"closed","template":"","meta":[],"product_brand":[],"product_cat":[777],"product_tag":[401,93,234],"class_list":{"0":"post-29221","1":"product","2":"type-product","3":"status-publish","4":"has-post-thumbnail","6":"product_cat-accesorios-acceso-vehicular","7":"product_tag-acceso-vehicular","8":"product_tag-accesorios","9":"product_tag-accesspro","11":"first","12":"instock","13":"sale","14":"shipping-taxable","15":"purchasable","16":"product-type-simple"},"_links":{"self":[{"href":"https:\/\/soydeaqui.ddns.net\/pachuca\/index.php\/wp-json\/wp\/v2\/product\/29221","targetHints":{"allow":["GET"]}}],"collection":[{"href":"https:\/\/soydeaqui.ddns.net\/pachuca\/index.php\/wp-json\/wp\/v2\/product"}],"about":[{"href":"https:\/\/soydeaqui.ddns.net\/pachuca\/index.php\/wp-json\/wp\/v2\/types\/product"}],"replies":[{"embeddable":true,"href":"https:\/\/soydeaqui.ddns.net\/pachuca\/index.php\/wp-json\/wp\/v2\/comments?post=29221"}],"wp:featuredmedia":[{"embeddable":true,"href":"https:\/\/soydeaqui.ddns.net\/pachuca\/index.php\/wp-json\/wp\/v2\/media\/29220"}],"wp:attachment":[{"href":"https:\/\/soydeaqui.ddns.net\/pachuca\/index.php\/wp-json\/wp\/v2\/media?parent=29221"}],"wp:term":[{"taxonomy":"product_brand","embeddable":true,"href":"https:\/\/soydeaqui.ddns.net\/pachuca\/index.php\/wp-json\/wp\/v2\/product_brand?post=29221"},{"taxonomy":"product_cat","embeddable":true,"href":"https:\/\/soydeaqui.ddns.net\/pachuca\/index.php\/wp-json\/wp\/v2\/product_cat?post=29221"},{"taxonomy":"product_tag","embeddable":true,"href":"https:\/\/soydeaqui.ddns.net\/pachuca\/index.php\/wp-json\/wp\/v2\/product_tag?post=29221"}],"curies":[{"name":"wp","href":"https:\/\/api.w.org\/{rel}","templated":true}]}}