{"id":2921,"date":"2026-03-18T06:02:24","date_gmt":"2026-03-18T06:02:24","guid":{"rendered":"https:\/\/soydeaqui.ddns.net\/pachuca\/index.php\/producto\/ax-pro-detector-pir-doble-exterior-ip65-rango-de-deteccion-18-mts-de-profundidad-colocado-a-2-7-mts-de-altura-angulo-de-cobertura-de-90-inmunidad-a-mascotas-24-kg-no-compatible-con-el\/"},"modified":"2026-03-18T06:02:28","modified_gmt":"2026-03-18T06:02:28","slug":"ax-pro-detector-pir-doble-exterior-ip65-rango-de-deteccion-18-mts-de-profundidad-colocado-a-2-7-mts-de-altura-angulo-de-cobertura-de-90-inmunidad-a-mascotas-24-kg-no-compatible-con-el","status":"publish","type":"product","link":"https:\/\/soydeaqui.ddns.net\/pachuca\/index.php\/producto\/ax-pro-detector-pir-doble-exterior-ip65-rango-de-deteccion-18-mts-de-profundidad-colocado-a-2-7-mts-de-altura-angulo-de-cobertura-de-90-inmunidad-a-mascotas-24-kg-no-compatible-con-el\/","title":{"rendered":"(AX PRO) Detector PIR Doble Exterior IP65 \/ Rango de Detecci\u00f3n 18 mts de Profundidad Colocado a 2.7 mts de Altura \/ \u00c1ngulo de Cobertura de 90\u00b0 \/  Inmunidad a Mascotas 24 Kg \/ No Compatible con el Panel DS-PHA64-LP"},"content":{"rendered":"<div style='width: 100%; max-width: 1200px; margin: 0 auto; font-family: sans-serif; line-height: 1.6; color: inherit; background-color: transparent;'> <!-- Logo --> <\/p>\n<div style='text-align: center; margin: 30px 0;'> <img style='width: 45%; height: auto; border: 1px solid rgba(150&comma;150&comma;150&comma;0.3); border-radius: 8px;' src='https:\/\/ftp3.syscom.mx\/usuarios\/jsosa\/HIKVISION\/imagenes\/logo\/hikvision%20see%20far.png' alt='Logo Hikvision'> <\/div>\n<p> <!-- Video Principal --> <\/p>\n<div style='margin: 30px 0;'>\n<h3 style='text-align: center; font-size: 22px; margin-bottom: 20px; color: inherit;'><strong>Conoce la serie AX PRO de alarmas Hikvision<\/strong><\/h3>\n<div style='position: relative; padding-bottom: 56.25%; height: 0; overflow: hidden; margin-bottom: 30px;'>   <\/div>\n<\/p><\/div>\n<p> <!-- Consideraciones --> <\/p>\n<div style='margin: 30px 0;'>\n<div style='border-left: 5px solid #ff0000; border-radius: 8px; padding: 15px; background-color: rgba(255&comma;0&comma;0&comma;0.05);'>\n<h4 style='margin-top: 0; color: inherit;'><strong>Consideraciones:<\/strong><\/h4>\n<ul style='padding-left: 20px; font-size: 15px; color: inherit;'>\n<li style='margin-bottom: 10px;'>Las distancias de comunicaci\u00f3n entre los sensores y el panel pueden variar en cada instalaci\u00f3n por cuestiones como: ruido ambiental&comma; materiales y grosor de los muros&comma; ruido digital&comma; etc.<\/li>\n<li>A partir de la actualizaci\u00f3n 1.2.50 del panel AX HOME el detector DS-PDP18-HM-WB es compatible<\/li>\n<\/ul><\/div>\n<\/p><\/div>\n<p> <!-- Videos Secundarios --> <\/p>\n<div style='margin: 30px 0;'>\n<div style='display: flex; flex-wrap: wrap; gap: 30px; justify-content: center;'>\n<div style='flex: 1 1 300px; min-width: 280px;'>\n<h4 style='text-align: center; font-size: 18px; margin-bottom: 15px; color: inherit;'><strong>Configuraci\u00f3n de la alarma AX PRO de Hikvision<\/strong><\/h4>\n<div style='position: relative; padding-bottom: 56.25%; height: 0; overflow: hidden;'>   <\/div>\n<\/p><\/div>\n<div style='flex: 1 1 300px; min-width: 280px;'>\n<h4 style='text-align: center; font-size: 18px; margin-bottom: 15px; color: inherit;'><strong>Bienvenido al futuro con AX PRO Hikvision<\/strong><\/h4>\n<div style='position: relative; padding-bottom: 56.25%; height: 0; overflow: hidden;'>   <\/div>\n<\/p><\/div>\n<div style='flex: 1 1 300px; min-width: 280px;'>\n<h4 style='text-align: center; font-size: 18px; margin-bottom: 15px; color: inherit;'><strong>Sistema Robusto contra Intrusiones AX PRO<\/strong><\/h4>\n<div style='position: relative; padding-bottom: 56.25%; height: 0; overflow: hidden;'>   <\/div>\n<\/p><\/div>\n<\/p><\/div>\n<\/p><\/div>\n<p> <!-- Caracter\u00edsticas Principales --> <\/p>\n<div style='margin: 30px 0;'>\n<div style='display: flex; flex-wrap: wrap; gap: 30px;'>\n<div style='flex: 1 1 300px; min-width: 280px;'>\n<div style='border-left: 5px solid #ff0000; border-radius: 8px; padding: 15px; background-color: rgba(255&comma;0&comma;0&comma;0.05);'>\n<h4 style='margin-top: 0; color: inherit;'><strong>Caracter\u00edsticas principales:<\/strong><\/h4>\n<ul style='padding-left: 20px; font-size: 15px; color: inherit;'>\n<li style='margin-bottom: 8px;'>Alarma de intrusi\u00f3n&comma; doble infrarojo.<\/li>\n<li style='margin-bottom: 8px;'>Rango de detecci\u00f3n: 18 m.<\/li>\n<li style='margin-bottom: 8px;'>\u00c1ngulo de detecci\u00f3n: 90\u00b0.<\/li>\n<li style='margin-bottom: 8px;'>Zonas de detecci\u00f3n: 118.<\/li>\n<li style='margin-bottom: 8px;'>Inmunidad contra mascotas: 24Kg.<\/li>\n<li style='margin-bottom: 8px;'>Altura de instalaci\u00f3n:\n<ul style='padding-left: 20px; margin: 8px 0;'>\n<li style='margin-bottom: 5px;'>Bajo de 0.8 a 1.2 metros.<\/li>\n<li>Alto de 2.5 a 3 metros.<\/li>\n<\/ul>\n<\/li>\n<\/ul><\/div>\n<\/p><\/div>\n<p> <!-- Caracter\u00edsticas F\u00edsicas y El\u00e9ctricas --> <\/p>\n<div style='flex: 1 1 300px; min-width: 280px;'>\n<div style='border-left: 5px solid #ff0000; border-radius: 8px; padding: 15px; background-color: rgba(255&comma;0&comma;0&comma;0.05);'>\n<h4 style='margin-top: 0; color: inherit;'><strong>Caracter\u00edsticas F\u00edsicas y El\u00e9ctricas:<\/strong><\/h4>\n<ul style='padding-left: 20px; font-size: 15px; color: inherit;'>\n<li style='margin-bottom: 8px;'>Voltaje de Operaci\u00f3n: Bater\u00edas de 3V \/ 2 x CR123A (Incluida).<\/li>\n<li style='margin-bottom: 8px;'>Tiempo \u00fatil de la bater\u00eda: 5 a\u00f1os.<\/li>\n<li style='margin-bottom: 8px;'>Tamper antisabotaje.<\/li>\n<li style='margin-bottom: 8px;'>Temperatura de operaci\u00f3n: -25\u00b0 a 60\u00b0C.<\/li>\n<li style='margin-bottom: 8px;'>Dimensiones: 67.3 x 141.6 x 60 mm.<\/li>\n<\/ul>\n<p style='margin: 15px 0 0 0;'><a href='https:\/\/soporte.syscom.mx\/es\/articles\/5117840-hikvision-alarmas-ax-pro-configuraciones-ax-pro' target='_blank' rel='noopener' style='color: inherit; text-decoration: underline;'><strong>Configuraciones b\u00e1sicas aqu\u00ed<\/strong><\/a><\/p>\n<\/p><\/div>\n<\/p><\/div>\n<p> <!-- Caracter\u00edsticas Destacadas --> <\/p>\n<div style='flex: 1 1 300px; min-width: 280px;'>\n<div style='border-left: 5px solid #ff0000; border-radius: 8px; padding: 15px; background-color: rgba(255&comma;0&comma;0&comma;0.05);'>\n<h4 style='margin-top: 0; color: inherit;'><strong>Caracter\u00edsticas Destacadas:<\/strong><\/h4>\n<p style='margin-bottom: 15px; color: inherit;'>Detector inal\u00e1mbrico bidireccional con tecnolog\u00eda infrarroja.<\/p>\n<p style='margin: 0; color: inherit;'>Conozca todos los dispositivos que pueden integrar en la Serie AX PRO dando clic <a href='https:\/\/www.syscom.mx\/principal\/listadoproductosazul\/intrusion-hikvision-paneles-de-alarma-y-accesorios-ax-pro-series-66286.html?ordenar=Precio_de_Menor_a_Mayor&#038;pag=1' target='_blank' rel='noopener' style='color: inherit; text-decoration: underline;'><strong>aqu\u00ed<\/strong><\/a>.<\/p>\n<\/p><\/div>\n<\/p><\/div>\n<\/p><\/div>\n<\/p><\/div>\n<p> <!-- Diagrama Familia AX PRO --> <\/p>\n<div style='margin: 30px 0;'>\n<h2 style='text-align: center; font-size: 24px; margin-bottom: 20px; color: inherit;'><strong>Linea de Productos AX PRO<\/strong><\/h2>\n<div style='text-align: center;'> <a href='https:\/\/www.syscom.mx\/principal\/listadoproductosazul\/intrusion-hikvision-paneles-de-alarma-y-accesorios-ax-pro-series-66286.html?ordenar=Precio_de_Menor_a_Mayor&#038;pag=1' target='_blank' rel='noopener'> <img style='width: 100%; height: auto; border: 1px solid rgba(150&comma;150&comma;150&comma;0.3); border-radius: 8px;' src='https:\/\/ftp3.syscom.mx\/usuarios\/jsosa\/HIKVISION\/alarmas\/AXPPRO\/banner\/AX%20PRO%20disgramas-hikvision.jpg' alt='Linea de Productos AX PRO'> <\/a> <\/div>\n<\/p><\/div>\n<p> <!-- Serie AX PRO --> <\/p>\n<div style='margin: 30px 0;'>\n<div style='display: flex; flex-wrap: wrap; gap: 30px; align-items: center;'>\n<div style='flex: 1 1 300px; min-width: 280px;'> <a href='https:\/\/www.syscom.mx\/principal\/listadoproductosazul\/intrusion-hikvision-paneles-de-alarma-y-accesorios-ax-pro-series-66286.html?ordenar=Precio_de_Menor_a_Mayor&#038;pag=1' target='_blank' rel='noopener'> <img style='width: 100%; height: auto; border: 1px solid rgba(150&comma;150&comma;150&comma;0.3); border-radius: 8px;' src='https:\/\/ftp3.syscom.mx\/usuarios\/jsosa\/HIKVISION\/alarmas\/AXPPRO\/Serie%20AXPRO.png' alt='Serie AX PRO'> <\/a> <\/div>\n<div style='flex: 1 1 300px; min-width: 280px;'>\n<h2 style='color: inherit;'><strong>Serie AX PRO<\/strong><\/h2>\n<p style='margin-bottom: 15px; color: inherit;'>\u00bfNecesita proteger su hogar&comma; oficina o tienda?<\/p>\n<p style='margin-bottom: 15px; color: inherit;'>\u00bfCansado de tantos cables y mucho tiempo de instalaci\u00f3n?<\/p>\n<p style='margin-bottom: 15px; color: inherit;'>\u00a1Utilice una soluci\u00f3n de alarma inal\u00e1mbrica profesional!<\/p>\n<p style='margin: 0; color: inherit;'>Conozca todos los dispositivos que pueden integrar en la Serie AX PRO dando clic <a href='https:\/\/www.syscom.mx\/principal\/listadoproductosazul\/intrusion-hikvision-paneles-de-alarma-y-accesorios-ax-pro-series-66286.html?ordenar=Precio_de_Menor_a_Mayor&#038;pag=1' target='_blank' rel='noopener' style='color: inherit; text-decoration: underline;'><strong>aqu\u00ed<\/strong><\/a>.<\/p>\n<\/p><\/div>\n<\/p><\/div>\n<\/p><\/div>\n<p> <!-- Banner --> <\/p>\n<div style='margin: 30px 0;'> <a href='https:\/\/www.syscom.mx\/principal\/promociones\/serie_ax_pro_alarmas_hikvision-5416.html?ordenar=Relevancia&#038;pag=1' target='_blank' rel='noopener'> <img style='width: 100%; height: auto; border: 1px solid rgba(150&comma;150&comma;150&comma;0.3); border-radius: 8px;' src='https:\/\/ftp3.syscom.mx\/usuarios\/jsosa\/HIKVISION\/alarmas\/AXPPRO\/banner\/HIKVISION-AXPRO-SERIES.jpg' alt='Banner Serie AX PRO'> <\/a> <\/div>\n<\/p><\/div>\n","protected":false},"excerpt":{"rendered":"<p>(AX PRO) Detector PIR Doble Exterior IP65 \/ Rango de Detecci\u00f3n 18 mts de Profundidad Colocado a 2.7 mts de Altura \/ \u00c1ngulo de Cobertura de 90\u00b0 \/  Inmunidad a Mascotas 24 Kg \/ No Compatible con el Panel DS-PHA64-LP<\/p>\n","protected":false},"featured_media":2920,"comment_status":"open","ping_status":"closed","template":"","meta":[],"product_brand":[],"product_cat":[202],"product_tag":[19,54,203],"class_list":{"0":"post-2921","1":"product","2":"type-product","3":"status-publish","4":"has-post-thumbnail","6":"product_cat-movimiento-para-exterior","7":"product_tag-detectores-sensores","8":"product_tag-hikvision","9":"product_tag-movimiento-para-exterior","11":"first","12":"outofstock","13":"sale","14":"shipping-taxable","15":"purchasable","16":"product-type-simple"},"_links":{"self":[{"href":"https:\/\/soydeaqui.ddns.net\/pachuca\/index.php\/wp-json\/wp\/v2\/product\/2921","targetHints":{"allow":["GET"]}}],"collection":[{"href":"https:\/\/soydeaqui.ddns.net\/pachuca\/index.php\/wp-json\/wp\/v2\/product"}],"about":[{"href":"https:\/\/soydeaqui.ddns.net\/pachuca\/index.php\/wp-json\/wp\/v2\/types\/product"}],"replies":[{"embeddable":true,"href":"https:\/\/soydeaqui.ddns.net\/pachuca\/index.php\/wp-json\/wp\/v2\/comments?post=2921"}],"wp:featuredmedia":[{"embeddable":true,"href":"https:\/\/soydeaqui.ddns.net\/pachuca\/index.php\/wp-json\/wp\/v2\/media\/2920"}],"wp:attachment":[{"href":"https:\/\/soydeaqui.ddns.net\/pachuca\/index.php\/wp-json\/wp\/v2\/media?parent=2921"}],"wp:term":[{"taxonomy":"product_brand","embeddable":true,"href":"https:\/\/soydeaqui.ddns.net\/pachuca\/index.php\/wp-json\/wp\/v2\/product_brand?post=2921"},{"taxonomy":"product_cat","embeddable":true,"href":"https:\/\/soydeaqui.ddns.net\/pachuca\/index.php\/wp-json\/wp\/v2\/product_cat?post=2921"},{"taxonomy":"product_tag","embeddable":true,"href":"https:\/\/soydeaqui.ddns.net\/pachuca\/index.php\/wp-json\/wp\/v2\/product_tag?post=2921"}],"curies":[{"name":"wp","href":"https:\/\/api.w.org\/{rel}","templated":true}]}}