{"id":29209,"date":"2026-03-18T13:20:02","date_gmt":"2026-03-18T13:20:02","guid":{"rendered":"https:\/\/soydeaqui.ddns.net\/pachuca\/index.php\/producto\/operador-dks-secundario-para-puertas-abatibles-puerta-de-hasta-7-6-m-maximo-peso-por-hoja-de-907-kg-uso-continuo\/"},"modified":"2026-03-18T13:20:15","modified_gmt":"2026-03-18T13:20:15","slug":"operador-dks-secundario-para-puertas-abatibles-puerta-de-hasta-7-6-m-maximo-peso-por-hoja-de-907-kg-uso-continuo","status":"publish","type":"product","link":"https:\/\/soydeaqui.ddns.net\/pachuca\/index.php\/producto\/operador-dks-secundario-para-puertas-abatibles-puerta-de-hasta-7-6-m-maximo-peso-por-hoja-de-907-kg-uso-continuo\/","title":{"rendered":"Operador DKS Secundario  Para Puertas Abatibles \/ Puerta de hasta 7.6 M \/ M\u00e1ximo Peso por Hoja de 907 Kg \/ USO CONTINUO"},"content":{"rendered":"<div style='width: 100%; max-width: 1200px; margin: 0 auto; font-family: sans-serif; line-height: 1.6; color: inherit; background-color: transparent;'> <!-- Secci\u00f3n de im\u00e1genes --> <\/p>\n<div style='display: flex; flex-wrap: wrap; gap: 30px; margin-bottom: 30px;'>\n<div style='flex: 1 1 300px; min-width: 280px;'> <img style='width: 100%; height: auto; border: 1px solid rgba(150&comma;150&comma;150&comma;0.3); border-radius: 8px;' src='https:\/\/ftp3.syscom.mx\/usuarios\/fotos\/6550380\/164540-doorking_6550-1ss.jpg' alt=''> <\/div>\n<div style='flex: 1 1 300px; min-width: 280px;'> <img style='width: 100%; height: auto; border: 1px solid rgba(150&comma;150&comma;150&comma;0.3); border-radius: 8px;' src='https:\/\/ftp3.syscom.mx\/usuarios\/fotos\/6550380\/164540-6500_gate_operator_03_lg_0ss.jpg' alt=''> <\/div>\n<\/p><\/div>\n<p> <!-- Secci\u00f3n de caracter\u00edsticas en 3 columnas --> <\/p>\n<div style='display: flex; flex-wrap: wrap; gap: 30px; margin-bottom: 30px;'> <!-- Caracter\u00edsticas principales --> <\/p>\n<div style='flex: 1 1 300px; min-width: 280px;'>\n<div style='border-left: 5px solid #0091ff; border-radius: 5px; padding: 15px; box-shadow: 2px 2px 10px rgba(150&comma;150&comma;150&comma;0.2);'> <strong style='font-size: 18px; margin-bottom: 10px; display: block; color: inherit;'>Caracter\u00edsticas principales:<\/strong> <\/p>\n<ul style='padding-left: 20px; font-size: 15px; color: inherit; margin: 0;'>\n<li style='margin-bottom: 5px;'>Equipo de uso continuo<\/li>\n<li style='margin-bottom: 5px;'>Operador abatible primario<\/li>\n<li style='margin-bottom: 5px;'>Con l\u00edmites magn\u00e9ticos ajustables<\/li>\n<li style='margin-bottom: 5px;'>Para su operaci\u00f3n se requiere operador primario 6550-380<\/li>\n<\/ul><\/div>\n<\/p><\/div>\n<p> <!-- Caracter\u00edsticas F\u00edsicas y El\u00e9ctricas --> <\/p>\n<div style='flex: 1 1 300px; min-width: 280px;'>\n<div style='border-left: 5px solid #0091ff; border-radius: 5px; padding: 15px; box-shadow: 2px 2px 10px rgba(150&comma;150&comma;150&comma;0.2);'> <strong style='font-size: 18px; margin-bottom: 10px; display: block; color: inherit;'>Caracter\u00edsticas F\u00edsicas y El\u00e9ctricas:<\/strong> <\/p>\n<ul style='padding-left: 20px; font-size: 15px; color: inherit; margin: 0;'>\n<li style='margin-bottom: 5px;'>Voltaje de operaci\u00f3n 115V<\/li>\n<li style='margin-bottom: 5px;'>Potencia 1 HP<\/li>\n<li style='margin-bottom: 5px;'>Soporta puertas de hasta 907 kg<\/li>\n<li style='margin-bottom: 5px;'>Para puertas de hasta 7.62 m<\/li>\n<\/ul><\/div>\n<\/p><\/div>\n<p> <!-- Caracter\u00edsticas Destacadas --> <\/p>\n<div style='flex: 1 1 300px; min-width: 280px;'>\n<div style='border-left: 5px solid #0091ff; border-radius: 5px; padding: 15px; box-shadow: 2px 2px 10px rgba(150&comma;150&comma;150&comma;0.2);'> <strong style='font-size: 18px; margin-bottom: 10px; display: block; color: inherit;'>Caracter\u00edsticas Destacadas:<\/strong> <\/p>\n<p style='margin: 0 0 10px 0; color: inherit;'>Perfecto para fraccionamientos con alto flujo vehicular:<\/p>\n<ul style='padding-left: 20px; font-size: 15px; color: inherit; margin: 0;'>\n<li style='margin-bottom: 5px;'>Estacionamientos p\u00fablicos.<\/li>\n<li style='margin-bottom: 5px;'>Hangares industriales.<\/li>\n<li style='margin-bottom: 5px;'>Estancias gubernamentales&comma; etc.<\/li>\n<\/ul><\/div>\n<\/p><\/div>\n<\/p><\/div>\n<p> <!-- Dise\u00f1o robusto --> <\/p>\n<div style='margin-bottom: 30px;'>\n<h2 style='font-size: 24px; margin-bottom: 20px; color: inherit; border-bottom: 2px solid rgba(150&comma;150&comma;150&comma;0.3); padding-bottom: 10px;'>Dise\u00f1o robusto de alta duraci\u00f3n<\/h2>\n<div style='display: flex; flex-wrap: wrap; gap: 30px;'>\n<div style='flex: 1 1 300px; min-width: 280px;'>\n<ul style='padding-left: 20px; font-size: 15px; color: inherit;'>\n<li style='margin-bottom: 5px;'>Marco de acero galvanizado.<\/li>\n<li style='margin-bottom: 5px;'>Cubierta de poliuretano.<\/li>\n<li style='margin-bottom: 5px;'>Apertura de 90\u00ba en aproximadamente 16 seg.<\/li>\n<li style='margin-bottom: 5px;'>Plug in para dispositivos de seguridad.<\/li>\n<li style='margin-bottom: 5px;'>Interruptor de reset incorporado.<\/li>\n<li style='margin-bottom: 5px;'>Interruptor de encendido \/ apagado incorporado.<\/li>\n<li style='margin-bottom: 5px;'>3 conectores de 115V incorporados.<\/li>\n<li style='margin-bottom: 5px;'>Brazo de acoplamiento incluido.<\/li>\n<li style='margin-bottom: 5px;'>Para su operaci\u00f3n requiere motor primario<\/li>\n<\/ul><\/div>\n<div style='flex: 1 1 300px; min-width: 280px;'> <img style='width: 100%; height: auto; border: 1px solid rgba(150&comma;150&comma;150&comma;0.3); border-radius: 8px;' src='https:\/\/ftp3.syscom.mx\/usuarios\/fotos\/6550380\/164540-medidas_6550-6555.png' alt=''> <\/div>\n<\/p><\/div>\n<\/p><\/div>\n<p> <!-- Im\u00e1genes adicionales --> <\/p>\n<div style='display: flex; flex-wrap: wrap; gap: 30px; margin-bottom: 30px;'>\n<div style='flex: 1 1 300px; min-width: 280px;'> <img style='width: 100%; height: auto; border: 1px solid rgba(150&comma;150&comma;150&comma;0.3); border-radius: 8px;' src='https:\/\/ftp3.syscom.mx\/usuarios\/fotos\/6550380\/164540-doorking_6550-2.jpg' alt=''> <\/div>\n<div style='flex: 1 1 300px; min-width: 280px;'> <img style='width: 100%; height: auto; border: 1px solid rgba(150&comma;150&comma;150&comma;0.3); border-radius: 8px;' src='https:\/\/ftp3.syscom.mx\/usuarios\/fotos\/6550380\/164540-doorking_6550-3.jpg' alt=''> <\/div>\n<\/p><\/div>\n<p> <!-- Videos de YouTube --> <\/p>\n<div style='display: flex; flex-wrap: wrap; gap: 30px; margin-bottom: 30px;'>\n<div style='flex: 1 1 300px; min-width: 280px;'>\n<div style='position: relative; padding-bottom: 56.25%; height: 0; overflow: hidden;'>   <\/div>\n<\/p><\/div>\n<div style='flex: 1 1 300px; min-width: 280px;'>\n<div style='position: relative; padding-bottom: 56.25%; height: 0; overflow: hidden;'>   <\/div>\n<\/p><\/div>\n<div style='flex: 1 1 300px; min-width: 280px;'>\n<div style='position: relative; padding-bottom: 56.25%; height: 0; overflow: hidden;'>   <\/div>\n<\/p><\/div>\n<\/p><\/div>\n<p> <!-- Nota importante --> <\/p>\n<div style='margin: 40px 0; padding: 20px; border-left: 5px solid #0091ff; background-color: rgba(150&comma;150&comma;150&comma;0.05);'>\n<p style='margin: 0; font-size: 15px; color: inherit; text-align: center;'> Es importante tener en cuenta la resistencia que el viento puede generar en los portones sin ranuras de ventilaci\u00f3n al operar los motores en apertura y cierre de puertas abatibles. Recomendamos considerar la instalaci\u00f3n de rejillas que permitan la adecuada ventilaci\u00f3n para facilitar el correcto funcionamiento de los dispositivos. <\/p>\n<\/p><\/div>\n<\/p><\/div>\n","protected":false},"excerpt":{"rendered":"<p>Operador DKS Secundario  Para Puertas Abatibles \/ Puerta de hasta 7.6 M \/ M\u00e1ximo Peso por Hoja de 907 Kg \/ USO CONTINUO<\/p>\n","protected":false},"featured_media":29208,"comment_status":"open","ping_status":"closed","template":"","meta":[],"product_brand":[],"product_cat":[821],"product_tag":[401,781,822],"class_list":{"0":"post-29209","1":"product","2":"type-product","3":"status-publish","4":"has-post-thumbnail","6":"product_cat-puertas-abatibles","7":"product_tag-acceso-vehicular","8":"product_tag-dks-doorking","9":"product_tag-puertas-abatibles","11":"first","12":"instock","13":"sale","14":"shipping-taxable","15":"purchasable","16":"product-type-simple"},"_links":{"self":[{"href":"https:\/\/soydeaqui.ddns.net\/pachuca\/index.php\/wp-json\/wp\/v2\/product\/29209","targetHints":{"allow":["GET"]}}],"collection":[{"href":"https:\/\/soydeaqui.ddns.net\/pachuca\/index.php\/wp-json\/wp\/v2\/product"}],"about":[{"href":"https:\/\/soydeaqui.ddns.net\/pachuca\/index.php\/wp-json\/wp\/v2\/types\/product"}],"replies":[{"embeddable":true,"href":"https:\/\/soydeaqui.ddns.net\/pachuca\/index.php\/wp-json\/wp\/v2\/comments?post=29209"}],"wp:featuredmedia":[{"embeddable":true,"href":"https:\/\/soydeaqui.ddns.net\/pachuca\/index.php\/wp-json\/wp\/v2\/media\/29208"}],"wp:attachment":[{"href":"https:\/\/soydeaqui.ddns.net\/pachuca\/index.php\/wp-json\/wp\/v2\/media?parent=29209"}],"wp:term":[{"taxonomy":"product_brand","embeddable":true,"href":"https:\/\/soydeaqui.ddns.net\/pachuca\/index.php\/wp-json\/wp\/v2\/product_brand?post=29209"},{"taxonomy":"product_cat","embeddable":true,"href":"https:\/\/soydeaqui.ddns.net\/pachuca\/index.php\/wp-json\/wp\/v2\/product_cat?post=29209"},{"taxonomy":"product_tag","embeddable":true,"href":"https:\/\/soydeaqui.ddns.net\/pachuca\/index.php\/wp-json\/wp\/v2\/product_tag?post=29209"}],"curies":[{"name":"wp","href":"https:\/\/api.w.org\/{rel}","templated":true}]}}