{"id":29205,"date":"2026-03-18T13:19:57","date_gmt":"2026-03-18T13:19:57","guid":{"rendered":"https:\/\/soydeaqui.ddns.net\/pachuca\/index.php\/producto\/motor-secundario-para-puerta-abatible-4-mts-225-kgs-uso-continuo\/"},"modified":"2026-03-18T13:20:01","modified_gmt":"2026-03-18T13:20:01","slug":"motor-secundario-para-puerta-abatible-4-mts-225-kgs-uso-continuo","status":"publish","type":"product","link":"https:\/\/soydeaqui.ddns.net\/pachuca\/index.php\/producto\/motor-secundario-para-puerta-abatible-4-mts-225-kgs-uso-continuo\/","title":{"rendered":"Motor secundario para puerta abatible \/ 4 mts \/ 225 kgs \/ Uso Continuo"},"content":{"rendered":"<div style='width: 100%; max-width: 1200px; margin: 0 auto; font-family: sans-serif; line-height: 1.6; color: inherit; background-color: transparent;'>\n<div style='display: flex; flex-wrap: wrap; gap: 30px; margin-bottom: 30px;'>\n<div style='flex: 1 1 300px; min-width: 280px;'>\n<h3 style='font-size: 22px; border-bottom: 2px solid currentColor; padding-bottom: 5px; margin-top: 0; color: inherit; opacity: 0.8;'>Caracter\u00edsticas principales<\/h3>\n<ul style='padding-left: 20px; font-size: 15px; color: inherit;'>\n<li style='margin-bottom: 5px;'><strong>Ciclos por d\u00eda:<\/strong> <span style='color: inherit;'>Uso Continuo<\/span><\/li>\n<li style='margin-bottom: 5px;'><strong>Peso m\u00e1ximo de hoja:<\/strong> <span style='color: inherit;'>225 Kgs.<\/span><\/li>\n<li style='margin-bottom: 5px;'><strong>Longitud m\u00e1xima de la hoja:<\/strong> <span style='color: inherit;'>4 m<\/span><\/li>\n<li style='margin-bottom: 5px;'><strong>Cable incluido:<\/strong> <span style='color: inherit;'>12 m de cable para interconexi\u00f3n<\/span><\/li>\n<li style='margin-bottom: 5px;'><strong>Potencia:<\/strong> <span style='color: inherit;'>1\/2 HP<\/span><\/li>\n<li style='margin-bottom: 5px;'><strong>Voltaje:<\/strong> <span style='color: inherit;'>115Vac 5.4 Amp.<\/span><\/li>\n<li style='margin-bottom: 5px;'><strong>Tiempo de apertura:<\/strong> <span style='color: inherit;'>90 grados en 10 segundos aprox.<\/span><\/li>\n<\/ul><\/div>\n<\/p><\/div>\n<div style='display: flex; flex-wrap: wrap; gap: 20px; margin-bottom: 30px;'>\n<div style='flex: 1 1 250px; border: 1px solid rgba(150&comma; 150&comma; 150&comma; 0.4); border-radius: 8px; overflow: hidden; display: flex; flex-direction: column;'>\n<div style='padding: 15px; border-bottom: 1px solid rgba(150&comma; 150&comma; 150&comma; 0.2); font-weight: bold; font-size: 18px; color: inherit;'>Requisitos de instalaci\u00f3n<\/div>\n<div style='padding: 15px; color: inherit;'>\n<p style='margin-top: 0;'><strong>Requiere motor primario<\/strong><\/p>\n<p style='margin: 10px 0;'>Requiere montaje y kit de instalaci\u00f3n con brazo (se venden por separado)<\/p>\n<ul style='padding-left: 20px; margin: 0; font-size: 14px; list-style-type: disc; color: inherit;'>\n<li style='margin-bottom: 5px;'>2600-671 Montaje tipo pedestal con kit de instalaci\u00f3n y brazo para sujeci\u00f3n de puerta<\/li>\n<li style='margin-bottom: 5px;'>2600-674 Montaje tipo poste con kit de instalaci\u00f3n y brazo para sujeci\u00f3n de puerta<\/li>\n<\/ul><\/div>\n<\/p><\/div>\n<div style='flex: 1 1 250px; border: 1px solid rgba(150&comma; 150&comma; 150&comma; 0.4); border-radius: 8px; overflow: hidden; display: flex; flex-direction: column;'>\n<div style='padding: 15px; border-bottom: 1px solid rgba(150&comma; 150&comma; 150&comma; 0.2); font-weight: bold; font-size: 18px; color: inherit;'>Consideraciones t\u00e9cnicas<\/div>\n<div style='padding: 15px; color: inherit;'>\n<p style='margin: 0;'>Es importante tener en cuenta la resistencia que el viento puede generar en los portones sin ranuras de ventilaci\u00f3n al operar los motores en apertura y cierre de puertas abatibles. Recomendamos considerar la instalaci\u00f3n de rejillas que permitan la adecuada ventilaci\u00f3n para facilitar el correcto funcionamiento de los dispositivos.<\/p>\n<\/p><\/div>\n<\/p><\/div>\n<\/p><\/div>\n<hr style='border: 0; border-top: 1px solid rgba(150&comma; 150&comma; 150&comma; 0.3); margin: 30px 0;'> <\/div>\n","protected":false},"excerpt":{"rendered":"<p>Motor secundario para puerta abatible \/ 4 mts \/ 225 kgs \/ Uso Continuo<\/p>\n","protected":false},"featured_media":29204,"comment_status":"open","ping_status":"closed","template":"","meta":[],"product_brand":[],"product_cat":[821],"product_tag":[401,781,822],"class_list":{"0":"post-29205","1":"product","2":"type-product","3":"status-publish","4":"has-post-thumbnail","6":"product_cat-puertas-abatibles","7":"product_tag-acceso-vehicular","8":"product_tag-dks-doorking","9":"product_tag-puertas-abatibles","11":"first","12":"outofstock","13":"sale","14":"shipping-taxable","15":"purchasable","16":"product-type-simple"},"_links":{"self":[{"href":"https:\/\/soydeaqui.ddns.net\/pachuca\/index.php\/wp-json\/wp\/v2\/product\/29205","targetHints":{"allow":["GET"]}}],"collection":[{"href":"https:\/\/soydeaqui.ddns.net\/pachuca\/index.php\/wp-json\/wp\/v2\/product"}],"about":[{"href":"https:\/\/soydeaqui.ddns.net\/pachuca\/index.php\/wp-json\/wp\/v2\/types\/product"}],"replies":[{"embeddable":true,"href":"https:\/\/soydeaqui.ddns.net\/pachuca\/index.php\/wp-json\/wp\/v2\/comments?post=29205"}],"wp:featuredmedia":[{"embeddable":true,"href":"https:\/\/soydeaqui.ddns.net\/pachuca\/index.php\/wp-json\/wp\/v2\/media\/29204"}],"wp:attachment":[{"href":"https:\/\/soydeaqui.ddns.net\/pachuca\/index.php\/wp-json\/wp\/v2\/media?parent=29205"}],"wp:term":[{"taxonomy":"product_brand","embeddable":true,"href":"https:\/\/soydeaqui.ddns.net\/pachuca\/index.php\/wp-json\/wp\/v2\/product_brand?post=29205"},{"taxonomy":"product_cat","embeddable":true,"href":"https:\/\/soydeaqui.ddns.net\/pachuca\/index.php\/wp-json\/wp\/v2\/product_cat?post=29205"},{"taxonomy":"product_tag","embeddable":true,"href":"https:\/\/soydeaqui.ddns.net\/pachuca\/index.php\/wp-json\/wp\/v2\/product_tag?post=29205"}],"curies":[{"name":"wp","href":"https:\/\/api.w.org\/{rel}","templated":true}]}}