{"id":292,"date":"2026-03-18T05:38:07","date_gmt":"2026-03-18T05:38:07","guid":{"rendered":"https:\/\/soydeaqui.ddns.net\/pachuca\/index.php\/producto\/licencia-vitrual-para-pc-central-de-monitoreo-a-secrithor-boton-de-asistencia-para-android-celular-de-usuario\/"},"modified":"2026-03-18T05:38:07","modified_gmt":"2026-03-18T05:38:07","slug":"licencia-vitrual-para-pc-central-de-monitoreo-a-secrithor-boton-de-asistencia-para-android-celular-de-usuario","status":"publish","type":"product","link":"https:\/\/soydeaqui.ddns.net\/pachuca\/index.php\/producto\/licencia-vitrual-para-pc-central-de-monitoreo-a-secrithor-boton-de-asistencia-para-android-celular-de-usuario\/","title":{"rendered":"Licencia Vitrual para PC (Central de monitoreo a Secrithor), Boton de asistencia para Android (celular de usuario)"},"content":{"rendered":"<div style='width: 100%; max-width: 1200px; margin: 0 auto; font-family: sans-serif; line-height: 1.6; color: inherit; background-color: transparent;'> <!-- Secci\u00f3n de introducci\u00f3n --> <\/p>\n<div style='margin-bottom: 30px;'>\n<p style='font-size: 15px; color: inherit; margin-bottom: 15px;'> ProtecThor es la soluci\u00f3n inteligente definitiva para la seguridad personal&comma; dise\u00f1ada para integrarse perfectamente en centrales de monitoreo con Securithor. Ofrece un sistema confiable y f\u00e1cil de usar para el resguardo de usuarios en situaciones de riesgo&comma; combinando una soluci\u00f3n integral de seguridad con herramientas inteligentes que garantizan una respuesta inmediata ante cualquier emergencia. <\/p>\n<\/p><\/div>\n<p> <!-- Caracter\u00edsticas Principales --> <\/p>\n<div style='margin-bottom: 30px;'>\n<h3 style='font-size: 22px; border-bottom: 2px solid currentColor; padding-bottom: 5px; margin-top: 0; color: inherit; opacity: 0.8;'>Caracter\u00edsticas Principales<\/h3>\n<ul style='padding-left: 20px; font-size: 15px; color: inherit;'>\n<li style='margin-bottom: 5px;'>Plataforma de seguridad confiable utilizada por profesionales y centros de monitoreo.<\/li>\n<li style='margin-bottom: 5px;'>Activaci\u00f3n sencilla y r\u00e1pida para emergencias.<\/li>\n<li style='margin-bottom: 5px;'>Integraci\u00f3n con dispositivos m\u00f3viles.<\/li>\n<li style='margin-bottom: 5px;'>Sistema flexible que se adapta a diversas necesidades.<\/li>\n<li style='margin-bottom: 5px;'>Protecci\u00f3n en tiempo real para usuarios individuales o grupos.<\/li>\n<\/ul><\/div>\n<p> <!-- Detalles T\u00e9cnicos --> <\/p>\n<div style='display: flex; flex-wrap: wrap; gap: 20px; margin-bottom: 30px;'>\n<div style='flex: 1 1 300px; min-width: 280px;'>\n<div style='border: 1px solid rgba(150&comma; 150&comma; 150&comma; 0.4); border-radius: 8px; padding: 15px; margin-bottom: 20px;'>\n<h4 style='font-size: 18px; margin-top: 0; margin-bottom: 15px; color: inherit; opacity: 0.8;'>Especificaciones<\/h4>\n<ul style='padding-left: 20px; margin: 0; font-size: 14px; list-style-type: disc; color: inherit;'>\n<li style='margin-bottom: 5px;'>Integraci\u00f3n con centrales de monitoreo Securithor.<\/li>\n<li style='margin-bottom: 5px;'>Activaci\u00f3n r\u00e1pida de emergencias.<\/li>\n<li style='margin-bottom: 5px;'>Protecci\u00f3n en tiempo real.<\/li>\n<li style='margin-bottom: 5px;'>Soluci\u00f3n escalable para usuarios individuales y grupos.<\/li>\n<\/ul><\/div>\n<\/p><\/div>\n<div style='flex: 1 1 300px; min-width: 280px;'>\n<div style='border: 1px solid rgba(150&comma; 150&comma; 150&comma; 0.4); border-radius: 8px; padding: 15px; margin-bottom: 20px;'>\n<h4 style='font-size: 18px; margin-top: 0; margin-bottom: 15px; color: inherit; opacity: 0.8;'>Interfaces y Conectividad<\/h4>\n<ul style='padding-left: 20px; margin: 0; font-size: 14px; list-style-type: disc; color: inherit;'>\n<li style='margin-bottom: 5px;'>Integraci\u00f3n con dispositivos m\u00f3viles.<\/li>\n<\/ul><\/div>\n<\/p><\/div>\n<\/p><\/div>\n<p> <!-- Aplicaciones y Casos de Uso --> <\/p>\n<div style='margin-bottom: 30px;'>\n<h3 style='font-size: 22px; border-bottom: 2px solid currentColor; padding-bottom: 5px; margin-top: 0; color: inherit; opacity: 0.8;'>Aplicaciones y Casos de Uso<\/h3>\n<div style='margin-top: 15px;'>\n<div style='margin-bottom: 15px;'>\n<h4 style='font-size: 18px; margin-top: 0; margin-bottom: 5px; color: inherit; opacity: 0.8;'>Municipalidades y Gobiernos Locales<\/h4>\n<p style='margin: 0; font-size: 14px; color: inherit;'>Protecci\u00f3n para ciudadanos y funcionarios en campo.<\/p>\n<\/p><\/div>\n<div style='margin-bottom: 15px;'>\n<h4 style='font-size: 18px; margin-top: 0; margin-bottom: 5px; color: inherit; opacity: 0.8;'>Empresas Privadas<\/h4>\n<p style='margin: 0; font-size: 14px; color: inherit;'>Seguridad para empleados en desplazamientos o trabajos de riesgo.<\/p>\n<\/p><\/div>\n<div style='margin-bottom: 15px;'>\n<h4 style='font-size: 18px; margin-top: 0; margin-bottom: 5px; color: inherit; opacity: 0.8;'>Instituciones Educativas<\/h4>\n<p style='margin: 0; font-size: 14px; color: inherit;'>Monitoreo y asistencia inmediata para estudiantes y personal.<\/p>\n<\/p><\/div>\n<div style='margin-bottom: 15px;'>\n<h4 style='font-size: 18px; margin-top: 0; margin-bottom: 5px; color: inherit; opacity: 0.8;'>Servicios de Transporte<\/h4>\n<p style='margin: 0; font-size: 14px; color: inherit;'>Respuesta ante incidentes durante trayectos.<\/p>\n<\/p><\/div>\n<div style='margin-bottom: 15px;'>\n<h4 style='font-size: 18px; margin-top: 0; margin-bottom: 5px; color: inherit; opacity: 0.8;'>Organizaciones de Emergencia<\/h4>\n<p style='margin: 0; font-size: 14px; color: inherit;'>Coordinaci\u00f3n eficiente y asistencia r\u00e1pida en operativos.<\/p>\n<\/p><\/div>\n<\/p><\/div>\n<\/p><\/div>\n<p> <!-- Separador --> <\/p>\n<hr style='border: 0; border-top: 1px solid rgba(150&comma; 150&comma; 150&comma; 0.3); margin: 30px 0;'> <\/div>\n","protected":false},"excerpt":{"rendered":"<p>Licencia Vitrual para PC (Central de monitoreo a Secrithor), Boton de asistencia para Android (celular de usuario)<\/p>\n","protected":false},"featured_media":291,"comment_status":"open","ping_status":"closed","template":"","meta":[],"product_brand":[],"product_cat":[39],"product_tag":[40,41,165,164],"class_list":{"0":"post-292","1":"product","2":"type-product","3":"status-publish","4":"has-post-thumbnail","6":"product_cat-centrales-de-monitoreo-de-alarmas","7":"product_tag-centrales-de-monitoreo","8":"product_tag-centrales-de-monitoreo-de-alarmas","9":"product_tag-inc","10":"product_tag-mcdi-security-products","12":"first","13":"outofstock","14":"sale","15":"shipping-taxable","16":"purchasable","17":"product-type-simple"},"_links":{"self":[{"href":"https:\/\/soydeaqui.ddns.net\/pachuca\/index.php\/wp-json\/wp\/v2\/product\/292","targetHints":{"allow":["GET"]}}],"collection":[{"href":"https:\/\/soydeaqui.ddns.net\/pachuca\/index.php\/wp-json\/wp\/v2\/product"}],"about":[{"href":"https:\/\/soydeaqui.ddns.net\/pachuca\/index.php\/wp-json\/wp\/v2\/types\/product"}],"replies":[{"embeddable":true,"href":"https:\/\/soydeaqui.ddns.net\/pachuca\/index.php\/wp-json\/wp\/v2\/comments?post=292"}],"wp:featuredmedia":[{"embeddable":true,"href":"https:\/\/soydeaqui.ddns.net\/pachuca\/index.php\/wp-json\/wp\/v2\/media\/291"}],"wp:attachment":[{"href":"https:\/\/soydeaqui.ddns.net\/pachuca\/index.php\/wp-json\/wp\/v2\/media?parent=292"}],"wp:term":[{"taxonomy":"product_brand","embeddable":true,"href":"https:\/\/soydeaqui.ddns.net\/pachuca\/index.php\/wp-json\/wp\/v2\/product_brand?post=292"},{"taxonomy":"product_cat","embeddable":true,"href":"https:\/\/soydeaqui.ddns.net\/pachuca\/index.php\/wp-json\/wp\/v2\/product_cat?post=292"},{"taxonomy":"product_tag","embeddable":true,"href":"https:\/\/soydeaqui.ddns.net\/pachuca\/index.php\/wp-json\/wp\/v2\/product_tag?post=292"}],"curies":[{"name":"wp","href":"https:\/\/api.w.org\/{rel}","templated":true}]}}