{"id":29196,"date":"2026-03-18T13:19:45","date_gmt":"2026-03-18T13:19:45","guid":{"rendered":"https:\/\/soydeaqui.ddns.net\/pachuca\/index.php\/producto\/nueva-generacion-lector-rfid-uhf-bluetooth-largo-alcance-6-metros-climas-extremos-programacion-desde-android-ios-wiegand\/"},"modified":"2026-03-18T13:19:56","modified_gmt":"2026-03-18T13:19:56","slug":"nueva-generacion-lector-rfid-uhf-bluetooth-largo-alcance-6-metros-climas-extremos-programacion-desde-android-ios-wiegand","status":"publish","type":"product","link":"https:\/\/soydeaqui.ddns.net\/pachuca\/index.php\/producto\/nueva-generacion-lector-rfid-uhf-bluetooth-largo-alcance-6-metros-climas-extremos-programacion-desde-android-ios-wiegand\/","title":{"rendered":"(Nueva Generaci\u00f3n) Lector RFID UHF  + BLUETOOTH \/ LARGO ALCANCE 6 METROS \/ CLIMAS EXTREMOS \/ Programaci\u00f3n desde Android\/iOS \/ Wiegand"},"content":{"rendered":"<div style='width: 100%; max-width: 1200px; margin: 0 auto; font-family: sans-serif; line-height: 1.6; color: inherit; background-color: transparent;'>\n<div style='display: flex; flex-wrap: wrap; gap: 30px; margin-bottom: 30px;'>\n<div style='flex: 1 1 300px; min-width: 280px;'>\n<h3 style='font-size: 22px; border-bottom: 2px solid currentColor; padding-bottom: 5px; margin-top: 0; color: inherit; opacity: 0.8;'>Caracter\u00edsticas<\/h3>\n<ul style='padding-left: 20px; font-size: 15px; color: inherit;'>\n<li style='margin-bottom: 5px;'>Frecuencia de operaci\u00f3n de 902-928 Mhz<\/li>\n<li style='margin-bottom: 5px;'>Modo de operaci\u00f3n FHSS<\/li>\n<li style='margin-bottom: 5px;'>Protocolo EPC C1 GEN2 (similar al REPUVE)<\/li>\n<li style='margin-bottom: 5px;'>Hasta 6 metros lineales de alcance con tags EPCC1GEN2<\/li>\n<li style='margin-bottom: 5px;'>Compatible s\u00f3lo con la tarjetas: ACCESS-TAGV2&comma; ACCESS-CARD-EPC&comma; ACCESSMET<\/li>\n<li style='margin-bottom: 5px;'>Salida Wiegand de 26 bits para tags EPCC1GEN2<\/li>\n<li style='margin-bottom: 5px;'>Comunicaci\u00f3n Bluetooth Compatible con IOS y ANDROID (puede variar seg\u00fan la versi\u00f3n del sistema operativo)<\/li>\n<li style='margin-bottom: 5px;'>Alcance de Bluetooth aprox. 10 metros (depende del smartphone)<\/li>\n<li style='margin-bottom: 5px;'>APP disponible de Usuario&comma; Sin costo y APP de Administrador con costo<\/li>\n<li style='margin-bottom: 5px;'>Potencia programable de 0-30Dbm<\/li>\n<li style='margin-bottom: 5px;'>Antena integrada de 12 dBi<\/li>\n<li style='margin-bottom: 5px;'>Temperatura de operaci\u00f3n de -20 a 80 \u00baC<\/li>\n<li style='margin-bottom: 5px;'>Alimentaci\u00f3n de 12Vcc&comma; 3 A (incluida)<\/li>\n<li style='margin-bottom: 5px;'>Dimensiones de 365 x 365 x 32 mm<\/li>\n<li style='margin-bottom: 5px;'>Peso de 2 kg<\/li>\n<\/ul><\/div>\n<div style='flex: 1 1 300px; min-width: 280px;'>\n<h3 style='font-size: 22px; border-bottom: 2px solid currentColor; padding-bottom: 5px; margin-top: 0; color: inherit; opacity: 0.8; background-color: rgba(0&comma; 145&comma; 255&comma; 0.2); padding: 10px; border-radius: 5px;'>Programaci\u00f3n desde Android \/ iOS (SIN LAPTOP)<\/h3>\n<ul style='padding-left: 20px; font-size: 15px; color: inherit;'>\n<li style='margin-bottom: 5px; color: inherit; opacity: 0.8;'>Descargar &#8216;Access Admin&#8217;: se requiere para la configuraci\u00f3n de la antena<\/li>\n<li style='margin-bottom: 5px; color: inherit; opacity: 0.8;'>Descargar &#8216;Access Id&#8217;: se requiere para el acceso de usuario<\/li>\n<\/ul><\/div>\n<div style='flex: 1 1 300px; min-width: 280px;'>\n<h3 style='font-size: 22px; border-bottom: 2px solid currentColor; padding-bottom: 5px; margin-top: 0; color: inherit; opacity: 0.8;'>Notas<\/h3>\n<ul style='padding-left: 20px; font-size: 15px; color: inherit;'>\n<li style='margin-bottom: 5px;'>1. Puede variar la distancia seg\u00fan las condiciones del lugar o sitio y por el tipo de tag<\/li>\n<li style='margin-bottom: 5px;'>2. Debe considerar que otros Tags instalados en el veh\u00edculo pueden interferir en la lectura&comma; es importante calibrar antes de instalar<\/li>\n<li style='margin-bottom: 5px;'>3. Debe considerar que en una instalaci\u00f3n t\u00edpica podr\u00eda requerir diferentes tipos de tags de acuerdo al veh\u00edculo<\/li>\n<li style='margin-bottom: 5px;'>4. Se recomienda el uso de caja de conexiones para evitar empates y adhesiones queden expuestas en el exterior. Puede utilizar los montajes RFSOP Y RFSOPT que incluyen la caja de conexi\u00f3n<\/li>\n<li style='margin-bottom: 5px;'>5. Solo se da soporte al software suministrado con el equipo o proporcionado por SYSCOM y siempre y cuando se utilice el mismo motor de base de datos que se incluye. Cualquier otra implementaci\u00f3n hacia otro software u otra versi\u00f3n de base de datos&comma; es responsabilidad del integrador o desarrollador a cargo<\/li>\n<li style='margin-bottom: 5px;'>Descargue la aplicaci\u00f3n e instale a trav\u00e9s del APK en smartphones con ANDROID desde nuestro centro de descargas<\/li>\n<li style='margin-bottom: 5px;'>En caso de actualizaciones de Firmware contacte al departamento de Ingenier\u00eda&comma; ya que cada antena requiere de un firmware espec\u00edfico y en caso de cargar uno err\u00f3neo la antena puede quedar inutilizable<\/li>\n<\/ul><\/div>\n<div style='flex: 1 1 300px; min-width: 280px;'>\n<h3 style='font-size: 22px; border-bottom: 2px solid currentColor; padding-bottom: 5px; margin-top: 0; color: inherit; opacity: 0.8;'>Requerimientos<\/h3>\n<p style='font-size: 15px; color: inherit; margin-top: 0;'>Requiere un Controlador de Acceso. Compatible con ROSSLARE (AC215IPBU&comma; AC825IP&comma; AC425IPBU)&comma; y Serie AccessPRO de SYSCOM o cualquier otro sistema que soporte Wiegand est\u00e1ndar a 26 Bits<\/p>\n<\/p><\/div>\n<\/p><\/div>\n<hr style='border: 0; border-top: 1px solid rgba(150&comma; 150&comma; 150&comma; 0.3); margin: 30px 0;'>\n<div style='display: flex; flex-wrap: wrap; gap: 30px; margin-bottom: 30px;'>\n<div style='flex: 1 1 300px; min-width: 280px;'>\n<div style='position: relative; padding-bottom: 56.25%; height: 0; overflow: hidden; margin-bottom: 30px;'>   <\/div>\n<p style='font-size: 14px; color: inherit; opacity: 0.8; text-align: center;'>Nuevas lectoras UHF+BLUETOOTH Largo Alcance PRO12RFBLU y PRO6RFBLU de AccessPRO<\/p>\n<\/p><\/div>\n<div style='flex: 1 1 300px; min-width: 280px;'>\n<div style='position: relative; padding-bottom: 56.25%; height: 0; overflow: hidden; margin-bottom: 30px;'>   <\/div>\n<p style='font-size: 14px; color: inherit; opacity: 0.8; text-align: center;'>La lectora permite acceso por UHF y Bluetooth<\/p>\n<\/p><\/div>\n<\/p><\/div>\n<div style='display: flex; flex-wrap: wrap; gap: 30px; margin-bottom: 30px;'>\n<div style='flex: 1 1 300px; min-width: 280px;'> <img style='width: 100%; height: auto; border: 1px solid rgba(150&comma;150&comma;150&comma;0.3); border-radius: 8px;' src='https:\/\/1.bp.blogspot.com\/-_rKlyNXgG2M\/XVsyaKlSwII\/AAAAAAAAfzs\/Vxgx9t64ovk0nan5bLZaRQlRi_J4fK38gCLcBGAs\/s1600\/PRO12RFBLU-p.png' alt='Lector RFID UHF + BLUETOOTH'> <\/div>\n<div style='flex: 1 1 300px; min-width: 280px;'> <img style='width: 100%; height: auto; border: 1px solid rgba(150&comma;150&comma;150&comma;0.3); border-radius: 8px;' src='https:\/\/bucket.mlcdn.com\/a\/488\/488105\/images\/e7d2714f8351940516715fec7a1173ad74e6619b.png\/7303351093a332500ad7930e945dda5d4ad468e3.png' alt='Lector UHF+Bluetooth para acceso vehicular'> <\/div>\n<div style='flex: 1 1 300px; min-width: 280px;'> <img style='width: 100%; height: auto; border: 1px solid rgba(150&comma;150&comma;150&comma;0.3); border-radius: 8px;' src='https:\/\/bucket.mlcdn.com\/a\/488\/488105\/images\/16578d77ef0b4492c98f265c87034dd4a0fa71fd.png\/526f15425eefe54b29beae51e957b7efd83f3d0f.png' alt='Programaci\u00f3n desde dispositivos m\u00f3viles'> <\/div>\n<\/p><\/div>\n<div style='display: flex; flex-wrap: wrap; gap: 30px; margin-bottom: 30px;'>\n<div style='flex: 1 1 300px; min-width: 280px;'>\n<div style='padding: 15px; border: 1px solid rgba(150&comma;150&comma;150&comma;0.3); border-radius: 8px;'>\n<h4 style='margin-top: 0; font-size: 18px; color: inherit; opacity: 0.9;'>Integra tambi\u00e9n credenciales Bluetooth<\/h4>\n<p style='font-size: 14px; color: inherit; opacity: 0.9; margin: 0;'>Puede agregar a su sistema CREDENTIAL APP de AccessPRO<\/p>\n<\/p><\/div>\n<\/p><\/div>\n<div style='flex: 1 1 300px; min-width: 280px;'>\n<div style='padding: 15px; border: 1px solid rgba(150&comma;150&comma;150&comma;0.3); border-radius: 8px;'>\n<h4 style='margin-top: 0; font-size: 18px; color: inherit; opacity: 0.9;'>L\u00ednea de lectores de largo alcance UHF+Bluetooth<\/h4>\n<p style='font-size: 14px; color: inherit; opacity: 0.9; margin: 0;'>La l\u00ednea de lectores de largo alcance UHF+Bluetooth de AccessPRO es la soluci\u00f3n ideal para acceso vehicular<\/p>\n<\/p><\/div>\n<\/p><\/div>\n<div style='flex: 1 1 300px; min-width: 280px;'>\n<div style='padding: 15px; border: 1px solid rgba(150&comma;150&comma;150&comma;0.3); border-radius: 8px;'>\n<h4 style='margin-top: 0; font-size: 18px; color: inherit; opacity: 0.9;'>Programaci\u00f3n con Android (R) y iOS Smartphones<\/h4>\n<p style='font-size: 14px; color: inherit; opacity: 0.9; margin: 0;'>Acceda a programaci\u00f3n sin usar Laptop&comma; todo desde m\u00f3vil<\/p>\n<\/p><\/div>\n<\/p><\/div>\n<\/p><\/div>\n<div style='margin: 30px 0;'>\n<p style='font-size: 15px; color: inherit; opacity: 0.9; text-align: center; font-weight: bold;'>Considere que el REPUVE&comma; es un tag en la frecuencia de UHF. Este lector tendr\u00e1 un firmware disponible para filtrar de mejor manera la lectura del REPUVE. El cual pr\u00f3ximamente estar\u00e1 disponible<\/p>\n<\/p><\/div>\n<\/p><\/div>\n","protected":false},"excerpt":{"rendered":"<p>(Nueva Generaci\u00f3n) Lector RFID UHF  + BLUETOOTH \/ LARGO ALCANCE 6 METROS \/ CLIMAS EXTREMOS \/ Programaci\u00f3n desde Android\/iOS \/ Wiegand<\/p>\n","protected":false},"featured_media":29195,"comment_status":"open","ping_status":"closed","template":"","meta":[],"product_brand":[],"product_cat":[777],"product_tag":[401,93,234],"class_list":{"0":"post-29196","1":"product","2":"type-product","3":"status-publish","4":"has-post-thumbnail","6":"product_cat-accesorios-acceso-vehicular","7":"product_tag-acceso-vehicular","8":"product_tag-accesorios","9":"product_tag-accesspro","11":"first","12":"outofstock","13":"sale","14":"shipping-taxable","15":"purchasable","16":"product-type-simple"},"_links":{"self":[{"href":"https:\/\/soydeaqui.ddns.net\/pachuca\/index.php\/wp-json\/wp\/v2\/product\/29196","targetHints":{"allow":["GET"]}}],"collection":[{"href":"https:\/\/soydeaqui.ddns.net\/pachuca\/index.php\/wp-json\/wp\/v2\/product"}],"about":[{"href":"https:\/\/soydeaqui.ddns.net\/pachuca\/index.php\/wp-json\/wp\/v2\/types\/product"}],"replies":[{"embeddable":true,"href":"https:\/\/soydeaqui.ddns.net\/pachuca\/index.php\/wp-json\/wp\/v2\/comments?post=29196"}],"wp:featuredmedia":[{"embeddable":true,"href":"https:\/\/soydeaqui.ddns.net\/pachuca\/index.php\/wp-json\/wp\/v2\/media\/29195"}],"wp:attachment":[{"href":"https:\/\/soydeaqui.ddns.net\/pachuca\/index.php\/wp-json\/wp\/v2\/media?parent=29196"}],"wp:term":[{"taxonomy":"product_brand","embeddable":true,"href":"https:\/\/soydeaqui.ddns.net\/pachuca\/index.php\/wp-json\/wp\/v2\/product_brand?post=29196"},{"taxonomy":"product_cat","embeddable":true,"href":"https:\/\/soydeaqui.ddns.net\/pachuca\/index.php\/wp-json\/wp\/v2\/product_cat?post=29196"},{"taxonomy":"product_tag","embeddable":true,"href":"https:\/\/soydeaqui.ddns.net\/pachuca\/index.php\/wp-json\/wp\/v2\/product_tag?post=29196"}],"curies":[{"name":"wp","href":"https:\/\/api.w.org\/{rel}","templated":true}]}}