{"id":29190,"date":"2026-03-18T13:19:36","date_gmt":"2026-03-18T13:19:36","guid":{"rendered":"https:\/\/soydeaqui.ddns.net\/pachuca\/index.php\/producto\/chapa-magnetica-de-1200-lbs-sensor-de-adherencia-uso-en-interior-led-indicador-alimentacion-12-24-vcd-seleccionable-sin-magnetismo-residual-ul\/"},"modified":"2026-03-18T13:19:41","modified_gmt":"2026-03-18T13:19:41","slug":"chapa-magnetica-de-1200-lbs-sensor-de-adherencia-uso-en-interior-led-indicador-alimentacion-12-24-vcd-seleccionable-sin-magnetismo-residual-ul","status":"publish","type":"product","link":"https:\/\/soydeaqui.ddns.net\/pachuca\/index.php\/producto\/chapa-magnetica-de-1200-lbs-sensor-de-adherencia-uso-en-interior-led-indicador-alimentacion-12-24-vcd-seleccionable-sin-magnetismo-residual-ul\/","title":{"rendered":"Chapa Magn\u00e9tica de 1200 Lbs \/ Sensor de Adherencia \/ Uso en Interior\/ LED Indicador \/ Alimentaci\u00f3n 12\/24 Vcd  Seleccionable \/ Sin Magnetismo Residual \/ UL"},"content":{"rendered":"<div style='width: 100%; max-width: 1200px; margin: 0 auto; font-family: sans-serif; line-height: 1.6; color: inherit; background-color: transparent;'>\n<hr style='border: 0; border-top: 1px solid rgba(150&comma; 150&comma; 150&comma; 0.3); margin: 30px 0;'> <!-- Especificaciones --> <\/p>\n<div style='text-align: center;'>\n<h1 style='color: #dc3545; font-size: 28px; margin: 0 0 20px; color: inherit;'>Especificaciones<\/h1>\n<\/p><\/div>\n<p> <!-- Secci\u00f3n de cards con especificaciones --> <\/p>\n<div style='display: flex; flex-wrap: wrap; gap: 30px; margin-bottom: 30px;'> <!-- Caracter\u00edsticas Principales --> <\/p>\n<div style='flex: 1 1 300px; min-width: 280px;'>\n<div style='border: 1px solid rgba(150&comma; 150&comma; 150&comma; 0.4); border-radius: 8px; overflow: hidden; display: flex; flex-direction: column;'>\n<div style='padding: 15px; border-bottom: 5px solid #dc3545; background: #dc3545; color: white; font-weight: bold; font-size: 18px;'>Caracter\u00edsticas Principales:<\/div>\n<div style='padding: 15px; color: inherit;'>\n<ul style='padding-left: 20px; margin: 0; font-size: 14px; list-style-type: disc;'>\n<li style='margin-bottom: 5px;'>Fuerza de retenci\u00f3n de 1200 Lbs (545 kg)<\/li>\n<li style='margin-bottom: 5px;'>Sensor de estado de uni\u00f3n<\/li>\n<li style='margin-bottom: 5px;'>Sensor de posici\u00f3n de puerta<\/li>\n<li style='margin-bottom: 5px;'>Indicador LED<\/li>\n<li style='margin-bottom: 5px;'>Montaje Z \/ L <a href='https:\/\/syscom.pro\/products\/79383\/94112' style='color: #007bff; text-decoration: none;'>E941S1K2\/ZQ<\/a><\/li>\n<li style='margin-bottom: 5px;'>Montaje en U <a href='https:\/\/syscom.pro\/products\/168138\/94112' style='color: #007bff; text-decoration: none;'><strong>E-941S1K2\/UQ <\/strong><\/a><\/li>\n<\/ul><\/div>\n<\/p><\/div>\n<\/p><\/div>\n<p> <!-- Caracter\u00edsticas F\u00edsicas y El\u00e9ctricas --> <\/p>\n<div style='flex: 1 1 300px; min-width: 280px;'>\n<div style='border: 1px solid rgba(150&comma; 150&comma; 150&comma; 0.4); border-radius: 8px; overflow: hidden; display: flex; flex-direction: column;'>\n<div style='padding: 15px; border-bottom: 5px solid #dc3545; background: #dc3545; color: white; font-weight: bold; font-size: 18px;'>Caracter\u00edsticas F\u00edsicas y El\u00e9ctricas:<\/div>\n<div style='padding: 15px; color: inherit;'>\n<ul style='padding-left: 20px; margin: 0; font-size: 14px; list-style-type: disc;'>\n<li style='margin-bottom: 5px;'>Voltaje de operaci\u00f3n: 12\/24 VDC seleccionable<\/li>\n<li style='margin-bottom: 5px;'>Consumo de corriente: 12VDC: 500mA&comma; 24VDC: 250mA<\/li>\n<li style='margin-bottom: 5px;'>Material de la carcasa: Aluminio anodizado<\/li>\n<\/ul><\/div>\n<\/p><\/div>\n<\/p><\/div>\n<p> <!-- Caracter\u00edsticas Destacadas --> <\/p>\n<div style='flex: 1 1 300px; min-width: 280px;'>\n<div style='border: 1px solid rgba(150&comma; 150&comma; 150&comma; 0.4); border-radius: 8px; overflow: hidden; display: flex; flex-direction: column;'>\n<div style='padding: 15px; border-bottom: 5px solid #dc3545; background: #dc3545; color: white; font-weight: bold; font-size: 18px;'>Caracter\u00edsticas Destacadas:<\/div>\n<div style='padding: 15px; color: inherit;'>\n<ul style='padding-left: 20px; margin: 0; font-size: 14px; list-style-type: disc;'>\n<li style='margin-bottom: 5px;'>Protecci\u00f3n contra sobretensiones MOV<\/li>\n<li style='margin-bottom: 5px;'>Sin magnetismo residual<\/li>\n<li style='margin-bottom: 5px;'>Dimensiones: Im\u00e1n &#8211; 268mm x 42mm x 67mm&comma; Armadura &#8211; 185mm x 16mm x 61 mm<\/li>\n<li style='margin-bottom: 5px;'>Temperatura de operaci\u00f3n: 14\u00b0~131\u00b0 F (-10\u00b0~55\u00b0 C)<\/li>\n<li style='margin-bottom: 5px;'>Certificaciones: UL<\/li>\n<\/ul><\/div>\n<\/p><\/div>\n<\/p><\/div>\n<\/p><\/div>\n<p> <!-- Accesorios --> <\/p>\n<h2 style='text-align: center; font-size: 22px; margin: 30px 0 15px; color: inherit;'>\u00bfQu\u00e9 accesorios puedo agregar para una instalaci\u00f3n?<\/h2>\n<hr style='border: 0; border-top: 1px solid rgba(150&comma; 150&comma; 150&comma; 0.3); margin: 30px 0;'> <!-- Accesorios de alimentaci\u00f3n --> <\/p>\n<h2 style='text-align: center; font-size: 20px; margin: 20px 0 10px; color: inherit;'>Primer paso: Selecci\u00f3n de equipos para alimentaci\u00f3n.<\/h2>\n<div style='display: flex; flex-wrap: wrap; justify-content: center; gap: 15px; margin-bottom: 20px;'>\n<p style='margin: 5px 0; flex: 1 1 300px; min-width: 250px; text-align: center;'> <span style='font-size: 14pt;'> <a href='https:\/\/syscom.pro\/products\/71793\/624' style='color: #007bff; text-decoration: none;'>ELKP-624U<\/a> \/ <a href='https:\/\/syscom.pro\/products\/15716\/624' style='color: #007bff; text-decoration: none;'>ELKP-624<\/a> Fuente de alimentaci\u00f3n. <strong>(Voltaje de salida 12 vcd (1A)<\/strong> con 16.5 Vca (40VA) de entrada. <\/span> <\/p>\n<p style='margin: 5px 0; flex: 1 1 300px; min-width: 250px; text-align: center;'> <span style='font-size: 14pt;'> <a href='https:\/\/syscom.pro\/products\/185624\/1640' style='color: #007bff; text-decoration: none;'>RT1640LS<\/a> Transformador para alimentaci\u00f3n de la tarjeta. <\/span> <\/p>\n<p style='margin: 5px 0; flex: 1 1 300px; min-width: 250px; text-align: center;'> <span style='font-size: 14pt;'> <a href='https:\/\/syscom.pro\/products\/71794\/624' style='color: #007bff; text-decoration: none;'>EL-KP-624KIT<\/a> Kit de accesorios para fuente. <\/span> <\/p>\n<p style='margin: 5px 0; flex: 1 1 300px; min-width: 250px; text-align: center;'> <span style='font-size: 14pt;'> <a href='https:\/\/syscom.pro\/products\/201195\/012' style='color: #007bff; text-decoration: none;'>GOF01XTV2<\/a> Gabinete para bater\u00edas compatible con tablillas <a href='https:\/\/syscom.pro\/products\/15716\/624' style='color: #007bff; text-decoration: none;'>ELKP624<\/a> y <a href='https:\/\/syscom.pro\/products\/71793\/624' style='color: #007bff; text-decoration: none;'>ELKP624U<\/a>. <\/span> <\/p>\n<p style='margin: 5px 0; flex: 1 1 300px; min-width: 250px; text-align: center;'> <span style='font-size: 14pt;'> <a href='https:\/\/syscom.pro\/products\/225961\/712' style='color: #007bff; text-decoration: none;'>LK712<\/a> Bater\u00eda de respaldo <strong>12 vcd 7A<\/strong>. <\/span> <\/p>\n<p style='margin: 5px 0; flex: 1 1 300px; min-width: 250px; text-align: center;'> <span style='font-size: 14pt;'> <a href='https:\/\/syscom.pro\/products\/225967\/5512' style='color: #007bff; text-decoration: none;'>LK5.512<\/a> Bater\u00eda de respaldo <strong>12 vcd 5.5A<\/strong>. <\/span> <\/p>\n<\/p><\/div>\n<p> <!-- Montajes y accesorios --> <\/p>\n<h2 style='text-align: center; font-size: 20px; margin: 30px 0 10px; color: inherit;'>Segundo paso: Selecci\u00f3n de montajes y accesorios para liberaci\u00f3n.<\/h2>\n<div style='display: flex; flex-wrap: wrap; justify-content: center; gap: 15px; margin-bottom: 20px;'>\n<p style='margin: 5px 0; flex: 1 1 300px; min-width: 250px; text-align: center;'> <span style='font-size: 14pt;'> <a href='https:\/\/syscom.pro\/products\/79383\/94112' style='color: #007bff; text-decoration: none;'><strong>E941S1K2\/ZQ<\/strong><\/a> Montaje Z y L para chapa magn\u00e9tica. <\/span> <\/p>\n<p style='margin: 5px 0; flex: 1 1 300px; min-width: 250px; text-align: center;'> <span style='font-size: 14pt;'> <a href='https:\/\/syscom.pro\/products\/168138\/94112' style='color: #007bff; text-decoration: none;'><strong>E-941S1K2\/UQ<\/strong><\/a> Montaje para puerta de cristal tipo &#8216;U&#8217; para chapa magn\u00e9tica. <\/span> <\/p>\n<p style='margin: 5px 0; flex: 1 1 300px; min-width: 250px; text-align: center;'> <span style='font-size: 14pt;'> <a href='https:\/\/syscom.pro\/products\/40009\/927' style='color: #007bff; text-decoration: none;'><strong>SD-927-PKCNSQ<\/strong><\/a> Bot\u00f3n de salida sin contacto iluminado. <\/span> <\/p>\n<p style='margin: 5px 0; flex: 1 1 300px; min-width: 250px; text-align: center;'> <span style='font-size: 14pt;'> <a href='https:\/\/syscom.pro\/products\/93584\/61761' style='color: #007bff; text-decoration: none;'><strong>SD6176SS1Q<\/strong><\/a> Bot\u00f3n de salida de contacto con aro iluminado. <\/span> <\/p>\n<p style='margin: 5px 0; flex: 1 1 300px; min-width: 250px; text-align: center;'> <span style='font-size: 14pt;'> <a href='https:\/\/syscom.pro\/products\/216045\/72011' style='color: #007bff; text-decoration: none;'><strong>SD-7201GCPE1Q<\/strong><\/a> Bot\u00f3n tipo Hongo color verde. <\/span> <\/p>\n<\/p><\/div>\n<p> <!-- Accesorios opcionales --> <\/p>\n<h2 style='text-align: center; font-size: 20px; margin: 30px 0 10px; color: inherit;'>Accesorios opcionales para la instalaci\u00f3n<\/h2>\n<div style='display: flex; flex-wrap: wrap; justify-content: center; gap: 15px; margin-bottom: 20px;'>\n<p style='margin: 5px 0; flex: 1 1 300px; min-width: 250px; text-align: center;'> <span style='font-size: 14pt;'> <a href='https:\/\/syscom.pro\/products\/160816\/216' style='color: #007bff; text-decoration: none;'><strong>SM-216Q\/GY<\/strong><\/a> Contacto magn\u00e9tico para puertas de madera. <\/span> <\/p>\n<p style='margin: 5px 0; flex: 1 1 300px; min-width: 250px; text-align: center;'> <span style='font-size: 14pt;'> <a href='https:\/\/syscom.pro\/products\/139675\/96918' style='color: #007bff; text-decoration: none;'><strong>SD969S18Q<\/strong><\/a> Loop pasa cable para puertas&comma; ideal para control de acceso. <\/span> <\/p>\n<p style='margin: 5px 0; flex: 1 1 300px; min-width: 250px; text-align: center;'> <span style='font-size: 14pt;'> <a href='https:\/\/syscom.pro\/products\/219640\/101' style='color: #007bff; text-decoration: none;'><strong>SD-C101-SGQ<\/strong><\/a> Cierra puertas de superficie&comma; para puertas de hasta 150 kg. <\/span> <\/p>\n<\/p><\/div>\n<hr style='border: 0; border-top: 1px solid rgba(150&comma; 150&comma; 150&comma; 0.3); margin: 30px 0;'> <!-- Imagen --> <\/p>\n<div style='margin: 30px 0; text-align: center;'> <img style='width: 100%; max-width: 600px; height: auto; border: 1px solid rgba(150&comma;150&comma;150&comma;0.3); border-radius: 8px;' src='http:\/\/ftp3.syscom.mx\/usuarios\/ccordova\/montaje.JPG' alt=''> <\/div>\n<\/p><\/div>\n","protected":false},"excerpt":{"rendered":"<p>Chapa Magn\u00e9tica de 1200 Lbs \/ Sensor de Adherencia \/ Uso en Interior\/ LED Indicador \/ Alimentaci\u00f3n 12\/24 Vcd  Seleccionable \/ Sin Magnetismo Residual \/ UL<\/p>\n","protected":false},"featured_media":29189,"comment_status":"open","ping_status":"closed","template":"","meta":[],"product_brand":[],"product_cat":[761],"product_tag":[87,762,116],"class_list":{"0":"post-29190","1":"product","2":"type-product","3":"status-publish","4":"has-post-thumbnail","6":"product_cat-chapas-magneticas","7":"product_tag-cerraduras","8":"product_tag-chapas-magneticas","9":"product_tag-enforcer-secolarm","11":"first","12":"instock","13":"sale","14":"shipping-taxable","15":"purchasable","16":"product-type-simple"},"_links":{"self":[{"href":"https:\/\/soydeaqui.ddns.net\/pachuca\/index.php\/wp-json\/wp\/v2\/product\/29190","targetHints":{"allow":["GET"]}}],"collection":[{"href":"https:\/\/soydeaqui.ddns.net\/pachuca\/index.php\/wp-json\/wp\/v2\/product"}],"about":[{"href":"https:\/\/soydeaqui.ddns.net\/pachuca\/index.php\/wp-json\/wp\/v2\/types\/product"}],"replies":[{"embeddable":true,"href":"https:\/\/soydeaqui.ddns.net\/pachuca\/index.php\/wp-json\/wp\/v2\/comments?post=29190"}],"wp:featuredmedia":[{"embeddable":true,"href":"https:\/\/soydeaqui.ddns.net\/pachuca\/index.php\/wp-json\/wp\/v2\/media\/29189"}],"wp:attachment":[{"href":"https:\/\/soydeaqui.ddns.net\/pachuca\/index.php\/wp-json\/wp\/v2\/media?parent=29190"}],"wp:term":[{"taxonomy":"product_brand","embeddable":true,"href":"https:\/\/soydeaqui.ddns.net\/pachuca\/index.php\/wp-json\/wp\/v2\/product_brand?post=29190"},{"taxonomy":"product_cat","embeddable":true,"href":"https:\/\/soydeaqui.ddns.net\/pachuca\/index.php\/wp-json\/wp\/v2\/product_cat?post=29190"},{"taxonomy":"product_tag","embeddable":true,"href":"https:\/\/soydeaqui.ddns.net\/pachuca\/index.php\/wp-json\/wp\/v2\/product_tag?post=29190"}],"curies":[{"name":"wp","href":"https:\/\/api.w.org\/{rel}","templated":true}]}}