{"id":2917,"date":"2026-03-18T06:02:22","date_gmt":"2026-03-18T06:02:22","guid":{"rendered":"https:\/\/soydeaqui.ddns.net\/pachuca\/index.php\/producto\/cubierta-protectora-serie-stopper-ii-de-policarbonato-con-bocina-espaciador-transparente-etiqueta-en-espanol\/"},"modified":"2026-03-18T06:02:23","modified_gmt":"2026-03-18T06:02:23","slug":"cubierta-protectora-serie-stopper-ii-de-policarbonato-con-bocina-espaciador-transparente-etiqueta-en-espanol","status":"publish","type":"product","link":"https:\/\/soydeaqui.ddns.net\/pachuca\/index.php\/producto\/cubierta-protectora-serie-stopper-ii-de-policarbonato-con-bocina-espaciador-transparente-etiqueta-en-espanol\/","title":{"rendered":"Cubierta Protectora Serie Stopper II\u00ae De Policarbonato, Con Bocina, Espaciador Transparente, Etiqueta en Espa\u00f1ol"},"content":{"rendered":"<div style='width: 100%; max-width: 1200px; margin: 0 auto; font-family: sans-serif; line-height: 1.6; color: inherit; background-color: transparent;'>\n<div style='display: flex; flex-wrap: wrap; gap: 30px; margin-bottom: 30px;'>\n<div style='flex: 1 1 300px; min-width: 280px;'>\n<h3 style='font-size: 22px; border-bottom: 2px solid currentColor; padding-bottom: 5px; margin-top: 0; color: inherit; opacity: 0.8;'>Descripci\u00f3n General<\/h3>\n<p style='font-size: 15px; color: inherit; margin-bottom: 15px;'>Durante m\u00e1s de 30 a\u00f1os&comma; este dispositivo \u00fanico y patentado ha ayudado a evitar falsas alarmas de incendio en todo el mundo&comma; sin restringir las alarmas leg\u00edtimas. Es ideal para escuelas&comma; hospitales&comma; guarder\u00edas&comma; centros comerciales&comma; tiendas&comma; hoteles y edificios p\u00fablicos y privados de casi todos los tipos donde existe la amenaza de falsas alarmas de incendio.<\/p>\n<p style='font-size: 15px; color: inherit; margin-bottom: 15px;'>La serie Stopper II\u00ae consta de una resistente cubierta de policarbonato transparente que es inviolable y un armaz\u00f3n que se ajusta sobre las estaciones de palanca operadas manualmente. Cuando se levanta para tener acceso a la alarma&comma; suena una aguda sirena de advertencia de 95 o 105 dB. Con esto&comma; de inmediato se atrae la atenci\u00f3n hacia esa \u00e1rea y el bromista correr\u00e1 o ser\u00e1 atrapado.<\/p>\n<p style='font-size: 15px; color: inherit; margin-bottom: 15px;'>La serie Stopper II\u00ae tiene el prop\u00f3sito de ser usado en \u00e1reas donde la incidencia de falsas alarmas de incendio desde estaciones de palanca operadas manualmente es alta o ha demostrado ser un serio problema. Cualquier desventaja de este dispositivo est\u00e1 m\u00e1s que balanceada cuando se consideran las consecuencias de las falsas alarmas de incendio&comma; especialmente si el personal y equipo de servicio responden a una falsa alarma. A esto hay que a\u00f1adir la interrupci\u00f3n de las actividades en las instalaciones cuando se presenta una falsa alarma. El Stopper II\u00ae puede ser invaluable.<\/p>\n<\/p><\/div>\n<\/p><\/div>\n<div style='display: flex; flex-wrap: wrap; gap: 20px; margin-bottom: 30px;'>\n<div style='flex: 1 1 250px; border: 1px solid rgba(150&comma; 150&comma; 150&comma; 0.4); border-radius: 8px; overflow: hidden; display: flex; flex-direction: column;'>\n<div style='padding: 15px; border-bottom: 1px solid rgba(150&comma; 150&comma; 150&comma; 0.2); font-weight: bold; font-size: 18px; color: inherit;'>Caracter\u00edsticas STI-1130-ES<\/div>\n<div style='padding: 15px; color: inherit;'>\n<ul style='padding-left: 20px; margin: 0; font-size: 14px; list-style-type: disc;'>\n<li style='margin-bottom: 5px;'><span style='color: inherit;'>Etiqueta en Espa\u00f1ol.<\/span><\/li>\n<li style='margin-bottom: 5px;'><span style='color: inherit;'>Cubierta protectora de policarbonato para protecci\u00f3n de da\u00f1os f\u00edsicos.<\/span><\/li>\n<li style='margin-bottom: 5px;'><span style='color: inherit;'>Ayuda a detener las falsas alarmas.<\/span><\/li>\n<li style='margin-bottom: 5px;'><span style='color: inherit;'>Bocina de advertencia de <strong style='color: inherit;'>95 o 105 dB<\/strong>.<\/span><\/li>\n<li style='margin-bottom: 5px;'><span style='color: inherit;'>Tiene un espaciador transparente para montaje en superficie.<\/span><\/li>\n<li style='margin-bottom: 5px;'><span style='color: inherit;'>Listado en <strong style='color: inherit;'>UL\/uCL<\/strong>&comma; compatible con <strong style='color: inherit;'>ADA<\/strong>.<\/span><\/li>\n<li style='margin-bottom: 5px;'><span style='color: inherit;'>Garant\u00eda: 1 a\u00f1o en la electr\u00f3nica.<\/span><\/li>\n<li style='margin-bottom: 5px;'><span style='color: inherit;'>Dimensiones: 6.2&#8242; (158 mm) alto x 5&#8242; (127 mm) ancho x 5.2&#8242; (132 mm) profundidad.<\/span><\/li>\n<\/ul><\/div>\n<\/p><\/div>\n<div style='flex: 1 1 250px; border: 1px solid rgba(150&comma; 150&comma; 150&comma; 0.4); border-radius: 8px; overflow: hidden; display: flex; flex-direction: column;'>\n<div style='padding: 15px; border-bottom: 1px solid rgba(150&comma; 150&comma; 150&comma; 0.2); font-weight: bold; font-size: 18px; color: inherit;'>Caracter\u00edsticas Generales<\/div>\n<div style='padding: 15px; color: inherit;'>\n<ul style='padding-left: 20px; margin: 0; font-size: 14px; list-style-type: disc;'>\n<li style='margin-bottom: 5px;'><span style='color: inherit;'>Ha demostrado ser sumamente efectivo durante m\u00e1s de una d\u00e9cada ayudando a evitar falsas alarmas de incendio sin restringir las alarmas leg\u00edtimas.<\/span><\/li>\n<li style='margin-bottom: 5px;'><span style='color: inherit;'>Se puede usar como protecci\u00f3n contra da\u00f1os f\u00edsicos a una estaci\u00f3n de palanca.<\/span><\/li>\n<li style='margin-bottom: 5px;'><span style='color: inherit;'>Se ajusta pr\u00e1cticamente a la mayor\u00eda de las estaciones de palanca operadas manualmente.<\/span><\/li>\n<li style='margin-bottom: 5px;'><span style='color: inherit;'>Disponible en colores rojo&comma; azul&comma; verde o amarillo con r\u00f3tulo personalizado.<\/span><\/li>\n<li style='margin-bottom: 5px;'><span style='color: inherit;'>Probado y aceptado por las autoridades de prevenci\u00f3n de incendios.<\/span><\/li>\n<li style='margin-bottom: 5px;'><span style='color: inherit;'>Aprobado por organizaciones dedicadas a realizar pruebas.<\/span><\/li>\n<li style='margin-bottom: 5px;'><span style='color: inherit;'>Bater\u00eda alcalina de 9V para sirena (incluida).<\/span><\/li>\n<li style='margin-bottom: 5px;'><span style='color: inherit;'>La cubierta est\u00e1 estabilizada UV contra el deterioro por el sol.<\/span><\/li>\n<li style='margin-bottom: 5px;'><span style='color: inherit;'>La sirena opcional se puede elegir de 95 o 105 dB.<\/span><\/li>\n<li style='margin-bottom: 5px;'><span style='color: inherit;'>Policarbonato probado de -40\u00ba a 116\u00baC (-40\u00ba a 240\u00baF).<\/span><\/li>\n<li style='margin-bottom: 5px;'><span style='color: inherit;'>Garant\u00eda de 3 a\u00f1os contra rotura del policarbonato durante el uso normal.<\/span><\/li>\n<li style='margin-bottom: 5px;'><span style='color: inherit;'>Listado UL No. 49G2.<\/span><\/li>\n<li style='margin-bottom: 5px;'><span style='color: inherit;'>Aprobado FM&comma; cUL&comma; ADA&comma; BSA&comma; NEMA 3R.<\/span><\/li>\n<\/ul><\/div>\n<\/p><\/div>\n<\/p><\/div>\n<div style='display: flex; flex-wrap: wrap; gap: 30px; margin-bottom: 30px;'>\n<div style='flex: 1 1 300px; min-width: 280px;'>\n<h3 style='font-size: 22px; border-bottom: 2px solid currentColor; padding-bottom: 5px; margin-top: 0; color: inherit; opacity: 0.8;'>Resistencia<\/h3>\n<p style='font-size: 15px; color: inherit; margin-bottom: 15px;'>Cubiertas de Alarma Contra Incendios Universal Stopper\u00ae<\/p>\n<\/p><\/div>\n<\/p><\/div>\n<div style='display: flex; flex-wrap: wrap; gap: 30px; margin-bottom: 30px;'>\n<div style='flex: 1 1 300px; min-width: 280px;'>\n<h3 style='font-size: 22px; border-bottom: 2px solid currentColor; padding-bottom: 5px; margin-top: 0; color: inherit; opacity: 0.8;'>Instalaci\u00f3n<\/h3>\n<p style='font-size: 15px; color: inherit; margin-bottom: 15px;'>Universal Flat Stopper\u00ae con espaciador y bocina<\/p>\n<p style='font-size: 15px; color: inherit; margin-bottom: 15px;'>Universal Flat Stopper\u00ae Montaje de Perfil Bajo con Instalaci\u00f3n de Bocina<\/p>\n<p style='font-size: 15px; color: inherit; margin-bottom: 15px;'>Universal Stopper\u00ae Series de Perfil Bajo<\/p>\n<\/p><\/div>\n<\/p><\/div>\n<div style='display: flex; flex-wrap: wrap; gap: 30px; margin-bottom: 30px;'>\n<div style='flex: 1 1 300px; min-width: 280px;'>\n<h3 style='font-size: 22px; border-bottom: 2px solid currentColor; padding-bottom: 5px; margin-top: 0; color: inherit; opacity: 0.8;'>Reemplazo de Bater\u00eda<\/h3>\n<p style='font-size: 15px; color: inherit; margin-bottom: 15px;'>Serie Stopper II\u00ae<\/p>\n<\/p><\/div>\n<\/p><\/div>\n<div style='display: flex; flex-wrap: wrap; gap: 30px; margin-bottom: 30px;'>\n<div style='flex: 1 1 300px; min-width: 280px;'>\n<h3 style='font-size: 22px; border-bottom: 2px solid currentColor; padding-bottom: 5px; margin-top: 0; color: inherit; opacity: 0.8;'>V\u00eddeos<\/h3>\n<div style='position: relative; padding-bottom: 56.25%; height: 0; overflow: hidden; margin-bottom: 30px;'>   <\/div>\n<div style='position: relative; padding-bottom: 56.25%; height: 0; overflow: hidden; margin-bottom: 30px;'>   <\/div>\n<div style='position: relative; padding-bottom: 56.25%; height: 0; overflow: hidden; margin-bottom: 30px;'>   <\/div>\n<div style='position: relative; padding-bottom: 56.25%; height: 0; overflow: hidden; margin-bottom: 30px;'>   <\/div>\n<div style='position: relative; padding-bottom: 56.25%; height: 0; overflow: hidden; margin-bottom: 30px;'>   <\/div>\n<\/p><\/div>\n<\/p><\/div>\n<hr style='border: 0; border-top: 1px solid rgba(150&comma; 150&comma; 150&comma; 0.3); margin: 30px 0;'> <\/div>\n","protected":false},"excerpt":{"rendered":"<p>Cubierta Protectora Serie Stopper II\u00ae De Policarbonato, Con Bocina, Espaciador Transparente, Etiqueta en Espa\u00f1ol<\/p>\n","protected":false},"featured_media":2916,"comment_status":"open","ping_status":"closed","template":"","meta":[],"product_brand":[],"product_cat":[420],"product_tag":[93,421,169],"class_list":{"0":"post-2917","1":"product","2":"type-product","3":"status-publish","4":"has-post-thumbnail","6":"product_cat-estaciones-de-jalon","7":"product_tag-accesorios","8":"product_tag-estaciones-de-jalon","9":"product_tag-sti","11":"first","12":"instock","13":"sale","14":"shipping-taxable","15":"purchasable","16":"product-type-simple"},"_links":{"self":[{"href":"https:\/\/soydeaqui.ddns.net\/pachuca\/index.php\/wp-json\/wp\/v2\/product\/2917","targetHints":{"allow":["GET"]}}],"collection":[{"href":"https:\/\/soydeaqui.ddns.net\/pachuca\/index.php\/wp-json\/wp\/v2\/product"}],"about":[{"href":"https:\/\/soydeaqui.ddns.net\/pachuca\/index.php\/wp-json\/wp\/v2\/types\/product"}],"replies":[{"embeddable":true,"href":"https:\/\/soydeaqui.ddns.net\/pachuca\/index.php\/wp-json\/wp\/v2\/comments?post=2917"}],"wp:featuredmedia":[{"embeddable":true,"href":"https:\/\/soydeaqui.ddns.net\/pachuca\/index.php\/wp-json\/wp\/v2\/media\/2916"}],"wp:attachment":[{"href":"https:\/\/soydeaqui.ddns.net\/pachuca\/index.php\/wp-json\/wp\/v2\/media?parent=2917"}],"wp:term":[{"taxonomy":"product_brand","embeddable":true,"href":"https:\/\/soydeaqui.ddns.net\/pachuca\/index.php\/wp-json\/wp\/v2\/product_brand?post=2917"},{"taxonomy":"product_cat","embeddable":true,"href":"https:\/\/soydeaqui.ddns.net\/pachuca\/index.php\/wp-json\/wp\/v2\/product_cat?post=2917"},{"taxonomy":"product_tag","embeddable":true,"href":"https:\/\/soydeaqui.ddns.net\/pachuca\/index.php\/wp-json\/wp\/v2\/product_tag?post=2917"}],"curies":[{"name":"wp","href":"https:\/\/api.w.org\/{rel}","templated":true}]}}