{"id":29125,"date":"2026-03-18T13:18:04","date_gmt":"2026-03-18T13:18:04","guid":{"rendered":"https:\/\/soydeaqui.ddns.net\/pachuca\/index.php\/producto\/lumidigm-v-series-v371-lectora-de-huella-digital-multiespectral-iclass-doble-verificacion\/"},"modified":"2026-03-18T13:18:05","modified_gmt":"2026-03-18T13:18:05","slug":"lumidigm-v-series-v371-lectora-de-huella-digital-multiespectral-iclass-doble-verificacion","status":"publish","type":"product","link":"https:\/\/soydeaqui.ddns.net\/pachuca\/index.php\/producto\/lumidigm-v-series-v371-lectora-de-huella-digital-multiespectral-iclass-doble-verificacion\/","title":{"rendered":"Lumidigm V-Series V371 Lectora de huella digital\/ Multiespectral + iClass \/Doble Verificaci\u00f3n"},"content":{"rendered":"<div style='width: 100%; max-width: 1200px; margin: 0 auto; font-family: sans-serif; line-height: 1.6; color: inherit; background-color: transparent;'>\n<div style='margin-bottom: 30px;'>\n<p style='margin: 0 0 15px 0; color: inherit;'>El lector Lumidigm\u00ae V371 combina el desempe\u00f1o l\u00edder en la industria de la tecnolog\u00eda multiespectro de HID Global junto con la mejor tecnolog\u00eda lectora de tarjetas sin contacto&comma; OMNIKEY\u00ae RF&comma; \u00fanica en su clase&comma; en una sola unidad integrada para una autenticaci\u00f3n multifactor s\u00f3lida.<\/p>\n<\/p><\/div>\n<p> <!-- Secci\u00f3n de cualidades --> <\/p>\n<div style='margin-bottom: 30px;'>\n<h3 style='font-size: 22px; border-bottom: 2px solid currentColor; padding-bottom: 5px; margin-top: 0; color: inherit; opacity: 0.8;'>Cualidades:<\/h3>\n<p style='margin: 15px 0; color: inherit;'>El mejor desempe\u00f1o biom\u00e9trico disponible: el sensor integrado de huella digital Lumidigm V-Series proporciona una autenticaci\u00f3n biom\u00e9trica l\u00edder en la industria.<\/p>\n<ul style='padding-left: 20px; margin: 15px 0; font-size: 15px; color: inherit;'>\n<li style='margin-bottom: 10px;'>Detecta intentos fraudulentos de verificaci\u00f3n: el sistema galardonado de detecci\u00f3n al momento distingue f\u00e1cilmente entre caracter\u00edsticas biom\u00e9tricas leg\u00edtimas y falsas.<\/li>\n<li style='margin-bottom: 10px;'>Agiliza el acceso para los usuarios autorizados: interfaz conveniente que permite a los usuarios autorizados validar r\u00e1pidamente sus identidades y seguir con su camino.<\/li>\n<li style='margin-bottom: 10px;'>Elimina el fraude de identificaciones compartidas o robadas: la autenticaci\u00f3n multifactor con una biom\u00e9trica garantiza que ning\u00fan usuario pueda usar la tarjeta de identificaci\u00f3n de alguien m\u00e1s para corroborar su identidad.<\/li>\n<li style='margin-bottom: 10px;'>Aprovecha las caracter\u00edsticas biom\u00e9tricas de las tarjetas inteligentes: las tarjetas de identificaci\u00f3n biom\u00e9tricas de ciudadanos pueden usarse para una autenticaci\u00f3n garantizada en cualquier actividad donde una tarjeta por s\u00ed sola no es prueba suficiente de una identidad real.<\/li>\n<\/ul><\/div>\n<p> <!-- Secci\u00f3n de caracter\u00edsticas --> <\/p>\n<div style='margin-bottom: 30px;'>\n<h3 style='font-size: 22px; border-bottom: 2px solid currentColor; padding-bottom: 5px; margin-top: 0; color: inherit; opacity: 0.8;'>Caracter\u00edsticas:<\/h3>\n<ul style='padding-left: 20px; margin: 15px 0; font-size: 15px; color: inherit;'>\n<li style='margin-bottom: 10px;'>Tecnolog\u00eda de imagen multiespectral de huellas digitales Lumidigm\u00ae<\/li>\n<li style='margin-bottom: 10px;'>Interfaz c\u00f3moda y port\u00e1til con dispositivo para tarjetas sin contacto<\/li>\n<li style='margin-bottom: 10px;'>Opciones flexibles de autenticaci\u00f3n de factor sencillo y de factor doble<\/li>\n<li style='margin-bottom: 10px;'>Tecnolog\u00eda de vanguardia de detecci\u00f3n al momento&comma; adaptable contra futuras amenazas de falsificaci\u00f3n<\/li>\n<li style='margin-bottom: 10px;'>Soporta las tarjetas sin contacto MIFARE\u00ae Classic&comma; MIFARE DESFire\u00ae 0.6&comma; y MIFARE DESFire EV1<\/li>\n<li style='margin-bottom: 10px;'>Integraci\u00f3n f\u00e1cil con el kit de desarrollo de software (SDK) de Lumidigm<\/li>\n<li style='margin-bottom: 10px;'>Luces indicadoras: azul&comma; verde y roja<\/li>\n<li style='margin-bottom: 10px;'>Interfaz USB<\/li>\n<li style='margin-bottom: 10px;'>ANSI 378 e ISO 19794-2 \/ plantilla de huella y el algoritmos (con el SDK 6 o mayor) certificados MINEX III.<\/li>\n<li style='margin-bottom: 10px;'>Resoluci\u00f3n: 500 dpi.<\/li>\n<li style='margin-bottom: 10px;'>Sistema de lector de tarjetas: iClass 13.56 MHz.<\/li>\n<li style='margin-bottom: 10px;'>IP65 a nivel plantilla.<\/li>\n<li style='margin-bottom: 10px;'>Alimentaci\u00f3n a trav\u00e9s del puerto USB 2.0<\/li>\n<li style='margin-bottom: 10px;'>Sistemas soportados: Windows 10 (32b\/64b); Windows 8 (32b\/64b); Windows 7 (32b\/64b);<\/li>\n<li style='margin-bottom: 10px;'>Dimensiones: 79.2 mm x 124.3 mm x 63.2 mm<\/li>\n<\/ul><\/div>\n<p> <!-- Secci\u00f3n de videos --> <\/p>\n<div style='margin-bottom: 30px;'>\n<h3 style='font-size: 22px; border-bottom: 2px solid currentColor; padding-bottom: 5px; margin-top: 0; color: inherit; opacity: 0.8;'>V\u00eddeo de la operaci\u00f3n:<\/h3>\n<div style='margin: 20px 0;'>\n<div style='position: relative; padding-bottom: 56.25%; height: 0; overflow: hidden; margin-bottom: 30px;'>   <\/div>\n<\/p><\/div>\n<div style='margin: 20px 0;'>\n<h4 style='margin-top: 0; margin-bottom: 15px; font-size: 18px; color: inherit; opacity: 0.9;'>\u00bfQu\u00e9 es tecnolog\u00eda Multiespectral?<\/h4>\n<div style='position: relative; padding-bottom: 56.25%; height: 0; overflow: hidden; margin-bottom: 30px;'>   <\/div>\n<div style='position: relative; padding-bottom: 56.25%; height: 0; overflow: hidden; margin-bottom: 30px;'>   <\/div>\n<\/p><\/div>\n<\/p><\/div>\n<p> <!-- Nota de producto --> <\/p>\n<div style='margin-bottom: 30px;'>\n<p style='margin: 0; color: inherit;'>Producto sobre pedido<\/p>\n<\/p><\/div>\n<\/p><\/div>\n","protected":false},"excerpt":{"rendered":"<p>Lumidigm V-Series V371 Lectora de huella digital\/ Multiespectral + iClass \/Doble Verificaci\u00f3n<\/p>\n","protected":false},"featured_media":29124,"comment_status":"open","ping_status":"closed","template":"","meta":[],"product_brand":[],"product_cat":[841],"product_tag":[744,842,814],"class_list":{"0":"post-29125","1":"product","2":"type-product","3":"status-publish","4":"has-post-thumbnail","6":"product_cat-enroladores-y-lectores-usb","7":"product_tag-biometricos","8":"product_tag-enroladores-y-lectores-usb","9":"product_tag-hid","11":"first","12":"outofstock","13":"sale","14":"shipping-taxable","15":"purchasable","16":"product-type-simple"},"_links":{"self":[{"href":"https:\/\/soydeaqui.ddns.net\/pachuca\/index.php\/wp-json\/wp\/v2\/product\/29125","targetHints":{"allow":["GET"]}}],"collection":[{"href":"https:\/\/soydeaqui.ddns.net\/pachuca\/index.php\/wp-json\/wp\/v2\/product"}],"about":[{"href":"https:\/\/soydeaqui.ddns.net\/pachuca\/index.php\/wp-json\/wp\/v2\/types\/product"}],"replies":[{"embeddable":true,"href":"https:\/\/soydeaqui.ddns.net\/pachuca\/index.php\/wp-json\/wp\/v2\/comments?post=29125"}],"wp:featuredmedia":[{"embeddable":true,"href":"https:\/\/soydeaqui.ddns.net\/pachuca\/index.php\/wp-json\/wp\/v2\/media\/29124"}],"wp:attachment":[{"href":"https:\/\/soydeaqui.ddns.net\/pachuca\/index.php\/wp-json\/wp\/v2\/media?parent=29125"}],"wp:term":[{"taxonomy":"product_brand","embeddable":true,"href":"https:\/\/soydeaqui.ddns.net\/pachuca\/index.php\/wp-json\/wp\/v2\/product_brand?post=29125"},{"taxonomy":"product_cat","embeddable":true,"href":"https:\/\/soydeaqui.ddns.net\/pachuca\/index.php\/wp-json\/wp\/v2\/product_cat?post=29125"},{"taxonomy":"product_tag","embeddable":true,"href":"https:\/\/soydeaqui.ddns.net\/pachuca\/index.php\/wp-json\/wp\/v2\/product_tag?post=29125"}],"curies":[{"name":"wp","href":"https:\/\/api.w.org\/{rel}","templated":true}]}}