{"id":29107,"date":"2026-03-18T13:17:40","date_gmt":"2026-03-18T13:17:40","guid":{"rendered":"https:\/\/soydeaqui.ddns.net\/pachuca\/index.php\/producto\/barra-de-luces-led-en-flecha-de-doble-cabezal-en-una-sola-pieza-director-de-trafico-de-53-8-pulgadas-iluminacion-color-ambar\/"},"modified":"2026-03-18T13:17:42","modified_gmt":"2026-03-18T13:17:42","slug":"barra-de-luces-led-en-flecha-de-doble-cabezal-en-una-sola-pieza-director-de-trafico-de-53-8-pulgadas-iluminacion-color-ambar","status":"publish","type":"product","link":"https:\/\/soydeaqui.ddns.net\/pachuca\/index.php\/producto\/barra-de-luces-led-en-flecha-de-doble-cabezal-en-una-sola-pieza-director-de-trafico-de-53-8-pulgadas-iluminacion-color-ambar\/","title":{"rendered":"Barra de luces LED en flecha  de doble cabezal en una sola pieza Director de tr\u00e1fico de 53.8 pulgadas, iluminaci\u00f3n color \u00e1mbar."},"content":{"rendered":"<div style='width: 100%; max-width: 1200px; margin: 0 auto; font-family: sans-serif; line-height: 1.6; color: inherit;'>\n<div style='display: flex; flex-wrap: wrap; gap: 30px; margin-bottom: 30px;'>\n<div style='flex: 1 1 300px; min-width: 280px;'>\n<h3 style='font-size: 22px; border-bottom: 2px solid currentColor; padding-bottom: 5px; margin-top: 0; color: inherit; opacity: 0.8;'>Barra direccionadora Safety Director \u2122<\/h3>\n<p style='font-size: 15px; color: inherit; margin-bottom: 15px;'>El Safety Director \u2122 es una advertencia direccional de alto rendimiento con los beneficios adicionales de una fuente de luz LED de bajo consumo de corriente&comma; libre de mantenimiento y de larga duraci\u00f3n. Cuenta con 35 patrones de flash seleccionables a trav\u00e9s del controlador en la cabina. La flecha de seguridad LED es la soluci\u00f3n de iluminaci\u00f3n de direcci\u00f3n de tr\u00e1fico definitiva.<\/p>\n<\/p><\/div>\n<\/p><\/div>\n<div style='display: flex; flex-wrap: wrap; gap: 20px; margin-bottom: 30px;'>\n<div style='flex: 1 1 250px; border: 1px solid rgba(150&comma; 150&comma; 150&comma; 0.4); border-radius: 8px; overflow: hidden; display: flex; flex-direction: column;'>\n<div style='padding: 15px; border-bottom: 1px solid rgba(150&comma; 150&comma; 150&comma; 0.2); font-weight: bold; font-size: 18px; color: inherit;'>Caracter\u00edsticas<\/div>\n<div style='padding: 15px; color: inherit;'>\n<ul style='padding-left: 20px; margin: 0; font-size: 14px; list-style-type: disc;'>\n<li style='margin-bottom: 5px;'>Carcasa de aluminio extruido<\/li>\n<li style='margin-bottom: 5px;'>Lente de policarbonato<\/li>\n<li style='margin-bottom: 5px;'>16 M\u00f3dulos LED de alta potencia<\/li>\n<li style='margin-bottom: 5px;'>Certificaci\u00f3n SAE Clase I<\/li>\n<li style='margin-bottom: 5px;'>35 Patrones de destello<\/li>\n<li style='margin-bottom: 5px;'><strong>Color Ambar<\/strong><\/li>\n<li style='margin-bottom: 5px;'><strong>Incluye controlador<\/strong><\/li>\n<li style='margin-bottom: 5px;'>3 A\u00f1os de Garant\u00eda<\/li>\n<\/ul><\/div>\n<\/p><\/div>\n<div style='flex: 1 1 250px; border: 1px solid rgba(150&comma; 150&comma; 150&comma; 0.4); border-radius: 8px; overflow: hidden; display: flex; flex-direction: column;'>\n<div style='padding: 15px; border-bottom: 1px solid rgba(150&comma; 150&comma; 150&comma; 0.2); font-weight: bold; font-size: 18px; color: inherit;'>Especificaciones t\u00e9cnicas<\/div>\n<div style='padding: 15px; color: inherit;'>\n<ul style='padding-left: 20px; margin: 0; font-size: 14px; list-style-type: disc;'>\n<li style='margin-bottom: 5px;'>Voltage: 12-24 Vcc<\/li>\n<li style='margin-bottom: 5px;'>Consumo: 3 amp m\u00e1ximo<\/li>\n<\/ul><\/div>\n<\/p><\/div>\n<div style='flex: 1 1 250px; border: 1px solid rgba(150&comma; 150&comma; 150&comma; 0.4); border-radius: 8px; overflow: hidden; display: flex; flex-direction: column;'>\n<div style='padding: 15px; border-bottom: 1px solid rgba(150&comma; 150&comma; 150&comma; 0.2); font-weight: bold; font-size: 18px; color: inherit;'>Dimensiones<\/div>\n<div style='padding: 15px; color: inherit;'>\n<p style='margin: 0; font-size: 14px;'>53.8 pulgadas (1366 mm)<\/p>\n<\/p><\/div>\n<\/p><\/div>\n<\/p><\/div>\n<div style='margin-top: 30px; text-align: center;'> <img style='width: 100%; height: auto; border: 1px solid rgba(150&comma;150&comma;150&comma;0.3); border-radius: 8px;' src='https:\/\/lh3.googleusercontent.com\/-cKr-1lnYQaU\/XitDuM9ys-I\/AAAAAAAACwY\/Lw6tVlkhqh0Givtxr7WrTFgGZsFY7iREACK8BGAsYHg\/s512\/2020-01-24.png' alt='Barra de luces LED en flecha de doble cabezal ED3307A'> <\/div>\n<hr style='border: 0; border-top: 1px solid rgba(150&comma; 150&comma; 150&comma; 0.3); margin: 30px 0;'> <\/div>\n","protected":false},"excerpt":{"rendered":"<p>Barra de luces LED en flecha  de doble cabezal en una sola pieza Director de tr\u00e1fico de 53.8 pulgadas, iluminaci\u00f3n color \u00e1mbar.<\/p>\n","protected":false},"featured_media":29106,"comment_status":"open","ping_status":"closed","template":"","meta":[],"product_brand":[],"product_cat":[948],"product_tag":[950,949,502],"class_list":{"0":"post-29107","1":"product","2":"type-product","3":"status-publish","4":"has-post-thumbnail","6":"product_cat-ambar","7":"product_tag-ambar","8":"product_tag-barras-directoras-de-trafico-vehiculares","9":"product_tag-ecco","11":"first","12":"outofstock","13":"sale","14":"shipping-taxable","15":"purchasable","16":"product-type-simple"},"_links":{"self":[{"href":"https:\/\/soydeaqui.ddns.net\/pachuca\/index.php\/wp-json\/wp\/v2\/product\/29107","targetHints":{"allow":["GET"]}}],"collection":[{"href":"https:\/\/soydeaqui.ddns.net\/pachuca\/index.php\/wp-json\/wp\/v2\/product"}],"about":[{"href":"https:\/\/soydeaqui.ddns.net\/pachuca\/index.php\/wp-json\/wp\/v2\/types\/product"}],"replies":[{"embeddable":true,"href":"https:\/\/soydeaqui.ddns.net\/pachuca\/index.php\/wp-json\/wp\/v2\/comments?post=29107"}],"wp:featuredmedia":[{"embeddable":true,"href":"https:\/\/soydeaqui.ddns.net\/pachuca\/index.php\/wp-json\/wp\/v2\/media\/29106"}],"wp:attachment":[{"href":"https:\/\/soydeaqui.ddns.net\/pachuca\/index.php\/wp-json\/wp\/v2\/media?parent=29107"}],"wp:term":[{"taxonomy":"product_brand","embeddable":true,"href":"https:\/\/soydeaqui.ddns.net\/pachuca\/index.php\/wp-json\/wp\/v2\/product_brand?post=29107"},{"taxonomy":"product_cat","embeddable":true,"href":"https:\/\/soydeaqui.ddns.net\/pachuca\/index.php\/wp-json\/wp\/v2\/product_cat?post=29107"},{"taxonomy":"product_tag","embeddable":true,"href":"https:\/\/soydeaqui.ddns.net\/pachuca\/index.php\/wp-json\/wp\/v2\/product_tag?post=29107"}],"curies":[{"name":"wp","href":"https:\/\/api.w.org\/{rel}","templated":true}]}}