{"id":29076,"date":"2026-03-18T13:16:58","date_gmt":"2026-03-18T13:16:58","guid":{"rendered":"https:\/\/soydeaqui.ddns.net\/pachuca\/index.php\/producto\/estacion-de-guardia-compatible-con-klpd410\/"},"modified":"2026-03-18T13:17:05","modified_gmt":"2026-03-18T13:17:05","slug":"estacion-de-guardia-compatible-con-klpd410","status":"publish","type":"product","link":"https:\/\/soydeaqui.ddns.net\/pachuca\/index.php\/producto\/estacion-de-guardia-compatible-con-klpd410\/","title":{"rendered":"Estacion de guardia compatible con KLPD410"},"content":{"rendered":"<div style='width: 100%; max-width: 1200px; margin: 0 auto; font-family: sans-serif; line-height: 1.6; color: inherit; background-color: transparent;'>\n<div style='display: flex; flex-wrap: wrap; gap: 30px; margin-bottom: 30px;'>\n<div style='flex: 1 1 300px; min-width: 280px;'>\n<h3 style='font-size: 22px; border-bottom: 2px solid currentColor; padding-bottom: 5px; margin-top: 0; color: inherit; opacity: 0.8;'>Caracter\u00edsticas principales<\/h3>\n<ul style='padding-left: 20px; font-size: 15px; color: inherit;'>\n<li style='margin-bottom: 5px;'><span style='color: inherit; font-size: 12pt; font-family: inherit; background-color: transparent;'>Compatible desde <a style='color: #005cb9; text-decoration: none; font-weight: 600;' href='https:\/\/www.syscom.mx\/producto\/KLPD410-KOCOM-163249.html'>KLPD410 <\/a>y auricular <a style='color: #005cb9; text-decoration: none; font-weight: 600;' href='https:\/\/www.syscom.mx\/principal\/searchcont?route=KDP603-KOCOM-163237&#038;autodetect=kdp603'>KDP603<\/a><\/span><\/li>\n<li style='margin-bottom: 5px;'><span style='color: inherit; font-family: inherit; font-size: 12pt; background-color: transparent;'>Uso para interior.<\/span><\/li>\n<li style='margin-bottom: 5px;'><span style='color: inherit; font-family: inherit; font-size: 12pt; background-color: transparent;'>Cableado de 5 hilos.<\/span><\/li>\n<li style='margin-bottom: 5px;'><span style='color: inherit; font-family: inherit; font-size: 12pt; background-color: transparent;'>Funci\u00f3n de apertura de puerta.<\/span><\/li>\n<li style='margin-bottom: 5px;'><span style='color: inherit; font-family: inherit; font-size: 12pt; background-color: transparent;'>Sonido electr\u00f3nico.<\/span><\/li>\n<\/ul><\/div>\n<div style='flex: 1 1 300px; min-width: 280px;'>\n<h3 style='font-size: 22px; border-bottom: 2px solid currentColor; padding-bottom: 5px; margin-top: 0; color: inherit; opacity: 0.8;'>Caracter\u00edsticas F\u00edsicas y El\u00e9ctricas<\/h3>\n<ul style='padding-left: 20px; font-size: 15px; color: inherit;'>\n<li style='margin-bottom: 5px;'><span style='color: inherit; font-family: inherit; font-size: 14px; background-color: transparent;'>Alimentacion de 15 Vcc (No icluida&comma; Utilizar el PSM2 o compatible).<\/span><\/li>\n<li style='margin-bottom: 5px;'><span style='color: inherit; font-family: inherit; font-size: 14px; background-color: transparent;'>Dimenciones de W (165 mm) x H (220 mm) x D (80 mm)<\/span><\/li>\n<\/ul><\/div>\n<div style='flex: 1 1 300px; min-width: 280px;'>\n<h3 style='font-size: 22px; border-bottom: 2px solid currentColor; padding-bottom: 5px; margin-top: 0; color: inherit; opacity: 0.8;'>Caracter\u00edsticas Destacadas<\/h3>\n<div style='font-size: 15px; color: inherit;'>\n<p style='margin: 0 0 15px; color: inherit; font-size: 14px;'>Los sistemas de audioporteros KLPD-410 son muy redituables ya que al ser equipos anal\u00f3gicos es muy sencilla y fiable su instalaci\u00f3n&comma; para estos equipos se recomienda usar cable calibre 18 100% cobre de preferencia blindado para tener la mayor distancia y calidad de audio.<\/p>\n<p style='margin: 0 0 15px; color: inherit; font-size: 14px;'><strong>Cables sugeridos<\/strong><\/p>\n<p style='margin: 0 0 15px; color: inherit; font-size: 14px;'> <a style='color: #005cb9; text-decoration: none; font-weight: 600;' href='https:\/\/www.syscom.mx\/principal\/searchcont?route=9274-VIAKON-183319&#038;autodetect=calibre_18'>9274<\/a> <a style='color: #005cb9; text-decoration: none; font-weight: 600;' href='https:\/\/www.syscom.mx\/principal\/searchcont?route=1119-5501\/500-HONEYWELL-HOME-RESIDEO-74981&#038;autodetect=111955'>1119-5501\/500<\/a> <a style='color: #005cb9; text-decoration: none; font-weight: 600;' href='https:\/\/www.syscom.mx\/principal\/searchcont?route=92-70-VIAKON-78789&#038;autodetect=calibre_18'>92-70<\/a> <a style='color: #005cb9; text-decoration: none; font-weight: 600;' href='https:\/\/www.syscom.mx\/principal\/searchcont?route=ACCESS-184\/500-AccessPRO-166995&#038;autodetect=ACCESS184'>ACCESS-184\/500<\/a> <\/p>\n<p style='margin: 0 0 15px; color: inherit; font-size: 14px;'><strong style='color: #000000;'>Notas<\/strong><\/p>\n<ul style='padding-left: 20px; margin: 0 0 15px 20px; font-size: 14px; color: inherit;'>\n<li style='margin-bottom: 5px;'><span style='color: #e74c3c;'><strong>La conexi\u00f3n de los dispositivos es en cascada&comma; no es posible conectar en estrella.<\/strong><\/span><\/li>\n<li style='margin-bottom: 5px;'><strong>La distancia maxima son 300m desde el frente de calle a el ultimo de los auriculares<\/strong><\/li>\n<\/ul><\/div>\n<\/p><\/div>\n<\/p><\/div>\n<hr style='border: 0; border-top: 1px solid rgba(150&comma; 150&comma; 150&comma; 0.3); margin: 30px 0;'>\n<div style='display: flex; justify-content: center; margin: 30px 0;'> <img style='width: 100%; max-width: 604px; height: auto; border: 1px solid rgba(150&comma;150&comma;150&comma;0.3); border-radius: 8px;' src='https:\/\/ftp3.syscom.mx\/usuarios\/amesta\/KOCOM\/kdp603.JPG' alt=''> <\/div>\n<\/p><\/div>\n","protected":false},"excerpt":{"rendered":"<p>Estacion de guardia compatible con KLPD410<\/p>\n","protected":false},"featured_media":29075,"comment_status":"open","ping_status":"closed","template":"","meta":[],"product_brand":[],"product_cat":[819],"product_tag":[799,820,557],"class_list":{"0":"post-29076","1":"product","2":"type-product","3":"status-publish","4":"has-post-thumbnail","6":"product_cat-multiapartamentos","7":"product_tag-kocom","8":"product_tag-multiapartamentos","9":"product_tag-videoporteros-e-interfonos","11":"first","12":"instock","13":"sale","14":"shipping-taxable","15":"purchasable","16":"product-type-simple"},"_links":{"self":[{"href":"https:\/\/soydeaqui.ddns.net\/pachuca\/index.php\/wp-json\/wp\/v2\/product\/29076","targetHints":{"allow":["GET"]}}],"collection":[{"href":"https:\/\/soydeaqui.ddns.net\/pachuca\/index.php\/wp-json\/wp\/v2\/product"}],"about":[{"href":"https:\/\/soydeaqui.ddns.net\/pachuca\/index.php\/wp-json\/wp\/v2\/types\/product"}],"replies":[{"embeddable":true,"href":"https:\/\/soydeaqui.ddns.net\/pachuca\/index.php\/wp-json\/wp\/v2\/comments?post=29076"}],"wp:featuredmedia":[{"embeddable":true,"href":"https:\/\/soydeaqui.ddns.net\/pachuca\/index.php\/wp-json\/wp\/v2\/media\/29075"}],"wp:attachment":[{"href":"https:\/\/soydeaqui.ddns.net\/pachuca\/index.php\/wp-json\/wp\/v2\/media?parent=29076"}],"wp:term":[{"taxonomy":"product_brand","embeddable":true,"href":"https:\/\/soydeaqui.ddns.net\/pachuca\/index.php\/wp-json\/wp\/v2\/product_brand?post=29076"},{"taxonomy":"product_cat","embeddable":true,"href":"https:\/\/soydeaqui.ddns.net\/pachuca\/index.php\/wp-json\/wp\/v2\/product_cat?post=29076"},{"taxonomy":"product_tag","embeddable":true,"href":"https:\/\/soydeaqui.ddns.net\/pachuca\/index.php\/wp-json\/wp\/v2\/product_tag?post=29076"}],"curies":[{"name":"wp","href":"https:\/\/api.w.org\/{rel}","templated":true}]}}