{"id":29074,"date":"2026-03-18T13:16:56","date_gmt":"2026-03-18T13:16:56","guid":{"rendered":"https:\/\/soydeaqui.ddns.net\/pachuca\/index.php\/producto\/kit-de-barrera-vehicular-came-g3750-gabinete-naranja-incluye-mastil-de-4-metros-sin-iluminacion-incluye-resorte-001g04060-resorte-verde\/"},"modified":"2026-03-18T13:16:57","modified_gmt":"2026-03-18T13:16:57","slug":"kit-de-barrera-vehicular-came-g3750-gabinete-naranja-incluye-mastil-de-4-metros-sin-iluminacion-incluye-resorte-001g04060-resorte-verde","status":"publish","type":"product","link":"https:\/\/soydeaqui.ddns.net\/pachuca\/index.php\/producto\/kit-de-barrera-vehicular-came-g3750-gabinete-naranja-incluye-mastil-de-4-metros-sin-iluminacion-incluye-resorte-001g04060-resorte-verde\/","title":{"rendered":"Kit de barrera vehicular CAME G3750 \/ Gabinete naranja \/ Incluye m\u00e1stil de 4 metros sin iluminaci\u00f3n \/ Incluye resorte 001G04060 (Resorte verde)"},"content":{"rendered":"<div style='width: 100%; max-width: 1200px; margin: 0 auto; font-family: sans-serif; line-height: 1.6; color: inherit; background-color: transparent;'> <!-- Secci\u00f3n de caracter\u00edsticas --> <\/p>\n<div style='display: flex; flex-wrap: wrap; gap: 20px; margin-bottom: 30px;'>\n<div style='flex: 1 1 300px; min-width: 280px;'>\n<div style='border-left: 5px solid #0091ff; border-radius: 5px; padding: 15px; background-color: rgba(144&comma; 202&comma; 249&comma; 0.05);'>\n<h3 style='font-size: 18px; margin-top: 0; margin-bottom: 15px; color: inherit; font-weight: bold;'>Caracter\u00edsticas principales:<\/h3>\n<ul style='padding-left: 20px; font-size: 15px; color: inherit; list-style-type: disc;'>\n<li style='margin-bottom: 8px;'>Grado de protecci\u00f3n IP 54.<\/li>\n<li style='margin-bottom: 8px;'>Barrera de uso Semi-intensivo.<\/li>\n<li style='margin-bottom: 8px;'>1 a\u00f1o de garant\u00eda contra defectos de f\u00e1brica.<\/li>\n<\/ul><\/div>\n<\/p><\/div>\n<div style='flex: 1 1 300px; min-width: 280px;'>\n<div style='border-left: 5px solid #0091ff; border-radius: 5px; padding: 15px; background-color: rgba(144&comma; 202&comma; 249&comma; 0.05);'>\n<h3 style='font-size: 18px; margin-top: 0; margin-bottom: 15px; color: inherit; font-weight: bold;'>Caracter\u00edsticas F\u00edsicas y El\u00e9ctricas:<\/h3>\n<ul style='padding-left: 20px; font-size: 15px; color: inherit; list-style-type: disc;'>\n<li style='margin-bottom: 8px;'>Alimentaci\u00f3n de la barrera 110 Vac.<\/li>\n<li style='margin-bottom: 8px;'>Alimentaci\u00f3n del motor 24Vdc.<\/li>\n<li style='margin-bottom: 8px;'>Velocidad de operaci\u00f3n de 2 a 6 segundos.<\/li>\n<\/ul><\/div>\n<\/p><\/div>\n<div style='flex: 1 1 300px; min-width: 280px;'>\n<div style='border-left: 5px solid #0091ff; border-radius: 5px; padding: 15px; background-color: rgba(144&comma; 202&comma; 249&comma; 0.05);'>\n<h3 style='font-size: 18px; margin-top: 0; margin-bottom: 15px; color: inherit; font-weight: bold;'>Caracter\u00edsticas Destacadas:<\/h3>\n<ul style='padding-left: 20px; font-size: 15px; color: inherit; list-style-type: disc;'>\n<li style='margin-bottom: 8px;'>Gabinete en color naranja.<\/li>\n<li style='margin-bottom: 8px;'>Barrera izquierda o derecha configurable en campo.<\/li>\n<li style='margin-bottom: 8px;'>Compatible con m\u00e1stil de hasta 4 metros.<\/li>\n<\/ul><\/div>\n<\/p><\/div>\n<\/p><\/div>\n<p> <!-- Secci\u00f3n de contenido con imagen --> <\/p>\n<div style='display: flex; flex-wrap: wrap; gap: 30px; margin-bottom: 30px;'>\n<div style='flex: 1 1 400px; min-width: 300px;'>\n<h3 style='font-size: 20px; margin-top: 0; margin-bottom: 15px; color: inherit; border-bottom: 2px solid rgba(150&comma;150&comma;150&comma;0.3); padding-bottom: 8px;'>Que incluye el Kit KTG-3750N:<\/h3>\n<ul style='padding-left: 20px; font-size: 15px; color: inherit; list-style-type: disc;'>\n<li style='margin-bottom: 8px;'>1 x <strong>001-G03750120<\/strong> Barrera vehicular color naranja con gabinete italiano.<\/li>\n<li style='margin-bottom: 8px;'>1 x <strong>009-MXARM001<\/strong> M\u00e1stil gen\u00e9rico de fabricaci\u00f3n nacional sin iluminaci\u00f3n.<\/li>\n<li style='margin-bottom: 8px;'>1 x <strong>001-G04060<\/strong> Resorte para calibraci\u00f3n de barrera (50 mm) color verde.<\/li>\n<li style='margin-bottom: 8px;'>1 x <strong>009-MX027<\/strong> Enganche para m\u00e1stil gen\u00e9rico nacional 009-MXARM001.<\/li>\n<\/ul>\n<h3 style='font-size: 18px; margin-top: 25px; margin-bottom: 15px; color: inherit; border-bottom: 2px solid rgba(150&comma;150&comma;150&comma;0.3); padding-bottom: 8px;'>Notas:<\/h3>\n<ul style='padding-left: 20px; font-size: 15px; color: inherit; list-style-type: disc;'>\n<li style='margin-bottom: 8px;'>Para un mejor funcionamiento de la barrera&comma; el brazo debe de ser calibrado a 45\u00b0. Un ajuste incorrecto acortar\u00e1 la vida de los componentes.<\/li>\n<li style='margin-bottom: 8px;'>Cualquier cambio de longitud del m\u00e1stil o adicionar \/ retirar accesorios de este requerir\u00e1 una recalibraci\u00f3n del brazo.<\/li>\n<li style='margin-bottom: 8px;'>En caso de que el cambio en el brazo o m\u00e1stil sea significativo deber\u00e1 hacerse un cambio en el resorte de la barrera&comma; puede revisar la siguiente <a href='https:\/\/ftp3.syscom.mx\/usuarios\/anavarrete\/Came\/Tabla%20resortes%20G3750.jpg' style='color: #0091ff; text-decoration: none; font-weight: bold;' target='_blank' rel='noopener'>TABLA<\/a><\/li>\n<\/ul><\/div>\n<div style='flex: 1 1 400px; min-width: 300px;'> <img style='width: 100%; height: auto; border: 1px solid rgba(150&comma;150&comma;150&comma;0.3); border-radius: 8px;' src='https:\/\/ftp3.syscom.mx\/usuarios\/fotos\/BancoFotografiasSyscom\/CAME\/KTG3750N\/KTG3750N-p.PNG' alt='Kit KTG3750N'> <\/div>\n<\/p><\/div>\n<p> <!-- Galer\u00eda de im\u00e1genes --> <\/p>\n<div style='display: flex; flex-wrap: wrap; gap: 20px; margin-bottom: 30px;'>\n<div style='flex: 1 1 45%; min-width: 300px;'> <img style='width: 100%; height: auto; border: 1px solid rgba(150&comma;150&comma;150&comma;0.3); border-radius: 8px;' src='https:\/\/ftp3.syscom.mx\/usuarios\/anavarrete\/Came\/Medidas%20G3750.jpg' alt='Medidas G3750'> <\/div>\n<div style='flex: 1 1 45%; min-width: 300px;'> <img style='width: 100%; height: auto; border: 1px solid rgba(150&comma;150&comma;150&comma;0.3); border-radius: 8px;' src='https:\/\/ftp3.syscom.mx\/usuarios\/anavarrete\/Came\/G3750%20Naranja.jpg' alt='G3750 Naranja'> <\/div>\n<\/p><\/div>\n<p> <!-- Secci\u00f3n de componentes adicionales --> <\/p>\n<div style='margin-bottom: 30px;'>\n<h2 style='font-size: 20px; margin-top: 0; margin-bottom: 15px; color: inherit; border-bottom: 2px solid rgba(150&comma;150&comma;150&comma;0.3); padding-bottom: 8px;'>\u00bfQu\u00e9 componentes adicionales puedo cotizar para armar un sistema completo de barrera vehicular con m\u00e1stil?<\/h2>\n<h3 style='font-size: 18px; margin-top: 20px; margin-bottom: 10px; color: inherit;'>Paso 1<\/h3>\n<h4 style='font-size: 16px; margin-top: 10px; margin-bottom: 10px; color: inherit; font-weight: normal; text-transform: uppercase;'>Dispositivos de seguridad<\/h4>\n<ul style='padding-left: 20px; font-size: 15px; color: inherit; list-style-type: disc;'>\n<li style='margin-bottom: 12px;'><strong>Sensor de masa:<\/strong> <a href='https:\/\/www.syscom.mx\/principal\/searchcont?route=10-MATRIX-IIS-1224-BEA-144360&#038;autodetect=matrixiis1224' style='color: #0091ff; text-decoration: none; font-weight: bold;' target='_blank' rel='noopener'>10-MATRIX-IIS-1224<\/a>&comma; Interfaz para conexi\u00f3n de lazo magn\u00e9tico&comma; permite que la barrera cuente con detecci\u00f3n de veh\u00edculos. Requiere un lazo magn\u00e9tico.<\/li>\n<li style='margin-bottom: 12px;'><strong>Lazo magn\u00e9tico:<\/strong> <a href='https:\/\/www.syscom.mx\/principal\/searchcont?route=SYS-LM6-ACCESSPRO-INDUSTRIAL-31960&#038;autodetect=syslm6' style='color: #0091ff; text-decoration: none; font-weight: bold;' target='_blank' rel='noopener'>SYS-LM6<\/a>&comma; Ayuda a evitar que la barrera se cierre si hay alg\u00fan veh\u00edculo bajo el \u00e1rea de acci\u00f3n de la barrera vehicular&comma; adem\u00e1s&comma; permite el cierre autom\u00e1tico de la barrera al momento de que el veh\u00edculo termina de pasar dentro del \u00e1rea de detecci\u00f3n. Efectivo para detecci\u00f3n de autos compactos y camiones de medio tama\u00f1o. \u00datil en carriles de hasta 4 metros de ancho.<\/li>\n<li style='margin-bottom: 12px;'><strong>Fotoceldas CAME:<\/strong> <a href='https:\/\/www.syscom.mx\/producto\/001-DIR10-CAME-67953.html' style='color: #0091ff; text-decoration: none; font-weight: bold;' target='_blank' rel='noopener'>001-DIR10<\/a>&comma; dise\u00f1adas para proteger peatones en el \u00e1rea de acci\u00f3n del m\u00e1stil de la barrera. Ancho de carril efectivo de hasta 10 metros.<\/li>\n<li style='margin-bottom: 12px;'><strong>Bases de piso para fotoceldas DIR de CAME:<\/strong> <a href='https:\/\/www.syscom.mx\/producto\/001-DIR-CG-CAME-93483.html' style='color: #0091ff; text-decoration: none; font-weight: bold;' target='_blank' rel='noopener'>001-DIR-CG<\/a>&comma; <a href='https:\/\/www.syscom.mx\/producto\/001-DIR-CN-CAME-93482.html' style='color: #0091ff; text-decoration: none; font-weight: bold;' target='_blank' rel='noopener'>001-DIR-CN<\/a>&comma; ideales para el montaje de las fotoceldas en l\u00ednea con la barrera.<\/li>\n<\/ul>\n<h3 style='font-size: 18px; margin-top: 20px; margin-bottom: 10px; color: inherit;'>Paso 2<\/h3>\n<h4 style='font-size: 16px; margin-top: 10px; margin-bottom: 10px; color: inherit; font-weight: normal; text-transform: uppercase;'>Elegir los componentes opcionales:<\/h4>\n<ul style='padding-left: 20px; font-size: 15px; color: inherit; list-style-type: disc;'>\n<li style='margin-bottom: 12px;'><strong>L\u00e1mpara de se\u00f1alizaci\u00f3n:<\/strong> <a href='https:\/\/www.syscom.mx\/producto\/001KLED24-CAME-96536.html' style='color: #0091ff; text-decoration: none; font-weight: bold;' target='_blank' rel='noopener'>001KLED24<\/a>&comma; integre una se\u00f1alizaci\u00f3n f\u00e1cil de visualizar para conductores y peatones que alerten previamente y durante el movimiento de la barrera para evitar accidentes.<\/li>\n<li style='margin-bottom: 12px;'><strong>Control remoto inal\u00e1mbrico:<\/strong> <a href='https:\/\/www.syscom.mx\/producto\/KITCMEWL-CAME-142805.html' style='color: #0091ff; text-decoration: none; font-weight: bold;' target='_blank' rel='noopener'>KITCMEWL<\/a>&comma; a\u00f1ade la antena y receptor inal\u00e1mbrico para utilizar controles <a href='https:\/\/www.syscom.mx\/producto\/001-TOP432EE-CAME-85993.html' style='color: #0091ff; text-decoration: none; font-weight: bold;' target='_blank' rel='noopener'>001-TOP432EE<\/a>.<\/li>\n<li style='margin-bottom: 12px;'><strong>Botonera triple compatible:<\/strong> <a href='https:\/\/www.syscom.mx\/principal\/searchcont?route=XBS-SW-01-ACCESSPRO-INDUSTRIAL-78542&#038;autodetect=xbssw01' style='color: #0091ff; text-decoration: none; font-weight: bold;' target='_blank' rel='noopener'>XBS-SW-01<\/a><\/li>\n<li style='margin-bottom: 12px;'><strong>Articulaci\u00f3n para m\u00e1stil 009MXARM001:<\/strong> <a href='https:\/\/www.syscom.mx\/producto\/009-MX009L\/R-CAME-78110.html' style='color: #0091ff; text-decoration: none; font-weight: bold;' target='_blank' rel='noopener'>009-MX009L\/R<\/a>&comma; Ideal para colocar la barrera en aplicaciones de estacionamientos subterr\u00e1neos o lugares donde por alguna raz\u00f3n no sea posible instalar un m\u00e1stil recto de 4 metros.<\/li>\n<li style='margin-bottom: 12px;'><strong>Tira de led RGB para m\u00e1stil:<\/strong> <a href='https:\/\/www.syscom.mx\/producto\/009-RGBIP65-CAME-69677.html' style='color: #0091ff; text-decoration: none; font-weight: bold;' target='_blank' rel='noopener'>009-RGBIP65<\/a>. Agrega iluminaci\u00f3n LED en color Rojo y Verde a la barrera vehicular para una mejor visibilidad. Requiere fuente de alimentaci\u00f3n <a href='https:\/\/www.syscom.mx\/principal\/searchcont?route=009-RGBFC-CAME-69676&#038;autodetect=009RGBfc' style='color: #0091ff; text-decoration: none; font-weight: bold;' target='_blank' rel='noopener'>009-RGBFC<\/a> no inclu\u00edda.<\/li>\n<\/ul>\n<p style='margin-top: 20px; margin-bottom: 0;'><a href='https:\/\/www.syscom.mx\/principal\/all_accessories\/KTG3750W-CAME-159643.html' style='color: #0091ff; text-decoration: none; font-weight: bold;' target='_blank' rel='noopener'>Ver todos los accesorios disponibles<\/a><\/p>\n<\/p><\/div>\n<p> <!-- Secci\u00f3n de notas adicionales --> <\/p>\n<div style='margin-bottom: 30px;'>\n<h2 style='font-size: 20px; margin-top: 0; margin-bottom: 15px; color: inherit; border-bottom: 2px solid rgba(150&comma;150&comma;150&comma;0.3); padding-bottom: 8px;'>Notas y Recomendaciones Adicionales<\/h2>\n<ul style='padding-left: 20px; font-size: 15px; color: inherit; list-style-type: disc;'>\n<li style='margin-bottom: 8px;'>Todos los componentes y accesorios se venden por separado.<\/li>\n<li style='margin-bottom: 8px;'>Los dispositivos de acceso vehicular requieren ser instalados por personal certificado.<\/li>\n<li style='margin-bottom: 8px;'>El periodo de garant\u00eda puede cambiar entre cada elemento contenido en el kit.<\/li>\n<li style='margin-bottom: 8px;'>La garant\u00eda cubre espec\u00edficamente da\u00f1os y\/o mal funcionamiento derivados de un defecto de fabricaci\u00f3n en el producto.<\/li>\n<li style='margin-bottom: 8px;'>Cualquier da\u00f1o causado por una operaci\u00f3n o instalaci\u00f3n incorrecta&comma; invalida la p\u00f3liza de garant\u00eda del producto.<\/li>\n<li style='margin-bottom: 8px;'>Los equipos CAME no cuentan con una certificaci\u00f3n UL. Sin embargo se utiliza como referencia la norma UL 325 para clasificaci\u00f3n del tipo de aplicaci\u00f3n correspondiente al producto. Para mayor informaci\u00f3n sobre la norma UL325 puede consultar el siguiente enlace <a href='https:\/\/www.doorking.com\/safety\/ul-325' style='color: #0091ff; text-decoration: none; font-weight: bold;' target='_blank' rel='noopener'>UL 325 Safety Standard<\/a><\/li>\n<li style='margin-bottom: 8px;'>Con el fin de asegurar una mejor protecci\u00f3n contra descargas el\u00e9ctricas&comma; es necesario conectar una l\u00ednea de Tierra F\u00edsica en las terminales designadas en la barrera vehicular&comma; as\u00ed como tambi\u00e9n debe agregar un dispositivo protector de l\u00ednea contra descargas el\u00e9ctricas.<\/li>\n<li style='margin-bottom: 8px;'>El kit incluye un resorte para balanceo de 50 mm de di\u00e1metro. Este resorte permite balancear la barrera con su m\u00e1stil sin accesorios (por ejemplo las tiras de led) de hasta 4 metros. Al realizar alg\u00fan cambio en la longitud o peso del m\u00e1stil&comma; es posible que sea necesario cambiar este resorte por los modelos <a href='https:\/\/www.syscom.mx\/principal\/searchcont?route=001-G06080-CAME-69508&#038;autodetect=001g06080' style='color: #0091ff; text-decoration: none; font-weight: bold;' target='_blank' rel='noopener'>001-G06080<\/a> o <a href='https:\/\/www.syscom.mx\/principal\/searchcont?route=001-G02040-CAME-67423&#038;autodetect=resorte' style='color: #0091ff; text-decoration: none; font-weight: bold;' target='_blank' rel='noopener'>001-G02040<\/a>. Refi\u00e9rase al manual de instalaci\u00f3n de su barrera o al \u00e1rea de ingenier\u00eda SYSCOM para mayor informaci\u00f3n.<\/li>\n<\/ul><\/div>\n<p> <!-- Enlace adicional --> <\/p>\n<div style='margin-bottom: 30px;'> <a href='https:\/\/soporte.syscom.mx\/es\/articles\/5104090-solucion-para-barreras-y-lector-uhf-cuando-no-hay-caseta-came' style='color: #0091ff; text-decoration: none; font-weight: bold; display: block; text-align: center; font-size: 16px;' target='_blank' rel='noopener'>Acceso vehicular sin caseta con CAME<\/a> <\/div>\n<p> <!-- Nota final --> <\/p>\n<div style='margin-bottom: 30px;'>\n<h3 style='font-size: 16px; margin-top: 0; margin-bottom: 15px; color: inherit;'>NOTA: Considerar descansabrazos <a href='https:\/\/www.syscom.mx\/principal\/searchcont?route=XB-POST-AccessPRO-Industrial-183352&#038;autodetect=xbpost' style='color: #0091ff; text-decoration: none; font-weight: bold;' target='_blank' rel='noopener'>XB-POST<\/a> en brazos de 4 m o m\u00e1s para evitar da\u00f1o prematuro del mecanismo.<\/h3>\n<\/p><\/div>\n<\/p><\/div>\n","protected":false},"excerpt":{"rendered":"<p>Kit de barrera vehicular CAME G3750 \/ Gabinete naranja \/ Incluye m\u00e1stil de 4 metros sin iluminaci\u00f3n \/ Incluye resorte 001G04060 (Resorte verde)<\/p>\n","protected":false},"featured_media":29073,"comment_status":"open","ping_status":"closed","template":"","meta":[],"product_brand":[],"product_cat":[748],"product_tag":[401,749,779],"class_list":{"0":"post-29074","1":"product","2":"type-product","3":"status-publish","4":"has-post-thumbnail","6":"product_cat-barreras-vehiculares","7":"product_tag-acceso-vehicular","8":"product_tag-barreras-vehiculares","9":"product_tag-came","11":"first","12":"outofstock","13":"sale","14":"shipping-taxable","15":"purchasable","16":"product-type-simple"},"_links":{"self":[{"href":"https:\/\/soydeaqui.ddns.net\/pachuca\/index.php\/wp-json\/wp\/v2\/product\/29074","targetHints":{"allow":["GET"]}}],"collection":[{"href":"https:\/\/soydeaqui.ddns.net\/pachuca\/index.php\/wp-json\/wp\/v2\/product"}],"about":[{"href":"https:\/\/soydeaqui.ddns.net\/pachuca\/index.php\/wp-json\/wp\/v2\/types\/product"}],"replies":[{"embeddable":true,"href":"https:\/\/soydeaqui.ddns.net\/pachuca\/index.php\/wp-json\/wp\/v2\/comments?post=29074"}],"wp:featuredmedia":[{"embeddable":true,"href":"https:\/\/soydeaqui.ddns.net\/pachuca\/index.php\/wp-json\/wp\/v2\/media\/29073"}],"wp:attachment":[{"href":"https:\/\/soydeaqui.ddns.net\/pachuca\/index.php\/wp-json\/wp\/v2\/media?parent=29074"}],"wp:term":[{"taxonomy":"product_brand","embeddable":true,"href":"https:\/\/soydeaqui.ddns.net\/pachuca\/index.php\/wp-json\/wp\/v2\/product_brand?post=29074"},{"taxonomy":"product_cat","embeddable":true,"href":"https:\/\/soydeaqui.ddns.net\/pachuca\/index.php\/wp-json\/wp\/v2\/product_cat?post=29074"},{"taxonomy":"product_tag","embeddable":true,"href":"https:\/\/soydeaqui.ddns.net\/pachuca\/index.php\/wp-json\/wp\/v2\/product_tag?post=29074"}],"curies":[{"name":"wp","href":"https:\/\/api.w.org\/{rel}","templated":true}]}}