{"id":29071,"date":"2026-03-18T13:16:52","date_gmt":"2026-03-18T13:16:52","guid":{"rendered":"https:\/\/soydeaqui.ddns.net\/pachuca\/index.php\/producto\/barrera-vehicular-came-g3750-gabinete-color-blanco-sin-accesorios\/"},"modified":"2026-03-18T13:16:54","modified_gmt":"2026-03-18T13:16:54","slug":"barrera-vehicular-came-g3750-gabinete-color-blanco-sin-accesorios","status":"publish","type":"product","link":"https:\/\/soydeaqui.ddns.net\/pachuca\/index.php\/producto\/barrera-vehicular-came-g3750-gabinete-color-blanco-sin-accesorios\/","title":{"rendered":"Barrera vehicular CAME \/ G3750 \/ Gabinete color blanco \/ sin accesorios"},"content":{"rendered":"<div style='width: 100%; max-width: 1200px; margin: 0 auto; font-family: sans-serif; line-height: 1.6; color: inherit; background-color: transparent;'>\n<div style='display: flex; flex-wrap: wrap; gap: 30px; margin-bottom: 30px;'>\n<div style='flex: 1 1 300px; min-width: 280px;'>\n<h3 style='font-size: 22px; border-bottom: 2px solid currentColor; padding-bottom: 5px; margin-top: 0; color: inherit; opacity: 0.8;'>Caracter\u00edsticas principales:<\/h3>\n<ul style='padding-left: 20px; font-size: 15px; color: inherit;'>\n<li style='margin-bottom: 5px;'>Grado de protecci\u00f3n IP 54<\/li>\n<li style='margin-bottom: 5px;'>Barrera de uso Semi-intensivo<\/li>\n<li style='margin-bottom: 5px;'>contra defectos de fabrica<\/li>\n<\/ul><\/div>\n<div style='flex: 1 1 300px; min-width: 280px;'>\n<h3 style='font-size: 22px; border-bottom: 2px solid currentColor; padding-bottom: 5px; margin-top: 0; color: inherit; opacity: 0.8;'>Caracter\u00edsticas F\u00edsicas y El\u00e9ctricas:<\/h3>\n<ul style='padding-left: 20px; font-size: 15px; color: inherit;'>\n<li style='margin-bottom: 5px;'>Alimentaci\u00f3n de la barrera 110 Vac<\/li>\n<li style='margin-bottom: 5px;'>Alimentaci\u00f3n del motor 24Vdc<\/li>\n<li style='margin-bottom: 5px;'>Velocidad de operacion de 2 a 6 segundos<\/li>\n<\/ul><\/div>\n<div style='flex: 1 1 300px; min-width: 280px;'>\n<h3 style='font-size: 22px; border-bottom: 2px solid currentColor; padding-bottom: 5px; margin-top: 0; color: inherit; opacity: 0.8;'>Caracter\u00edsticas Destacadas:<\/h3>\n<ul style='padding-left: 20px; font-size: 15px; color: inherit;'>\n<li style='margin-bottom: 5px;'>Gabinete en color naranja<\/li>\n<li style='margin-bottom: 5px;'>Barrera izquierda o derecha configurable en campo<\/li>\n<li style='margin-bottom: 5px;'>Compatible con m\u00e1stil de hasta 4 metros<\/li>\n<\/ul><\/div>\n<\/p><\/div>\n<div style='margin: 30px 0; text-align: center;'>\n<h1 style='font-size: 24px; margin-bottom: 15px; color: inherit;'>Soluciones italianas de alta calidad para estacionamientos con tr\u00e1fico semi-intensivo.<\/h1>\n<p style='margin-bottom: 15px; font-size: 15px; color: inherit;'>Barrera con un dise\u00f1o lineal&comma; perfectamente incorporable a todo tipo de aplicaci\u00f3n&comma; construida con robusta chapa de acero. Tanto la luz intermitente como las fotoc\u00e9lulas se pueden montar directamente en el armario para garantizar seguridad y una larga duraci\u00f3n. La carcasa protectora garantiza la m\u00e1xima seguridad durante las fases de movimiento del m\u00e1stil. La alimentaci\u00f3n de 24 V DC es la m\u00e1s adecuada para el servicio intensivo.<\/p>\n<p style='font-size: 15px; color: inherit;'>Cuenta con garantia de un a\u00f1o contra defectos de fabricacion.<\/p>\n<\/p><\/div>\n<hr style='border: 0; border-top: 1px solid rgba(150&comma; 150&comma; 150&comma; 0.3); margin: 30px 0;'>\n<div style='display: flex; flex-wrap: wrap; gap: 30px; margin-bottom: 30px;'>\n<div style='flex: 1 1 400px; min-width: 280px;'>\n<h3 style='font-size: 20px; border-bottom: 2px solid currentColor; padding-bottom: 5px; margin-top: 0; color: inherit; opacity: 0.8;'>Que necesito adicionar para una instalaci\u00f3n<\/h3>\n<h4 style='font-size: 18px; margin-top: 20px; margin-bottom: 10px; color: inherit;'>Brazo opci\u00f3n 1<\/h4>\n<ul style='padding-left: 20px; margin-bottom: 20px; font-size: 15px; color: inherit;'>\n<li style='margin-bottom: 5px;'><strong>001-G03750<\/strong> Brazo tubular de 4 metros<\/li>\n<li style='margin-bottom: 5px;'><strong>001-G06080<\/strong> Muelle o resorte de equilibrio color rojo<\/li>\n<\/ul>\n<h4 style='font-size: 18px; margin-top: 20px; margin-bottom: 10px; color: inherit;'>Brazo opci\u00f3n 2<\/h4>\n<ul style='padding-left: 20px; margin-bottom: 20px; font-size: 15px; color: inherit;'>\n<li style='margin-bottom: 5px;'><strong>009-MXARM001<\/strong> M\u00e1stil generico de fabricaci\u00f3n nacional<\/li>\n<li style='margin-bottom: 5px;'><strong>001-G04060<\/strong> Muelle o resorte de equilibrado color verde<\/li>\n<li style='margin-bottom: 5px;'><strong>009-MX027<\/strong> Enganche para m\u00e1stil generico 009-MXARM001<\/li>\n<\/ul><\/div>\n<div style='flex: 1 1 400px; min-width: 280px;'> <img style='width: 100%; height: auto; border: 1px solid rgba(150&comma;150&comma;150&comma;0.3); border-radius: 8px;' src='https:\/\/ftp3.syscom.mx\/usuarios\/fotos\/BancoFotografiasSyscom\/CAME\/001G03750120A\/001G03750120A-p.PNG' alt=''> <\/div>\n<\/p><\/div>\n<hr style='border: 0; border-top: 1px solid rgba(150&comma; 150&comma; 150&comma; 0.3); margin: 30px 0;'>\n<div style='margin-bottom: 30px;'>\n<h3 style='font-size: 20px; border-bottom: 2px solid currentColor; padding-bottom: 5px; margin-top: 0; margin-bottom: 20px; color: inherit; opacity: 0.8;'>Accesorios adicionales:<\/h3>\n<ul style='padding-left: 20px; font-size: 15px; color: inherit; list-style-type: disc;'>\n<li style='margin-bottom: 5px;'><strong>10MATRIXISS1224<\/strong> Sensor de masa de un canal<\/li>\n<li style='margin-bottom: 5px;'><strong>SYS-LM6<\/strong> Lazo magn\u00e9tico de 6 metros<\/li>\n<li style='margin-bottom: 5px;'><strong>001-DIR10<\/strong> Fotocelda de seguridad de hasta 10 metros<\/li>\n<li style='margin-bottom: 5px;'><strong>001-DIRCG<\/strong> Poste para fotocelda DIR10<\/li>\n<li style='margin-bottom: 5px;'><strong>XBSSW01<\/strong> Botonera triple de uso rudo<\/li>\n<\/ul><\/div>\n<hr style='border: 0; border-top: 1px solid rgba(150&comma; 150&comma; 150&comma; 0.3); margin: 30px 0;'>\n<div style='margin-bottom: 30px;'>\n<h4 style='font-size: 16px; margin-bottom: 15px; color: inherit;'>NOTA: Considerar descansabrazos <a href='https:\/\/www.syscom.mx\/principal\/searchcont?route=XB-POST-AccessPRO-Industrial-183352&#038;autodetect=xbpost' target='_blank' rel='noopener' style='color: #0091ff; text-decoration: none; font-weight: bold;'>XB-POST<\/a> en brazos de 4 m o m\u00e1s para evitar da\u00f1o prematuro del mecanismo.<\/h4>\n<h4 style='font-size: 16px; color: inherit;'>Garantia de 1 a\u00f1o.<\/h4>\n<\/p><\/div>\n<\/p><\/div>\n","protected":false},"excerpt":{"rendered":"<p>Barrera vehicular CAME \/ G3750 \/ Gabinete color blanco \/ sin accesorios<\/p>\n","protected":false},"featured_media":29070,"comment_status":"open","ping_status":"closed","template":"","meta":[],"product_brand":[],"product_cat":[748],"product_tag":[401,749,779],"class_list":{"0":"post-29071","1":"product","2":"type-product","3":"status-publish","4":"has-post-thumbnail","6":"product_cat-barreras-vehiculares","7":"product_tag-acceso-vehicular","8":"product_tag-barreras-vehiculares","9":"product_tag-came","11":"first","12":"outofstock","13":"sale","14":"shipping-taxable","15":"purchasable","16":"product-type-simple"},"_links":{"self":[{"href":"https:\/\/soydeaqui.ddns.net\/pachuca\/index.php\/wp-json\/wp\/v2\/product\/29071","targetHints":{"allow":["GET"]}}],"collection":[{"href":"https:\/\/soydeaqui.ddns.net\/pachuca\/index.php\/wp-json\/wp\/v2\/product"}],"about":[{"href":"https:\/\/soydeaqui.ddns.net\/pachuca\/index.php\/wp-json\/wp\/v2\/types\/product"}],"replies":[{"embeddable":true,"href":"https:\/\/soydeaqui.ddns.net\/pachuca\/index.php\/wp-json\/wp\/v2\/comments?post=29071"}],"wp:featuredmedia":[{"embeddable":true,"href":"https:\/\/soydeaqui.ddns.net\/pachuca\/index.php\/wp-json\/wp\/v2\/media\/29070"}],"wp:attachment":[{"href":"https:\/\/soydeaqui.ddns.net\/pachuca\/index.php\/wp-json\/wp\/v2\/media?parent=29071"}],"wp:term":[{"taxonomy":"product_brand","embeddable":true,"href":"https:\/\/soydeaqui.ddns.net\/pachuca\/index.php\/wp-json\/wp\/v2\/product_brand?post=29071"},{"taxonomy":"product_cat","embeddable":true,"href":"https:\/\/soydeaqui.ddns.net\/pachuca\/index.php\/wp-json\/wp\/v2\/product_cat?post=29071"},{"taxonomy":"product_tag","embeddable":true,"href":"https:\/\/soydeaqui.ddns.net\/pachuca\/index.php\/wp-json\/wp\/v2\/product_tag?post=29071"}],"curies":[{"name":"wp","href":"https:\/\/api.w.org\/{rel}","templated":true}]}}