{"id":29056,"date":"2026-03-18T13:16:34","date_gmt":"2026-03-18T13:16:34","guid":{"rendered":"https:\/\/soydeaqui.ddns.net\/pachuca\/index.php\/producto\/tarjeta-uhf-programada-con-objeto-seguro-hid\/"},"modified":"2026-03-18T13:16:34","modified_gmt":"2026-03-18T13:16:34","slug":"tarjeta-uhf-programada-con-objeto-seguro-hid","status":"publish","type":"product","link":"https:\/\/soydeaqui.ddns.net\/pachuca\/index.php\/producto\/tarjeta-uhf-programada-con-objeto-seguro-hid\/","title":{"rendered":"Tarjeta UHF Programada con Objeto Seguro HID"},"content":{"rendered":"<div style='width: 100%; max-width: 1200px; margin: 0 auto; font-family: sans-serif; line-height: 1.6; color: inherit; background-color: transparent;'>\n<div style='display: flex; flex-wrap: wrap; gap: 30px; margin-bottom: 30px;'>\n<div style='flex: 1 1 300px; min-width: 280px;'>\n<h3 style='font-size: 22px; border-bottom: 2px solid currentColor; padding-bottom: 5px; margin-top: 0; color: inherit; opacity: 0.8;'>Caracter\u00edsticas<\/h3>\n<ul style='padding-left: 20px; font-size: 15px; color: inherit;'>\n<li style='margin-bottom: 5px;'><strong>Material:<\/strong> PVC Compuesto: 40% Poliester&comma; 60% PVC<\/li>\n<li style='margin-bottom: 5px;'><strong>Retenci\u00f3n de datos:<\/strong> 100&comma;000 ciclos<\/li>\n<li style='margin-bottom: 5px;'><strong>Duraci\u00f3n de la escritura:<\/strong> 50 a\u00f1os.<\/li>\n<li style='margin-bottom: 5px;'><strong>Rango t\u00edpico de lectura:<\/strong> Hasta 5 m. dependiendo las condiciones de instalaci\u00f3n.<\/li>\n<li style='margin-bottom: 5px;'><strong>Compatilble con lectora:<\/strong> <a href='https:\/\/www.syscom.mx\/principal\/searchcont?route=RDRSEU90-HID-141540&#038;autodetect=RDRSEU90' style='color: inherit; text-decoration-line: none; font-weight: 600;'>RDRSEU90<\/a><\/li>\n<li style='margin-bottom: 5px;'><strong>Temperatura de operaci\u00f3n:<\/strong> -40\u00b0 a 70\u00b0 C<\/li>\n<li style='margin-bottom: 5px;'><strong>Frecuencia de Operaci\u00f3n:<\/strong> 860-960 MHz<\/li>\n<li style='margin-bottom: 5px;'><strong>Dimensiones:<\/strong> 5.40 x 8.57 x 0.084 cm<\/li>\n<li style='margin-bottom: 5px;'><strong>Peso:<\/strong> 5.7 g.<\/li>\n<li style='margin-bottom: 5px;'><strong>Garant\u00eda:<\/strong> De por Vida.<\/li>\n<\/ul><\/div>\n<\/p><\/div>\n<div style='display: flex; flex-wrap: wrap; gap: 30px; margin-bottom: 30px;'>\n<div style='flex: 1 1 300px; min-width: 280px;'>\n<h3 style='font-size: 22px; border-bottom: 2px solid currentColor; padding-bottom: 5px; margin-top: 0; color: inherit; opacity: 0.8;'>Condiciones de compra<\/h3>\n<ul style='padding-left: 20px; font-size: 15px; color: inherit;'>\n<li style='margin-bottom: 5px;'>Requiere un m\u00ednimo de orden de 100 pzs.<\/li>\n<li style='margin-bottom: 5px;'>Es <strong>indispensable<\/strong> para procesar cualquier orden de compra:<\/li>\n<li style='margin-bottom: 5px;'>Para formatos abiertos:<\/li>\n<ul style='padding-left: 40px; font-size: 15px; color: inherit; margin-top: 0;'>\n<li style='margin-bottom: 5px;'><strong>Formato:<\/strong> Confirmar que es H10301&comma; es decir&comma; 26 bits.<\/li>\n<\/ul>\n<li style='margin-bottom: 5px;'><strong>C\u00f3digo de sitio<\/strong> (Site Code \/ Facility Code): (0 a 255&comma; si es formato 26 bits H10301).<\/li>\n<li style='margin-bottom: 5px;'><strong>Consecutivo<\/strong> (rango): La numeraci\u00f3n que tendr\u00e1n las tarjetas (Entre 0-65535 si es a 26 bits H10301).<\/li>\n<li style='margin-bottom: 5px;'>Finalmente indicar si desea que el n\u00famero de la tarjeta este impreso sobre la misma.<\/li>\n<li style='margin-bottom: 5px;'>Se puede llenar el siguiente <a href='http:\/\/ftp3.syscom.mx\/usuarios\/ftp\/2017\/09\/07\/36288\/FOR%207.4%20025%20CMP%20Formato%20para%20Solicitud%20de%20Tarjetas%20HID%20rev.%20001.docx' style='color: inherit; text-decoration-line: none;'>formulario<\/a> y enviarlo a su ejecutivo de ventas para procesar su solicitud.<\/li>\n<li style='margin-bottom: 5px;'>En formatos diferentes a H10301 (26 bits) es necesario solicitar validaci\u00f3n y tiempo de entrega al dpto de ingenieria.<\/li>\n<li style='margin-bottom: 5px;'>En formatos corporativos deber\u00e1 cotizar <a href='https:\/\/www.syscom.mx\/principal\/searchcont?route=MC-1000-HID-156476&#038;autodetect=mc1000' style='color: inherit; text-decoration-line: none; font-weight: 600;'>MC-1000<\/a> y seguir el proceso ah\u00ed descrito.<\/li>\n<li style='margin-bottom: 5px;'>Cualquier variaci\u00f3n en el modelo o formato el tiempo de entrega estimado es de 3 semanas.<\/li>\n<li style='margin-bottom: 5px;'>Todas las compras de este modelo a trav\u00e9s de este portal est\u00e1n sujetas al env\u00edo de la informaci\u00f3n indispensable para procesar la compra.<\/li>\n<li style='margin-bottom: 5px;'><strong>Es recomendable si se tiene una tarjeta existente enviar a SYSCOM para su identificaci\u00f3n previa a la compra.<\/strong><\/li>\n<\/ul><\/div>\n<\/p><\/div>\n<div style='display: flex; flex-wrap: wrap; gap: 30px; margin-bottom: 30px;'>\n<div style='flex: 1 1 300px; min-width: 280px;'>\n<h3 style='font-size: 22px; border-bottom: 2px solid currentColor; padding-bottom: 5px; margin-top: 0; color: inherit; opacity: 0.8;'>Conozca qu\u00e9 es Corporate 1000<\/h3>\n<ul style='padding-left: 20px; font-size: 15px; color: inherit;'>\n<li style='margin-bottom: 5px;'>Agregue un formato controlado por el usuario.<\/li>\n<li style='margin-bottom: 5px;'>Disponible en SYSCOM a 48 bits.<\/li>\n<li style='margin-bottom: 5px;'>Para formatos Corporate 1000 es necesario llenar una documentaci\u00f3n adicional al momento de la compra:<\/li>\n<ul style='padding-left: 40px; font-size: 15px; color: inherit; margin-top: 0;'>\n<li style='margin-bottom: 5px;'><a href='http:\/\/ftp3.syscom.mx\/usuarios\/ftp\/2017\/09\/15\/96cc8\/Corporate_1000_nuevo.pdf' style='color: inherit; text-decoration-line: none;'>Solicitud<\/a> <a href='http:\/\/ftp3.syscom.mx\/usuarios\/ftp\/2018\/01\/16\/6a208\/Credential_Program_License_Agreement%20(1).pdf' style='color: inherit; text-decoration-line: none;'>Credential Program<\/a><\/li>\n<li style='margin-bottom: 5px;'><a href='http:\/\/ftp3.syscom.mx\/usuarios\/ftp\/2017\/09\/15\/e939a\/Corporate_1000_existente.pdf' style='color: inherit; text-decoration-line: none;'>Proyectos existentes<\/a><\/li>\n<\/ul>\n<li style='margin-bottom: 5px;'>Debe considerarse un <strong>costo adicional<\/strong> cuando se solicita este formato corporativo&comma; al precio de lista de la tarjeta agregar el modelo <a href='https:\/\/www.syscom.mx\/principal\/searchcont?route=MC-1000-HID-156476&#038;autodetect=mc100' style='color: inherit; text-decoration-line: none; font-weight: 600;'>MC-1000<\/a> correspondiente a un cargo por tarjeta por programar en C1000.<\/li>\n<\/ul><\/div>\n<\/p><\/div>\n<hr style='border: 0; border-top: 1px solid rgba(150&comma; 150&comma; 150&comma; 0.3); margin: 30px 0;'> <\/div>\n","protected":false},"excerpt":{"rendered":"<p>Tarjeta UHF Programada con Objeto Seguro HID<\/p>\n","protected":false},"featured_media":29055,"comment_status":"open","ping_status":"closed","template":"","meta":[],"product_brand":[],"product_cat":[831],"product_tag":[814,466,832],"class_list":{"0":"post-29056","1":"product","2":"type-product","3":"status-publish","4":"has-post-thumbnail","6":"product_cat-uhf-rfid","7":"product_tag-hid","8":"product_tag-lectoras-y-tarjetas","9":"product_tag-uhf-rfid","11":"first","12":"outofstock","13":"sale","14":"shipping-taxable","15":"purchasable","16":"product-type-simple"},"_links":{"self":[{"href":"https:\/\/soydeaqui.ddns.net\/pachuca\/index.php\/wp-json\/wp\/v2\/product\/29056","targetHints":{"allow":["GET"]}}],"collection":[{"href":"https:\/\/soydeaqui.ddns.net\/pachuca\/index.php\/wp-json\/wp\/v2\/product"}],"about":[{"href":"https:\/\/soydeaqui.ddns.net\/pachuca\/index.php\/wp-json\/wp\/v2\/types\/product"}],"replies":[{"embeddable":true,"href":"https:\/\/soydeaqui.ddns.net\/pachuca\/index.php\/wp-json\/wp\/v2\/comments?post=29056"}],"wp:featuredmedia":[{"embeddable":true,"href":"https:\/\/soydeaqui.ddns.net\/pachuca\/index.php\/wp-json\/wp\/v2\/media\/29055"}],"wp:attachment":[{"href":"https:\/\/soydeaqui.ddns.net\/pachuca\/index.php\/wp-json\/wp\/v2\/media?parent=29056"}],"wp:term":[{"taxonomy":"product_brand","embeddable":true,"href":"https:\/\/soydeaqui.ddns.net\/pachuca\/index.php\/wp-json\/wp\/v2\/product_brand?post=29056"},{"taxonomy":"product_cat","embeddable":true,"href":"https:\/\/soydeaqui.ddns.net\/pachuca\/index.php\/wp-json\/wp\/v2\/product_cat?post=29056"},{"taxonomy":"product_tag","embeddable":true,"href":"https:\/\/soydeaqui.ddns.net\/pachuca\/index.php\/wp-json\/wp\/v2\/product_tag?post=29056"}],"curies":[{"name":"wp","href":"https:\/\/api.w.org\/{rel}","templated":true}]}}