{"id":29050,"date":"2026-03-18T13:16:27","date_gmt":"2026-03-18T13:16:27","guid":{"rendered":"https:\/\/soydeaqui.ddns.net\/pachuca\/index.php\/producto\/software-de-gestion-de-visitantes-easy-lobby\/"},"modified":"2026-03-18T13:16:28","modified_gmt":"2026-03-18T13:16:28","slug":"software-de-gestion-de-visitantes-easy-lobby","status":"publish","type":"product","link":"https:\/\/soydeaqui.ddns.net\/pachuca\/index.php\/producto\/software-de-gestion-de-visitantes-easy-lobby\/","title":{"rendered":"Software de Gesti\u00f3n de Visitantes Easy Lobby"},"content":{"rendered":"<div style='width: 100%; max-width: 1200px; margin: 0 auto; font-family: sans-serif; line-height: 1.6; color: inherit;'>\n<div style='display: flex; flex-wrap: wrap; gap: 30px; margin-bottom: 30px;'>\n<div style='flex: 1 1 300px; min-width: 280px;'>\n<h3 style='font-size: 22px; border-bottom: 2px solid currentColor; padding-bottom: 5px; margin-top: 0; color: inherit; opacity: 0.8;'>Descripci\u00f3n<\/h3>\n<p>El sistema de gesti\u00f3n de visitantes EasyLobby\u00ae se utiliza para registrar y rastrear visitantes&comma; empleados. El sistema est\u00e1 dise\u00f1ado para proporcionar la mejor gesti\u00f3n de visitantes en su clase y para trabajar igualmente bien para empresas con una sola estaci\u00f3n de trabajo o aquellas con muchas diferentes sitios geogr\u00e1ficos y cientos de estaciones de trabajo. Para el servidor de bases de datos&comma; el sistema EasyLobby admite los productos del servidor de bases de datos SQL Server y Oracle&comma; o pueden ejecutarse en un \u00fanico formato local de Microsoft Access archivo de base de datos.<\/p>\n<p>El sistema est\u00e1 dise\u00f1ado para proporcionar un sistema altamente seguro y altamente configurable&comma; pero extremadamente f\u00e1cil para usar para el operador en la recepci\u00f3n.<\/p>\n<p>Proporciona un proceso de registro de visitantes r\u00e1pido y simplificado&comma; mientras que mejorando la seguridad y la imagen corporativa. El sistema admite el escaneo r\u00e1pido de una licencia de visitante&comma; gobierno ID o tarjeta de visita&comma; y luego imprimir una credencial de visitante personalizada con fecha de vencimiento&comma; host&comma; motivo de visita&comma; foto del visitante&comma; logotipo de la empresa&comma; foto del empleado&comma; c\u00f3digo de barras y \/ o muchos otros campos.<\/p>\n<\/p><\/div>\n<\/p><\/div>\n<div style='display: flex; flex-wrap: wrap; gap: 30px; margin-bottom: 30px;'>\n<div style='flex: 1 1 300px; min-width: 280px;'>\n<h3 style='font-size: 22px; border-bottom: 2px solid currentColor; padding-bottom: 5px; margin-top: 0; color: inherit; opacity: 0.8;'>Caracter\u00edsticas Principales<\/h3>\n<ul style='padding-left: 20px; font-size: 15px; color: inherit;'>\n<li style='margin-bottom: 5px;'>Informe de un clic para saber qui\u00e9n est\u00e1 en el edificio en cualquier momento.<\/li>\n<li style='margin-bottom: 5px;'>Registro de visitantes altamente seguro almacenado en la base de datos relacional.<\/li>\n<li style='margin-bottom: 5px;'>Notificaci\u00f3n por correo electr\u00f3nico enviada al host cuando se registra a su visitante en la recepci\u00f3n.<\/li>\n<li style='margin-bottom: 5px;'>Amplia capacidad de informes con stock e informes personalizables.<\/li>\n<li style='margin-bottom: 5px;'>Imprima credenciales de visitante personalizables en cualquier impresora de credenciales t\u00e9rmicas o de color de Windows&comma; o credencial FARGO\u00ae.<\/li>\n<li style='margin-bottom: 5px;'>Lleve un registro de las hojas de tiempo para contratistas y consultores.<\/li>\n<li style='margin-bottom: 5px;'>Soluci\u00f3n m\u00f3vil para registrar las horas del contratista en el sitio de trabajo remoto.<\/li>\n<li style='margin-bottom: 5px;'>Rastree el tiempo y la asistencia a trav\u00e9s de escaneo de tarjetas de proximidad o credenciales de c\u00f3digos de barras.<\/li>\n<li style='margin-bottom: 5px;'>Rastrear visitantes frecuentes para el anfitri\u00f3n u organizaci\u00f3n.<\/li>\n<li style='margin-bottom: 5px;'>Asignar autorizaci\u00f3n de visitante para restringir el acceso a \u00e1reas seguras.<\/li>\n<li style='margin-bottom: 5px;'>Procesar visitantes en veinte segundos o menos.<\/li>\n<li style='margin-bottom: 5px;'>Imprima pases de estacionamiento y rastree el estacionamiento de visitantes y anfitriones y el espacio de estacionamiento.<\/li>\n<li style='margin-bottom: 5px;'>Admite insignias auto expirables para proporcionar una seguridad mejorada.<\/li>\n<li style='margin-bottom: 5px;'>Genere informes diarios para garantizar el cumplimiento normativo.<\/li>\n<li style='margin-bottom: 5px;'>Alertas programables basadas en el tiempo para video de capacitaci\u00f3n de visitantes o firma de documentos.<\/li>\n<li style='margin-bottom: 5px;'>Preinscripci\u00f3n de visitantes basada en la web por parte del anfitri\u00f3n.<\/li>\n<li style='margin-bottom: 5px;'>Proceso de aprobaci\u00f3n para visitantes registrados previamente.<\/li>\n<li style='margin-bottom: 5px;'>Servicios de detecci\u00f3n de delincuentes sexuales y fiestas denegados para la detecci\u00f3n de visitantes en tiempo real.<\/li>\n<li style='margin-bottom: 5px;'>Integraci\u00f3n con m\u00e1s de cincuenta sistemas principales de control de acceso para la activaci\u00f3n sin problemas de la tarjeta de visitante.<\/li>\n<li style='margin-bottom: 5px;'>Rastrear paquetes escaneando el n\u00famero de rastreo del operador.<\/li>\n<li style='margin-bottom: 5px;'>Seguimiento de activos cuando el empleado elimina un activo de las instalaciones.<\/li>\n<\/ul><\/div>\n<div style='flex: 1 1 300px; min-width: 280px;'>\n<h3 style='font-size: 22px; border-bottom: 2px solid currentColor; padding-bottom: 5px; margin-top: 0; color: inherit; opacity: 0.8;'>Dispositivos Perif\u00e9ricos Compatibles<\/h3>\n<ul style='padding-left: 20px; font-size: 15px; color: inherit;'>\n<li style='margin-bottom: 5px;'>Esc\u00e1ner \u00f3ptico de licencias: Admite el Combo inteligente Acuant \/ AssureTec ARH&comma; el Combo inteligente Acuant \/ AssureTec ARH Smart A&comma; Acuant \/ AssureTec ID-150 y Acuant \/ AssureTec ID-150A. Estos esc\u00e1neres \u00f3pticos USB permiten licencia&comma; identificaci\u00f3n y escaneo de tarjetas de negocios.<\/li>\n<li style='margin-bottom: 5px;'>Esc\u00e1ner de licencia digital: admite los esc\u00e1neres de licencia de conducir Intellicheck DCM \/ IM2000 \/ IM1200 +.<\/li>\n<li style='margin-bottom: 5px;'>Esc\u00e1ner de tarjetas de negocios: admite las tarjetas de negocios Acuant ScanShell 1000 y Acuant SnapShell R2 \/ R3 esc\u00e1neres<\/li>\n<li style='margin-bottom: 5px;'>Firma electr\u00f3nica: admite la captura de firma Topaz\u00ae SignatureGem\u00ae LCD 1&#215;5 SigPad \/ 4&#215;5 SigPad dispositivos.<\/li>\n<li style='margin-bottom: 5px;'>Esc\u00e1ner de c\u00f3digo de barras: compatible con <a href='https:\/\/www.syscom.mx\/producto\/EL-METRO-9520-HID-174527.html' target='_blank' rel='noopener' style='color: inherit; text-decoration: underline;'>Metrologic 9520.<\/a><\/li>\n<li style='margin-bottom: 5px;'>C\u00e1mara: admite la c\u00e1mara web Logitech o cualquier c\u00e1mara que admita TWAIN o Video para Windows interfaz.<\/li>\n<li style='margin-bottom: 5px;'>Tarjeta de proximidad: admite el esc\u00e1ner de tarjeta de proximidad USB RFPro pcProx RDR-80081AK0. Banda magn\u00e9tica: admite lectores de banda magn\u00e9tica USB.<\/li>\n<li style='margin-bottom: 5px;'>Impresoras: admite cualquier impresora de Windows&comma; incluidas impresoras l\u00e1ser&comma; impresoras de inyecci\u00f3n de tinta&comma; DYMO LabelWriter \u2122 450 Turbo&comma; impresoras de tarjetas HID FARGO\u00ae e impresoras de tarjetas duras.<\/li>\n<\/ul><\/div>\n<\/p><\/div>\n<div style='display: flex; flex-wrap: wrap; gap: 30px; margin-bottom: 30px;'>\n<div style='flex: 1 1 300px; min-width: 280px;'>\n<h3 style='font-size: 22px; border-bottom: 2px solid currentColor; padding-bottom: 5px; margin-top: 0; color: inherit; opacity: 0.8;'>Requerimientos M\u00ednimos del Sistema<\/h3>\n<ul style='padding-left: 20px; font-size: 15px; color: inherit;'>\n<li style='margin-bottom: 5px;'>EasyLobby SVM&comma; EasyLobby Satellite&comma; EasyLobby Administrator&comma; eAdvance:\n<ul style='padding-left: 20px; margin-top: 5px; margin-bottom: 5px;'>\n<li style='margin-bottom: 5px;'>4 GB de RAM&comma; 500 MB de espacio en disco<\/li>\n<li style='margin-bottom: 5px;'>Suficientes puertos USB para perif\u00e9ricos<\/li>\n<li style='margin-bottom: 5px;'>Windows Server (2008&comma; 2012 o 2016)&comma; Windows 7&comma; Windows 8.1 o Windows 10<\/li>\n<li style='margin-bottom: 5px;'>Internet Explorer 9&comma; 10 u 11.<\/li>\n<\/ul>\n<\/li>\n<li style='margin-bottom: 5px;'>Servidor de base de datos: Microsoft SQL Server 2008&comma; 2012&comma; 2014 o 2016 (versi\u00f3n completa o expresa)&comma; Oracle 9i o superior.<\/li>\n<li style='margin-bottom: 5px;'>Servidor web eAdvance: Windows Server (2008&comma; 2012 o 2016)&comma; Windows 7&comma; Windows 8.1 o Windows 10 ejecutando Microsoft IIS 7.5 o superior&comma; 4 GB de RAM&comma; 100 MB de espacio en disco.<\/li>\n<li style='margin-bottom: 5px;'>Integraci\u00f3n de control de acceso: requiere un servidor SQL.<\/li>\n<\/ul><\/div>\n<div style='flex: 1 1 300px; min-width: 280px;'>\n<h3 style='font-size: 22px; border-bottom: 2px solid currentColor; padding-bottom: 5px; margin-top: 0; color: inherit; opacity: 0.8;'>Ayuda para Cotizar<\/h3>\n<ol style='padding-left: 20px; font-size: 15px; color: inherit;'>\n<li style='margin-bottom: 5px;'>\u00bfEn cu\u00e1ntas estaciones de trabajo\/ ubicaciones se recibir\u00e1n visitantes? <strong>R.<\/strong> El n\u00famero es equivalente al numero de licencias <strong>EL-96000-SVM10<\/strong> Easy Lobby SVM que requiere.<\/li>\n<li style='margin-bottom: 5px;'>\u00bfRequiere escaner de licencias&comma; IFE&comma; INE&comma; o tarjetas de presentaci\u00f3n para capturar datos autom\u00e1ticamente? <strong>R<\/strong>. Adquiera el modelo <a href='https:\/\/www.syscom.mx\/principal\/searchcont?route=EL-SS-R3-HID-163539&#038;autodetect=elssr3' target='_blank' rel='noopener' style='color: inherit; text-decoration: underline;'>EL-SS-R3.<\/a><\/li>\n<li style='margin-bottom: 5px;'>Le gustar\u00eda que sus empleados tengan la capacidad de pre-registrar visitantes via internet? <strong>R.<\/strong> Adquiera una licencia de uso ilimitado para la organizaci\u00f3n <a href='https:\/\/www.syscom.mx\/principal\/searchcont?route=EL-98000-EADV10-HID-174525&#038;autodetect=easy_lobby' target='_blank' rel='noopener' style='color: inherit; text-decoration: underline;'>EL-98000-EADV10<\/a><\/li>\n<li style='margin-bottom: 5px;'>Se requiere el llenado de este <a href='https:\/\/ftp3.syscom.mx\/usuarios\/ftp\/2022\/03\/29\/c1da0\/EasyLobby%20Supplemental%20Order%20Information%20Form%20FRM-01113%20Rev%20B.pdf' target='_blank' rel='noopener' style='color: inherit; text-decoration: underline;'>documento<\/a><\/li>\n<\/ol><\/div>\n<div style='flex: 1 1 300px; min-width: 280px;'>\n<h3 style='font-size: 22px; border-bottom: 2px solid currentColor; padding-bottom: 5px; margin-top: 0; color: inherit; opacity: 0.8;'>Certificaci\u00f3n<\/h3>\n<ul style='padding-left: 20px; font-size: 15px; color: inherit;'>\n<li style='margin-bottom: 5px;'>La venta del producto requiere certificaci\u00f3n obligatoria de HID misma que se debe tomar en <a href='https:\/\/www.hidglobal.mx\/training' target='_blank' rel='noopener' style='color: inherit; text-decoration: underline;'>https:\/\/www.hidglobal.mx\/training<\/a> para lo cual debe registrarse en <a href='https:\/\/hidglobal.csod.com\/selfreg\/register.aspx?p=hidglobal&#038;c=srap' target='_blank' rel='noopener' style='color: inherit; text-decoration: underline;'>https:\/\/hidglobal.csod.com\/selfreg\/register.aspx?p=hidglobal&#038;c=srap<\/a>&comma; en un periodo de hasta 48 hrs recibir\u00e1 la confirmaci\u00f3n del registro con un password provisional.<\/li>\n<li style='margin-bottom: 5px;'>Al terminar la certificaci\u00f3n podr\u00e1 descargar un certificado digital PDF que deber\u00e1 enviar al momento de la compra.<\/li>\n<li style='margin-bottom: 5px;'>La integraci\u00f3n a un sistema de control de acceso (tercero) requiere conocimientos avanzados de SQL para su implementaci\u00f3n. <a href='https:\/\/www.hidglobal.mx\/doclib\/files\/resource_files\/hid-easylobby-aci-cc-en.pdf' target='_blank' rel='noopener' style='color: inherit; text-decoration: underline;'>Consulte compatibilidades<\/a><\/li>\n<li style='margin-bottom: 5px;'>La certificaci\u00f3n debe tomarse de forma individual para cada m\u00f3dulo de Easy lobby existente que se desee implementar.<\/li>\n<li style='margin-bottom: 5px;'>Las p\u00f3lizas de servicio son individuales y requeridas para poder recibir soporte directo de HID Global as\u00ed como para la actualizaci\u00f3n del software durante el periodo de la misma.<\/li>\n<\/ul><\/div>\n<\/p><\/div>\n<div style='display: flex; flex-wrap: wrap; gap: 30px; margin-bottom: 30px;'>\n<div style='flex: 1 1 300px; min-width: 280px;'>\n<h3 style='font-size: 22px; border-bottom: 2px solid currentColor; padding-bottom: 5px; margin-top: 0; color: inherit; opacity: 0.8;'>Documentaci\u00f3n<\/h3>\n<ul style='padding-left: 20px; font-size: 15px; color: inherit;'>\n<li style='margin-bottom: 5px;'><a href='http:\/\/www.easylobby.com\/downloads\/10.5.1\/Documentation.zip' target='_blank' rel='noopener' style='color: inherit; text-decoration: underline;'>Documentos 10.5.1<\/a><\/li>\n<li style='margin-bottom: 5px;'><a href='https:\/\/hidglobal.showpad.com\/share\/YEpCk9sDGZt7ylgXeaoGm' target='_blank' rel='noopener' style='color: inherit; text-decoration: underline;'>Frequently used documents<\/a><\/li>\n<li style='margin-bottom: 5px;'><a href='https:\/\/www.hidglobal.com\/easylobby-svm-quick-start-guide' target='_blank' rel='noopener' style='color: inherit; text-decoration: underline;'>Quick Start Page and help Videos<\/a><\/li>\n<li style='margin-bottom: 5px;'><a href='https:\/\/www.youtube.com\/watch?v=lQ0WEPXGwYg' target='_blank' rel='noopener' style='color: inherit; text-decoration: underline;'>Promotional Video<\/a><\/li>\n<li style='margin-bottom: 5px;'><a href='https:\/\/www.youtube.com\/watch?v=hXu1bBunAAE' target='_blank' rel='noopener' style='color: inherit; text-decoration: underline;'>Demo V\u00eddeo<\/a><\/li>\n<\/ul><\/div>\n<div style='flex: 1 1 300px; min-width: 280px;'>\n<h3 style='font-size: 22px; border-bottom: 2px solid currentColor; padding-bottom: 5px; margin-top: 0; color: inherit; opacity: 0.8;'>Webinar<\/h3>\n<div style='position: relative; padding-bottom: 56.25%; height: 0; overflow: hidden; margin-bottom: 30px;'>   <\/div>\n<\/p><\/div>\n<\/p><\/div>\n<hr style='border: 0; border-top: 1px solid rgba(150&comma; 150&comma; 150&comma; 0.3); margin: 30px 0;'> <\/div>\n","protected":false},"excerpt":{"rendered":"<p>Software de Gesti\u00f3n de Visitantes Easy Lobby<\/p>\n","protected":false},"featured_media":29049,"comment_status":"open","ping_status":"closed","template":"","meta":[],"product_brand":[],"product_cat":[801],"product_tag":[814,802,784],"class_list":{"0":"post-29050","1":"product","2":"type-product","3":"status-publish","4":"has-post-thumbnail","6":"product_cat-licencias-y-softwares","7":"product_tag-hid","8":"product_tag-licencias-y-softwares","9":"product_tag-paneles-de-control-de-acceso","11":"first","12":"outofstock","13":"sale","14":"shipping-taxable","15":"purchasable","16":"product-type-simple"},"_links":{"self":[{"href":"https:\/\/soydeaqui.ddns.net\/pachuca\/index.php\/wp-json\/wp\/v2\/product\/29050","targetHints":{"allow":["GET"]}}],"collection":[{"href":"https:\/\/soydeaqui.ddns.net\/pachuca\/index.php\/wp-json\/wp\/v2\/product"}],"about":[{"href":"https:\/\/soydeaqui.ddns.net\/pachuca\/index.php\/wp-json\/wp\/v2\/types\/product"}],"replies":[{"embeddable":true,"href":"https:\/\/soydeaqui.ddns.net\/pachuca\/index.php\/wp-json\/wp\/v2\/comments?post=29050"}],"wp:featuredmedia":[{"embeddable":true,"href":"https:\/\/soydeaqui.ddns.net\/pachuca\/index.php\/wp-json\/wp\/v2\/media\/29049"}],"wp:attachment":[{"href":"https:\/\/soydeaqui.ddns.net\/pachuca\/index.php\/wp-json\/wp\/v2\/media?parent=29050"}],"wp:term":[{"taxonomy":"product_brand","embeddable":true,"href":"https:\/\/soydeaqui.ddns.net\/pachuca\/index.php\/wp-json\/wp\/v2\/product_brand?post=29050"},{"taxonomy":"product_cat","embeddable":true,"href":"https:\/\/soydeaqui.ddns.net\/pachuca\/index.php\/wp-json\/wp\/v2\/product_cat?post=29050"},{"taxonomy":"product_tag","embeddable":true,"href":"https:\/\/soydeaqui.ddns.net\/pachuca\/index.php\/wp-json\/wp\/v2\/product_tag?post=29050"}],"curies":[{"name":"wp","href":"https:\/\/api.w.org\/{rel}","templated":true}]}}