{"id":2905,"date":"2026-03-18T06:02:11","date_gmt":"2026-03-18T06:02:11","guid":{"rendered":"https:\/\/soydeaqui.ddns.net\/pachuca\/index.php\/producto\/cubierta-protectora-de-policarbonato-serie-stopper-ii-con-bocina-sin-espaciador-montaje-empotrado-etiqueta-en-espaol\/"},"modified":"2026-03-18T06:02:12","modified_gmt":"2026-03-18T06:02:12","slug":"cubierta-protectora-de-policarbonato-serie-stopper-ii-con-bocina-sin-espaciador-montaje-empotrado-etiqueta-en-espaol","status":"publish","type":"product","link":"https:\/\/soydeaqui.ddns.net\/pachuca\/index.php\/producto\/cubierta-protectora-de-policarbonato-serie-stopper-ii-con-bocina-sin-espaciador-montaje-empotrado-etiqueta-en-espaol\/","title":{"rendered":"Cubierta Protectora de Policarbonato Serie Stopper II?, Con Bocina, Sin Espaciador, Montaje Empotrado, Etiqueta en Espa?ol"},"content":{"rendered":"<div style='width: 100%; max-width: 1200px; margin: 0 auto; font-family: sans-serif; line-height: 1.6; color: inherit; background-color: transparent;'>\n<div style='display: flex; flex-wrap: wrap; gap: 30px; margin-bottom: 30px;'>\n<div style='flex: 1 1 300px; min-width: 280px;'>\n<h3 style='font-size: 22px; border-bottom: 2px solid currentColor; padding-bottom: 5px; margin-top: 0; color: inherit; opacity: 0.8;'>Ayuda a prevenir falsas alarmas de incendio<\/h3>\n<p style='font-size: 15px; color: inherit; margin-top: 10px; margin-bottom: 10px;'>Esta exclusiva cubierta de estaci\u00f3n manual ha ayudado a prevenir falsas alarmas de incendio en todo el mundo durante m\u00e1s de 40 a\u00f1os sin restringir el funcionamiento leg\u00edtimo de los dispositivos. Ideal para escuelas&comma; universidades&comma; hospitales&comma; residencias de ancianos&comma; hoteles y todos los edificios p\u00fablicos&comma; la cubierta de alarma contra incendios ayuda a detener la activaci\u00f3n falsa donde existe un historial o amenaza de uso indebido.<\/p>\n<\/p><\/div>\n<\/p><\/div>\n<div style='display: flex; flex-wrap: wrap; gap: 20px; margin-bottom: 30px;'>\n<div style='flex: 1 1 250px; border: 1px solid rgba(150&comma; 150&comma; 150&comma; 0.4); border-radius: 8px; overflow: hidden; display: flex; flex-direction: column;'>\n<div style='padding: 15px; border-bottom: 1px solid rgba(150&comma; 150&comma; 150&comma; 0.2); font-weight: bold; font-size: 18px; color: inherit;'>Caracter\u00edsticas Generales<\/div>\n<div style='padding: 15px; color: inherit;'>\n<ul style='padding-left: 20px; margin: 0; font-size: 14px; list-style-type: disc;'>\n<li style='margin-bottom: 5px;'><span style='color: inherit;'>Cubierta protectora de policarbonato super resistente.<\/span><\/li>\n<li style='margin-bottom: 5px;'><span style='color: inherit;'>Ayuda a detener las falsas alarmas.<\/span><\/li>\n<li style='margin-bottom: 5px;'><span style='color: inherit;'>Bocina de advertencia de 95 o 105 dB (verificar modelo compatible).<\/span><\/li>\n<li style='margin-bottom: 5px;'><span style='color: inherit; font-weight: bold;'>Listado UL\/cUL&comma; cumple con ADA.<\/span><\/li>\n<li style='margin-bottom: 5px;'><span style='color: inherit;'>Cuando cubra una estaci\u00f3n manual en el exterior&comma; UL requiere que las estaciones est\u00e9n listadas para uso en exteriores.<\/span><\/li>\n<li style='margin-bottom: 5px;'><span style='color: inherit;'>Las propiedades de trabajo t\u00edpicas del policarbonato son -40 a 121\u00baC.<\/span><\/li>\n<li style='margin-bottom: 5px;'><span style='color: inherit;'>Las unidades rojas est\u00e1ndar tienen la etiqueta &#8216;En caso de incendio&#8217;&comma; a menos que se especifique con <span style='font-weight: bold;'>NR<\/span> (sin etiqueta) o <span style='font-weight: bold;'>CR<\/span> (etiqueta personalizada).<\/span><\/li>\n<li style='margin-bottom: 5px;'><span style='color: inherit;'>Eficacia comprobada por m\u00e1s de 40 a\u00f1os para ayudar a detener las falsas alarmas de incendio.<\/span><\/li>\n<li style='margin-bottom: 5px;'><span style='color: inherit; font-weight: bold;'>Tres a\u00f1os de garant\u00eda contra rotura del policarbonato en uso normal<\/span> (un a\u00f1o en componentes electromec\u00e1nicos y electr\u00f3nicos).<\/li>\n<\/ul><\/div>\n<\/p><\/div>\n<div style='flex: 1 1 250px; border: 1px solid rgba(150&comma; 150&comma; 150&comma; 0.4); border-radius: 8px; overflow: hidden; display: flex; flex-direction: column;'>\n<div style='padding: 15px; border-bottom: 1px solid rgba(150&comma; 150&comma; 150&comma; 0.2); font-weight: bold; font-size: 18px; color: inherit;'>Caracter\u00edsticas STI-1100<\/div>\n<div style='padding: 15px; color: inherit;'>\n<ul style='padding-left: 20px; margin: 0; font-size: 14px; list-style-type: disc;'>\n<li style='margin-bottom: 5px;'><span style='color: inherit; font-weight: bold;'>Bocina de advertencia aut\u00f3noma de 95 o 105 dB se activa cuando se levanta la cubierta. (Bater\u00eda 9 V)<\/span><\/li>\n<li style='margin-bottom: 5px;'><span style='color: inherit;'>Montaje empotrado.<\/span><\/li>\n<li style='margin-bottom: 5px;'><span style='color: inherit;'>Dimensiones: 6.2&#8242; (158 mm) altura x 5&#8242; (127 mm) ancho x 5.2&#8242; (132 mm) profundidad.<\/span><\/li>\n<\/ul><\/div>\n<\/p><\/div>\n<\/p><\/div>\n<hr style='border: 0; border-top: 1px solid rgba(150&comma; 150&comma; 150&comma; 0.3); margin: 30px 0;'>\n<div style='display: flex; flex-wrap: wrap; gap: 30px; margin-bottom: 30px;'>\n<div style='flex: 1 1 100%;'>\n<h3 style='font-size: 22px; border-bottom: 2px solid currentColor; padding-bottom: 5px; margin-top: 0; color: inherit; opacity: 0.8;'>Activaci\u00f3n de alarma en cubierta Stopper II\u00ae<\/h3>\n<div style='position: relative; padding-bottom: 56.25%; height: 0; overflow: hidden; margin-bottom: 30px;'>   <\/div>\n<\/p><\/div>\n<\/p><\/div>\n<div style='display: flex; flex-wrap: wrap; gap: 30px; margin-bottom: 30px;'>\n<div style='flex: 1 1 100%;'>\n<h3 style='font-size: 22px; border-bottom: 2px solid currentColor; padding-bottom: 5px; margin-top: 0; color: inherit; opacity: 0.8;'>Reemplazo de bater\u00eda en cubierta Stopper II\u00ae<\/h3>\n<div style='position: relative; padding-bottom: 56.25%; height: 0; overflow: hidden; margin-bottom: 30px;'>   <\/div>\n<\/p><\/div>\n<\/p><\/div>\n<\/p><\/div>\n","protected":false},"excerpt":{"rendered":"<p>Cubierta Protectora de Policarbonato Serie Stopper II?, Con Bocina, Sin Espaciador, Montaje Empotrado, Etiqueta en Espa?ol<\/p>\n","protected":false},"featured_media":2904,"comment_status":"open","ping_status":"closed","template":"","meta":[],"product_brand":[],"product_cat":[199],"product_tag":[201,200,169],"class_list":{"0":"post-2905","1":"product","2":"type-product","3":"status-publish","4":"has-post-thumbnail","6":"product_cat-carcasas","7":"product_tag-carcasas","8":"product_tag-gabinetes-y-carcasas","9":"product_tag-sti","11":"first","12":"instock","13":"sale","14":"shipping-taxable","15":"purchasable","16":"product-type-simple"},"_links":{"self":[{"href":"https:\/\/soydeaqui.ddns.net\/pachuca\/index.php\/wp-json\/wp\/v2\/product\/2905","targetHints":{"allow":["GET"]}}],"collection":[{"href":"https:\/\/soydeaqui.ddns.net\/pachuca\/index.php\/wp-json\/wp\/v2\/product"}],"about":[{"href":"https:\/\/soydeaqui.ddns.net\/pachuca\/index.php\/wp-json\/wp\/v2\/types\/product"}],"replies":[{"embeddable":true,"href":"https:\/\/soydeaqui.ddns.net\/pachuca\/index.php\/wp-json\/wp\/v2\/comments?post=2905"}],"wp:featuredmedia":[{"embeddable":true,"href":"https:\/\/soydeaqui.ddns.net\/pachuca\/index.php\/wp-json\/wp\/v2\/media\/2904"}],"wp:attachment":[{"href":"https:\/\/soydeaqui.ddns.net\/pachuca\/index.php\/wp-json\/wp\/v2\/media?parent=2905"}],"wp:term":[{"taxonomy":"product_brand","embeddable":true,"href":"https:\/\/soydeaqui.ddns.net\/pachuca\/index.php\/wp-json\/wp\/v2\/product_brand?post=2905"},{"taxonomy":"product_cat","embeddable":true,"href":"https:\/\/soydeaqui.ddns.net\/pachuca\/index.php\/wp-json\/wp\/v2\/product_cat?post=2905"},{"taxonomy":"product_tag","embeddable":true,"href":"https:\/\/soydeaqui.ddns.net\/pachuca\/index.php\/wp-json\/wp\/v2\/product_tag?post=2905"}],"curies":[{"name":"wp","href":"https:\/\/api.w.org\/{rel}","templated":true}]}}