{"id":29018,"date":"2026-03-18T13:15:43","date_gmt":"2026-03-18T13:15:43","guid":{"rendered":"https:\/\/soydeaqui.ddns.net\/pachuca\/index.php\/producto\/operador-para-puertas-corredizas-de-hasta-450-kg-y-9-metros-de-longitud-incluye-6-metros-de-cadena-equipo-de-uso-continuo\/"},"modified":"2026-03-18T13:15:47","modified_gmt":"2026-03-18T13:15:47","slug":"operador-para-puertas-corredizas-de-hasta-450-kg-y-9-metros-de-longitud-incluye-6-metros-de-cadena-equipo-de-uso-continuo","status":"publish","type":"product","link":"https:\/\/soydeaqui.ddns.net\/pachuca\/index.php\/producto\/operador-para-puertas-corredizas-de-hasta-450-kg-y-9-metros-de-longitud-incluye-6-metros-de-cadena-equipo-de-uso-continuo\/","title":{"rendered":"Operador para puertas corredizas de hasta 450 kg y 9 Metros de Longitud \/ Incluye 6 Metros de Cadena \/ Equipo de Uso  Continuo"},"content":{"rendered":"<div style='width: 100%; max-width: 1200px; margin: 0 auto; font-family: sans-serif; line-height: 1.6; color: inherit; background-color: transparent;'>\n<div style='display: flex; flex-wrap: wrap; gap: 30px; margin-bottom: 30px;'>\n<div style='flex: 1 1 300px; min-width: 280px;'>\n<div style='border-left: 5px solid #0091ff; border-radius: 5px; padding: 15px; box-shadow: 2px 2px 10px rgba(216&comma; 216&comma; 216&comma; 0.5);'>\n<h3 style='font-size: 20px; margin-top: 0; color: inherit;'>Caracter\u00edsticas principales:<\/h3>\n<ul style='padding-left: 20px; font-size: 15px; color: inherit; list-style-type: disc;'>\n<li style='margin-bottom: 5px;'>Longitud m\u00e1xima de la puerta 9 metros<\/li>\n<li style='margin-bottom: 5px;'>Peso m\u00e1ximo de la puerta 453Kg<\/li>\n<li style='margin-bottom: 5px;'>Equipo de uso continuo<\/li>\n<\/ul><\/div>\n<\/p><\/div>\n<div style='flex: 1 1 300px; min-width: 280px;'>\n<div style='border-left: 5px solid #0091ff; border-radius: 5px; padding: 15px; box-shadow: 2px 2px 10px rgba(216&comma; 216&comma; 216&comma; 0.5);'>\n<h3 style='font-size: 20px; margin-top: 0; color: inherit;'>Caracter\u00edsticas F\u00edsicas y El\u00e9ctricas:<\/h3>\n<ul style='padding-left: 20px; font-size: 15px; color: inherit; list-style-type: disc;'>\n<li style='margin-bottom: 5px;'>Voltaje de operaci\u00f3n 115Vac<\/li>\n<li style='margin-bottom: 5px;'>Potencia del motor 1\/2 Hp<\/li>\n<li style='margin-bottom: 5px;'>Consumo de corriente de 5.4A<\/li>\n<\/ul><\/div>\n<\/p><\/div>\n<div style='flex: 1 1 300px; min-width: 280px;'>\n<div style='border-left: 5px solid #0091ff; border-radius: 5px; padding: 15px; box-shadow: 2px 2px 10px rgba(216&comma; 216&comma; 216&comma; 0.5);'>\n<h3 style='font-size: 20px; margin-top: 0; color: inherit;'>Caracter\u00edsticas Destacadas:<\/h3>\n<ul style='padding-left: 20px; font-size: 15px; color: inherit; list-style-type: disc;'>\n<li style='margin-bottom: 5px;'>Clases de operaci\u00f3n I&comma; II&comma; II y IV<\/li>\n<li style='margin-bottom: 5px;'>Dos salidas de voltaje para accesorios<\/li>\n<li style='margin-bottom: 5px;'>Incluye dos puertos para sensores de masa<\/li>\n<\/ul><\/div>\n<\/p><\/div>\n<\/p><\/div>\n<div style='display: flex; flex-wrap: wrap; gap: 30px; margin-bottom: 30px;'>\n<div style='flex: 2 1 500px; min-width: 300px;'>\n<h3 style='font-size: 22px; border-bottom: 2px solid currentColor; padding-bottom: 5px; margin-top: 0; color: inherit; opacity: 0.8;'>Operador para puertas corredizas de 450kg y hasta 9 metros.<\/h3>\n<ul style='padding-left: 20px; font-size: 15px; color: inherit; list-style-type: disc;'>\n<li style='margin-bottom: 5px;'>Auto-ajuste de los finales de carrera. No requiere mantenimiento en switches magn\u00e9ticos de final de carrera.<\/li>\n<li style='margin-bottom: 5px;'>Apertura parcial para aplicaciones especiales.<\/li>\n<li style='margin-bottom: 5px;'>F\u00e1cil programaci\u00f3n por medio de interruptores tipo DIP.<\/li>\n<li style='margin-bottom: 5px;'>Interruptor de reset integrado en la unidad.<\/li>\n<li style='margin-bottom: 5px;'>Bot\u00f3n de encendido\/apagado integrado en la unidad.<\/li>\n<\/ul>\n<h3 style='font-size: 22px; border-bottom: 2px solid currentColor; padding-bottom: 5px; margin-top: 20px; margin-bottom: 15px; color: inherit; opacity: 0.8;'>Notas Adicionales:<\/h3>\n<ul style='padding-left: 20px; font-size: 15px; color: inherit; list-style-type: disc;'>\n<li style='margin-bottom: 5px;'>El equipo incluye 6 metros de cadena&comma; para aplicaciones de puertas m\u00e1s largas es necesario adquirir un tramo de cadena adicional.<\/li>\n<li style='margin-bottom: 5px;'>El modelo de cadena compatible es el <strong style='color: inherit;'>2600-442<\/strong> (Se vende por tramos de 6 metros)<\/li>\n<li style='margin-bottom: 5px;'>Equipo con contra defectos de fabricaci\u00f3n.<\/li>\n<\/ul>\n<p style='font-size: 15px; color: inherit;'>Los motores de la serie 9100 est\u00e1n dise\u00f1ados para operar puertas corredizas en aplicaciones residenciales y comerciales. Poseen un dise\u00f1o f\u00e1cil de instalar y un f\u00e1cil acceso para realizar futuras modificaciones o mantenimientos.<\/p>\n<\/p><\/div>\n<div style='flex: 1 1 300px; min-width: 280px;'> <img style='width: 100%; height: auto; border: 1px solid rgba(150&comma;150&comma;150&comma;0.3); border-radius: 8px;' src='https:\/\/ftp3.syscom.mx\/usuarios\/fotos\/9100380\/163494-medidas_9100380_2.png' alt='Imagen del producto'> <\/div>\n<\/p><\/div>\n<div style='margin: 30px 0; text-align: center;'>\n<h3 style='font-size: 22px; margin: 0; color: inherit;'>Videos de operadores corredizos Doorking<\/h3>\n<\/p><\/div>\n<div style='display: flex; flex-wrap: wrap; gap: 30px; margin-bottom: 30px;'>\n<div style='flex: 1 1 300px; min-width: 280px;'>\n<div style='position: relative; padding-bottom: 56.25%; height: 0; overflow: hidden; margin-bottom: 30px;'>   <\/div>\n<\/p><\/div>\n<div style='flex: 1 1 300px; min-width: 280px;'>\n<div style='position: relative; padding-bottom: 56.25%; height: 0; overflow: hidden; margin-bottom: 30px;'>   <\/div>\n<\/p><\/div>\n<\/p><\/div>\n<div style='display: flex; flex-wrap: wrap; gap: 30px; margin-bottom: 30px;'>\n<div style='flex: 1 1 300px; min-width: 280px;'>\n<div style='position: relative; padding-bottom: 56.25%; height: 0; overflow: hidden; margin-bottom: 30px;'>   <\/div>\n<\/p><\/div>\n<div style='flex: 1 1 300px; min-width: 280px;'>\n<div style='position: relative; padding-bottom: 56.25%; height: 0; overflow: hidden; margin-bottom: 30px;'>   <\/div>\n<\/p><\/div>\n<div style='flex: 1 1 300px; min-width: 280px;'>\n<div style='position: relative; padding-bottom: 56.25%; height: 0; overflow: hidden; margin-bottom: 30px;'>   <\/div>\n<\/p><\/div>\n<\/p><\/div>\n<div style='display: flex; flex-wrap: wrap; gap: 30px; margin-bottom: 30px;'>\n<div style='flex: 1 1 300px; min-width: 280px;'>\n<div style='position: relative; padding-bottom: 56.25%; height: 0; overflow: hidden; margin-bottom: 30px;'>   <\/div>\n<\/p><\/div>\n<div style='flex: 1 1 300px; min-width: 280px;'>\n<div style='position: relative; padding-bottom: 56.25%; height: 0; overflow: hidden; margin-bottom: 30px;'>   <\/div>\n<\/p><\/div>\n<\/p><\/div>\n<hr style='border: 0; border-top: 1px solid rgba(150&comma; 150&comma; 150&comma; 0.3); margin: 30px 0;'> <\/div>\n","protected":false},"excerpt":{"rendered":"<p>Operador para puertas corredizas de hasta 450 kg y 9 Metros de Longitud \/ Incluye 6 Metros de Cadena \/ Equipo de Uso  Continuo<\/p>\n","protected":false},"featured_media":29017,"comment_status":"open","ping_status":"closed","template":"","meta":[],"product_brand":[],"product_cat":[860],"product_tag":[401,781,861],"class_list":{"0":"post-29018","1":"product","2":"type-product","3":"status-publish","4":"has-post-thumbnail","6":"product_cat-puertas-corredizas","7":"product_tag-acceso-vehicular","8":"product_tag-dks-doorking","9":"product_tag-puertas-corredizas","11":"first","12":"instock","13":"sale","14":"shipping-taxable","15":"purchasable","16":"product-type-simple"},"_links":{"self":[{"href":"https:\/\/soydeaqui.ddns.net\/pachuca\/index.php\/wp-json\/wp\/v2\/product\/29018","targetHints":{"allow":["GET"]}}],"collection":[{"href":"https:\/\/soydeaqui.ddns.net\/pachuca\/index.php\/wp-json\/wp\/v2\/product"}],"about":[{"href":"https:\/\/soydeaqui.ddns.net\/pachuca\/index.php\/wp-json\/wp\/v2\/types\/product"}],"replies":[{"embeddable":true,"href":"https:\/\/soydeaqui.ddns.net\/pachuca\/index.php\/wp-json\/wp\/v2\/comments?post=29018"}],"wp:featuredmedia":[{"embeddable":true,"href":"https:\/\/soydeaqui.ddns.net\/pachuca\/index.php\/wp-json\/wp\/v2\/media\/29017"}],"wp:attachment":[{"href":"https:\/\/soydeaqui.ddns.net\/pachuca\/index.php\/wp-json\/wp\/v2\/media?parent=29018"}],"wp:term":[{"taxonomy":"product_brand","embeddable":true,"href":"https:\/\/soydeaqui.ddns.net\/pachuca\/index.php\/wp-json\/wp\/v2\/product_brand?post=29018"},{"taxonomy":"product_cat","embeddable":true,"href":"https:\/\/soydeaqui.ddns.net\/pachuca\/index.php\/wp-json\/wp\/v2\/product_cat?post=29018"},{"taxonomy":"product_tag","embeddable":true,"href":"https:\/\/soydeaqui.ddns.net\/pachuca\/index.php\/wp-json\/wp\/v2\/product_tag?post=29018"}],"curies":[{"name":"wp","href":"https:\/\/api.w.org\/{rel}","templated":true}]}}