{"id":28997,"date":"2026-03-18T13:15:18","date_gmt":"2026-03-18T13:15:18","guid":{"rendered":"https:\/\/soydeaqui.ddns.net\/pachuca\/index.php\/producto\/lector-de-tarjetas-prox-em-y-contrasenas-exterior-ip65-wiegand-compatible-con-cualquier-panel-pequeno-y-estetico\/"},"modified":"2026-03-18T13:15:24","modified_gmt":"2026-03-18T13:15:24","slug":"lector-de-tarjetas-prox-em-y-contrasenas-exterior-ip65-wiegand-compatible-con-cualquier-panel-pequeno-y-estetico","status":"publish","type":"product","link":"https:\/\/soydeaqui.ddns.net\/pachuca\/index.php\/producto\/lector-de-tarjetas-prox-em-y-contrasenas-exterior-ip65-wiegand-compatible-con-cualquier-panel-pequeno-y-estetico\/","title":{"rendered":"Lector de Tarjetas PROX EM y Contrase\u00f1as \/ Exterior IP65 \/ Wiegand \/ Compatible con Cualquier Panel \/ PEQUE\u00d1O y ESTETICO"},"content":{"rendered":"<div style='width: 100%; max-width: 1200px; margin: 0 auto; font-family: sans-serif; line-height: 1.6; color: inherit; background-color: transparent;'> <img style='width: 100%; height: auto; border: 1px solid rgba(150&comma;150&comma;150&comma;0.3); border-radius: 8px;' src='https:\/\/ftp3.syscom.mx\/usuarios\/fespinoza\/HIKVISION\/Dispositivos\/Banners\/Lectores.jpg' alt=''> <\/p>\n<div style='display: flex; flex-wrap: wrap; gap: 30px; margin-top: 30px;'>\n<div style='flex: 1 1 300px; min-width: 280px;'>\n<h3 style='font-size: 22px; border-bottom: 2px solid currentColor; padding-bottom: 5px; margin-top: 0; color: inherit; opacity: 0.8;'>Caracter\u00edsticas principales<\/h3>\n<ul style='padding-left: 20px; font-size: 15px; color: inherit;'>\n<li style='margin-bottom: 5px;'>Indicador LED de encendido y de estatus<\/li>\n<li style='margin-bottom: 5px;'>Con teclado<\/li>\n<li style='margin-bottom: 5px;'>Soporta Protocolo Wiegand (W26\/W34)<\/li>\n<li style='margin-bottom: 5px;'>Lectura de tarjetas EM a 125 Khz<\/li>\n<li style='margin-bottom: 5px;'>Proteccion IP65<\/li>\n<\/ul><\/div>\n<div style='flex: 1 1 300px; min-width: 280px;'>\n<h3 style='font-size: 22px; border-bottom: 2px solid currentColor; padding-bottom: 5px; margin-top: 0; color: inherit; opacity: 0.8;'>Caracter\u00edsticas F\u00edsicas y El\u00e9ctricas<\/h3>\n<ul style='padding-left: 20px; font-size: 15px; color: inherit;'>\n<li style='margin-bottom: 5px;'>Voltaje de operaci\u00f3n: 12Vcc&comma; 0.15A<\/li>\n<li style='margin-bottom: 5px;'>Material: Plastico<\/li>\n<li style='margin-bottom: 5px;'>Consumo el\u00e9ctrico: 1.6W<\/li>\n<li style='margin-bottom: 5px;'>Temperatura de operaci\u00f3n: -20\u00b0C to +65\u00b0C (-4\u00b0F to 149\u00b0F)<\/li>\n<li style='margin-bottom: 5px;'>Dimensiones: 87mm \u00d7 87mm \u00d7 13.3mm (3.43&#8242; \u00d7 3.43&#8242; \u00d7 0.52&#8242;)<\/li>\n<\/ul><\/div>\n<div style='flex: 1 1 300px; min-width: 280px;'>\n<h3 style='font-size: 22px; border-bottom: 2px solid currentColor; padding-bottom: 5px; margin-top: 0; color: inherit; opacity: 0.8;'>Caracter\u00edsticas Destacadas<\/h3>\n<ul style='padding-left: 20px; font-size: 15px; color: inherit;'>\n<li style='margin-bottom: 5px;'>Admite m\u00e9todos de autenticaci\u00f3n como tarjeta y tarjeta + contrase\u00f1a<\/li>\n<\/ul><\/div>\n<\/p><\/div>\n<hr style='border: 0; border-top: 1px solid rgba(150&comma; 150&comma; 150&comma; 0.3); margin: 30px 0;'>\n<div style='margin-top: 20px;'>\n<h3 style='font-size: 22px; border-bottom: 2px solid currentColor; padding-bottom: 5px; margin-top: 0; color: inherit; opacity: 0.8;'>Consideraciones<\/h3>\n<ul style='padding-left: 20px; font-size: 14px; color: inherit;'>\n<li style='margin-bottom: 5px;'>Este lector se conecta v\u00eda Wiegand a cualquier panel de control de acceso que soporte este protocolo&comma; recomendados los paneles de la misma marca HIKVISION<\/li>\n<li style='margin-bottom: 5px;'>Si se considera un panel que NO sea de HIKVISION&comma; la contrase\u00f1a puede no funcionar&comma; dejando habilitada solamente la apertura por tarjeta<\/li>\n<li style='margin-bottom: 5px;'>PROTECCION IP 65 PARA INSTALACION EN EXTERIOR<\/li>\n<li style='margin-bottom: 5px;'>Compatible con las tarjetas PROX EM a 125 Khz<\/li>\n<li style='margin-bottom: 5px;'>Tarjetas sugeridas: ATR11&comma; ATR14&comma; ACCESSISOCARD&comma; AC5&comma; AC7<\/li>\n<\/ul><\/div>\n<\/p><\/div>\n","protected":false},"excerpt":{"rendered":"<p>Lector de Tarjetas PROX EM y Contrase\u00f1as \/ Exterior IP65 \/ Wiegand \/ Compatible con Cualquier Panel \/ PEQUE\u00d1O y ESTETICO<\/p>\n","protected":false},"featured_media":28996,"comment_status":"open","ping_status":"closed","template":"","meta":[],"product_brand":[],"product_cat":[465],"product_tag":[54,466,467],"class_list":{"0":"post-28997","1":"product","2":"type-product","3":"status-publish","4":"has-post-thumbnail","6":"product_cat-proximidad-125-khz","7":"product_tag-hikvision","8":"product_tag-lectoras-y-tarjetas","9":"product_tag-proximidad-125-khz","11":"first","12":"instock","13":"sale","14":"shipping-taxable","15":"purchasable","16":"product-type-simple"},"_links":{"self":[{"href":"https:\/\/soydeaqui.ddns.net\/pachuca\/index.php\/wp-json\/wp\/v2\/product\/28997","targetHints":{"allow":["GET"]}}],"collection":[{"href":"https:\/\/soydeaqui.ddns.net\/pachuca\/index.php\/wp-json\/wp\/v2\/product"}],"about":[{"href":"https:\/\/soydeaqui.ddns.net\/pachuca\/index.php\/wp-json\/wp\/v2\/types\/product"}],"replies":[{"embeddable":true,"href":"https:\/\/soydeaqui.ddns.net\/pachuca\/index.php\/wp-json\/wp\/v2\/comments?post=28997"}],"wp:featuredmedia":[{"embeddable":true,"href":"https:\/\/soydeaqui.ddns.net\/pachuca\/index.php\/wp-json\/wp\/v2\/media\/28996"}],"wp:attachment":[{"href":"https:\/\/soydeaqui.ddns.net\/pachuca\/index.php\/wp-json\/wp\/v2\/media?parent=28997"}],"wp:term":[{"taxonomy":"product_brand","embeddable":true,"href":"https:\/\/soydeaqui.ddns.net\/pachuca\/index.php\/wp-json\/wp\/v2\/product_brand?post=28997"},{"taxonomy":"product_cat","embeddable":true,"href":"https:\/\/soydeaqui.ddns.net\/pachuca\/index.php\/wp-json\/wp\/v2\/product_cat?post=28997"},{"taxonomy":"product_tag","embeddable":true,"href":"https:\/\/soydeaqui.ddns.net\/pachuca\/index.php\/wp-json\/wp\/v2\/product_tag?post=28997"}],"curies":[{"name":"wp","href":"https:\/\/api.w.org\/{rel}","templated":true}]}}