{"id":28985,"date":"2026-03-18T13:15:01","date_gmt":"2026-03-18T13:15:01","guid":{"rendered":"https:\/\/soydeaqui.ddns.net\/pachuca\/index.php\/producto\/lector-de-tarjetas-prox-em-exterior-ip65-wiegand-compatible-con-cualquier-panel-perfil-delgado-y-estetico-indicador-led\/"},"modified":"2026-03-18T13:15:08","modified_gmt":"2026-03-18T13:15:08","slug":"lector-de-tarjetas-prox-em-exterior-ip65-wiegand-compatible-con-cualquier-panel-perfil-delgado-y-estetico-indicador-led","status":"publish","type":"product","link":"https:\/\/soydeaqui.ddns.net\/pachuca\/index.php\/producto\/lector-de-tarjetas-prox-em-exterior-ip65-wiegand-compatible-con-cualquier-panel-perfil-delgado-y-estetico-indicador-led\/","title":{"rendered":"Lector de Tarjetas PROX EM \/ Exterior IP65 \/ Wiegand \/ Compatible con Cualquier Panel \/ PERFIL DELGADO y ESTETICO \/ Indicador LED"},"content":{"rendered":"<div style='width: 100%; max-width: 1200px; margin: 0 auto; font-family: sans-serif; line-height: 1.6; color: inherit; background-color: transparent;'> <!-- Imagen principal --> <img style='width: 100%; height: auto; border: 1px solid rgba(150&comma;150&comma;150&comma;0.3); border-radius: 8px; display: block; margin: 0 auto;' src='https:\/\/ftp3.syscom.mx\/usuarios\/fespinoza\/HIKVISION\/Dispositivos\/Banners\/Lectores.jpg' alt='Banner de lectores HIKVISION'> <!-- Secci\u00f3n de caracter\u00edsticas --> <\/p>\n<div style='display: flex; flex-wrap: wrap; gap: 30px; margin-top: 30px; margin-bottom: 30px;'>\n<div style='flex: 1 1 300px; min-width: 280px;'>\n<h3 style='font-size: 22px; border-bottom: 2px solid currentColor; padding-bottom: 5px; margin-top: 0; color: inherit; opacity: 0.8;'>Caracter\u00edsticas principales<\/h3>\n<ul style='padding-left: 20px; font-size: 15px; color: inherit;'>\n<li style='margin-bottom: 5px;'>Indicador LED de encendido y de estatus<\/li>\n<li style='margin-bottom: 5px;'>Soporta Protocolo Wiegand (W26\/W34)<\/li>\n<li style='margin-bottom: 5px;'>Lectura de tarjetas EM (Frecuencia: 125 KHz)<\/li>\n<li style='margin-bottom: 5px;'>Cumple con el est\u00e1ndar ISO 11784\/11785<\/li>\n<li style='margin-bottom: 5px;'>Protecci\u00f3n IP65<\/li>\n<li style='margin-bottom: 5px;'>Montaje en pared<\/li>\n<\/ul><\/div>\n<div style='flex: 1 1 300px; min-width: 280px;'>\n<h3 style='font-size: 22px; border-bottom: 2px solid currentColor; padding-bottom: 5px; margin-top: 0; color: inherit; opacity: 0.8;'>Caracter\u00edsticas F\u00edsicas y El\u00e9ctricas<\/h3>\n<ul style='padding-left: 20px; font-size: 15px; color: inherit;'>\n<li style='margin-bottom: 5px;'>Voltaje de operaci\u00f3n: 12Vcc&comma; 0.15A<\/li>\n<li style='margin-bottom: 5px;'>Consumo el\u00e9ctrico: 2W<\/li>\n<li style='margin-bottom: 5px;'>Temperatura de operaci\u00f3n: -20\u00b0C a +65\u00b0C (-4\u00b0F a 149\u00b0F)<\/li>\n<li style='margin-bottom: 5px;'>Dimensiones: 115.9mm\u00d743.3mm\u00d717mm (4.56&#8217;\u00d71.70&#8217;\u00d70.67&#8242;)<\/li>\n<\/ul><\/div>\n<div style='flex: 1 1 300px; min-width: 280px;'>\n<h3 style='font-size: 22px; border-bottom: 2px solid currentColor; padding-bottom: 5px; margin-top: 0; color: inherit; opacity: 0.8;'>Caracter\u00edsticas Destacadas<\/h3>\n<div style='font-size: 14px; color: inherit; padding-top: 5px;'> Dise\u00f1o de Watchdog para repararse a s\u00ed mismo en caso de que ocurra una excepci\u00f3n&comma; para garantizar una larga vida \u00fatil del lector &#8211; Protocolo de Wiegand (w26&comma; w34) Bu Zumbador incorporado para identificar el estado de lectura &#8211; Est\u00e1ndar IP65 <\/div>\n<\/p><\/div>\n<\/p><\/div>\n<p> <!-- Separador --> <\/p>\n<hr style='border: 0; border-top: 1px solid rgba(150&comma; 150&comma; 150&comma; 0.3); margin: 30px 0;'> <!-- Consideraciones --> <\/p>\n<div style='margin-top: 30px;'>\n<h3 style='font-size: 22px; border-bottom: 2px solid currentColor; padding-bottom: 5px; margin-top: 0; color: inherit; opacity: 0.8;'>Consideraciones<\/h3>\n<ul style='padding-left: 20px; font-size: 15px; color: inherit;'>\n<li>\u00c9ste lector se conecta v\u00eda Wiegand a cualquier panel de control de acceso que soporte este protocolo&comma; recomendados los paneles de la misma marca HIKVISION pero tambi\u00e9n compatibles con paneles ZKTeco&comma; Rosslare&comma; Suprema&comma; AccessPRO etc.<\/li>\n<li>PROTECCION IP 65 PARA INSTALACION EN EXTERIOR<\/li>\n<li>Compatible con las tarjetas PROX EM a 125 Khz<\/li>\n<li>Tarjetas sugeridas: ATR11&comma; ATR14&comma; ACCESSISOCARD&comma; AC5&comma; AC7<\/li>\n<\/ul><\/div>\n<\/p><\/div>\n","protected":false},"excerpt":{"rendered":"<p>Lector de Tarjetas PROX EM \/ Exterior IP65 \/ Wiegand \/ Compatible con Cualquier Panel \/ PERFIL DELGADO y ESTETICO \/ Indicador LED<\/p>\n","protected":false},"featured_media":28984,"comment_status":"open","ping_status":"closed","template":"","meta":[],"product_brand":[],"product_cat":[465],"product_tag":[54,466,467],"class_list":{"0":"post-28985","1":"product","2":"type-product","3":"status-publish","4":"has-post-thumbnail","6":"product_cat-proximidad-125-khz","7":"product_tag-hikvision","8":"product_tag-lectoras-y-tarjetas","9":"product_tag-proximidad-125-khz","11":"first","12":"instock","13":"sale","14":"shipping-taxable","15":"purchasable","16":"product-type-simple"},"_links":{"self":[{"href":"https:\/\/soydeaqui.ddns.net\/pachuca\/index.php\/wp-json\/wp\/v2\/product\/28985","targetHints":{"allow":["GET"]}}],"collection":[{"href":"https:\/\/soydeaqui.ddns.net\/pachuca\/index.php\/wp-json\/wp\/v2\/product"}],"about":[{"href":"https:\/\/soydeaqui.ddns.net\/pachuca\/index.php\/wp-json\/wp\/v2\/types\/product"}],"replies":[{"embeddable":true,"href":"https:\/\/soydeaqui.ddns.net\/pachuca\/index.php\/wp-json\/wp\/v2\/comments?post=28985"}],"wp:featuredmedia":[{"embeddable":true,"href":"https:\/\/soydeaqui.ddns.net\/pachuca\/index.php\/wp-json\/wp\/v2\/media\/28984"}],"wp:attachment":[{"href":"https:\/\/soydeaqui.ddns.net\/pachuca\/index.php\/wp-json\/wp\/v2\/media?parent=28985"}],"wp:term":[{"taxonomy":"product_brand","embeddable":true,"href":"https:\/\/soydeaqui.ddns.net\/pachuca\/index.php\/wp-json\/wp\/v2\/product_brand?post=28985"},{"taxonomy":"product_cat","embeddable":true,"href":"https:\/\/soydeaqui.ddns.net\/pachuca\/index.php\/wp-json\/wp\/v2\/product_cat?post=28985"},{"taxonomy":"product_tag","embeddable":true,"href":"https:\/\/soydeaqui.ddns.net\/pachuca\/index.php\/wp-json\/wp\/v2\/product_tag?post=28985"}],"curies":[{"name":"wp","href":"https:\/\/api.w.org\/{rel}","templated":true}]}}