{"id":28972,"date":"2026-03-18T13:14:46","date_gmt":"2026-03-18T13:14:46","guid":{"rendered":"https:\/\/soydeaqui.ddns.net\/pachuca\/index.php\/producto\/distribuidor-esclavo-para-control-de-elevadores-compatible-con-el-controlador-maestro-ds-k2210\/"},"modified":"2026-03-18T13:14:47","modified_gmt":"2026-03-18T13:14:47","slug":"distribuidor-esclavo-para-control-de-elevadores-compatible-con-el-controlador-maestro-ds-k2210","status":"publish","type":"product","link":"https:\/\/soydeaqui.ddns.net\/pachuca\/index.php\/producto\/distribuidor-esclavo-para-control-de-elevadores-compatible-con-el-controlador-maestro-ds-k2210\/","title":{"rendered":"Distribuidor ESCLAVO para Control de Elevadores \/ Compatible con el controlador maestro DS-K2210"},"content":{"rendered":"<div style='width: 100%; max-width: 1200px; margin: 0 auto; font-family: sans-serif; line-height: 1.6; color: inherit; background-color: transparent;'>\n<p style='text-align: center; margin: 20px 0;'><img style='width: 100%; max-width: 506px; height: auto; border: 1px solid rgba(150&comma;150&comma;150&comma;0.3); border-radius: 8px; display: block; margin: 0 auto;' src='http:\/\/ftp3.syscom.mx\/usuarios\/jdelafuente\/HIKVISION\/hikvision%20logo%20complete.png' alt='Logo HIKVISION'><\/p>\n<div style='display: flex; flex-wrap: wrap; gap: 30px; margin-bottom: 30px;'>\n<div style='flex: 1 1 300px; min-width: 280px;'>\n<h3 style='font-size: 22px; border-bottom: 2px solid currentColor; padding-bottom: 5px; margin-top: 0; color: inherit; opacity: 0.8;'>Caracter\u00edsticas principales<\/h3>\n<ul style='padding-left: 20px; font-size: 15px; color: inherit;'>\n<li style='margin-bottom: 5px;'>Comunicaci\u00f3n RS-485 con el controlador maestro<\/li>\n<li style='margin-bottom: 5px;'>DIP Switch para direccionamiento RS485<\/li>\n<li style='margin-bottom: 5px;'>Soporta 16 salidas de relevador (1 para cada piso del elevador)<\/li>\n<li style='margin-bottom: 5px;'>Soporta 2 Entradas de alarma<\/li>\n<\/ul><\/div>\n<div style='flex: 1 1 300px; min-width: 280px;'>\n<h3 style='font-size: 22px; border-bottom: 2px solid currentColor; padding-bottom: 5px; margin-top: 0; color: inherit; opacity: 0.8;'>Caracter\u00edsticas F\u00edsicas y El\u00e9ctricas<\/h3>\n<ul style='padding-left: 20px; font-size: 15px; color: inherit;'>\n<li style='margin-bottom: 5px;'>Voltaje de operaci\u00f3n: 12VD (No incluida)<\/li>\n<li style='margin-bottom: 5px;'>Temperatura de operaci\u00f3n: -4 \u00b0C a 70\u00b0C (40\u00b0F a 158 \u00b0F)<\/li>\n<li style='margin-bottom: 5px;'>Dimensiones: 167 (L)mm * 105 (W)mm * 30 (H) mm<\/li>\n<\/ul><\/div>\n<div style='flex: 1 1 300px; min-width: 280px;'>\n<h3 style='font-size: 22px; border-bottom: 2px solid currentColor; padding-bottom: 5px; margin-top: 0; color: inherit; opacity: 0.8;'>Caracter\u00edsticas Destacadas<\/h3>\n<p style='font-size: 15px; color: inherit; margin: 15px 0;'>El distribuidor para control de ascensores tiene 8 conmutadores DIP y 16 terminales de salida del rel\u00e9vador&comma; se puede comunicar con el controlador de ascensor principal y el relevador a trav\u00e9s de RS-485<\/p>\n<\/p><\/div>\n<\/p><\/div>\n<div style='display: flex; flex-wrap: wrap; gap: 20px; margin-bottom: 30px;'>\n<div style='flex: 1 1 100%; border: 1px solid rgba(150&comma; 150&comma; 150&comma; 0.4); border-radius: 8px; overflow: hidden; display: flex; flex-direction: column;'>\n<div style='padding: 15px; border-bottom: 1px solid rgba(150&comma; 150&comma; 150&comma; 0.2); font-weight: bold; font-size: 18px; color: inherit;'>Consideraciones<\/div>\n<div style='padding: 15px; color: inherit;'>\n<ul style='padding-left: 20px; margin: 0; font-size: 14px; list-style-type: disc;'>\n<li style='margin-bottom: 5px;'>Este modelo es solo el controlador esclavo&comma; para la configuraci\u00f3n y puesta en marcha es necesario el controlador maestro modelo <a style='color: #005cb9; text-decoration: none; font-weight: 600; font-family: 'Open Sans'&comma; Helvetica&comma; Arial&comma; sans-serif;' href='https:\/\/www.syscom.mx\/principal\/searchcont?route=DS-K2210-HIKVISION-163615&#038;autodetect=DS-K2M0016A'>DS-K2210<\/a><\/li>\n<\/ul><\/div>\n<\/p><\/div>\n<\/p><\/div>\n<div style='display: flex; flex-wrap: wrap; gap: 30px; margin-bottom: 30px;'>\n<div style='flex: 1 1 100%;'>\n<h3 style='font-size: 22px; border-bottom: 2px solid currentColor; padding-bottom: 5px; margin-top: 0; color: inherit; opacity: 0.8;'>Controlador Maestro REQUERIDO<\/h3>\n<div style='display: flex; flex-wrap: wrap; gap: 20px;'>\n<div style='flex: 1 1 300px; min-width: 280px;'>\n<p style='text-align: center; margin: 20px 0;'><img style='width: 100%; max-width: 480px; height: auto; border: 1px solid rgba(150&comma;150&comma;150&comma;0.3); border-radius: 8px; display: block; margin: 0 auto;' src='https:\/\/ftp3.syscom.mx\/usuarios\/fotos\/BancoFotografiasSyscom\/HIKVISION\/DSK2210\/DSK2210-p.PNG' alt='Controlador Maestro DS-K2210'><\/p>\n<\/p><\/div>\n<div style='flex: 1 1 300px; min-width: 280px;'>\n<p style='margin: 15px 0;'><strong>Modelo:<\/strong> <a style='color: #005cb9; text-decoration: none; font-weight: 600; font-family: 'Open Sans'&comma; Helvetica&comma; Arial&comma; sans-serif;' href='https:\/\/www.syscom.mx\/principal\/searchcont?route=DS-K2210-HIKVISION-163615&#038;autodetect=DS-K2M0016A'>DS-K2210<\/a><\/p>\n<ul style='padding-left: 20px; font-size: 14px; color: inherit;'>\n<li style='margin-bottom: 5px;'><strong>Hasta 24 distribuidores<\/strong> esclavos con 16 pisos a controlar por cada uno.<\/li>\n<li style='margin-bottom: 5px;'><strong>Administrar permisos a diferentes personas<\/strong>&comma; habilitando solo el piso al que esa persona puede ir (tiene que pasar su huella o tarjeta para que se habilite el piso correspondiente a su nivel de acceso).<\/li>\n<li style='margin-bottom: 5px;'><strong>Cero complicaciones<\/strong> ya que no es necesario interactuar con el cuadro de mando principal del elevador sino que&comma; se hace una interconexi\u00f3n con la botonera del elevador (utilizando los relevadores del distribuidor esclavo <a style='color: #005cb9; text-decoration: none; font-weight: 600; font-family: 'Open Sans'&comma; Helvetica&comma; Arial&comma; sans-serif;' href='https:\/\/www.syscom.mx\/principal\/searchcont?route=DS-K2M0016A-HIKVISION-163616&#038;autodetect=elevadores'>DS-K2M0016A<\/a>)&comma; de tal manera que cuando hay un acceso correcto entonces se habilita la botonera (solo los botones a los que tiene acceso la persona).<\/li>\n<\/ul>\n<p style='margin: 20px 0 10px;'><span style='color: #c0392b;'><strong>Por cada cabina de Elevador:<\/strong><\/span><\/p>\n<ul style='padding-left: 20px; font-size: 14px; color: inherit;'>\n<li style='margin-bottom: 5px;'>1 controlador <strong>maestro<\/strong> <a style='color: #005cb9; text-decoration: none; font-weight: 600; font-family: 'Open Sans'&comma; Helvetica&comma; Arial&comma; sans-serif;' href='https:\/\/www.syscom.mx\/principal\/searchcont?route=DS-K2210-HIKVISION-163615&#038;autodetect=DS-K2M0016A'>DS-K2210<\/a><\/li>\n<li style='margin-bottom: 5px;'>1 controlador <strong>esclavo<\/strong> <a style='color: #005cb9; text-decoration: none; font-weight: 600; font-family: 'Open Sans'&comma; Helvetica&comma; Arial&comma; sans-serif;' href='https:\/\/www.syscom.mx\/principal\/searchcont?route=DS-K2M0016A-HIKVISION-163616&#038;autodetect=elevadores'>DS-K2M0016A<\/a> (por lo menos 1&comma; depende de la cantidad de pisos)<\/li>\n<li style='margin-bottom: 5px;'>1 lector Wiegand \/ RS485 (por ejemplo un facial DS-K1T671M)<\/li>\n<li style='margin-bottom: 5px;'>La administraci\u00f3n es por IVMS4200 (<strong>soporta hasta 2 cabinas de elevador m\u00e1ximo<\/strong>). Para control de m\u00e1s de 2 cabinas de elevador es necesario el software HikCentral<\/li>\n<\/ul><\/div>\n<\/p><\/div>\n<\/p><\/div>\n<\/p><\/div>\n<div style='margin: 30px 0;'>\n<h3 style='font-size: 22px; border-bottom: 2px solid currentColor; padding-bottom: 5px; margin-top: 0; color: inherit; opacity: 0.8;'>Demostraci\u00f3n de soluci\u00f3n de elevadores Hikvision con botonera de elevador real<\/h3>\n<div style='position: relative; padding-bottom: 56.25%; height: 0; overflow: hidden; margin-top: 20px;'>   <\/div>\n<\/p><\/div>\n<\/p><\/div>\n","protected":false},"excerpt":{"rendered":"<p>Distribuidor ESCLAVO para Control de Elevadores \/ Compatible con el controlador maestro DS-K2210<\/p>\n","protected":false},"featured_media":28971,"comment_status":"open","ping_status":"closed","template":"","meta":[],"product_brand":[],"product_cat":[783],"product_tag":[785,54,784],"class_list":{"0":"post-28972","1":"product","2":"type-product","3":"status-publish","4":"has-post-thumbnail","6":"product_cat-controladores-de-acceso","7":"product_tag-controladores-de-acceso","8":"product_tag-hikvision","9":"product_tag-paneles-de-control-de-acceso","11":"first","12":"instock","13":"sale","14":"shipping-taxable","15":"purchasable","16":"product-type-simple"},"_links":{"self":[{"href":"https:\/\/soydeaqui.ddns.net\/pachuca\/index.php\/wp-json\/wp\/v2\/product\/28972","targetHints":{"allow":["GET"]}}],"collection":[{"href":"https:\/\/soydeaqui.ddns.net\/pachuca\/index.php\/wp-json\/wp\/v2\/product"}],"about":[{"href":"https:\/\/soydeaqui.ddns.net\/pachuca\/index.php\/wp-json\/wp\/v2\/types\/product"}],"replies":[{"embeddable":true,"href":"https:\/\/soydeaqui.ddns.net\/pachuca\/index.php\/wp-json\/wp\/v2\/comments?post=28972"}],"wp:featuredmedia":[{"embeddable":true,"href":"https:\/\/soydeaqui.ddns.net\/pachuca\/index.php\/wp-json\/wp\/v2\/media\/28971"}],"wp:attachment":[{"href":"https:\/\/soydeaqui.ddns.net\/pachuca\/index.php\/wp-json\/wp\/v2\/media?parent=28972"}],"wp:term":[{"taxonomy":"product_brand","embeddable":true,"href":"https:\/\/soydeaqui.ddns.net\/pachuca\/index.php\/wp-json\/wp\/v2\/product_brand?post=28972"},{"taxonomy":"product_cat","embeddable":true,"href":"https:\/\/soydeaqui.ddns.net\/pachuca\/index.php\/wp-json\/wp\/v2\/product_cat?post=28972"},{"taxonomy":"product_tag","embeddable":true,"href":"https:\/\/soydeaqui.ddns.net\/pachuca\/index.php\/wp-json\/wp\/v2\/product_tag?post=28972"}],"curies":[{"name":"wp","href":"https:\/\/api.w.org\/{rel}","templated":true}]}}