{"id":28950,"date":"2026-03-18T13:14:11","date_gmt":"2026-03-18T13:14:11","guid":{"rendered":"https:\/\/soydeaqui.ddns.net\/pachuca\/index.php\/producto\/10-metros-de-alcance-con-el-lector-especializado-de-placas-vehiculares-anpr-hd\/"},"modified":"2026-03-18T13:14:14","modified_gmt":"2026-03-18T13:14:14","slug":"10-metros-de-alcance-con-el-lector-especializado-de-placas-vehiculares-anpr-hd","status":"publish","type":"product","link":"https:\/\/soydeaqui.ddns.net\/pachuca\/index.php\/producto\/10-metros-de-alcance-con-el-lector-especializado-de-placas-vehiculares-anpr-hd\/","title":{"rendered":"10 Metros de alcance con el Lector especializado de placas vehiculares (ANPR HD)"},"content":{"rendered":"<div style='width: 100%; max-width: 1200px; margin: 0 auto; font-family: sans-serif; line-height: 1.6; color: inherit; background-color: transparent;'> <!-- Descripci\u00f3n principal --> <\/p>\n<div style='margin-bottom: 30px;'>\n<p style='margin: 0 0 15px; color: inherit; font-size: 15px;'>La c\u00e1mara ANPR HD es un lector de placa de matr\u00edcula con opci\u00f3n de comunicaci\u00f3n Wiegand (opcional con M\u00f3dulo aparte)<\/p>\n<p style='margin: 0 0 15px; color: inherit; font-size: 15px;'>El lector de matr\u00edculas Nedap es una c\u00e1mara todo-en-uno que incluye la c\u00e1mara&comma; analizador y el iluminador IR. El lector ANPR ha incorporado el software de procesamiento a bordo. El lector de matr\u00edculas es por defecto ofrecido con un RS485 y la comunicaci\u00f3n Ethernet.<\/p>\n<p style='margin: 0; color: inherit; font-size: 15px;'>El lector Nedap ANPR cubre casi todos los pa\u00edses europeos y tiene una amplia lista de pa\u00edses de todo el mundo que soportan una amplia gama de placas de matr\u00edcula IR-reflectante.<\/p>\n<\/p><\/div>\n<p> <!-- Imagen --> <\/p>\n<div style='margin-bottom: 30px;'> <img style='width: 100%; height: auto; border: 1px solid rgba(150&comma;150&comma;150&comma;0.3); border-radius: 8px;' src='http:\/\/ftp3.syscom.mx\/usuarios\/gjimenez\/NEDAP\/imagen\/ANPR%20tabla.jpg' alt='Tabla de especificaciones ANPR HD'> <\/div>\n<p> <!-- Caracter\u00edsticas principales --> <\/p>\n<div style='margin-bottom: 30px;'>\n<h3 style='font-size: 22px; border-bottom: 2px solid currentColor; padding-bottom: 5px; margin-top: 0; margin-bottom: 15px; color: inherit; opacity: 0.8;'>Caracter\u00edsticas principales<\/h3>\n<ul style='padding-left: 20px; margin: 0; font-size: 15px; color: inherit; list-style-type: disc;'>\n<li style='margin-bottom: 5px;'>Lectura autom\u00e1tica de matr\u00edculas<\/li>\n<li style='margin-bottom: 5px;'>Todo en un sistema&comma; analizador de la c\u00e1mara&comma; iluminador de infrarrojos<\/li>\n<li style='margin-bottom: 5px;'>Lista blanca y lista negra de matr\u00edculas<\/li>\n<li style='margin-bottom: 5px;'>Pa\u00edses de todo el mundo disponibles<\/li>\n<li style='margin-bottom: 5px;'>Rango de acci\u00f3n de 6 a 10 metros<\/li>\n<li style='margin-bottom: 5px;'>Salida de relevador<\/li>\n<li style='margin-bottom: 5px;'>Compatible con m\u00f3dulo <a href='https:\/\/www.syscom.mx\/principal\/searchcont?route=WIM9958789-NEDAP-91263&#038;autodetect=anpr' style='color: inherit; text-decoration: underline;' target='_blank'>9958789<\/a> para tener salida Wiegand y conectarla a un panel de control de acceso (compatible con ROSSLARE; SUPREMA; HID)<\/li>\n<li style='margin-bottom: 5px;'>F\u00e1cil configuraci\u00f3n de usuario<\/li>\n<\/ul><\/div>\n<p> <!-- Videos --> <\/p>\n<div style='margin-bottom: 30px;'>\n<div style='position: relative; padding-bottom: 56.25%; height: 0; overflow: hidden; margin-bottom: 30px;'>   <\/div>\n<div style='position: relative; padding-bottom: 56.25%; height: 0; overflow: hidden; margin-bottom: 0;'>   <\/div>\n<\/p><\/div>\n<p> <!-- Especificaciones --> <\/p>\n<div style='margin-top: 30px;'>\n<h3 style='font-size: 22px; border-bottom: 2px solid currentColor; padding-bottom: 5px; margin-top: 0; margin-bottom: 15px; color: inherit; opacity: 0.8;'>Especificaciones<\/h3>\n<ul style='padding-left: 20px; margin: 0; font-size: 15px; color: inherit; list-style-type: disc;'>\n<li style='margin-bottom: 5px;'>Lectura de n\u00famero de Placa Autom\u00e1tico<\/li>\n<li style='margin-bottom: 5px;'>Rango de acci\u00f3n de lectura de 6 &#8211; 10 metros<\/li>\n<li style='margin-bottom: 5px;'>Para todos los pa\u00edses<\/li>\n<li style='margin-bottom: 5px;'>Todo en Uno<\/li>\n<li style='margin-bottom: 5px;'>Sencilla configuraci\u00f3n<\/li>\n<li style='margin-bottom: 5px;'>Compatible con m\u00f3dulo de salida Wiegand 9958789<\/li>\n<li style='margin-bottom: 5px;'>Dimensiones 100 X 200 X 120 mm<\/li>\n<li style='margin-bottom: 5px;'>Peso de 3.5 Kg<\/li>\n<li style='margin-bottom: 5px;'>2 a\u00f1os de Garant\u00eda<\/li>\n<\/ul><\/div>\n<p> <!-- Separador final --> <\/p>\n<hr style='border: 0; border-top: 1px solid rgba(150&comma; 150&comma; 150&comma; 0.3); margin: 30px 0;'> <\/div>\n","protected":false},"excerpt":{"rendered":"<p>10 Metros de alcance con el Lector especializado de placas vehiculares (ANPR HD)<\/p>\n","protected":false},"featured_media":28949,"comment_status":"open","ping_status":"closed","template":"","meta":[],"product_brand":[],"product_cat":[777],"product_tag":[401,93,858],"class_list":{"0":"post-28950","1":"product","2":"type-product","3":"status-publish","4":"has-post-thumbnail","6":"product_cat-accesorios-acceso-vehicular","7":"product_tag-acceso-vehicular","8":"product_tag-accesorios","9":"product_tag-nedap","11":"first","12":"outofstock","13":"sale","14":"shipping-taxable","15":"purchasable","16":"product-type-simple"},"_links":{"self":[{"href":"https:\/\/soydeaqui.ddns.net\/pachuca\/index.php\/wp-json\/wp\/v2\/product\/28950","targetHints":{"allow":["GET"]}}],"collection":[{"href":"https:\/\/soydeaqui.ddns.net\/pachuca\/index.php\/wp-json\/wp\/v2\/product"}],"about":[{"href":"https:\/\/soydeaqui.ddns.net\/pachuca\/index.php\/wp-json\/wp\/v2\/types\/product"}],"replies":[{"embeddable":true,"href":"https:\/\/soydeaqui.ddns.net\/pachuca\/index.php\/wp-json\/wp\/v2\/comments?post=28950"}],"wp:featuredmedia":[{"embeddable":true,"href":"https:\/\/soydeaqui.ddns.net\/pachuca\/index.php\/wp-json\/wp\/v2\/media\/28949"}],"wp:attachment":[{"href":"https:\/\/soydeaqui.ddns.net\/pachuca\/index.php\/wp-json\/wp\/v2\/media?parent=28950"}],"wp:term":[{"taxonomy":"product_brand","embeddable":true,"href":"https:\/\/soydeaqui.ddns.net\/pachuca\/index.php\/wp-json\/wp\/v2\/product_brand?post=28950"},{"taxonomy":"product_cat","embeddable":true,"href":"https:\/\/soydeaqui.ddns.net\/pachuca\/index.php\/wp-json\/wp\/v2\/product_cat?post=28950"},{"taxonomy":"product_tag","embeddable":true,"href":"https:\/\/soydeaqui.ddns.net\/pachuca\/index.php\/wp-json\/wp\/v2\/product_tag?post=28950"}],"curies":[{"name":"wp","href":"https:\/\/api.w.org\/{rel}","templated":true}]}}