{"id":28910,"date":"2026-03-18T13:08:10","date_gmt":"2026-03-18T13:08:10","guid":{"rendered":"https:\/\/soydeaqui.ddns.net\/pachuca\/index.php\/producto\/triturador-para-ribbons-idp-incluye-papelera-fuente-y-bolsa-de-eliminacion\/"},"modified":"2026-03-18T13:08:10","modified_gmt":"2026-03-18T13:08:10","slug":"triturador-para-ribbons-idp-incluye-papelera-fuente-y-bolsa-de-eliminacion","status":"publish","type":"product","link":"https:\/\/soydeaqui.ddns.net\/pachuca\/index.php\/producto\/triturador-para-ribbons-idp-incluye-papelera-fuente-y-bolsa-de-eliminacion\/","title":{"rendered":"Triturador Para Ribbons IDP\/ Incluye papelera, Fuente y Bolsa de Eliminaci\u00f3n"},"content":{"rendered":"<div style='width: 100%; max-width: 1200px; margin: 0 auto; font-family: sans-serif; line-height: 1.6; color: inherit; background-color: transparent;'>\n<div style='margin-bottom: 30px;'>\n<p style='font-size: 15px; margin-bottom: 15px; color: inherit;'>El SMART-BIT\u00ae est\u00e1 dise\u00f1ado para <strong style='color: inherit;'>destruir esa informaci\u00f3n personal<\/strong> que queda en la cinta. Usando la tecnolog\u00eda patentada de micro-corte trenzado de IDP&comma; la unidad triturar\u00e1 la cinta en peque\u00f1os trozos (~ 2 mm) de escombros que son virtualmente imposibles de reconstruir con precisi\u00f3n.<\/p>\n<\/p><\/div>\n<p> <!-- Secci\u00f3n de cualidades --> <\/p>\n<div style='display: flex; flex-wrap: wrap; gap: 30px; margin-bottom: 30px;'>\n<div style='flex: 1 1 300px; min-width: 280px;'>\n<h3 style='font-size: 22px; border-bottom: 2px solid currentColor; padding-bottom: 5px; margin-top: 0; color: inherit; opacity: 0.8;'>Cualidades<\/h3>\n<ul style='padding-left: 20px; font-size: 15px; color: inherit;'>\n<li style='margin-bottom: 5px;'>El SMART-BIT\u00ae fue dise\u00f1ado para adaptarse a cualquier cinta de sublimaci\u00f3n de tinta de las marcas de impresoras populares en el mercado actual.<\/li>\n<li style='margin-bottom: 5px;'>Las cintas de 60 mm a 120 mm pueden caber f\u00e1cilmente en la bandeja de sujeci\u00f3n de las unidades para una destrucci\u00f3n r\u00e1pida y confiable.<\/li>\n<li style='margin-bottom: 5px;'>La unidad atrapa los residuos de la cinta en una bolsa de residuos f\u00e1cil de cargar y desechar.<\/li>\n<\/ul><\/div>\n<\/p><\/div>\n<p> <!-- Secci\u00f3n de caracter\u00edsticas --> <\/p>\n<div style='display: flex; flex-wrap: wrap; gap: 20px; margin-bottom: 30px;'>\n<div style='flex: 1 1 250px; border: 1px solid rgba(150&comma; 150&comma; 150&comma; 0.4); border-radius: 8px; overflow: hidden; display: flex; flex-direction: column;'>\n<div style='padding: 15px; border-bottom: 1px solid rgba(150&comma; 150&comma; 150&comma; 0.2); font-weight: bold; font-size: 18px; color: inherit;'>Caracter\u00edsticas<\/div>\n<div style='padding: 15px; color: inherit;'>\n<ul style='padding-left: 20px; margin: 0; font-size: 14px; list-style-type: disc;'>\n<li style='margin-bottom: 5px;'><strong style='color: inherit;'>Tipo de cinta triturable:<\/strong> Cinta de sublimaci\u00f3n de tinta&comma; resina y cinta de cera<\/li>\n<li style='margin-bottom: 5px;'><strong style='color: inherit;'>Ancho de la cinta triturable:<\/strong> 60 mm a 90 mm (Ancho del n\u00facleo de la cinta instalable: m\u00e1x. 120 mm)<\/li>\n<li style='margin-bottom: 5px;'><strong style='color: inherit;'>Di\u00e1metro de la cinta instalable:<\/strong> \u00d880<\/li>\n<li style='margin-bottom: 5px;'><strong style='color: inherit;'>Tipo de corte:<\/strong> Twisted Micro Cut<\/li>\n<li style='margin-bottom: 5px;'><strong style='color: inherit;'>Tama\u00f1o de part\u00edcula triturada:<\/strong> Aprox. 2.5mm<\/li>\n<li style='margin-bottom: 5px;'><strong style='color: inherit;'>Velocidad:<\/strong> Max. 12 metros \/ minuto<\/li>\n<li style='margin-bottom: 5px;'><strong style='color: inherit;'>Capacidad:<\/strong> 6 Rollos (YMCKO&comma; 250 tarjetas \/ roll)<\/li>\n<li style='margin-bottom: 5px;'><strong style='color: inherit;'>Consumo de energ\u00eda:<\/strong> DC 24V&comma; 2A<\/li>\n<li style='margin-bottom: 5px;'><strong style='color: inherit;'>Temperatura. \/ Humedad:<\/strong> 15 ~ 35\/35 ~ 70%<\/li>\n<li style='margin-bottom: 5px;'><strong style='color: inherit;'>Garant\u00eda:<\/strong> Aprox. 100 km<\/li>\n<li style='margin-bottom: 5px;'><strong style='color: inherit;'>Dimensiones:<\/strong> 232 x 364.6 x 386 mm<\/li>\n<li style='margin-bottom: 5px;'><strong style='color: inherit;'>Peso:<\/strong> Aprox 4.8 Kg<\/li>\n<\/ul><\/div>\n<\/p><\/div>\n<\/p><\/div>\n<p> <!-- Secci\u00f3n de video --> <\/p>\n<div style='margin-bottom: 30px;'>\n<h3 style='font-size: 22px; border-bottom: 2px solid currentColor; padding-bottom: 5px; margin-top: 0; color: inherit; opacity: 0.8;'>V\u00eddeo<\/h3>\n<ul style='padding-left: 20px; font-size: 15px; color: inherit; margin-top: 15px;'>\n<li style='margin-bottom: 10px;'><a href='https:\/\/www.youtube.com\/watch?v=dp19NMznaqs' target='_top' style='color: inherit; text-decoration: underline;'>Uso del Triturador<\/a><\/li>\n<\/ul><\/div>\n<p> <!-- Informaci\u00f3n adicional --> <\/p>\n<div style='margin-bottom: 30px;'>\n<p style='font-size: 15px; margin-bottom: 15px; color: inherit;'>Producto sobre pedido.<\/p>\n<\/p><\/div>\n<p> <!-- Separador --> <\/p>\n<hr style='border: 0; border-top: 1px solid rgba(150&comma; 150&comma; 150&comma; 0.3); margin: 30px 0;'> <\/div>\n","protected":false},"excerpt":{"rendered":"<p>Triturador Para Ribbons IDP\/ Incluye papelera, Fuente y Bolsa de Eliminaci\u00f3n<\/p>\n","protected":false},"featured_media":28909,"comment_status":"open","ping_status":"closed","template":"","meta":[],"product_brand":[],"product_cat":[823],"product_tag":[812,824,62],"class_list":{"0":"post-28910","1":"product","2":"type-product","3":"status-publish","4":"has-post-thumbnail","6":"product_cat-todos-identificacion-y-credencializacion","7":"product_tag-identificacion-y-credencializacion","8":"product_tag-idp","9":"product_tag-todos","11":"first","12":"outofstock","13":"sale","14":"shipping-taxable","15":"purchasable","16":"product-type-simple"},"_links":{"self":[{"href":"https:\/\/soydeaqui.ddns.net\/pachuca\/index.php\/wp-json\/wp\/v2\/product\/28910","targetHints":{"allow":["GET"]}}],"collection":[{"href":"https:\/\/soydeaqui.ddns.net\/pachuca\/index.php\/wp-json\/wp\/v2\/product"}],"about":[{"href":"https:\/\/soydeaqui.ddns.net\/pachuca\/index.php\/wp-json\/wp\/v2\/types\/product"}],"replies":[{"embeddable":true,"href":"https:\/\/soydeaqui.ddns.net\/pachuca\/index.php\/wp-json\/wp\/v2\/comments?post=28910"}],"wp:featuredmedia":[{"embeddable":true,"href":"https:\/\/soydeaqui.ddns.net\/pachuca\/index.php\/wp-json\/wp\/v2\/media\/28909"}],"wp:attachment":[{"href":"https:\/\/soydeaqui.ddns.net\/pachuca\/index.php\/wp-json\/wp\/v2\/media?parent=28910"}],"wp:term":[{"taxonomy":"product_brand","embeddable":true,"href":"https:\/\/soydeaqui.ddns.net\/pachuca\/index.php\/wp-json\/wp\/v2\/product_brand?post=28910"},{"taxonomy":"product_cat","embeddable":true,"href":"https:\/\/soydeaqui.ddns.net\/pachuca\/index.php\/wp-json\/wp\/v2\/product_cat?post=28910"},{"taxonomy":"product_tag","embeddable":true,"href":"https:\/\/soydeaqui.ddns.net\/pachuca\/index.php\/wp-json\/wp\/v2\/product_tag?post=28910"}],"curies":[{"name":"wp","href":"https:\/\/api.w.org\/{rel}","templated":true}]}}