{"id":28898,"date":"2026-03-18T13:07:52","date_gmt":"2026-03-18T13:07:52","guid":{"rendered":"https:\/\/soydeaqui.ddns.net\/pachuca\/index.php\/producto\/lector-de-huellas-serie-sigma-extreme-prox-ffd-con-lector-mifare-poe-ip65-ik09-aprobado-por-fbi\/"},"modified":"2026-03-18T13:08:00","modified_gmt":"2026-03-18T13:08:00","slug":"lector-de-huellas-serie-sigma-extreme-prox-ffd-con-lector-mifare-poe-ip65-ik09-aprobado-por-fbi","status":"publish","type":"product","link":"https:\/\/soydeaqui.ddns.net\/pachuca\/index.php\/producto\/lector-de-huellas-serie-sigma-extreme-prox-ffd-con-lector-mifare-poe-ip65-ik09-aprobado-por-fbi\/","title":{"rendered":"Lector de Huellas Serie Sigma Extreme PROX-FFD con lector Mifare   PoE, IP65, IK09 aprobado por FBI"},"content":{"rendered":"<div style='width: 100%; max-width: 1200px; margin: 0 auto; font-family: sans-serif; line-height: 1.6; color: inherit; background-color: transparent;'> <!-- Descripci\u00f3n principal --> <\/p>\n<div style='margin-bottom: 30px;'>\n<p style='margin: 0 0 20px; color: inherit;'> Robusto y poderoso&comma; el terminal MorphoAccess\u00ae SIGMA Extreme es un complemento excepcional a la familia SIGMA de lectores de huellas dactilares. Partiendo de la misma plataforma que el resto de los dispositivos SIGMA&comma; el MA SIGMA Extreme est\u00e1 dise\u00f1ado espec\u00edficamente para operar en condiciones clim\u00e1ticas adversas y en entornos dif\u00edciles (polvo&comma; niebla salina&comma; sitios de trabajo pesado&comma; etc.). Con la familia SIGMA&comma; los integradores tienen a su disposici\u00f3n una amplia gama de terminales biom\u00e9tricos&comma; compatibles entre s\u00ed&comma; para proteger cualquier escenario y para todos los casos de uso&comma; ya sea en interiores o exteriores y con la tecnolog\u00eda de huellas dactilares m\u00e1s precisa del mundo. <\/p>\n<\/p><\/div>\n<p> <!-- Caracter\u00edsticas principales --> <\/p>\n<div style='display: flex; flex-wrap: wrap; gap: 30px; margin-bottom: 30px;'>\n<div style='flex: 1 1 300px; min-width: 280px;'>\n<h3 style='font-size: 22px; border-bottom: 2px solid currentColor; padding-bottom: 5px; margin-top: 0; color: inherit; opacity: 0.8;'>Caracter\u00edsticas principales<\/h3>\n<ul style='padding-left: 20px; font-size: 15px; color: inherit;'>\n<li style='margin-bottom: 5px;'>Funciones dedicadas al control de asistencia<\/li>\n<li style='margin-bottom: 5px;'>Intuitivo&comma; uso similar a una tablet<\/li>\n<li style='margin-bottom: 5px;'>Detecci\u00f3n de dedo falso<\/li>\n<li style='margin-bottom: 5px;'>Norma de protecci\u00f3n IK09<\/li>\n<li style='margin-bottom: 5px;'>Herm\u00e9tico al polvo y al agua (carcasa sellada con nivel de protecci\u00f3n IP65)<\/li>\n<li style='margin-bottom: 5px;'>Pantalla t\u00e1ctil<\/li>\n<\/ul><\/div>\n<p> <!-- Especificaciones t\u00e9cnicas --> <\/p>\n<div style='flex: 1 1 300px; min-width: 280px;'>\n<h3 style='font-size: 22px; border-bottom: 2px solid currentColor; padding-bottom: 5px; margin-top: 0; color: inherit; opacity: 0.8;'>Especificaciones t\u00e9cnicas<\/h3>\n<ul style='padding-left: 20px; font-size: 15px; color: inherit;'>\n<li style='margin-bottom: 5px;'>5000 usuarios (2 dedos + 1 en coacci\u00f3n cada uno)<\/li>\n<li style='margin-bottom: 5px;'>Memoria ampliable a 10&comma;000&comma; 50&comma;000 o 100&comma;000 mediante licencias<\/li>\n<li style='margin-bottom: 5px;'>1 mill\u00f3n de transacciones<\/li>\n<li style='margin-bottom: 5px;'>Puertos wiegand de entrada y salida<\/li>\n<li style='margin-bottom: 5px;'>Alimentaci\u00f3n 12-24 VDC<\/li>\n<li style='margin-bottom: 5px;'>Alimentaci\u00f3n PoE<\/li>\n<li style='margin-bottom: 5px;'>Temperatura de operaci\u00f3n: -20\u00b0C a 60\u00b0C<\/li>\n<li style='margin-bottom: 5px;'>Comunicaci\u00f3n Ethernet<\/li>\n<li style='margin-bottom: 5px;'>Con lector proximidad HID<\/li>\n<\/ul><\/div>\n<\/p><\/div>\n<p> <!-- Secci\u00f3n de licencias --> <\/p>\n<div style='display: flex; flex-wrap: wrap; gap: 20px; margin-bottom: 30px;'>\n<div style='flex: 1 1 250px; border: 1px solid rgba(150&comma; 150&comma; 150&comma; 0.4); border-radius: 8px; overflow: hidden; display: flex; flex-direction: column;'>\n<div style='padding: 15px; border-bottom: 1px solid rgba(150&comma; 150&comma; 150&comma; 0.2); font-weight: bold; font-size: 18px; color: inherit;'>Software<\/div>\n<div style='padding: 15px; color: inherit;'>\n<p style='margin: 0 0 15px; font-weight: bold; color: inherit;'>Morpho Manager licenciado<\/p>\n<ul style='padding-left: 20px; margin: 0; font-size: 14px; list-style-type: disc; color: inherit;'>\n<li style='margin-bottom: 5px;'>Gratuito para 5 terminales&comma; despu\u00e9s requiere licencia<\/li>\n<li style='margin-bottom: 5px;'>Licencia de 10 terminales modelo A00070702<\/li>\n<li style='margin-bottom: 5px;'>Licencia de 20 terminales modelo A00070703<\/li>\n<li style='margin-bottom: 5px;'>Licencia de 50 terminales modelo A00070704<\/li>\n<li style='margin-bottom: 5px;'>Licencia de 100 terminales modelo A00070707<\/li>\n<\/ul><\/div>\n<\/p><\/div>\n<p> <!-- Tecnolog\u00edas adicionales --> <\/p>\n<div style='flex: 1 1 250px; border: 1px solid rgba(150&comma; 150&comma; 150&comma; 0.4); border-radius: 8px; overflow: hidden; display: flex; flex-direction: column;'>\n<div style='padding: 15px; border-bottom: 1px solid rgba(150&comma; 150&comma; 150&comma; 0.2); font-weight: bold; font-size: 18px; color: inherit;'>Tecnolog\u00edas adicionales<\/div>\n<div style='padding: 15px; color: inherit;'>\n<ul style='padding-left: 20px; margin: 0; font-size: 14px; list-style-type: disc; color: inherit;'>\n<li style='margin-bottom: 5px;'>Amplia gama de tecnolog\u00edas sin contacto incluyendo NFC <strong>(Opcional&comma; preguntar a ingenier\u00eda)<\/strong><\/li>\n<\/ul><\/div>\n<\/p><\/div>\n<\/p><\/div>\n<p> <!-- Separador --> <\/p>\n<hr style='border: 0; border-top: 1px solid rgba(150&comma; 150&comma; 150&comma; 0.3); margin: 30px 0;'> <\/div>\n","protected":false},"excerpt":{"rendered":"<p>Lector de Huellas Serie Sigma Extreme PROX-FFD con lector Mifare   PoE, IP65, IK09 aprobado por FBI<\/p>\n","protected":false},"featured_media":28897,"comment_status":"open","ping_status":"closed","template":"","meta":[],"product_brand":[],"product_cat":[743],"product_tag":[744,794,745],"class_list":{"0":"post-28898","1":"product","2":"type-product","3":"status-publish","4":"has-post-thumbnail","6":"product_cat-para-tiempo-y-asistencia-checadores","7":"product_tag-biometricos","8":"product_tag-idemia-morpho","9":"product_tag-para-tiempo-y-asistencia-checadores","11":"first","12":"outofstock","13":"sale","14":"shipping-taxable","15":"purchasable","16":"product-type-simple"},"_links":{"self":[{"href":"https:\/\/soydeaqui.ddns.net\/pachuca\/index.php\/wp-json\/wp\/v2\/product\/28898","targetHints":{"allow":["GET"]}}],"collection":[{"href":"https:\/\/soydeaqui.ddns.net\/pachuca\/index.php\/wp-json\/wp\/v2\/product"}],"about":[{"href":"https:\/\/soydeaqui.ddns.net\/pachuca\/index.php\/wp-json\/wp\/v2\/types\/product"}],"replies":[{"embeddable":true,"href":"https:\/\/soydeaqui.ddns.net\/pachuca\/index.php\/wp-json\/wp\/v2\/comments?post=28898"}],"wp:featuredmedia":[{"embeddable":true,"href":"https:\/\/soydeaqui.ddns.net\/pachuca\/index.php\/wp-json\/wp\/v2\/media\/28897"}],"wp:attachment":[{"href":"https:\/\/soydeaqui.ddns.net\/pachuca\/index.php\/wp-json\/wp\/v2\/media?parent=28898"}],"wp:term":[{"taxonomy":"product_brand","embeddable":true,"href":"https:\/\/soydeaqui.ddns.net\/pachuca\/index.php\/wp-json\/wp\/v2\/product_brand?post=28898"},{"taxonomy":"product_cat","embeddable":true,"href":"https:\/\/soydeaqui.ddns.net\/pachuca\/index.php\/wp-json\/wp\/v2\/product_cat?post=28898"},{"taxonomy":"product_tag","embeddable":true,"href":"https:\/\/soydeaqui.ddns.net\/pachuca\/index.php\/wp-json\/wp\/v2\/product_tag?post=28898"}],"curies":[{"name":"wp","href":"https:\/\/api.w.org\/{rel}","templated":true}]}}