{"id":28896,"date":"2026-03-18T13:07:49","date_gmt":"2026-03-18T13:07:49","guid":{"rendered":"https:\/\/soydeaqui.ddns.net\/pachuca\/index.php\/producto\/pasacables-para-cerraduras-abloy\/"},"modified":"2026-03-18T13:07:50","modified_gmt":"2026-03-18T13:07:50","slug":"pasacables-para-cerraduras-abloy","status":"publish","type":"product","link":"https:\/\/soydeaqui.ddns.net\/pachuca\/index.php\/producto\/pasacables-para-cerraduras-abloy\/","title":{"rendered":"Pasacables para Cerraduras Abloy"},"content":{"rendered":"<div style='width: 100%; max-width: 1200px; margin: 0 auto; font-family: sans-serif; line-height: 1.6; color: inherit; background-color: transparent;'> <!-- Secci\u00f3n de descripci\u00f3n principal --> <\/p>\n<div style='margin-bottom: 30px;'>\n<p style='font-size: 16px; color: inherit;'>La cubierta de plomo ABLOY\u00ae est\u00e1 dise\u00f1ada para garantizar la transferencia ininterrumpida de cable entre la puerta y el marco. El di\u00e1metro m\u00e1ximo del haz de cables transferible a trav\u00e9s de la cubierta de plomo es de 7&comma;5 mm. El cable utilizado debe constar de varios hilos para aumentar la resistencia a la flexi\u00f3n.<\/p>\n<\/p><\/div>\n<p> <!-- Secci\u00f3n de aplicaciones --> <\/p>\n<div style='margin-bottom: 30px;'>\n<h3 style='font-size: 22px; border-bottom: 2px solid currentColor; padding-bottom: 5px; margin-top: 0; color: inherit; opacity: 0.8;'>Aplicaciones<\/h3>\n<p style='font-size: 16px; color: inherit;'>La cubierta de plomo ABLOY debe utilizarse cuando el \u00e1ngulo de apertura de la puerta es superior a 120\u00b0 o cuando la distancia entre la bisagra y el marco de la puerta es superior a 20 mm. En estos casos&comma; se debe utilizar la cubierta de plomo larga EA281.<\/p>\n<\/p><\/div>\n<p> <!-- Secci\u00f3n de dimensiones --> <\/p>\n<div style='margin-bottom: 30px;'>\n<h3 style='font-size: 22px; border-bottom: 2px solid currentColor; padding-bottom: 5px; margin-top: 0; color: inherit; opacity: 0.8;'>Dimensiones<\/h3>\n<ul style='padding-left: 20px; font-size: 15px; color: inherit;'>\n<li style='margin-bottom: 5px;'>Modelo EA281: Cubierta de plomo larga<\/li>\n<li style='margin-bottom: 5px;'>Modelo EA280: Cubierta de plomo est\u00e1ndar<\/li>\n<\/ul><\/div>\n<p> <!-- Secci\u00f3n de construcci\u00f3n y acabado --> <\/p>\n<div style='margin-bottom: 30px;'>\n<h3 style='font-size: 22px; border-bottom: 2px solid currentColor; padding-bottom: 5px; margin-top: 0; color: inherit; opacity: 0.8;'>Construcci\u00f3n y Acabado<\/h3>\n<ul style='padding-left: 20px; font-size: 15px; color: inherit;'>\n<li style='margin-bottom: 5px;'><strong>Carcasa:<\/strong> Acero&comma; Acabado: Cromo brillante<\/li>\n<li style='margin-bottom: 5px;'><strong>Tubo flexible:<\/strong> Acero<\/li>\n<\/ul><\/div>\n<p> <!-- Secci\u00f3n de instrucciones de instalaci\u00f3n --> <\/p>\n<div style='margin-bottom: 30px;'>\n<h3 style='font-size: 22px; border-bottom: 2px solid currentColor; padding-bottom: 5px; margin-top: 0; color: inherit; opacity: 0.8;'>Instrucciones de Instalaci\u00f3n<\/h3>\n<ul style='padding-left: 20px; font-size: 15px; color: inherit;'>\n<li style='margin-bottom: 5px;'>La cubierta de plomo ABLOY generalmente se instala en la puerta<\/li>\n<li style='margin-bottom: 5px;'>Cuando no hay suficiente espacio&comma; puede instalarse en el marco<\/li>\n<li style='margin-bottom: 5px;'>Antes de instalar&comma; el cable debe pasar a trav\u00e9s de la puerta<\/li>\n<li style='margin-bottom: 5px;'>El orificio para el cable debe ser lo suficientemente ancho para permitir el movimiento de los hilos<\/li>\n<\/ul><\/div>\n<p> <!-- Separador final --> <\/p>\n<hr style='border: 0; border-top: 1px solid rgba(150&comma; 150&comma; 150&comma; 0.3); margin: 30px 0;'> <\/div>\n","protected":false},"excerpt":{"rendered":"<p>Pasacables para Cerraduras Abloy<\/p>\n","protected":false},"featured_media":28895,"comment_status":"open","ping_status":"closed","template":"","meta":[],"product_brand":[],"product_cat":[734],"product_tag":[805,93,87],"class_list":{"0":"post-28896","1":"product","2":"type-product","3":"status-publish","4":"has-post-thumbnail","6":"product_cat-accesorios-cerraduras","7":"product_tag-abloy","8":"product_tag-accesorios","9":"product_tag-cerraduras","11":"first","12":"outofstock","13":"sale","14":"shipping-taxable","15":"purchasable","16":"product-type-simple"},"_links":{"self":[{"href":"https:\/\/soydeaqui.ddns.net\/pachuca\/index.php\/wp-json\/wp\/v2\/product\/28896","targetHints":{"allow":["GET"]}}],"collection":[{"href":"https:\/\/soydeaqui.ddns.net\/pachuca\/index.php\/wp-json\/wp\/v2\/product"}],"about":[{"href":"https:\/\/soydeaqui.ddns.net\/pachuca\/index.php\/wp-json\/wp\/v2\/types\/product"}],"replies":[{"embeddable":true,"href":"https:\/\/soydeaqui.ddns.net\/pachuca\/index.php\/wp-json\/wp\/v2\/comments?post=28896"}],"wp:featuredmedia":[{"embeddable":true,"href":"https:\/\/soydeaqui.ddns.net\/pachuca\/index.php\/wp-json\/wp\/v2\/media\/28895"}],"wp:attachment":[{"href":"https:\/\/soydeaqui.ddns.net\/pachuca\/index.php\/wp-json\/wp\/v2\/media?parent=28896"}],"wp:term":[{"taxonomy":"product_brand","embeddable":true,"href":"https:\/\/soydeaqui.ddns.net\/pachuca\/index.php\/wp-json\/wp\/v2\/product_brand?post=28896"},{"taxonomy":"product_cat","embeddable":true,"href":"https:\/\/soydeaqui.ddns.net\/pachuca\/index.php\/wp-json\/wp\/v2\/product_cat?post=28896"},{"taxonomy":"product_tag","embeddable":true,"href":"https:\/\/soydeaqui.ddns.net\/pachuca\/index.php\/wp-json\/wp\/v2\/product_tag?post=28896"}],"curies":[{"name":"wp","href":"https:\/\/api.w.org\/{rel}","templated":true}]}}