{"id":28891,"date":"2026-03-18T13:07:43","date_gmt":"2026-03-18T13:07:43","guid":{"rendered":"https:\/\/soydeaqui.ddns.net\/pachuca\/index.php\/producto\/boton-de-salida-sin-contacto-sensor-ir-iluminado-normalmente-abierto-y-cerrado-distancia-ajustable-de-deteccion\/"},"modified":"2026-03-18T13:07:48","modified_gmt":"2026-03-18T13:07:48","slug":"boton-de-salida-sin-contacto-sensor-ir-iluminado-normalmente-abierto-y-cerrado-distancia-ajustable-de-deteccion","status":"publish","type":"product","link":"https:\/\/soydeaqui.ddns.net\/pachuca\/index.php\/producto\/boton-de-salida-sin-contacto-sensor-ir-iluminado-normalmente-abierto-y-cerrado-distancia-ajustable-de-deteccion\/","title":{"rendered":"Bot\u00f3n de Salida sin Contacto\/ Sensor IR \/ Iluminado \/ Normalmente Abierto y Cerrado \/ Distancia Ajustable de Detecci\u00f3n"},"content":{"rendered":"<div style='width: 100%; max-width: 1200px; margin: 0 auto; font-family: sans-serif; line-height: 1.6; color: inherit; background-color: transparent;'>\n<div style='display: flex; justify-content: center; margin: 20px 0;'> <img style='width: 100%; max-width: 393px; height: auto; border: 1px solid rgba(150&comma;150&comma;150&comma;0.3); border-radius: 8px;' src='https:\/\/ftp3.syscom.mx\/usuarios\/fotos\/PRO800B\/67296-access-pro.png' alt='' \/> <\/div>\n<div style='display: flex; flex-wrap: wrap; gap: 30px; margin-bottom: 30px;'>\n<div style='flex: 1 1 300px; min-width: 280px;'>\n<h3 style='font-size: 22px; border-bottom: 2px solid currentColor; padding-bottom: 5px; margin-top: 0; color: inherit; opacity: 0.8;'>Caracter\u00edsticas principales:<\/h3>\n<ul style='padding-left: 20px; font-size: 15px; color: inherit;'>\n<li style='margin-bottom: 5px;'>Distancia de detecci\u00f3n es de <strong style='color: inherit;'>4 a 15 cm ajustable<\/strong>.<\/li>\n<li style='margin-bottom: 5px;'>Acero inoxidable.<\/li>\n<li style='margin-bottom: 5px;'>Sensor IR<\/li>\n<li style='margin-bottom: 5px;'><strong style='color: inherit;'>Garant\u00eda de por vida.<\/strong><\/li>\n<\/ul><\/div>\n<div style='flex: 1 1 300px; min-width: 280px;'>\n<h3 style='font-size: 22px; border-bottom: 2px solid currentColor; padding-bottom: 5px; margin-top: 0; color: inherit; opacity: 0.8;'>Caracter\u00edsticas F\u00edsicas y El\u00e9ctricas:<\/h3>\n<ul style='padding-left: 20px; font-size: 15px; color: inherit;'>\n<li style='margin-bottom: 5px;'>Voltaje <strong style='color: inherit;'>12VDC<\/strong>.<\/li>\n<li style='margin-bottom: 5px;'>Tensi\u00f3n que soporta en su relevador menor\/igual a 24Vcc.<\/li>\n<li style='margin-bottom: 5px;'>Contactos de salida <strong style='color: inherit;'>NO\/COM\/NC<\/strong>.<\/li>\n<li style='margin-bottom: 5px;'>Temperatura de operaci\u00f3n: 10 a 55\u00b0C.<\/li>\n<li style='margin-bottom: 5px;'>Dimensiones: 115 x 70 x 25 (mm).<\/li>\n<\/ul><\/div>\n<div style='flex: 1 1 300px; min-width: 280px;'>\n<h3 style='font-size: 22px; border-bottom: 2px solid currentColor; padding-bottom: 5px; margin-top: 0; color: inherit; opacity: 0.8;'>Caracter\u00edsticas Destacadas:<\/h3>\n<ul style='padding-left: 20px; font-size: 15px; color: inherit;'>\n<li style='margin-bottom: 5px;'>Los botones de salida sin contacto de ACCESSPRO utilizan tecnolog\u00eda IR para identificar la salida. Solo es necesario acercar la mano <strong style='color: inherit;'>sin necesidad de tocar<\/strong>. Este equipo es ideal para instalaciones en <strong style='color: inherit;'>escuelas&comma; hospitales&comma; oficinas o cl\u00ednicas<\/strong>.<\/li>\n<\/ul><\/div>\n<\/p><\/div>\n<div style='margin: 30px 0; padding: 15px; border-left: 5px solid #0091ff; background-color: rgba(0&comma; 145&comma; 255&comma; 0.05);'>\n<p style='margin: 0; text-align: center; font-size: 16px; color: inherit;'><strong style='color: inherit;'>Nota:<\/strong> El equipo al energizarse manda una activaci\u00f3n al relay.<\/p>\n<\/p><\/div>\n<div style='display: flex; flex-wrap: wrap; gap: 20px;'>\n<div style='flex: 1 1 45%; min-width: 280px;'> <img style='width: 100%; height: auto; border: 1px solid rgba(150&comma;150&comma;150&comma;0.3); border-radius: 8px;' src='http:\/\/ftp3.syscom.mx\/usuarios\/ccordova\/AccessPRO\/botones\/accessk1.jpg' alt='' \/> <\/div>\n<div style='flex: 1 1 45%; min-width: 280px;'> <img style='width: 100%; height: auto; border: 1px solid rgba(150&comma;150&comma;150&comma;0.3); border-radius: 8px;' src='http:\/\/ftp3.syscom.mx\/usuarios\/ccordova\/AccessPRO\/botones\/accessk1-1.jpg' alt='' \/> <\/div>\n<div style='flex: 1 1 45%; min-width: 280px;'> <img style='width: 100%; height: auto; border: 1px solid rgba(150&comma;150&comma;150&comma;0.3); border-radius: 8px;' src='http:\/\/ftp3.syscom.mx\/usuarios\/ccordova\/AccessPRO\/botones\/accessk1-2.jpg' alt='' \/> <\/div>\n<div style='flex: 1 1 45%; min-width: 280px;'> <img style='width: 100%; height: auto; border: 1px solid rgba(150&comma;150&comma;150&comma;0.3); border-radius: 8px;' src='http:\/\/ftp3.syscom.mx\/usuarios\/fotos\/chapas.gif' alt='' \/> <\/div>\n<\/p><\/div>\n<\/p><\/div>\n","protected":false},"excerpt":{"rendered":"<p>Bot\u00f3n de Salida sin Contacto\/ Sensor IR \/ Iluminado \/ Normalmente Abierto y Cerrado \/ Distancia Ajustable de Detecci\u00f3n<\/p>\n","protected":false},"featured_media":28890,"comment_status":"open","ping_status":"closed","template":"","meta":[],"product_brand":[],"product_cat":[190],"product_tag":[93,234,191],"class_list":{"0":"post-28891","1":"product","2":"type-product","3":"status-publish","4":"has-post-thumbnail","6":"product_cat-botones-de-salida","7":"product_tag-accesorios","8":"product_tag-accesspro","9":"product_tag-botones-de-salida","11":"first","12":"instock","13":"sale","14":"shipping-taxable","15":"purchasable","16":"product-type-simple"},"_links":{"self":[{"href":"https:\/\/soydeaqui.ddns.net\/pachuca\/index.php\/wp-json\/wp\/v2\/product\/28891","targetHints":{"allow":["GET"]}}],"collection":[{"href":"https:\/\/soydeaqui.ddns.net\/pachuca\/index.php\/wp-json\/wp\/v2\/product"}],"about":[{"href":"https:\/\/soydeaqui.ddns.net\/pachuca\/index.php\/wp-json\/wp\/v2\/types\/product"}],"replies":[{"embeddable":true,"href":"https:\/\/soydeaqui.ddns.net\/pachuca\/index.php\/wp-json\/wp\/v2\/comments?post=28891"}],"wp:featuredmedia":[{"embeddable":true,"href":"https:\/\/soydeaqui.ddns.net\/pachuca\/index.php\/wp-json\/wp\/v2\/media\/28890"}],"wp:attachment":[{"href":"https:\/\/soydeaqui.ddns.net\/pachuca\/index.php\/wp-json\/wp\/v2\/media?parent=28891"}],"wp:term":[{"taxonomy":"product_brand","embeddable":true,"href":"https:\/\/soydeaqui.ddns.net\/pachuca\/index.php\/wp-json\/wp\/v2\/product_brand?post=28891"},{"taxonomy":"product_cat","embeddable":true,"href":"https:\/\/soydeaqui.ddns.net\/pachuca\/index.php\/wp-json\/wp\/v2\/product_cat?post=28891"},{"taxonomy":"product_tag","embeddable":true,"href":"https:\/\/soydeaqui.ddns.net\/pachuca\/index.php\/wp-json\/wp\/v2\/product_tag?post=28891"}],"curies":[{"name":"wp","href":"https:\/\/api.w.org\/{rel}","templated":true}]}}