{"id":28868,"date":"2026-03-18T13:07:09","date_gmt":"2026-03-18T13:07:09","guid":{"rendered":"https:\/\/soydeaqui.ddns.net\/pachuca\/index.php\/producto\/tarjeta-gen-2-uhf-iso-combi-uhf-hf-13-56-mhz-mifare\/"},"modified":"2026-03-18T13:07:12","modified_gmt":"2026-03-18T13:07:12","slug":"tarjeta-gen-2-uhf-iso-combi-uhf-hf-13-56-mhz-mifare","status":"publish","type":"product","link":"https:\/\/soydeaqui.ddns.net\/pachuca\/index.php\/producto\/tarjeta-gen-2-uhf-iso-combi-uhf-hf-13-56-mhz-mifare\/","title":{"rendered":"tarjeta Gen 2 UHF ISO Combi UHF-HF (13.56 MHz Mifare)*"},"content":{"rendered":"<div style='width: 100%; max-width: 1200px; margin: 0 auto; font-family: sans-serif; line-height: 1.6; color: inherit; background-color: transparent;'>\n<div style='display: flex; flex-wrap: wrap; gap: 30px; margin-bottom: 30px;'>\n<div style='flex: 1 1 300px; min-width: 280px;'>\n<h3 style='font-size: 22px; border-bottom: 2px solid currentColor; padding-bottom: 5px; margin-top: 0; color: inherit; opacity: 0.8;'>Descripci\u00f3n<\/h3>\n<p style='font-size: 15px; color: inherit; margin: 15px 0;'>La tarjeta Nedap 9942343V2 Mifare 1K UHF Combi es una tarjeta que cuenta con UHF de largo alcance y tecnolog\u00eda de proximidad o tarjeta inteligente. Garantiza el uso de una \u00fanica tarjeta para las aplicaciones de acceso de veh\u00edculos y edificios.<\/p>\n<p style='font-size: 15px; color: inherit; margin: 15px 0;'>La tarjeta UHF Combi es una tarjeta pasiva UHF ISO que ofrece acceso de largo alcance de hasta 5 metros [16 pies] con uPASS Reach y 2 metros [6 pies] con uPASS Access.<\/p>\n<p style='font-size: 15px; color: inherit; margin: 15px 0;'>Junto a la tecnolog\u00eda UHF&comma; las tarjetas Combi se presentan con tecnolog\u00eda de proximidad o tarjeta inteligente&comma; que se utilizan para el acceso a edificios. Ofrece lo mejor de ambos y garantiza la compatibilidad y la integraci\u00f3n perfecta con las aplicaciones de control de acceso existentes.<\/p>\n<\/p><\/div>\n<\/p><\/div>\n<hr style='border: 0; border-top: 1px solid rgba(150&comma; 150&comma; 150&comma; 0.3); margin: 30px 0;'> <\/div>\n","protected":false},"excerpt":{"rendered":"<p>tarjeta Gen 2 UHF ISO Combi UHF-HF (13.56 MHz Mifare)*<\/p>\n","protected":false},"featured_media":28867,"comment_status":"open","ping_status":"closed","template":"","meta":[],"product_brand":[],"product_cat":[831],"product_tag":[466,858,832],"class_list":{"0":"post-28868","1":"product","2":"type-product","3":"status-publish","4":"has-post-thumbnail","6":"product_cat-uhf-rfid","7":"product_tag-lectoras-y-tarjetas","8":"product_tag-nedap","9":"product_tag-uhf-rfid","11":"first","12":"outofstock","13":"sale","14":"shipping-taxable","15":"purchasable","16":"product-type-simple"},"_links":{"self":[{"href":"https:\/\/soydeaqui.ddns.net\/pachuca\/index.php\/wp-json\/wp\/v2\/product\/28868","targetHints":{"allow":["GET"]}}],"collection":[{"href":"https:\/\/soydeaqui.ddns.net\/pachuca\/index.php\/wp-json\/wp\/v2\/product"}],"about":[{"href":"https:\/\/soydeaqui.ddns.net\/pachuca\/index.php\/wp-json\/wp\/v2\/types\/product"}],"replies":[{"embeddable":true,"href":"https:\/\/soydeaqui.ddns.net\/pachuca\/index.php\/wp-json\/wp\/v2\/comments?post=28868"}],"wp:featuredmedia":[{"embeddable":true,"href":"https:\/\/soydeaqui.ddns.net\/pachuca\/index.php\/wp-json\/wp\/v2\/media\/28867"}],"wp:attachment":[{"href":"https:\/\/soydeaqui.ddns.net\/pachuca\/index.php\/wp-json\/wp\/v2\/media?parent=28868"}],"wp:term":[{"taxonomy":"product_brand","embeddable":true,"href":"https:\/\/soydeaqui.ddns.net\/pachuca\/index.php\/wp-json\/wp\/v2\/product_brand?post=28868"},{"taxonomy":"product_cat","embeddable":true,"href":"https:\/\/soydeaqui.ddns.net\/pachuca\/index.php\/wp-json\/wp\/v2\/product_cat?post=28868"},{"taxonomy":"product_tag","embeddable":true,"href":"https:\/\/soydeaqui.ddns.net\/pachuca\/index.php\/wp-json\/wp\/v2\/product_tag?post=28868"}],"curies":[{"name":"wp","href":"https:\/\/api.w.org\/{rel}","templated":true}]}}