{"id":28828,"date":"2026-03-18T13:06:18","date_gmt":"2026-03-18T13:06:18","guid":{"rendered":"https:\/\/soydeaqui.ddns.net\/pachuca\/index.php\/producto\/amplificador-transit-prox-booster-single-id\/"},"modified":"2026-03-18T13:06:19","modified_gmt":"2026-03-18T13:06:19","slug":"amplificador-transit-prox-booster-single-id","status":"publish","type":"product","link":"https:\/\/soydeaqui.ddns.net\/pachuca\/index.php\/producto\/amplificador-transit-prox-booster-single-id\/","title":{"rendered":"AMPLIFICADOR TRANSIT PROX-BOOSTER SINGLE ID"},"content":{"rendered":"<div style='width: 100%; max-width: 1200px; margin: 0 auto; font-family: sans-serif; line-height: 1.6; color: inherit; background-color: transparent;'>\n<div style='position: relative; padding-bottom: 56.25%; height: 0; overflow: hidden; margin-bottom: 30px;'>   <\/div>\n<div style='display: flex; flex-wrap: wrap; gap: 30px; margin-bottom: 30px;'>\n<div style='flex: 1 1 300px; min-width: 280px;'>\n<h3 style='font-size: 22px; border-bottom: 2px solid currentColor; padding-bottom: 5px; margin-top: 0; color: inherit; opacity: 0.8;'>Caracter\u00edsticas principales<\/h3>\n<ul style='padding-left: 20px; font-size: 15px; color: inherit;'>\n<li style='margin-bottom: 5px;'>Identificaci\u00f3n simult\u00e1nea de veh\u00edculo y conductor<\/li>\n<li style='margin-bottom: 5px;'>Identificaci\u00f3n hasta 10 metros (33 pies)<\/li>\n<li style='margin-bottom: 5px;'>Soluci\u00f3n de identificaci\u00f3n dual patentada<\/li>\n<li style='margin-bottom: 5px;'>F\u00e1cil montaje en el parabrisas del veh\u00edculo<\/li>\n<li style='margin-bottom: 5px;'>Autenticaci\u00f3n avanzada de etiquetas basada en encriptaci\u00f3n AES<\/li>\n<li style='margin-bottom: 5px;'>Utiliza dos frecuencias RFID para un rendimiento optimizado<\/li>\n<\/ul><\/div>\n<div style='flex: 1 1 300px; min-width: 280px;'>\n<h3 style='font-size: 22px; border-bottom: 2px solid currentColor; padding-bottom: 5px; margin-top: 0; color: inherit; opacity: 0.8;'>Caracter\u00edsticas F\u00edsicas y El\u00e9ctricas<\/h3>\n<ul style='padding-left: 20px; font-size: 15px; color: inherit;'>\n<li style='margin-bottom: 5px;'><strong>Dimensiones:<\/strong> 111 x 65 x 28 mm (4.4 x 2.6 x 1.1 in)<\/li>\n<li style='margin-bottom: 5px;'><strong>Peso:<\/strong> 110 g (3.9 oz)<\/li>\n<li style='margin-bottom: 5px;'><strong>Nivel de protecci\u00f3n:<\/strong> IP32 (approx. NEMA 2)<\/li>\n<li style='margin-bottom: 5px;'><strong>Temperatura de operaci\u00f3n:<\/strong> -40 &#8230; +85\u00b0C (-40\u2026+185\u00b0F)<\/li>\n<li style='margin-bottom: 5px;'><strong>Humedad:<\/strong> 10% &#8230; 93% Humedad relativa&comma; sin condensaci\u00f3n<\/li>\n<li style='margin-bottom: 5px;'><strong>Alimentaci\u00f3n:<\/strong> 2 Bater\u00edas AA&comma; 2.6V < Vbat < 3.3V<\/li>\n<\/ul><\/div>\n<div style='flex: 1 1 300px; min-width: 280px;'>\n<h3 style='font-size: 22px; border-bottom: 2px solid currentColor; padding-bottom: 5px; margin-top: 0; color: inherit; opacity: 0.8;'>Caracter\u00edsticas Destacadas<\/h3>\n<p style='font-size: 15px; color: inherit; text-align: justify;'> El Smartcard Booster es una etiqueta de identificaci\u00f3n del veh\u00edculo y del conductor. Esta soluci\u00f3n patentada garantiza que un veh\u00edculo solo pueda acceder a un \u00e1rea segura cuando lo conduce un conductor autorizado. El Smartcard Booster se utiliza en combinaci\u00f3n con las credenciales de acceso personal (existentes). Basado en tecnolog\u00eda RFID semiactiva (2&comma;45 GHz)&comma; el Smartcard Booster se identifica hasta 10 metros (33 pies) con el lector TRANSIT Ultimate o TRANSIT Standard. <\/p>\n<\/p><\/div>\n<\/p><\/div>\n<\/p><\/div>\n","protected":false},"excerpt":{"rendered":"<p>AMPLIFICADOR TRANSIT PROX-BOOSTER SINGLE ID<\/p>\n","protected":false},"featured_media":32,"comment_status":"open","ping_status":"closed","template":"","meta":[],"product_brand":[],"product_cat":[831],"product_tag":[466,858,832],"class_list":{"0":"post-28828","1":"product","2":"type-product","3":"status-publish","4":"has-post-thumbnail","6":"product_cat-uhf-rfid","7":"product_tag-lectoras-y-tarjetas","8":"product_tag-nedap","9":"product_tag-uhf-rfid","11":"first","12":"instock","13":"sale","14":"shipping-taxable","15":"purchasable","16":"product-type-simple"},"_links":{"self":[{"href":"https:\/\/soydeaqui.ddns.net\/pachuca\/index.php\/wp-json\/wp\/v2\/product\/28828","targetHints":{"allow":["GET"]}}],"collection":[{"href":"https:\/\/soydeaqui.ddns.net\/pachuca\/index.php\/wp-json\/wp\/v2\/product"}],"about":[{"href":"https:\/\/soydeaqui.ddns.net\/pachuca\/index.php\/wp-json\/wp\/v2\/types\/product"}],"replies":[{"embeddable":true,"href":"https:\/\/soydeaqui.ddns.net\/pachuca\/index.php\/wp-json\/wp\/v2\/comments?post=28828"}],"wp:featuredmedia":[{"embeddable":true,"href":"https:\/\/soydeaqui.ddns.net\/pachuca\/index.php\/wp-json\/wp\/v2\/media\/32"}],"wp:attachment":[{"href":"https:\/\/soydeaqui.ddns.net\/pachuca\/index.php\/wp-json\/wp\/v2\/media?parent=28828"}],"wp:term":[{"taxonomy":"product_brand","embeddable":true,"href":"https:\/\/soydeaqui.ddns.net\/pachuca\/index.php\/wp-json\/wp\/v2\/product_brand?post=28828"},{"taxonomy":"product_cat","embeddable":true,"href":"https:\/\/soydeaqui.ddns.net\/pachuca\/index.php\/wp-json\/wp\/v2\/product_cat?post=28828"},{"taxonomy":"product_tag","embeddable":true,"href":"https:\/\/soydeaqui.ddns.net\/pachuca\/index.php\/wp-json\/wp\/v2\/product_tag?post=28828"}],"curies":[{"name":"wp","href":"https:\/\/api.w.org\/{rel}","templated":true}]}}