{"id":28824,"date":"2026-03-18T13:06:11","date_gmt":"2026-03-18T13:06:11","guid":{"rendered":"https:\/\/soydeaqui.ddns.net\/pachuca\/index.php\/producto\/lector-para-condiciones-de-identificacion-vehicular-extremas-autos-blindados-multi-carril-sin-interferencias-transit-ultimate-2-4-ghz-alcance-de-hasta-10-mts\/"},"modified":"2026-03-18T13:06:15","modified_gmt":"2026-03-18T13:06:15","slug":"lector-para-condiciones-de-identificacion-vehicular-extremas-autos-blindados-multi-carril-sin-interferencias-transit-ultimate-2-4-ghz-alcance-de-hasta-10-mts","status":"publish","type":"product","link":"https:\/\/soydeaqui.ddns.net\/pachuca\/index.php\/producto\/lector-para-condiciones-de-identificacion-vehicular-extremas-autos-blindados-multi-carril-sin-interferencias-transit-ultimate-2-4-ghz-alcance-de-hasta-10-mts\/","title":{"rendered":"Lector para condiciones de identificaci\u00f3n vehicular extremas, Autos blindados, Multi-carril, Sin interferencias,   TRANSIT ULTIMATE , 2.4 GHZ , Alcance de hasta 10 mts"},"content":{"rendered":"<div style='width: 100%; max-width: 1200px; margin: 0 auto; font-family: sans-serif; line-height: 1.6; color: inherit; background-color: transparent;'> <!-- Video container --> <\/p>\n<div style='position: relative; padding-bottom: 56.25%; height: 0; overflow: hidden; margin-bottom: 30px;'>   <\/div>\n<p> <!-- Main content with flex layout --> <\/p>\n<div style='display: flex; flex-wrap: wrap; gap: 30px; margin-bottom: 30px;'>\n<div style='flex: 1 1 300px; min-width: 280px;'>\n<h3 style='font-size: 22px; border-bottom: 2px solid currentColor; padding-bottom: 5px; margin-top: 0; color: inherit; opacity: 0.8;'>Caracter\u00edsticas principales:<\/h3>\n<ul style='padding-left: 20px; font-size: 15px; color: inherit;'>\n<li style='margin-bottom: 5px;'><span style='font-size: 15px; color: inherit;'>Identificaci\u00f3n simult\u00e1nea de veh\u00edculo y conductor<\/span><\/li>\n<li style='margin-bottom: 5px;'><span style='font-size: 15px; color: inherit;'>Rango de lectura de hasta 10 metros (33 pies)<\/span><\/li>\n<li style='margin-bottom: 5px;'><span style='font-size: 15px; color: inherit;'>Velocidad del objeto hasta 200 km \/ h (125 mph) en distancia apropiada<\/span><\/li>\n<li style='margin-bottom: 5px;'><span style='font-size: 15px; color: inherit;'>Autenticaci\u00f3n de etiquetas basada en encriptaci\u00f3n AES<\/span><\/li>\n<li style='margin-bottom: 5px;'><span style='font-size: 15px; color: inherit;'>Rango de lectura ajustable<\/span><\/li>\n<li style='margin-bottom: 5px;'><span style='font-size: 15px; color: inherit;'>Variedad de interfaces de comunicaci\u00f3n integradas<\/span><\/li>\n<li style='margin-bottom: 5px;'><span style='font-size: 15px; color: inherit;'>Dise\u00f1o industrial robusto<\/span><\/li>\n<li style='margin-bottom: 5px;'><span style='font-size: 15px; color: inherit;'>Compatible con OSDP v2<\/span><\/li>\n<\/ul><\/div>\n<div style='flex: 1 1 300px; min-width: 280px;'>\n<h3 style='font-size: 22px; border-bottom: 2px solid currentColor; padding-bottom: 5px; margin-top: 0; color: inherit; opacity: 0.8;'>Caracter\u00edsticas F\u00edsicas y El\u00e9ctricas:<\/h3>\n<ul style='padding-left: 20px; font-size: 15px; color: inherit;'>\n<li style='margin-bottom: 5px;'><span style='font-size: 15px; color: inherit;'>Dimensiones: 330 x 274 x 140 mm (13 x 10.8 x 5.5 in)<\/span><\/li>\n<li style='margin-bottom: 5px;'><span style='font-size: 15px; color: inherit;'>Peso: 4 kg (8.82 lbs)<\/span><\/li>\n<li style='margin-bottom: 5px;'><span style='font-size: 15px; color: inherit;'>Nivel de protecci\u00f3n: IP66<\/span><\/li>\n<li style='margin-bottom: 5px;'><span style='font-size: 15px; color: inherit;'>Temperatura de operaci\u00f3n: -30\u2026 +60\u00b0C (-22\u2026 +140\u00b0F)<\/span><\/li>\n<li style='margin-bottom: 5px;'><span style='font-size: 15px; color: inherit;'>Humedad: 10% &#8230; 93% Humedad relativa&comma; sin condensaci\u00f3n<\/span><\/li>\n<li style='margin-bottom: 5px;'><span style='font-size: 15px; color: inherit;'>Voltaje: 100-240 VAC&comma; 0.3-0.6A (50 &#8211; 60 Hz) or 24 VDC&comma; 0.7A<\/span><\/li>\n<li style='margin-bottom: 5px;'><span style='font-size: 15px; color: inherit;'>Salida Wiegand<\/span><\/li>\n<\/ul><\/div>\n<div style='flex: 1 1 300px; min-width: 280px;'>\n<h3 style='font-size: 22px; border-bottom: 2px solid currentColor; padding-bottom: 5px; margin-top: 0; color: inherit; opacity: 0.8;'>Caracter\u00edsticas Destacadas:<\/h3>\n<p style='font-size: 15px; color: inherit; text-align: justify;'> Este lector de gama alta est\u00e1 dise\u00f1ado para funcionar bien en aplicaciones de alta seguridad&comma; aplicaciones de control de acceso vehicular exigentes y en condiciones ambientales adversas. Las aplicaciones t\u00edpicas incluyen: acceso de veh\u00edculos altamente seguro en aeropuertos&comma; puertos mar\u00edtimos&comma; minas&comma; bases militares y otras instalaciones donde los veh\u00edculos deben asignarse a conductores espec\u00edficos. <\/p>\n<\/p><\/div>\n<\/p><\/div>\n<\/p><\/div>\n","protected":false},"excerpt":{"rendered":"<p>Lector para condiciones de identificaci\u00f3n vehicular extremas, Autos blindados, Multi-carril, Sin interferencias,   TRANSIT ULTIMATE , 2.4 GHZ , Alcance de hasta 10 mts<\/p>\n","protected":false},"featured_media":28823,"comment_status":"open","ping_status":"closed","template":"","meta":[],"product_brand":[],"product_cat":[831],"product_tag":[466,858,832],"class_list":{"0":"post-28824","1":"product","2":"type-product","3":"status-publish","4":"has-post-thumbnail","6":"product_cat-uhf-rfid","7":"product_tag-lectoras-y-tarjetas","8":"product_tag-nedap","9":"product_tag-uhf-rfid","11":"first","12":"outofstock","13":"sale","14":"shipping-taxable","15":"purchasable","16":"product-type-simple"},"_links":{"self":[{"href":"https:\/\/soydeaqui.ddns.net\/pachuca\/index.php\/wp-json\/wp\/v2\/product\/28824","targetHints":{"allow":["GET"]}}],"collection":[{"href":"https:\/\/soydeaqui.ddns.net\/pachuca\/index.php\/wp-json\/wp\/v2\/product"}],"about":[{"href":"https:\/\/soydeaqui.ddns.net\/pachuca\/index.php\/wp-json\/wp\/v2\/types\/product"}],"replies":[{"embeddable":true,"href":"https:\/\/soydeaqui.ddns.net\/pachuca\/index.php\/wp-json\/wp\/v2\/comments?post=28824"}],"wp:featuredmedia":[{"embeddable":true,"href":"https:\/\/soydeaqui.ddns.net\/pachuca\/index.php\/wp-json\/wp\/v2\/media\/28823"}],"wp:attachment":[{"href":"https:\/\/soydeaqui.ddns.net\/pachuca\/index.php\/wp-json\/wp\/v2\/media?parent=28824"}],"wp:term":[{"taxonomy":"product_brand","embeddable":true,"href":"https:\/\/soydeaqui.ddns.net\/pachuca\/index.php\/wp-json\/wp\/v2\/product_brand?post=28824"},{"taxonomy":"product_cat","embeddable":true,"href":"https:\/\/soydeaqui.ddns.net\/pachuca\/index.php\/wp-json\/wp\/v2\/product_cat?post=28824"},{"taxonomy":"product_tag","embeddable":true,"href":"https:\/\/soydeaqui.ddns.net\/pachuca\/index.php\/wp-json\/wp\/v2\/product_tag?post=28824"}],"curies":[{"name":"wp","href":"https:\/\/api.w.org\/{rel}","templated":true}]}}