{"id":28812,"date":"2026-03-18T13:05:57","date_gmt":"2026-03-18T13:05:57","guid":{"rendered":"https:\/\/soydeaqui.ddns.net\/pachuca\/index.php\/producto\/nuevo-diseno-torniquete-industrial-en-acero-bidireccional-espacio-para-lectora-de-proximidad-interiores\/"},"modified":"2026-03-18T13:05:58","modified_gmt":"2026-03-18T13:05:58","slug":"nuevo-diseno-torniquete-industrial-en-acero-bidireccional-espacio-para-lectora-de-proximidad-interiores","status":"publish","type":"product","link":"https:\/\/soydeaqui.ddns.net\/pachuca\/index.php\/producto\/nuevo-diseno-torniquete-industrial-en-acero-bidireccional-espacio-para-lectora-de-proximidad-interiores\/","title":{"rendered":"(Nuevo dise\u00f1o) Torniquete Industrial en Acero, Bidireccional, Espacio para Lectora de Proximidad, Interiores"},"content":{"rendered":"<div style='width: 100%; max-width: 1200px; margin: 0 auto; font-family: sans-serif; line-height: 1.6; color: inherit; background-color: transparent;'> <!-- Descripci\u00f3n principal --> <\/p>\n<div style='margin-bottom: 30px; font-size: 15px;'>\n<p>El torniquete tripode XT1000PRO de AccessPRO Industrial es un torniquete compacto con un alto costo-beneficio dise\u00f1ado para un volumen alto de tr\u00e1fico.<\/p>\n<p>El torniquete para un carril sencillo XT1000PRO est\u00e1 dise\u00f1ado con un mecanismo silencioso y operaci\u00f3n suave a un consumo bajo. Fabricado en acero inoxidable que lo hace altamente durable. Su mecanismo compacto fue dise\u00f1ado para operaci\u00f3n en lugares con poco espacio.<\/p>\n<p>Los brazos del torniquete XT1000PRO durante la operaci\u00f3n se encuentran bloqueados para evitar un acceso no deseado. Mediante el uso de lectores (tarjetas de proximidad y\/o huella digital) se puede tener un acceso correcto y de esta manera desbloquear el mecanismo y poder accesar. Cuenta tambien con la opci\u00f3n de emergencia o p\u00e9rdida de energia el brazo puede caer permitiendo un libre acceso al personal.<\/p>\n<\/p><\/div>\n<p> <!-- Caracter\u00edsticas --> <\/p>\n<div style='display: flex; flex-wrap: wrap; gap: 30px; margin-bottom: 30px;'>\n<div style='flex: 1 1 300px; min-width: 280px;'>\n<h3 style='font-size: 22px; border-bottom: 2px solid currentColor; padding-bottom: 5px; margin-top: 0; color: inherit; opacity: 0.8;'>Caracter\u00edsticas<\/h3>\n<ul style='padding-left: 20px; font-size: 15px; color: inherit;'>\n<li style='margin-bottom: 5px;'>Confiabilidad<\/li>\n<ul style='padding-left: 20px; margin-top: 5px; margin-bottom: 15px; color: inherit;'>\n<li style='margin-bottom: 5px;'>El Acero inoxidable del torniquete SUS304 aseguran un considerable tiempo de vida<\/li>\n<li style='margin-bottom: 5px;'>Bajo consumo&comma; los componentes del mecanismo permanecen en espera hasta que el torniquete es activado<\/li>\n<li style='margin-bottom: 5px;'>Sistema de lubircacion patentado que reduce la necesidad de mantenimiento<\/li>\n<li style='margin-bottom: 5px;'>Componentes de alta calidad<\/li>\n<\/ul>\n<\/ul><\/div>\n<div style='flex: 1 1 300px; min-width: 280px;'>\n<h3 style='font-size: 22px; border-bottom: 2px solid currentColor; padding-bottom: 5px; margin-top: 0; color: inherit; opacity: 0.8;'>Caracter\u00edsticas de seguridad<\/h3>\n<ul style='padding-left: 20px; font-size: 15px; color: inherit;'>\n<li style='margin-bottom: 5px;'>Desbloqueo del torniquete por emergencia o p\u00e9rdida de energia<\/li>\n<li style='margin-bottom: 5px;'>Indicadores visuales para el acceso correcto o denegado<\/li>\n<li style='margin-bottom: 5px;'>Dise\u00f1o ergon\u00f3mico que facilita el uso de lectores de huella o tarjetas de proximidad<\/li>\n<\/ul><\/div>\n<\/p><\/div>\n<p> <!-- Especificaciones --> <\/p>\n<div style='display: flex; flex-wrap: wrap; gap: 20px; margin-bottom: 30px;'>\n<div style='flex: 1 1 250px; border: 1px solid rgba(150&comma; 150&comma; 150&comma; 0.4); border-radius: 8px; overflow: hidden; display: flex; flex-direction: column;'>\n<div style='padding: 15px; border-bottom: 1px solid rgba(150&comma; 150&comma; 150&comma; 0.2); font-weight: bold; font-size: 18px; color: inherit;'>Energ\u00eda y Consumo<\/div>\n<div style='padding: 15px; color: inherit;'>\n<ul style='padding-left: 20px; margin: 0; font-size: 14px; list-style-type: disc;'>\n<li style='margin-bottom: 5px;'><strong>Alimentaci\u00f3n:<\/strong> AC 110\/220V&comma; 50\/60Hz<\/li>\n<li style='margin-bottom: 5px;'><strong>Consumo iniciando:<\/strong> 68W<\/li>\n<li style='margin-bottom: 5px;'><strong>Consumo en espera:<\/strong> 15W<\/li>\n<li style='margin-bottom: 5px;'><strong>Consumo en desbloqueo:<\/strong> 60W<\/li>\n<\/ul><\/div>\n<\/p><\/div>\n<div style='flex: 1 1 250px; border: 1px solid rgba(150&comma; 150&comma; 150&comma; 0.4); border-radius: 8px; overflow: hidden; display: flex; flex-direction: column;'>\n<div style='padding: 15px; border-bottom: 1px solid rgba(150&comma; 150&comma; 150&comma; 0.2); font-weight: bold; font-size: 18px; color: inherit;'>Condiciones de Operaci\u00f3n<\/div>\n<div style='padding: 15px; color: inherit;'>\n<ul style='padding-left: 20px; margin: 0; font-size: 14px; list-style-type: disc;'>\n<li style='margin-bottom: 5px;'><strong>Temperatura de operaci\u00f3n:<\/strong> -28 \u00b0C &#8211; 60 \u00b0C<\/li>\n<li style='margin-bottom: 5px;'><strong>Humedad:<\/strong> 5% &#8211; 80%<\/li>\n<li style='margin-bottom: 5px;'><strong>Para uso en:<\/strong> Interior \/ Exterior (protegido)<\/li>\n<\/ul><\/div>\n<\/p><\/div>\n<div style='flex: 1 1 250px; border: 1px solid rgba(150&comma; 150&comma; 150&comma; 0.4); border-radius: 8px; overflow: hidden; display: flex; flex-direction: column;'>\n<div style='padding: 15px; border-bottom: 1px solid rgba(150&comma; 150&comma; 150&comma; 0.2); font-weight: bold; font-size: 18px; color: inherit;'>Rendimiento<\/div>\n<div style='padding: 15px; color: inherit;'>\n<ul style='padding-left: 20px; margin: 0; font-size: 14px; list-style-type: disc;'>\n<li style='margin-bottom: 5px;'><strong>Velocidad de uso RFID:<\/strong> M\u00e1ximo 30 personas por minuto<\/li>\n<li style='margin-bottom: 5px;'><strong>Velocidad de uso Huella digital:<\/strong> M\u00e1ximo 25 personas por minuto<\/li>\n<li style='margin-bottom: 5px;'><strong>Ancho del carril:<\/strong> 500 mm<\/li>\n<\/ul><\/div>\n<\/p><\/div>\n<div style='flex: 1 1 250px; border: 1px solid rgba(150&comma; 150&comma; 150&comma; 0.4); border-radius: 8px; overflow: hidden; display: flex; flex-direction: column;'>\n<div style='padding: 15px; border-bottom: 1px solid rgba(150&comma; 150&comma; 150&comma; 0.2); font-weight: bold; font-size: 18px; color: inherit;'>Estructura y Materiales<\/div>\n<div style='padding: 15px; color: inherit;'>\n<ul style='padding-left: 20px; margin: 0; font-size: 14px; list-style-type: disc;'>\n<li style='margin-bottom: 5px;'><strong>Material del gabinete:<\/strong> SUS304 Acero inoxidable<\/li>\n<li style='margin-bottom: 5px;'><strong>Material de la tapadera superior:<\/strong> SUS304 Acero inoxidable<\/li>\n<li style='margin-bottom: 5px;'><strong>Material del brazo:<\/strong> SUS304 Acero Inoxidable<\/li>\n<\/ul><\/div>\n<\/p><\/div>\n<div style='flex: 1 1 250px; border: 1px solid rgba(150&comma; 150&comma; 150&comma; 0.4); border-radius: 8px; overflow: hidden; display: flex; flex-direction: column;'>\n<div style='padding: 15px; border-bottom: 1px solid rgba(150&comma; 150&comma; 150&comma; 0.2); font-weight: bold; font-size: 18px; color: inherit;'>Dimensiones y Peso<\/div>\n<div style='padding: 15px; color: inherit;'>\n<ul style='padding-left: 20px; margin: 0; font-size: 14px; list-style-type: disc;'>\n<li style='margin-bottom: 5px;'><strong>Dimensiones:<\/strong> L=520&comma; W=310&comma; H=1010 mm<\/li>\n<li style='margin-bottom: 5px;'><strong>Dimensiones paquete:<\/strong> L=570&comma; W=365&comma; H=1080 mm<\/li>\n<li style='margin-bottom: 5px;'><strong>Peso neto:<\/strong> 34 kg<\/li>\n<li style='margin-bottom: 5px;'><strong>Peso con empaque:<\/strong> 40 kg<\/li>\n<\/ul><\/div>\n<\/p><\/div>\n<div style='flex: 1 1 250px; border: 1px solid rgba(150&comma; 150&comma; 150&comma; 0.4); border-radius: 8px; overflow: hidden; display: flex; flex-direction: column;'>\n<div style='padding: 15px; border-bottom: 1px solid rgba(150&comma; 150&comma; 150&comma; 0.2); font-weight: bold; font-size: 18px; color: inherit;'>Caracter\u00edsticas Adicionales<\/div>\n<div style='padding: 15px; color: inherit;'>\n<ul style='padding-left: 20px; margin: 0; font-size: 14px; list-style-type: disc;'>\n<li style='margin-bottom: 5px;'><strong>Indicadores LED:<\/strong> S\u00ed<\/li>\n<li style='margin-bottom: 5px;'><strong>Movimiento de dispositivo:<\/strong> Rotaci\u00f3n<\/li>\n<li style='margin-bottom: 5px;'><strong>Modo de emergencia:<\/strong> S\u00ed<\/li>\n<li style='margin-bottom: 5px;'><strong>Nivel de seguridad:<\/strong> Medio<\/li>\n<li style='margin-bottom: 5px;'><strong>MCBF:<\/strong> 1 mill\u00f3n<\/li>\n<li style='margin-bottom: 5px;'><strong>Opciones\/Accesorios:<\/strong> Contador&comma; Gabinete y tapadera superior en material SUS316&comma; Control Remoto<\/li>\n<\/ul><\/div>\n<\/p><\/div>\n<\/p><\/div>\n<p> <!-- Separador --> <\/p>\n<hr style='border: 0; border-top: 1px solid rgba(150&comma; 150&comma; 150&comma; 0.3); margin: 30px 0;'> <\/div>\n","protected":false},"excerpt":{"rendered":"<p>(Nuevo dise\u00f1o) Torniquete Industrial en Acero, Bidireccional, Espacio para Lectora de Proximidad, Interiores<\/p>\n","protected":false},"featured_media":28811,"comment_status":"open","ping_status":"closed","template":"","meta":[],"product_brand":[],"product_cat":[758],"product_tag":[234,760,759],"class_list":{"0":"post-28812","1":"product","2":"type-product","3":"status-publish","4":"has-post-thumbnail","6":"product_cat-torniquetes-de-medio-cuerpo","7":"product_tag-accesspro","8":"product_tag-torniquetes-de-medio-cuerpo","9":"product_tag-torniquetes-y-puertas-de-cortesia","11":"first","12":"outofstock","13":"sale","14":"shipping-taxable","15":"purchasable","16":"product-type-simple"},"_links":{"self":[{"href":"https:\/\/soydeaqui.ddns.net\/pachuca\/index.php\/wp-json\/wp\/v2\/product\/28812","targetHints":{"allow":["GET"]}}],"collection":[{"href":"https:\/\/soydeaqui.ddns.net\/pachuca\/index.php\/wp-json\/wp\/v2\/product"}],"about":[{"href":"https:\/\/soydeaqui.ddns.net\/pachuca\/index.php\/wp-json\/wp\/v2\/types\/product"}],"replies":[{"embeddable":true,"href":"https:\/\/soydeaqui.ddns.net\/pachuca\/index.php\/wp-json\/wp\/v2\/comments?post=28812"}],"wp:featuredmedia":[{"embeddable":true,"href":"https:\/\/soydeaqui.ddns.net\/pachuca\/index.php\/wp-json\/wp\/v2\/media\/28811"}],"wp:attachment":[{"href":"https:\/\/soydeaqui.ddns.net\/pachuca\/index.php\/wp-json\/wp\/v2\/media?parent=28812"}],"wp:term":[{"taxonomy":"product_brand","embeddable":true,"href":"https:\/\/soydeaqui.ddns.net\/pachuca\/index.php\/wp-json\/wp\/v2\/product_brand?post=28812"},{"taxonomy":"product_cat","embeddable":true,"href":"https:\/\/soydeaqui.ddns.net\/pachuca\/index.php\/wp-json\/wp\/v2\/product_cat?post=28812"},{"taxonomy":"product_tag","embeddable":true,"href":"https:\/\/soydeaqui.ddns.net\/pachuca\/index.php\/wp-json\/wp\/v2\/product_tag?post=28812"}],"curies":[{"name":"wp","href":"https:\/\/api.w.org\/{rel}","templated":true}]}}