{"id":28797,"date":"2026-03-18T13:05:36","date_gmt":"2026-03-18T13:05:36","guid":{"rendered":"https:\/\/soydeaqui.ddns.net\/pachuca\/index.php\/producto\/porta-tarjeta-imitacion-piel-proteja-sus-tarjetas-con-diseno-elegante\/"},"modified":"2026-03-18T13:05:41","modified_gmt":"2026-03-18T13:05:41","slug":"porta-tarjeta-imitacion-piel-proteja-sus-tarjetas-con-diseno-elegante","status":"publish","type":"product","link":"https:\/\/soydeaqui.ddns.net\/pachuca\/index.php\/producto\/porta-tarjeta-imitacion-piel-proteja-sus-tarjetas-con-diseno-elegante\/","title":{"rendered":"Porta Tarjeta \/ Imitaci\u00f3n Piel \/ Proteja sus tarjetas con dise\u00f1o elegante"},"content":{"rendered":"<div style='width: 100%; max-width: 1200px; margin: 0 auto; font-family: sans-serif; line-height: 1.6; color: inherit;'>\n<div style='display: flex; flex-direction: column; gap: 30px;'>\n<div> <img style='width: 100%; height: auto; border: 1px solid rgba(150&comma;150&comma;150&comma;0.3); border-radius: 8px;' src='https:\/\/ftp3.syscom.mx\/usuarios\/fotos\/ACCESSWB65PROX\/166345-descarga.png' alt=''> <\/div>\n<div>\n<h3 style='font-size: 22px; border-bottom: 2px solid currentColor; padding-bottom: 5px; margin-top: 0; color: inherit; opacity: 0.8;'>Descripci\u00f3n<\/h3>\n<p style='margin: 15px 0; font-size: 15px; color: inherit;'>Porta Tarjeta Imitaci\u00f3n de Piel proteja sus tarjetas con un dise\u00f1o elegante.<\/p>\n<\/p><\/div>\n<div>\n<h3 style='font-size: 22px; border-bottom: 2px solid currentColor; padding-bottom: 5px; margin-top: 0; color: inherit; opacity: 0.8;'>Caracter\u00edsticas<\/h3>\n<ul style='padding-left: 20px; font-size: 15px; color: inherit;'>\n<li style='margin-bottom: 10px;'>Muy pr\u00e1ctico para uso con tarjetas impresas que no pueden ser perforadas.<\/li>\n<li style='margin-bottom: 10px;'>Acepta en su interior tarjetas delgadas tipo CR80.<\/li>\n<li style='margin-bottom: 10px;'>Disponible solo en color Caf\u00e9.<\/li>\n<li style='margin-bottom: 10px;'>Cuenta con una ventana de identificaci\u00f3n frontal con cubierta transparente&comma; ofrece una gran visibilidad y protecci\u00f3n para su identificaci\u00f3n.<\/li>\n<li style='margin-bottom: 10px;'>Perfecto para enfermeras&comma; enfermeros&comma; personal de oficina&comma; administraci\u00f3n&comma; estudiantes&comma; trabajadores de f\u00e1bricas&comma; empleados del gobierno&comma; contratistas y cualquier persona que utilice una tarjeta de proximidad para seguridad e identificaci\u00f3n.<\/li>\n<\/ul><\/div>\n<div>\n<h3 style='font-size: 22px; border-bottom: 2px solid currentColor; padding-bottom: 5px; margin-top: 0; color: inherit; opacity: 0.8;'>Nota<\/h3>\n<p style='margin: 15px 0; font-size: 15px; color: inherit;'>No incluye el cord\u00f3n para colgar.<\/p>\n<\/p><\/div>\n<div>\n<p style='margin: 15px 0; font-size: 15px; color: inherit;'><strong>*Pregunte por la promoci\u00f3n de descuento por volumen de compra.<\/strong><\/p>\n<\/p><\/div>\n<\/p><\/div>\n<\/p><\/div>\n","protected":false},"excerpt":{"rendered":"<p>Porta Tarjeta \/ Imitaci\u00f3n Piel \/ Proteja sus tarjetas con dise\u00f1o elegante<\/p>\n","protected":false},"featured_media":28796,"comment_status":"open","ping_status":"closed","template":"","meta":[],"product_brand":[],"product_cat":[823],"product_tag":[234,812,62],"class_list":{"0":"post-28797","1":"product","2":"type-product","3":"status-publish","4":"has-post-thumbnail","6":"product_cat-todos-identificacion-y-credencializacion","7":"product_tag-accesspro","8":"product_tag-identificacion-y-credencializacion","9":"product_tag-todos","11":"first","12":"outofstock","13":"sale","14":"shipping-taxable","15":"purchasable","16":"product-type-simple"},"_links":{"self":[{"href":"https:\/\/soydeaqui.ddns.net\/pachuca\/index.php\/wp-json\/wp\/v2\/product\/28797","targetHints":{"allow":["GET"]}}],"collection":[{"href":"https:\/\/soydeaqui.ddns.net\/pachuca\/index.php\/wp-json\/wp\/v2\/product"}],"about":[{"href":"https:\/\/soydeaqui.ddns.net\/pachuca\/index.php\/wp-json\/wp\/v2\/types\/product"}],"replies":[{"embeddable":true,"href":"https:\/\/soydeaqui.ddns.net\/pachuca\/index.php\/wp-json\/wp\/v2\/comments?post=28797"}],"wp:featuredmedia":[{"embeddable":true,"href":"https:\/\/soydeaqui.ddns.net\/pachuca\/index.php\/wp-json\/wp\/v2\/media\/28796"}],"wp:attachment":[{"href":"https:\/\/soydeaqui.ddns.net\/pachuca\/index.php\/wp-json\/wp\/v2\/media?parent=28797"}],"wp:term":[{"taxonomy":"product_brand","embeddable":true,"href":"https:\/\/soydeaqui.ddns.net\/pachuca\/index.php\/wp-json\/wp\/v2\/product_brand?post=28797"},{"taxonomy":"product_cat","embeddable":true,"href":"https:\/\/soydeaqui.ddns.net\/pachuca\/index.php\/wp-json\/wp\/v2\/product_cat?post=28797"},{"taxonomy":"product_tag","embeddable":true,"href":"https:\/\/soydeaqui.ddns.net\/pachuca\/index.php\/wp-json\/wp\/v2\/product_tag?post=28797"}],"curies":[{"name":"wp","href":"https:\/\/api.w.org\/{rel}","templated":true}]}}