{"id":28790,"date":"2026-03-18T13:05:24","date_gmt":"2026-03-18T13:05:24","guid":{"rendered":"https:\/\/soydeaqui.ddns.net\/pachuca\/index.php\/producto\/kit-puerta-doble-metalica-galvanizada-8-ft-x-8-ft-resistente-al-fuego-por-180-min-ul\/"},"modified":"2026-03-18T13:05:25","modified_gmt":"2026-03-18T13:05:25","slug":"kit-puerta-doble-metalica-galvanizada-8-ft-x-8-ft-resistente-al-fuego-por-180-min-ul","status":"publish","type":"product","link":"https:\/\/soydeaqui.ddns.net\/pachuca\/index.php\/producto\/kit-puerta-doble-metalica-galvanizada-8-ft-x-8-ft-resistente-al-fuego-por-180-min-ul\/","title":{"rendered":"Kit Puerta doble met\u00e1lica galvanizada 8 ft x 8 ft \/ Resistente al fuego por 180 min \/ UL"},"content":{"rendered":"<div style='width: 100%; max-width: 1200px; margin: 0 auto; font-family: sans-serif; line-height: 1.6; color: inherit; background-color: transparent;'> <!-- Secci\u00f3n de contenido con flex\/grid --> <\/p>\n<div style='display: flex; flex-wrap: wrap; gap: 30px; margin-bottom: 30px;'>\n<div style='flex: 1 1 300px; min-width: 280px;'>\n<h3 style='font-size: 22px; border-bottom: 2px solid currentColor; padding-bottom: 5px; margin-top: 0; color: inherit; opacity: 0.8;'>El Kit Incluye:<\/h3>\n<ul style='padding-left: 20px; font-size: 15px; color: inherit;'>\n<li style='margin-bottom: 5px;'><a style='color: inherit; text-decoration: none; font-weight: bold;' href='https:\/\/www.syscom.mx\/principal\/searchcont?route=5052A-ASSA-ABLOY-77024&#038;autodetect=5052a'>5052A<\/a> Puerta met\u00e1lica galvanizada 4&#8242; 0&#8242; x 8&#8242; 0&#8242; \/ Resistente al fuego por 180 min \/ UL<\/li>\n<li style='margin-bottom: 5px;'><a style='color: inherit; text-decoration: none; font-weight: bold;' href='https:\/\/www.syscom.mx\/principal\/searchcont?route=5057-ASSA-ABLOY-76895&#038;autodetect=5057'>5057<\/a> Jamba de bisagras galvanizada 8&#8242; 0&#8217;&comma; 5 3\/4&#8242; derecha<\/li>\n<li style='margin-bottom: 5px;'><a style='color: inherit; text-decoration: none; font-weight: bold;' href='https:\/\/www.syscom.mx\/principal\/searchcont?route=5058-ASSA-ABLOY-76896&#038;autodetect=5058'>5058<\/a> Jamba de bisagras galvanizada 8&#8242; 0&#8217;&comma; 5 3\/4&#8242; izquierda<\/li>\n<li style='margin-bottom: 5px;'><a style='color: inherit; text-decoration: none; font-weight: bold;' href='https:\/\/www.syscom.mx\/principal\/searchcont?route=5040-ASSA-ABLOY-76909&#038;autodetect=5040'>5040<\/a> Kit de Bisagras con Baleros de Alta Resistencia Certificaci\u00f3n UL<\/li>\n<li style='margin-bottom: 5px;'><a style='color: inherit; text-decoration: none; font-weight: bold;' href='https:\/\/www.syscom.mx\/principal\/searchcont?route=5071-ASSA-ABLOY-88561&#038;autodetect=5071'>5071<\/a> Cabezal 8 ft para puerta doble<\/li>\n<li style='margin-bottom: 5px;'><a style='color: inherit; text-decoration: none; font-weight: bold;' href='https:\/\/www.syscom.mx\/principal\/searchcont?route=5035-ASSA-ABLOY-88555&#038;autodetect=5035'>5035<\/a> Astragal 96 in serie 355CS<\/li>\n<\/ul><\/div>\n<div style='flex: 1 1 300px; min-width: 280px;'>\n<h3 style='font-size: 22px; border-bottom: 2px solid currentColor; padding-bottom: 5px; margin-top: 0; color: inherit; opacity: 0.8;'>Caracter\u00edsticas Especiales:<\/h3>\n<ul style='padding-left: 20px; font-size: 15px; color: inherit;'>\n<li style='margin-bottom: 5px;'>Enclavados mec\u00e1nicamente para mayor resistencia y rigidez<\/li>\n<li style='margin-bottom: 5px;'>N\u00facleo de panal de abeja que proporciona resistencia natural.<\/li>\n<li style='margin-bottom: 5px;'>Canales invertidos&comma; finales soldadas a ambas l\u00e1minas de cara<\/li>\n<\/ul><\/div>\n<\/p><\/div>\n<p> <!-- Secci\u00f3n de especificaciones --> <\/p>\n<div style='display: flex; flex-wrap: wrap; gap: 30px; margin-bottom: 30px;'>\n<div style='flex: 1 1 300px; min-width: 280px;'>\n<h3 style='font-size: 22px; border-bottom: 2px solid currentColor; padding-bottom: 5px; margin-top: 0; color: inherit; opacity: 0.8;'>Descripci\u00f3n de cada Puerta:<\/h3>\n<ul style='padding-left: 20px; font-size: 15px; color: inherit;'>\n<li style='margin-bottom: 5px;'>Resistente al fuego por 180 min.<\/li>\n<li style='margin-bottom: 5px;'>1-3\/4&#8242; espesor.<\/li>\n<li style='margin-bottom: 5px;'>Interior Honeycomb.<\/li>\n<li style='margin-bottom: 5px;'>Uniones por &#8216;Interlocked&#8217;.<\/li>\n<li style='margin-bottom: 5px;'>Canales invertidos &#8216;Top\/Bttm&#8217;.<\/li>\n<li style='margin-bottom: 5px;'>Refuerzo de bisagra calibre 7.<\/li>\n<li style='margin-bottom: 5px;'>Acabado &#8216;Prime&#8217; anti corrosi\u00f3n.<\/li>\n<li style='margin-bottom: 5px;'>Preparaciones est\u00e1ndares.<\/li>\n<li style='margin-bottom: 5px;'>Certificaci\u00f3n UL.<\/li>\n<li style='margin-bottom: 5px;'>STC 32 (en calibre 18).<\/li>\n<li style='margin-bottom: 5px;'>Uniones por &#8216;Interlocked&#8217;.<\/li>\n<li style='margin-bottom: 5px;'>Calibre: 18<\/li>\n<li style='margin-bottom: 5px;'>1&comma;000&comma;000 ciclos de uso en calibre 18.<\/li>\n<li style='margin-bottom: 5px;'>Dimensiones: 4&#8217;0&#8242; x 8&#8217;0&#8242;<\/li>\n<\/ul><\/div>\n<div style='flex: 1 1 300px; min-width: 280px;'>\n<h3 style='font-size: 22px; border-bottom: 2px solid currentColor; padding-bottom: 5px; margin-top: 0; color: inherit; opacity: 0.8;'>Accesorios adicionales para puerta cortafuego:<\/h3>\n<ul style='padding-left: 20px; font-size: 15px; color: inherit;'>\n<li style='margin-bottom: 5px;'><strong style='color: inherit;'>Sello perimetral<\/strong>: modelo 5019<\/li>\n<li style='margin-bottom: 5px;'><strong style='color: inherit;'>Sardinel:<\/strong> 5021 &comma; o bien 5026&comma; 5027 (opci\u00f3n con tope)<\/li>\n<li style='margin-bottom: 5px;'><strong style='color: inherit;'>Sello bajo puerta:<\/strong> 5017A o bien 5033 (con goma)<\/li>\n<li style='margin-bottom: 5px;'><strong style='color: inherit;'>Goter\u00f3n:<\/strong> 5037 (para uso en puertas con vista al exterior)<\/li>\n<li style='margin-bottom: 5px;'><strong style='color: inherit;'>Cierrapuertas:<\/strong> 84883<\/li>\n<\/ul>\n<p style='margin-top: 15px; font-size: 14px; color: inherit;'>*Opcional puede utilizar barra para puerta de emergencia&comma; cerradura mec\u00e1nica y se\u00f1alizaci\u00f3n.<\/p>\n<\/p><\/div>\n<\/p><\/div>\n<p> <!-- Separador --> <\/p>\n<hr style='border: 0; border-top: 1px solid rgba(150&comma; 150&comma; 150&comma; 0.3); margin: 30px 0;'> <\/div>\n","protected":false},"excerpt":{"rendered":"<p>Kit Puerta doble met\u00e1lica galvanizada 8 ft x 8 ft \/ Resistente al fuego por 180 min \/ UL<\/p>\n","protected":false},"featured_media":28789,"comment_status":"open","ping_status":"closed","template":"","meta":[],"product_brand":[],"product_cat":[216],"product_tag":[218,217,126],"class_list":{"0":"post-28790","1":"product","2":"type-product","3":"status-publish","4":"has-post-thumbnail","6":"product_cat-puertas-de-emergencia","7":"product_tag-assa-abloy","8":"product_tag-puertas-de-emergencia","9":"product_tag-sistemas-de-emergencia","11":"first","12":"outofstock","13":"sale","14":"shipping-taxable","15":"purchasable","16":"product-type-simple"},"_links":{"self":[{"href":"https:\/\/soydeaqui.ddns.net\/pachuca\/index.php\/wp-json\/wp\/v2\/product\/28790","targetHints":{"allow":["GET"]}}],"collection":[{"href":"https:\/\/soydeaqui.ddns.net\/pachuca\/index.php\/wp-json\/wp\/v2\/product"}],"about":[{"href":"https:\/\/soydeaqui.ddns.net\/pachuca\/index.php\/wp-json\/wp\/v2\/types\/product"}],"replies":[{"embeddable":true,"href":"https:\/\/soydeaqui.ddns.net\/pachuca\/index.php\/wp-json\/wp\/v2\/comments?post=28790"}],"wp:featuredmedia":[{"embeddable":true,"href":"https:\/\/soydeaqui.ddns.net\/pachuca\/index.php\/wp-json\/wp\/v2\/media\/28789"}],"wp:attachment":[{"href":"https:\/\/soydeaqui.ddns.net\/pachuca\/index.php\/wp-json\/wp\/v2\/media?parent=28790"}],"wp:term":[{"taxonomy":"product_brand","embeddable":true,"href":"https:\/\/soydeaqui.ddns.net\/pachuca\/index.php\/wp-json\/wp\/v2\/product_brand?post=28790"},{"taxonomy":"product_cat","embeddable":true,"href":"https:\/\/soydeaqui.ddns.net\/pachuca\/index.php\/wp-json\/wp\/v2\/product_cat?post=28790"},{"taxonomy":"product_tag","embeddable":true,"href":"https:\/\/soydeaqui.ddns.net\/pachuca\/index.php\/wp-json\/wp\/v2\/product_tag?post=28790"}],"curies":[{"name":"wp","href":"https:\/\/api.w.org\/{rel}","templated":true}]}}