{"id":28754,"date":"2026-03-18T13:04:40","date_gmt":"2026-03-18T13:04:40","guid":{"rendered":"https:\/\/soydeaqui.ddns.net\/pachuca\/index.php\/producto\/paquete-de-500-tarjetas-ultracard-10-milesimas-grosor-adhesivas-imprimibles-por-un-solo-lado-para-pegar-sobre-tarjetas-cr80\/"},"modified":"2026-03-18T13:04:42","modified_gmt":"2026-03-18T13:04:42","slug":"paquete-de-500-tarjetas-ultracard-10-milesimas-grosor-adhesivas-imprimibles-por-un-solo-lado-para-pegar-sobre-tarjetas-cr80","status":"publish","type":"product","link":"https:\/\/soydeaqui.ddns.net\/pachuca\/index.php\/producto\/paquete-de-500-tarjetas-ultracard-10-milesimas-grosor-adhesivas-imprimibles-por-un-solo-lado-para-pegar-sobre-tarjetas-cr80\/","title":{"rendered":"Paquete de 500 Tarjetas UltraCard 10 milesimas Grosor\/ Adhesivas\/ Imprimibles por un s\u00f3lo lado \/ Para pegar sobre tarjetas\/ CR80"},"content":{"rendered":"<div style='width: 100%; max-width: 1200px; margin: 0 auto; font-family: sans-serif; line-height: 1.6; color: inherit; background-color: transparent;'>\n<div style='display: flex; flex-wrap: wrap; gap: 30px; margin-bottom: 30px;'>\n<div style='flex: 1 1 300px; min-width: 280px;'>\n<h3 style='font-size: 22px; border-bottom: 2px solid currentColor; padding-bottom: 5px; margin-top: 0; color: inherit; opacity: 0.8;'>Caracter\u00edsticas principales<\/h3>\n<ul style='padding-left: 20px; font-size: 15px; color: inherit;'>\n<li style='margin-bottom: 5px;'>Paquete de 500 tarjetas de material PVC frontal con Adhesivo en la parte de atr\u00e1s<\/li>\n<li style='margin-bottom: 5px;'>Se utiliza principalmente para colocarse en tarjetas tipo Gruesas y usarlas como identificaci\u00f3n<\/li>\n<li style='margin-bottom: 5px;'>Pueden ser impresas en la l\u00ednea de impresoras HID <a style='color: inherit; text-decoration: underline;' href='https:\/\/www.syscom.mx\/principal\/listadoproductosazul\/control-de-acceso-credencializacion-impresoras-2612.html?ordenar=Precio_de_Menor_a_Mayor&#038;marca=-hid&#038;pag=1' target='_blank' rel='noopener'>aqu\u00ed<\/a><\/li>\n<li style='margin-bottom: 5px;'>Tama\u00f1o CR80: 2.13&#8242; x 3.38&#8242; (85.6 x 54 mm)<\/li>\n<li style='margin-bottom: 5px;'>UltraCard 10 milesimas de pulgada de espesor<\/li>\n<\/ul><\/div>\n<\/p><\/div>\n<div style='display: flex; flex-wrap: wrap; gap: 20px; margin-bottom: 30px;'>\n<div style='flex: 1 1 250px; border: 1px solid rgba(150&comma; 150&comma; 150&comma; 0.4); border-radius: 8px; overflow: hidden; display: flex; flex-direction: column;'>\n<div style='padding: 15px; border-bottom: 1px solid rgba(150&comma; 150&comma; 150&comma; 0.2); font-weight: bold; font-size: 18px; color: inherit;'>\u00bfCon qu\u00e9 va a imprimir sus tarjetas? Mayor informaci\u00f3n<\/div>\n<div style='padding: 15px; color: inherit;'>\n<ul style='padding-left: 20px; margin: 0; font-size: 14px; list-style-type: disc;'>\n<li style='margin-bottom: 5px;'><a style='color: inherit; text-decoration: underline;' href='https:\/\/www.syscom.mx\/principal\/listadoproductosazul\/control-de-acceso-credencializacion-impresoras-2612.html?ordenar=Precio_de_Menor_a_Mayor&#038;marca=-hid&#038;pag=1' target='_blank' rel='noopener'>Ver impresoras HID<\/a><\/li>\n<li style='margin-bottom: 5px;'><a style='color: inherit; text-decoration: underline;' href='https:\/\/www.syscom.mx\/principal\/listadoportadasazul\/control-de-acceso-credencializacion-434.html' target='_blank' rel='noopener'>M\u00e1s informaci\u00f3n aqu\u00ed<\/a><\/li>\n<\/ul><\/div>\n<\/p><\/div>\n<\/p><\/div>\n<hr style='border: 0; border-top: 1px solid rgba(150&comma; 150&comma; 150&comma; 0.3); margin: 30px 0;'> <\/div>\n","protected":false},"excerpt":{"rendered":"<p>Paquete de 500 Tarjetas UltraCard 10 milesimas Grosor\/ Adhesivas\/ Imprimibles por un s\u00f3lo lado \/ Para pegar sobre tarjetas\/ CR80<\/p>\n","protected":false},"featured_media":28753,"comment_status":"open","ping_status":"closed","template":"","meta":[],"product_brand":[],"product_cat":[823],"product_tag":[814,812,62],"class_list":{"0":"post-28754","1":"product","2":"type-product","3":"status-publish","4":"has-post-thumbnail","6":"product_cat-todos-identificacion-y-credencializacion","7":"product_tag-hid","8":"product_tag-identificacion-y-credencializacion","9":"product_tag-todos","11":"first","12":"instock","13":"sale","14":"shipping-taxable","15":"purchasable","16":"product-type-simple"},"_links":{"self":[{"href":"https:\/\/soydeaqui.ddns.net\/pachuca\/index.php\/wp-json\/wp\/v2\/product\/28754","targetHints":{"allow":["GET"]}}],"collection":[{"href":"https:\/\/soydeaqui.ddns.net\/pachuca\/index.php\/wp-json\/wp\/v2\/product"}],"about":[{"href":"https:\/\/soydeaqui.ddns.net\/pachuca\/index.php\/wp-json\/wp\/v2\/types\/product"}],"replies":[{"embeddable":true,"href":"https:\/\/soydeaqui.ddns.net\/pachuca\/index.php\/wp-json\/wp\/v2\/comments?post=28754"}],"wp:featuredmedia":[{"embeddable":true,"href":"https:\/\/soydeaqui.ddns.net\/pachuca\/index.php\/wp-json\/wp\/v2\/media\/28753"}],"wp:attachment":[{"href":"https:\/\/soydeaqui.ddns.net\/pachuca\/index.php\/wp-json\/wp\/v2\/media?parent=28754"}],"wp:term":[{"taxonomy":"product_brand","embeddable":true,"href":"https:\/\/soydeaqui.ddns.net\/pachuca\/index.php\/wp-json\/wp\/v2\/product_brand?post=28754"},{"taxonomy":"product_cat","embeddable":true,"href":"https:\/\/soydeaqui.ddns.net\/pachuca\/index.php\/wp-json\/wp\/v2\/product_cat?post=28754"},{"taxonomy":"product_tag","embeddable":true,"href":"https:\/\/soydeaqui.ddns.net\/pachuca\/index.php\/wp-json\/wp\/v2\/product_tag?post=28754"}],"curies":[{"name":"wp","href":"https:\/\/api.w.org\/{rel}","templated":true}]}}