{"id":2875,"date":"2026-03-18T06:01:49","date_gmt":"2026-03-18T06:01:49","guid":{"rendered":"https:\/\/soydeaqui.ddns.net\/pachuca\/index.php\/producto\/hub-hc8-controlador-inteligente-para-dispositivos-zwave-zigbee-integrable-con-shelly-lutron-entre-otras-app-gratis-sin-pago-de-anualidad-o-mensualidad\/"},"modified":"2026-03-18T06:01:56","modified_gmt":"2026-03-18T06:01:56","slug":"hub-hc8-controlador-inteligente-para-dispositivos-zwave-zigbee-integrable-con-shelly-lutron-entre-otras-app-gratis-sin-pago-de-anualidad-o-mensualidad","status":"publish","type":"product","link":"https:\/\/soydeaqui.ddns.net\/pachuca\/index.php\/producto\/hub-hc8-controlador-inteligente-para-dispositivos-zwave-zigbee-integrable-con-shelly-lutron-entre-otras-app-gratis-sin-pago-de-anualidad-o-mensualidad\/","title":{"rendered":"HUB HC8 Controlador inteligente para dispositivos Zwave, Zigbee, integrable con Shelly, Lutron entre otras, APP gratis sin pago de anualidad o mensualidad."},"content":{"rendered":"<div style='width: 100%; max-width: 1200px; margin: 0 auto; font-family: sans-serif; line-height: 1.6; color: inherit; background-color: transparent;'>\n<div style='display: flex; flex-wrap: wrap; gap: 30px; margin-bottom: 30px;'>\n<div style='flex: 1 1 300px; min-width: 280px;'>\n<h3 style='font-size: 22px; border-bottom: 2px solid currentColor; padding-bottom: 5px; margin-top: 0; color: inherit; opacity: 0.8;'>Caracter\u00edsticas principales<\/h3>\n<ul style='padding-left: 20px; font-size: 15px; color: inherit;'>\n<li style='margin-bottom: 5px;'>Configuracion de forma segura desde su hogar<\/li>\n<li style='margin-bottom: 5px;'>Asegure su HUB con con contrase\u00f1a personalizada<\/li>\n<li style='margin-bottom: 5px;'>Soporta 232 dispositivos Zwave<\/li>\n<li style='margin-bottom: 5px;'>Niveles de autorizaci\u00f3n para los usuarios<\/li>\n<li style='margin-bottom: 5px;'>Z-Wave 800 radio<\/li>\n<li style='margin-bottom: 5px;'>Zigbee 3.0 radio (IEEE 802.15.4)<\/li>\n<li style='margin-bottom: 5px;'>Conexi\u00f3n a internet por Wifi y Ethertnet<\/li>\n<li style='margin-bottom: 5px;'>Antenas exteriores para Z-Wave y Zigbee<\/li>\n<li style='margin-bottom: 5px;'>Apple HomeKit&comma; Google y Alexa<\/li>\n<\/ul><\/div>\n<div style='flex: 1 1 300px; min-width: 280px;'>\n<h3 style='font-size: 22px; border-bottom: 2px solid currentColor; padding-bottom: 5px; margin-top: 0; color: inherit; opacity: 0.8;'>Caracter\u00edsticas F\u00edsicas y El\u00e9ctricas<\/h3>\n<ul style='padding-left: 20px; font-size: 15px; color: inherit;'>\n<li style='margin-bottom: 5px;'>5V DC 1A<\/li>\n<li style='margin-bottom: 5px;'>Cable USB tipo C incluido 80 cm<\/li>\n<li style='margin-bottom: 5px;'>Puerto Ethernet Base 100-tx<\/li>\n<li style='margin-bottom: 5px;'>85mm x 85mm x 12 mm<\/li>\n<li style='margin-bottom: 5px;'>Antena Zwave<\/li>\n<li style='margin-bottom: 5px;'>Antena ZigBee<\/li>\n<li style='margin-bottom: 5px;'>Cobertura: 8 &#8211; 9 metros \/ recomendable tener el primer dispositivo Zwave bidireccional<\/li>\n<li style='margin-bottom: 5px;'><strong>Matter<\/strong>&comma; funcionalidad arriba de la actualizacion 2.3.7<\/li>\n<\/ul><\/div>\n<div style='flex: 1 1 300px; min-width: 280px;'>\n<h3 style='font-size: 22px; border-bottom: 2px solid currentColor; padding-bottom: 5px; margin-top: 0; color: inherit; opacity: 0.8;'>Caracter\u00edsticas Destacadas<\/h3>\n<ul style='padding-left: 20px; font-size: 15px; color: inherit;'>\n<li style='margin-bottom: 5px; text-align: justify;'>Acceda a sus dispositivos (Zwave&comma; ZigBee&comma; Shelly&comma; Lutron&comma; u otros) a trav\u00e9s de paneles personalizables en la App y plataforma<\/li>\n<li style='margin-bottom: 5px; text-align: justify;'>App disponible para iOS y Android&comma; App Store \/ Google Play Store<\/li>\n<li style='margin-bottom: 5px; text-align: justify;'>Acceso por App gratis y tambien por medio de enlace web&comma; desde cualquier parte del mundo con una conexi\u00f3n a Internet<\/li>\n<li style='margin-bottom: 5px; text-align: justify;'><a href='http:\/\/docs2.hubitat.com\/apps\/lutron-integrator' style='color: #0FCD18; text-decoration: none;'>Integracion con LUTRON<\/a><\/li>\n<li style='margin-bottom: 5px;'><a href='https:\/\/docs2.hubitat.com\/en\/devices\/list-of-compatible-devices' style='color: #0FCD18; text-decoration: none;'>Lista de marcas compatibles<\/a><\/li>\n<li style='margin-bottom: 5px;'><a href='https:\/\/hubitat.com\/blogs\/home-automation-tutorials\/tagged\/getting-started' style='color: #0FCD18; text-decoration: none;'>Video tutoriales Hubitat<\/a><\/li>\n<li style='margin-bottom: 5px;'><a href='http:\/\/go.hubitat.com\/' style='color: #0FCD18; text-decoration: none;'>Pasos para su configuracion<\/a><\/li>\n<li style='margin-bottom: 5px;'><a href='https:\/\/soporte.syscom.mx\/es\/collections\/82828-automatizacion-e-intrusion#hubitat' style='color: #0FCD18; text-decoration: none;'>Soporte Syscom<\/a><\/li>\n<li style='margin-bottom: 5px;'><strong>Shelly compatibles<\/strong>: Shelly&comma; Shelly1PM&comma; Shelly25&comma; ShellyBulb&comma; ShellyDUO&comma; ShellyPlugUS&comma; ShellyDimmer2<\/li>\n<\/ul><\/div>\n<\/p><\/div>\n<div style='margin-bottom: 30px; font-size: 15px; color: inherit;'>\n<p style='margin: 0 0 15px 0; text-align: center;'><strong>Experimente la automatizaci\u00f3n del hogar de una forma r\u00e1pida&comma; confiable y privada.<\/strong><\/p>\n<p style='margin: 0 0 15px 0; text-align: justify;'>HUB Controlador inteligente para dispositivos Zwave&comma; Zigbee&comma; Shelly&comma; Lutron e integracion via Wifi con otras App&#8217;s.<\/p>\n<p style='margin: 0 0 15px 0; text-align: justify;'>HUBITAT est\u00e1 cambiando la forma en que las personas viven y controlan sus dispositivos inteligentes. Les permite combinar ventanas de control&comma; conectibidad IoT en la nube \/ Internet.<\/p>\n<p style='margin: 0; text-align: justify;'>Dise\u00f1o compacto y estetico.<\/p>\n<\/p><\/div>\n<div style='margin-bottom: 30px; text-align: center;'>\n<h3 style='font-size: 22px; border-bottom: 2px solid currentColor; padding-bottom: 5px; margin-top: 0; margin-bottom: 15px; color: inherit; opacity: 0.8;'>\u00bfComo funciona?<\/h3>\n<div style='display: flex; flex-wrap: wrap; justify-content: center; gap: 15px; margin-bottom: 15px;'> <img style='width: 100%; max-width: 691px; height: auto; border: 1px solid rgba(150&comma;150&comma;150&comma;0.3); border-radius: 8px;' src='https:\/\/ftp3.syscom.mx\/usuarios\/fotos\/HC5\/177603-como_funiona_hubitat.png' alt=''> <img style='width: 100%; max-width: 900px; height: auto; border: 1px solid rgba(150&comma;150&comma;150&comma;0.3); border-radius: 8px;' src='https:\/\/ibb.co\/pZt1qfG' alt=''> <img style='width: 100%; max-width: 900px; height: auto; border: 1px solid rgba(150&comma;150&comma;150&comma;0.3); border-radius: 8px;' src='https:\/\/i.ibb.co\/nfHwp7Z\/layout2.jpg' alt='jasco'> <\/div>\n<\/p><\/div>\n<div style='margin-bottom: 30px;'>\n<div style='position: relative; padding-bottom: 56.25%; height: 0; overflow: hidden; margin-bottom: 30px;'>   <\/div>\n<\/p><\/div>\n<div style='margin-bottom: 30px; font-size: 15px; color: inherit;'>\n<p style='margin: 0; text-align: center;'><strong>\u00bfComo funciona?<\/strong><\/p>\n<\/p><\/div>\n<\/p><\/div>\n","protected":false},"excerpt":{"rendered":"<p>HUB HC8 Controlador inteligente para dispositivos Zwave, Zigbee, integrable con Shelly, Lutron entre otras, APP gratis sin pago de anualidad o mensualidad.<\/p>\n","protected":false},"featured_media":2874,"comment_status":"open","ping_status":"closed","template":"","meta":[],"product_brand":[],"product_cat":[407],"product_tag":[408,163,180],"class_list":{"0":"post-2875","1":"product","2":"type-product","3":"status-publish","4":"has-post-thumbnail","6":"product_cat-automatizacion-z-wave","7":"product_tag-automatizacion-z-wave","8":"product_tag-hubitat-inc","9":"product_tag-total-connect-honeywell","11":"first","12":"outofstock","13":"sale","14":"shipping-taxable","15":"purchasable","16":"product-type-simple"},"_links":{"self":[{"href":"https:\/\/soydeaqui.ddns.net\/pachuca\/index.php\/wp-json\/wp\/v2\/product\/2875","targetHints":{"allow":["GET"]}}],"collection":[{"href":"https:\/\/soydeaqui.ddns.net\/pachuca\/index.php\/wp-json\/wp\/v2\/product"}],"about":[{"href":"https:\/\/soydeaqui.ddns.net\/pachuca\/index.php\/wp-json\/wp\/v2\/types\/product"}],"replies":[{"embeddable":true,"href":"https:\/\/soydeaqui.ddns.net\/pachuca\/index.php\/wp-json\/wp\/v2\/comments?post=2875"}],"wp:featuredmedia":[{"embeddable":true,"href":"https:\/\/soydeaqui.ddns.net\/pachuca\/index.php\/wp-json\/wp\/v2\/media\/2874"}],"wp:attachment":[{"href":"https:\/\/soydeaqui.ddns.net\/pachuca\/index.php\/wp-json\/wp\/v2\/media?parent=2875"}],"wp:term":[{"taxonomy":"product_brand","embeddable":true,"href":"https:\/\/soydeaqui.ddns.net\/pachuca\/index.php\/wp-json\/wp\/v2\/product_brand?post=2875"},{"taxonomy":"product_cat","embeddable":true,"href":"https:\/\/soydeaqui.ddns.net\/pachuca\/index.php\/wp-json\/wp\/v2\/product_cat?post=2875"},{"taxonomy":"product_tag","embeddable":true,"href":"https:\/\/soydeaqui.ddns.net\/pachuca\/index.php\/wp-json\/wp\/v2\/product_tag?post=2875"}],"curies":[{"name":"wp","href":"https:\/\/api.w.org\/{rel}","templated":true}]}}