{"id":28748,"date":"2026-03-18T13:04:31","date_gmt":"2026-03-18T13:04:31","guid":{"rendered":"https:\/\/soydeaqui.ddns.net\/pachuca\/index.php\/producto\/biominiplus-2-enrolador-ip65-500-dpi-optic-sensor-use-con-suprema-readers\/"},"modified":"2026-03-18T13:04:37","modified_gmt":"2026-03-18T13:04:37","slug":"biominiplus-2-enrolador-ip65-500-dpi-optic-sensor-use-con-suprema-readers","status":"publish","type":"product","link":"https:\/\/soydeaqui.ddns.net\/pachuca\/index.php\/producto\/biominiplus-2-enrolador-ip65-500-dpi-optic-sensor-use-con-suprema-readers\/","title":{"rendered":"BioMiniPlus 2, Enrolador IP65 \/ 500 dpi \/ Optic Sensor \/Use con SUPREMA Readers"},"content":{"rendered":"<div style='width: 100%; max-width: 1200px; margin: 0 auto; font-family: sans-serif; line-height: 1.6; color: inherit; background-color: transparent;'>\n<div style='width: 100%; margin-bottom: 30px; text-align: center;'>\n<p style='font-size: 18px; color: inherit; margin: 0;'>Este enrolador es compatible \u00fanicamente con el software BIOSTAR2.6 o versiones m\u00e1s nuevas.<\/p>\n<\/p><\/div>\n<h3 style='font-size: 24px; border-bottom: 2px solid currentColor; padding-bottom: 5px; margin-top: 0; margin-bottom: 20px; color: inherit; opacity: 0.8;'>Caracter\u00edsticas:<\/h3>\n<div style='display: flex; flex-wrap: wrap; gap: 30px; margin-bottom: 30px;'>\n<div style='flex: 1 1 300px; min-width: 280px;'>\n<div style='display: flex; align-items: center; gap: 10px; margin-bottom: 15px;'> <img style='width: 24px; height: auto; border: 1px solid rgba(150&comma;150&comma;150&comma;0.3); border-radius: 4px;' src='https:\/\/www.suprema-id.com\/es\/images\/product\/feature2.png' alt=''> <\/p>\n<h4 style='font-size: 18px; margin: 0; color: inherit;'>Certificaciones y est\u00e1ndares<\/h4>\n<\/p><\/div>\n<ul style='padding-left: 20px; font-size: 15px; color: inherit;'>\n<li style='margin-bottom: 5px;'>Certificado FBI PIV y FBI Mobile ID FAP10<\/li>\n<li style='margin-bottom: 5px;'>Cumple con los est\u00e1ndares de formato e imagen certificados por el NIST (ANSI-378&comma; ISO19794-2\/4)<\/li>\n<li style='margin-bottom: 5px;'>Est\u00e1ndares de compresi\u00f3n de imagen: WSQ<\/li>\n<\/ul><\/div>\n<div style='flex: 1 1 300px; min-width: 280px;'>\n<div style='display: flex; align-items: center; gap: 10px; margin-bottom: 15px;'> <img style='width: 24px; height: auto; border: 1px solid rgba(150&comma;150&comma;150&comma;0.3); border-radius: 4px;' src='https:\/\/www.suprema-id.com\/es\/images\/product\/feature6.png' alt=''> <\/p>\n<h4 style='font-size: 18px; margin: 0; color: inherit;'>Tecnolog\u00eda MDR<\/h4>\n<\/p><\/div>\n<ul style='padding-left: 20px; font-size: 15px; color: inherit;'>\n<li style='margin-bottom: 5px;'>Rango de tecnolog\u00eda multidin\u00e1mica (MDR)<\/li>\n<li style='margin-bottom: 5px;'>Funciona bajo la luz solar directa de hasta 100&comma;000 LUX<\/li>\n<\/ul><\/div>\n<div style='flex: 1 1 300px; min-width: 280px;'>\n<div style='display: flex; align-items: center; gap: 10px; margin-bottom: 15px;'> <img style='width: 24px; height: auto; border: 1px solid rgba(150&comma;150&comma;150&comma;0.3); border-radius: 4px;' src='https:\/\/www.suprema-id.com\/es\/images\/product\/feature3.png' alt=''> <\/p>\n<h4 style='font-size: 18px; margin: 0; color: inherit;'>Detecci\u00f3n de huellas en vivo (LFD)<\/h4>\n<\/p><\/div>\n<ul style='padding-left: 20px; font-size: 15px; color: inherit;'>\n<li style='margin-bottom: 5px;'>Distingue huellas dactilares falsas fabricadas con diversos materiales como arcilla&comma; goma&comma; silicona&comma; pegamento&comma; papel&comma; pel\u00edcula&comma; entre otros.<\/li>\n<\/ul><\/div>\n<div style='flex: 1 1 300px; min-width: 280px;'>\n<div style='display: flex; align-items: center; gap: 10px; margin-bottom: 15px;'> <img style='width: 24px; height: auto; border: 1px solid rgba(150&comma;150&comma;150&comma;0.3); border-radius: 4px;' src='https:\/\/www.suprema-id.com\/es\/images\/product\/feature7.png' alt=''> <\/p>\n<h4 style='font-size: 18px; margin: 0; color: inherit;'>Sensor \u00f3ptico mejorado<\/h4>\n<\/p><\/div>\n<ul style='padding-left: 20px; font-size: 15px; color: inherit;'>\n<li style='margin-bottom: 5px;'>Sensor \u00f3ptico de huellas dactilares de 500 dpi<\/li>\n<li style='margin-bottom: 5px;'>Superficie del sensor resistente a rayones con clasificaci\u00f3n IP65<\/li>\n<\/ul><\/div>\n<div style='flex: 1 1 300px; min-width: 280px;'>\n<div style='display: flex; align-items: center; gap: 10px; margin-bottom: 15px;'> <img style='width: 24px; height: auto; border: 1px solid rgba(150&comma;150&comma;150&comma;0.3); border-radius: 4px;' src='https:\/\/www.suprema-id.com\/es\/images\/product\/feature4.png' alt=''> <\/p>\n<h4 style='font-size: 18px; margin: 0; color: inherit;'>Integraci\u00f3n sencilla<\/h4>\n<\/p><\/div>\n<ul style='padding-left: 20px; font-size: 15px; color: inherit;'>\n<li style='margin-bottom: 5px;'>SDK BioMini para el desarrollo de aplicaciones f\u00e1cil<\/li>\n<li style='margin-bottom: 5px;'>Compatible con Android&comma; MS Windows y Linux<\/li>\n<li style='margin-bottom: 5px;'>Dise\u00f1o de c\u00f3digo multihilo para el uso de CPU de m\u00faltiples n\u00facleos<\/li>\n<\/ul><\/div>\n<\/p><\/div>\n<h3 style='font-size: 24px; border-bottom: 2px solid currentColor; padding-bottom: 5px; margin-top: 30px; margin-bottom: 20px; color: inherit; opacity: 0.8;'>Certificaciones y conformidad<\/h3>\n<div style='display: flex; flex-wrap: wrap; gap: 30px; margin-bottom: 30px;'>\n<div style='flex: 1 1 300px; min-width: 280px;'>\n<div style='border: 1px solid rgba(150&comma;150&comma;150&comma;0.4); border-radius: 8px; padding: 15px; margin-bottom: 15px;'>\n<h4 style='font-size: 18px; margin-top: 0; margin-bottom: 10px; color: inherit;'>Certificaci\u00f3n FBI PIV \/ FIPS 20<\/h4>\n<p style='margin: 0; font-size: 15px; color: inherit;'>La certificaci\u00f3n FBI PIV \/ FIPS 201 garantiza que los lectores BioMini Plus 2 cumplen con las especificaciones de calidad de imagen del sistema de identificaci\u00f3n de pr\u00f3xima generaci\u00f3n del FBI.<\/p>\n<\/p><\/div>\n<div style='border: 1px solid rgba(150&comma;150&comma;150&comma;0.4); border-radius: 8px; padding: 15px; margin-bottom: 15px;'>\n<h4 style='font-size: 18px; margin-top: 0; margin-bottom: 10px; color: inherit;'>Certificaci\u00f3n FBI Mobile ID FAP 10<\/h4>\n<p style='margin: 0; font-size: 15px; color: inherit;'>La certificaci\u00f3n FBI Mobile ID garantiza el funcionamiento confiable de los lectores BioMini Plus 2 en entornos m\u00f3viles seg\u00fan las dimensiones de captura especificadas (FAP 10).<\/p>\n<\/p><\/div>\n<div style='border: 1px solid rgba(150&comma;150&comma;150&comma;0.4); border-radius: 8px; padding: 15px;'>\n<h4 style='font-size: 18px; margin-top: 0; margin-bottom: 10px; color: inherit;'>Certificaci\u00f3n STQC a trav\u00e9s de UIDAI<\/h4>\n<p style='margin: 0; font-size: 15px; color: inherit;'>La certificaci\u00f3n STQC garantiza que el lector BioMini Plus 2 cumpla totalmente con las normas&comma; especificaciones y medidas de calidad publicadas por UIDAI para aplicaciones basadas en UID (AADHAAR) e-KYC (Conozca a su cliente).<\/p>\n<\/p><\/div>\n<\/p><\/div>\n<\/p><\/div>\n<h3 style='font-size: 24px; border-bottom: 2px solid currentColor; padding-bottom: 5px; margin-top: 30px; margin-bottom: 20px; color: inherit; opacity: 0.8;'>Especificaciones<\/h3>\n<div style='display: flex; flex-wrap: wrap; gap: 20px; margin-bottom: 30px;'>\n<div style='flex: 1 1 400px; min-width: 300px;'>\n<div style='border: 1px solid rgba(150&comma;150&comma;150&comma;0.4); border-radius: 8px; overflow: hidden;'>\n<div style='padding: 15px; border-bottom: 1px solid rgba(150&comma;150&comma;150&comma;0.2); font-weight: bold; font-size: 18px; color: inherit;'>Sensor<\/div>\n<div style='padding: 15px; color: inherit;'>\n<ul style='padding-left: 20px; margin: 0; font-size: 14px; list-style-type: disc;'>\n<li style='margin-bottom: 5px;'><strong>Tipo de sensor:<\/strong> \u00d3ptico<\/li>\n<li style='margin-bottom: 5px;'><strong>Resoluci\u00f3n \/ Escala de grises:<\/strong> 500 ppi \/ level 256<\/li>\n<li style='margin-bottom: 5px;'><strong>Tama\u00f1o de la imagen:<\/strong> 16.0 x 19.0mm<\/li>\n<li style='margin-bottom: 5px;'><strong>Detecci\u00f3n de \u00e1rea:<\/strong> 16.0 x 18.0 mm<\/li>\n<li style='margin-bottom: 5px;'><strong>Resoluci\u00f3n de imagen:<\/strong> 315 x 354 pixeles<\/li>\n<li style='margin-bottom: 5px;'><strong>Certificaci\u00f3n de imagen:<\/strong> FBI PIV y FBI Mobile ID FAP 10&comma; STQC<\/li>\n<li style='margin-bottom: 5px;'><strong>Formato meticuloso:<\/strong> Suprema&comma; ISO 19794-2&comma; ANSI 378<\/li>\n<li style='margin-bottom: 5px;'><strong>Formato de imagen:<\/strong> RAW&comma; BMP&comma; WSQ&comma; ISO 19794-4<\/li>\n<li style='margin-bottom: 5px;'><strong>Detecci\u00f3n de huella viva:<\/strong> S\u00ed<\/li>\n<li style='margin-bottom: 5px;'><strong>Grado IP:<\/strong> IP65 (Sensor de superficie)<\/li>\n<\/ul><\/div>\n<\/p><\/div>\n<\/p><\/div>\n<div style='flex: 1 1 400px; min-width: 300px;'>\n<div style='border: 1px solid rgba(150&comma;150&comma;150&comma;0.4); border-radius: 8px; overflow: hidden;'>\n<div style='padding: 15px; border-bottom: 1px solid rgba(150&comma;150&comma;150&comma;0.2); font-weight: bold; font-size: 18px; color: inherit;'>Interfaz<\/div>\n<div style='padding: 15px; color: inherit;'>\n<ul style='padding-left: 20px; margin: 0; font-size: 14px; list-style-type: disc;'>\n<li style='margin-bottom: 5px;'><strong>Interfaz:<\/strong> USB<\/li>\n<li style='margin-bottom: 5px;'><strong>Versi\u00f3n USB:<\/strong> 2.0 de alta velocidad<\/li>\n<\/ul><\/div>\n<\/p><\/div>\n<\/p><\/div>\n<div style='flex: 1 1 400px; min-width: 300px;'>\n<div style='border: 1px solid rgba(150&comma;150&comma;150&comma;0.4); border-radius: 8px; overflow: hidden;'>\n<div style='padding: 15px; border-bottom: 1px solid rgba(150&comma;150&comma;150&comma;0.2); font-weight: bold; font-size: 18px; color: inherit;'>Caracter\u00edsticas f\u00edsicas<\/div>\n<div style='padding: 15px; color: inherit;'>\n<ul style='padding-left: 20px; margin: 0; font-size: 14px; list-style-type: disc;'>\n<li style='margin-bottom: 5px;'><strong>Temperatura de operaci\u00f3n:<\/strong> -10 ~ 50\u00b0C<\/li>\n<li style='margin-bottom: 5px;'><strong>Humedad de operaci\u00f3n:<\/strong> 10 ~ 90% sin condensaci\u00f3n<\/li>\n<li style='margin-bottom: 5px;'><strong>Certificaciones:<\/strong> CE&comma; FCC&comma; KC&comma; RoHS&comma; CB&comma; WEEE&comma; USB-IF&comma; WHQL<\/li>\n<li style='margin-bottom: 5px;'><strong>Dimensiones (W x L x H):<\/strong> 66 x 90 x 58 mm<\/li>\n<li style='margin-bottom: 5px;'><strong>Peso:<\/strong> 170g<\/li>\n<\/ul><\/div>\n<\/p><\/div>\n<\/p><\/div>\n<\/p><\/div>\n<hr style='border: 0; border-top: 1px solid rgba(150&comma;150&comma;150&comma;0.3); margin: 30px 0;'> <\/div>\n","protected":false},"excerpt":{"rendered":"<p>BioMiniPlus 2, Enrolador IP65 \/ 500 dpi \/ Optic Sensor \/Use con SUPREMA Readers<\/p>\n","protected":false},"featured_media":28747,"comment_status":"open","ping_status":"closed","template":"","meta":[],"product_brand":[],"product_cat":[841],"product_tag":[744,842,798],"class_list":{"0":"post-28748","1":"product","2":"type-product","3":"status-publish","4":"has-post-thumbnail","6":"product_cat-enroladores-y-lectores-usb","7":"product_tag-biometricos","8":"product_tag-enroladores-y-lectores-usb","9":"product_tag-suprema","11":"first","12":"outofstock","13":"sale","14":"shipping-taxable","15":"purchasable","16":"product-type-simple"},"_links":{"self":[{"href":"https:\/\/soydeaqui.ddns.net\/pachuca\/index.php\/wp-json\/wp\/v2\/product\/28748","targetHints":{"allow":["GET"]}}],"collection":[{"href":"https:\/\/soydeaqui.ddns.net\/pachuca\/index.php\/wp-json\/wp\/v2\/product"}],"about":[{"href":"https:\/\/soydeaqui.ddns.net\/pachuca\/index.php\/wp-json\/wp\/v2\/types\/product"}],"replies":[{"embeddable":true,"href":"https:\/\/soydeaqui.ddns.net\/pachuca\/index.php\/wp-json\/wp\/v2\/comments?post=28748"}],"wp:featuredmedia":[{"embeddable":true,"href":"https:\/\/soydeaqui.ddns.net\/pachuca\/index.php\/wp-json\/wp\/v2\/media\/28747"}],"wp:attachment":[{"href":"https:\/\/soydeaqui.ddns.net\/pachuca\/index.php\/wp-json\/wp\/v2\/media?parent=28748"}],"wp:term":[{"taxonomy":"product_brand","embeddable":true,"href":"https:\/\/soydeaqui.ddns.net\/pachuca\/index.php\/wp-json\/wp\/v2\/product_brand?post=28748"},{"taxonomy":"product_cat","embeddable":true,"href":"https:\/\/soydeaqui.ddns.net\/pachuca\/index.php\/wp-json\/wp\/v2\/product_cat?post=28748"},{"taxonomy":"product_tag","embeddable":true,"href":"https:\/\/soydeaqui.ddns.net\/pachuca\/index.php\/wp-json\/wp\/v2\/product_tag?post=28748"}],"curies":[{"name":"wp","href":"https:\/\/api.w.org\/{rel}","templated":true}]}}