{"id":28740,"date":"2026-03-18T13:04:22","date_gmt":"2026-03-18T13:04:22","guid":{"rendered":"https:\/\/soydeaqui.ddns.net\/pachuca\/index.php\/producto\/frente-de-calle-para-4-apartamentos\/"},"modified":"2026-03-18T13:04:28","modified_gmt":"2026-03-18T13:04:28","slug":"frente-de-calle-para-4-apartamentos","status":"publish","type":"product","link":"https:\/\/soydeaqui.ddns.net\/pachuca\/index.php\/producto\/frente-de-calle-para-4-apartamentos\/","title":{"rendered":"Frente de calle para 4 Apartamentos"},"content":{"rendered":"<div style='width: 100%; max-width: 1200px; margin: 0 auto; font-family: sans-serif; line-height: 1.6; color: inherit; background-color: transparent;'>\n<div style='display: flex; flex-wrap: wrap; gap: 30px; margin-bottom: 30px;'>\n<div style='flex: 1 1 300px; min-width: 280px;'>\n<h3 style='font-size: 22px; border-bottom: 2px solid currentColor; padding-bottom: 5px; margin-top: 0; color: inherit; opacity: 0.8;'>Caracter\u00edsticas principales<\/h3>\n<ul style='padding-left: 20px; font-size: 15px; color: inherit;'>\n<li style='margin-bottom: 5px;'>Frente de calle met\u00e1lico y resistente<\/li>\n<li style='margin-bottom: 5px;'><strong>Soporta los siguientes modelos de Monitores para Apartamentos<\/strong> <span style='font-size: 10pt;'><span style='color: #1d4e8f; font-family: Satoshi-Variable&comma; sans-serif; font-weight: 700 !important;'>KCV-T701SM y<\/span> <span style='color: #1d4e8f; font-family: Satoshi-Variable&comma; sans-serif; font-weight: 700 !important;'>KCV-T701SMB<\/span><\/span><\/li>\n<li style='margin-bottom: 5px;'><strong>Hasta 16 apartamentos utilizando el expansor <a style='background-color: transparent; color: #005cb9; text-decoration-line: none; font-family: 'Open Sans'&comma; Helvetica&comma; Arial&comma; sans-serif;' href='https:\/\/www.syscom.mx\/principal\/searchcont?route=KEL-312-KOCOM-160379&#038;autodetect=kel'>KEL-312<\/a> o Hasta 28 apartamentos utilizando el expansor <a style='background-color: #ffffff; color: #005cb9; text-decoration-line: none; font-family: 'Open Sans'&comma; Helvetica&comma; Arial&comma; sans-serif;' href='https:\/\/www.syscom.mx\/principal\/searchcont?route=KEL-T324-KOCOM-160380&#038;autodetect=kel'>KEL-T324<\/a><\/strong><\/li>\n<li style='margin-bottom: 5px;'>Cableado de 4 hilos hacia los monitores<\/li>\n<li style='margin-bottom: 5px;'>Apertura de puerta con llave de contacto KIB*01U<\/li>\n<li style='margin-bottom: 5px;'>Registro de 1&comma;022 llaves de contacto KIB01U<\/li>\n<li style='margin-bottom: 5px;'>Luz blanca para visi\u00f3n nocturna del visitante<\/li>\n<\/ul><\/div>\n<div style='flex: 1 1 300px; min-width: 280px;'>\n<h3 style='font-size: 22px; border-bottom: 2px solid currentColor; padding-bottom: 5px; margin-top: 0; color: inherit; opacity: 0.8;'>Caracter\u00edsticas F\u00edsicas y El\u00e9ctricas<\/h3>\n<ul style='padding-left: 20px; font-size: 15px; color: inherit;'>\n<li style='margin-bottom: 5px;'>Alimentaci\u00f3n 12Vcc (no Incluida) recomendada <a style='background-color: transparent; color: #005cb9; text-decoration-line: none; font-weight: 600; font-family: 'Open Sans'&comma; Helvetica&comma; Arial&comma; sans-serif;' href='https:\/\/www.syscom.mx\/principal\/searchcont?route=PSD1202D-EPCOM-POWERLINE-77584&#038;autodetect=1202'>PSD1202D<\/a> \u00f3 <a style='background-color: transparent; color: #005cb9; text-decoration-line: none; outline: 0px; font-weight: 600; font-family: 'Open Sans'&comma; Helvetica&comma; Arial&comma; sans-serif;' href='https:\/\/www.syscom.mx\/principal\/searchcont?route=P12DC3A-EPCOM-POWERLINE-144801&#038;autodetect=12_volt_3a'>P12DC3A<\/a>.<\/li>\n<li style='margin-bottom: 5px;'>Dimensiones: 125 x 290 x 48.4 mm.<\/li>\n<li style='margin-bottom: 5px;'>Consumo de corriente 6W.<\/li>\n<li style='margin-bottom: 5px;'>Ajuste de \u00e1ngulo de c\u00e1mara (Ajustable)<\/li>\n<li style='margin-bottom: 5px;'>Distancia de cableado con cable Cal. 18 a 150 metros<\/li>\n<\/ul><\/div>\n<div style='flex: 1 1 300px; min-width: 280px;'>\n<h3 style='font-size: 22px; border-bottom: 2px solid currentColor; padding-bottom: 5px; margin-top: 0; color: inherit; opacity: 0.8;'>Caracter\u00edsticas Destacadas<\/h3>\n<p style='margin-bottom: 15px; font-size: 15px; color: inherit;'>Los sistemas de videoporteros KVLC304I son muy redituables ya que al ser equipos anal\u00f3gicos es muy sencilla y fiable su instalaci\u00f3n&comma; para estos equipos se recomienda usar cable calibre 18 100% cobre de preferencia blindado para tener la mayor distancia y calidad de video.<\/p>\n<h4 style='font-size: 18px; margin-top: 20px; margin-bottom: 10px; color: inherit;'>Cables sugeridos<\/h4>\n<ul style='padding-left: 20px; font-size: 15px; color: inherit;'>\n<li style='margin-bottom: 5px;'><a style='background-color: transparent; color: #005cb9; text-decoration-line: none; font-weight: 600; font-family: 'Open Sans'&comma; Helvetica&comma; Arial&comma; sans-serif;' href='https:\/\/www.syscom.mx\/principal\/searchcont?route=9274-VIAKON-183319&#038;autodetect=calibre_18'>9274<\/a><\/li>\n<li style='margin-bottom: 5px;'><a style='background-color: transparent; color: #005cb9; text-decoration-line: none; outline: 0px; font-family: 'Open Sans'&comma; Helvetica&comma; Arial&comma; sans-serif;' href='https:\/\/www.syscom.mx\/principal\/searchcont?route=1119-5501\/500-HONEYWELL-HOME-RESIDEO-74981&#038;autodetect=111955'>1119-5501\/500<\/a><\/li>\n<li style='margin-bottom: 5px;'><a style='background-color: transparent; color: #005cb9; text-decoration-line: none; outline: 0px; font-family: 'Open Sans'&comma; Helvetica&comma; Arial&comma; sans-serif;' href='https:\/\/www.syscom.mx\/principal\/searchcont?route=92-70-VIAKON-78789&#038;autodetect=calibre_18'>92-70<\/a><\/li>\n<li style='margin-bottom: 5px;'><a style='background-color: transparent; color: #005cb9; text-decoration-line: none; outline: 0px; font-weight: 600; font-family: 'Open Sans'&comma; Helvetica&comma; Arial&comma; sans-serif;' href='https:\/\/www.syscom.mx\/principal\/searchcont?route=ACCESS-184\/500-AccessPRO-166995&#038;autodetect=ACCESS184'>ACCESS-184\/500<\/a><\/li>\n<\/ul>\n<p style='margin-top: 20px; font-size: 15px; color: inherit;'><strong>*2 A\u00f1os de Garant\u00eda.<\/strong><\/p>\n<\/p><\/div>\n<\/p><\/div>\n<hr style='border: 0; border-top: 1px solid rgba(150&comma; 150&comma; 150&comma; 0.3); margin: 30px 0;'>\n<div style='display: flex; flex-direction: column; align-items: center; margin: 30px 0;'>\n<div style='position: relative; padding-bottom: 56.25%; height: 0; overflow: hidden; width: 100%; max-width: 560px; margin-bottom: 30px;'>   <\/div>\n<p> <img style='width: 100%; height: auto; border: 1px solid rgba(150&comma;150&comma;150&comma;0.3); border-radius: 8px; max-width: 600px; margin: 0 auto; display: block;' src='https:\/\/ftp3.syscom.mx\/usuarios\/amesta\/KOCOM\/anuncio.jpg' alt=''> <\/div>\n<p style='text-align: center; margin-top: 20px; font-size: 14px; color: inherit;'> Nota.- <span style='color: #222222; font-family: Arial&comma; Helvetica&comma; sans-serif; font-size: small;'>La operaci\u00f3n de audio del equipo se puede ver afectada por las condiciones ambientales de ruido generadas por el entorno de cada sitio o lugar<\/span> <\/p>\n<\/p><\/div>\n","protected":false},"excerpt":{"rendered":"<p>Frente de calle para 4 Apartamentos<\/p>\n","protected":false},"featured_media":28739,"comment_status":"open","ping_status":"closed","template":"","meta":[],"product_brand":[],"product_cat":[819],"product_tag":[799,820,557],"class_list":{"0":"post-28740","1":"product","2":"type-product","3":"status-publish","4":"has-post-thumbnail","6":"product_cat-multiapartamentos","7":"product_tag-kocom","8":"product_tag-multiapartamentos","9":"product_tag-videoporteros-e-interfonos","11":"first","12":"instock","13":"sale","14":"shipping-taxable","15":"purchasable","16":"product-type-simple"},"_links":{"self":[{"href":"https:\/\/soydeaqui.ddns.net\/pachuca\/index.php\/wp-json\/wp\/v2\/product\/28740","targetHints":{"allow":["GET"]}}],"collection":[{"href":"https:\/\/soydeaqui.ddns.net\/pachuca\/index.php\/wp-json\/wp\/v2\/product"}],"about":[{"href":"https:\/\/soydeaqui.ddns.net\/pachuca\/index.php\/wp-json\/wp\/v2\/types\/product"}],"replies":[{"embeddable":true,"href":"https:\/\/soydeaqui.ddns.net\/pachuca\/index.php\/wp-json\/wp\/v2\/comments?post=28740"}],"wp:featuredmedia":[{"embeddable":true,"href":"https:\/\/soydeaqui.ddns.net\/pachuca\/index.php\/wp-json\/wp\/v2\/media\/28739"}],"wp:attachment":[{"href":"https:\/\/soydeaqui.ddns.net\/pachuca\/index.php\/wp-json\/wp\/v2\/media?parent=28740"}],"wp:term":[{"taxonomy":"product_brand","embeddable":true,"href":"https:\/\/soydeaqui.ddns.net\/pachuca\/index.php\/wp-json\/wp\/v2\/product_brand?post=28740"},{"taxonomy":"product_cat","embeddable":true,"href":"https:\/\/soydeaqui.ddns.net\/pachuca\/index.php\/wp-json\/wp\/v2\/product_cat?post=28740"},{"taxonomy":"product_tag","embeddable":true,"href":"https:\/\/soydeaqui.ddns.net\/pachuca\/index.php\/wp-json\/wp\/v2\/product_tag?post=28740"}],"curies":[{"name":"wp","href":"https:\/\/api.w.org\/{rel}","templated":true}]}}