{"id":28735,"date":"2026-03-18T13:04:17","date_gmt":"2026-03-18T13:04:17","guid":{"rendered":"https:\/\/soydeaqui.ddns.net\/pachuca\/index.php\/producto\/frente-de-calle-para-8-apartamentos-compatible-con-monitores-de-4-hilos-expandible-a-20-o-32-deptos\/"},"modified":"2026-03-18T13:04:21","modified_gmt":"2026-03-18T13:04:21","slug":"frente-de-calle-para-8-apartamentos-compatible-con-monitores-de-4-hilos-expandible-a-20-o-32-deptos","status":"publish","type":"product","link":"https:\/\/soydeaqui.ddns.net\/pachuca\/index.php\/producto\/frente-de-calle-para-8-apartamentos-compatible-con-monitores-de-4-hilos-expandible-a-20-o-32-deptos\/","title":{"rendered":"Frente de calle para 8 Apartamentos, compatible con monitores de 4 hilos, expandible a 20 o 32 deptos."},"content":{"rendered":"<div style='width: 100%; max-width: 1200px; margin: 0 auto; font-family: sans-serif; line-height: 1.6; color: inherit; background-color: transparent;'>\n<div style='display: flex; flex-wrap: wrap; gap: 30px; margin-bottom: 30px;'>\n<div style='flex: 1 1 300px; min-width: 280px;'>\n<h3 style='font-size: 22px; border-bottom: 2px solid currentColor; padding-bottom: 5px; margin-top: 0; color: inherit; opacity: 0.8;'>Caracter\u00edsticas principales:<\/h3>\n<ul style='padding-left: 20px; font-size: 15px; color: inherit;'>\n<li style='margin-bottom: 5px;'>Frente de calle metalico y resistente<\/li>\n<li style='margin-bottom: 5px;'>Compatible con los monitores <a href='https:\/\/syscom.pro\/products\/202398\/701' style='color: inherit; text-decoration: underline;'>KCV-T701SM<\/a> y <a href='https:\/\/syscom.pro\/products\/204701' style='color: inherit; text-decoration: underline;'>KCV-T701SMB<\/a>.<\/li>\n<li style='margin-bottom: 5px;'>Soporta hasta 20 apartamentos utilizando el expansor <strong>KEL-312<\/strong>.<\/li>\n<li style='margin-bottom: 5px;'>Soporta hasta 32 apartamentos utilizando el expansor <strong>KEL-T324<\/strong>.<\/li>\n<li style='margin-bottom: 5px;'>Cableado de 4 hilos hacia los monitores.<\/li>\n<li style='margin-bottom: 5px;'>Registro de 1&comma;022 llaves de contacto.<\/li>\n<li style='margin-bottom: 5px;'>Luz blanca para visi\u00f3n nocturna del visitante.<\/li>\n<\/ul><\/div>\n<div style='flex: 1 1 300px; min-width: 280px;'>\n<h3 style='font-size: 22px; border-bottom: 2px solid currentColor; padding-bottom: 5px; margin-top: 0; color: inherit; opacity: 0.8;'>Caracter\u00edsticas F\u00edsicas y El\u00e9ctricas:<\/h3>\n<ul style='padding-left: 20px; font-size: 15px; color: inherit;'>\n<li style='margin-bottom: 5px;'>Alimentaci\u00f3n 12Vcc (no Incluida) recomendada <a href='https:\/\/www.syscom.mx\/principal\/searchcont?route=PSD1202D-EPCOM-POWERLINE-77584&#038;autodetect=1202' style='color: inherit; text-decoration: underline;'>PSD1202D<\/a> \u00f3 <a href='https:\/\/www.syscom.mx\/principal\/searchcont?route=P12DC3A-EPCOM-POWERLINE-144801&#038;autodetect=12_volt_3a' style='color: inherit; text-decoration: underline;'>P12DC3A<\/a>.<\/li>\n<li style='margin-bottom: 5px;'>Dimensiones: 125 x 290 x 48.4 mm.<\/li>\n<li style='margin-bottom: 5px;'>Consumo de corriente 6W.<\/li>\n<li style='margin-bottom: 5px;'>Ajuste de angulo de camara.<\/li>\n<li style='margin-bottom: 5px;'>Distancia de cableado con cable Cal. 18 a 150 metros.<\/li>\n<\/ul><\/div>\n<div style='flex: 1 1 300px; min-width: 280px;'>\n<h3 style='font-size: 22px; border-bottom: 2px solid currentColor; padding-bottom: 5px; margin-top: 0; color: inherit; opacity: 0.8;'>Caracter\u00edsticas Destacadas:<\/h3>\n<p style='margin-bottom: 15px;'>Los sistemas de videoporteros KVLC308L son muy redituables ya que al ser equipos anal\u00f3gicos es muy sencilla y fiable su instalaci\u00f3n&comma; para estos equipos se recomienda usar cable calibre 18 100% cobre de preferencia blindado para tener la mayor distancia y calidad de video.<\/p>\n<p style='margin-bottom: 15px;'>Cables sugeridos: <a href='https:\/\/www.syscom.mx\/principal\/searchcont?route=9274-VIAKON-183319&#038;autodetect=calibre_18' style='color: inherit; text-decoration: underline;'>9274<\/a> <a href='https:\/\/www.syscom.mx\/principal\/searchcont?route=1119-5501\/500-HONEYWELL-HOME-RESIDEO-74981&#038;autodetect=111955' style='color: inherit; text-decoration: underline;'>1119-5501\/500<\/a> <a href='https:\/\/www.syscom.mx\/principal\/searchcont?route=92-70-VIAKON-78789&#038;autodetect=calibre_18' style='color: inherit; text-decoration: underline;'>92-70<\/a> <a href='https:\/\/www.syscom.mx\/principal\/searchcont?route=ACCESS-184\/500-AccessPRO-166995&#038;autodetect=ACCESS184' style='color: inherit; text-decoration: underline;'>ACCESS-184\/500<\/a><\/p>\n<p style='margin-bottom: 15px;'>*2 A\u00f1os de Garant\u00eda.<\/p>\n<\/p><\/div>\n<\/p><\/div>\n<hr style='border: 0; border-top: 1px solid rgba(150&comma; 150&comma; 150&comma; 0.3); margin: 30px 0;'>\n<div style='margin-bottom: 30px;'>\n<h3 style='font-size: 22px; margin-top: 0; margin-bottom: 15px; color: inherit; opacity: 0.8;'>Notas importantes:<\/h3>\n<ol style='padding-left: 20px; font-size: 15px; color: inherit;'>\n<li style='margin-bottom: 5px;'>La operaci\u00f3n de audio del equipo puede verse afectada por las condiciones ambientales de ruido generadas en el entorno de cada sitio o lugar.<\/li>\n<li style='margin-bottom: 5px;'>En caso de utilizarse en exteriores&comma; el equipo debe estar protegido contra el agua.<\/li>\n<\/ol><\/div>\n<div style='text-align: center; margin: 30px 0;'> <img style='width: 100%; max-width: 600px; height: auto; border: 1px solid rgba(150&comma;150&comma;150&comma;0.3); border-radius: 8px;' src='https:\/\/ftp3.syscom.mx\/usuarios\/amesta\/KOCOM\/anuncio.jpg' alt='Anuncio KOCOM KVLC308I'> <\/div>\n<\/p><\/div>\n","protected":false},"excerpt":{"rendered":"<p>Frente de calle para 8 Apartamentos, compatible con monitores de 4 hilos, expandible a 20 o 32 deptos.<\/p>\n","protected":false},"featured_media":28734,"comment_status":"open","ping_status":"closed","template":"","meta":[],"product_brand":[],"product_cat":[871],"product_tag":[799,872,557],"class_list":{"0":"post-28735","1":"product","2":"type-product","3":"status-publish","4":"has-post-thumbnail","6":"product_cat-videoporteros-analogicos","7":"product_tag-kocom","8":"product_tag-videoporteros-analogicos","9":"product_tag-videoporteros-e-interfonos","11":"first","12":"instock","13":"sale","14":"shipping-taxable","15":"purchasable","16":"product-type-simple"},"_links":{"self":[{"href":"https:\/\/soydeaqui.ddns.net\/pachuca\/index.php\/wp-json\/wp\/v2\/product\/28735","targetHints":{"allow":["GET"]}}],"collection":[{"href":"https:\/\/soydeaqui.ddns.net\/pachuca\/index.php\/wp-json\/wp\/v2\/product"}],"about":[{"href":"https:\/\/soydeaqui.ddns.net\/pachuca\/index.php\/wp-json\/wp\/v2\/types\/product"}],"replies":[{"embeddable":true,"href":"https:\/\/soydeaqui.ddns.net\/pachuca\/index.php\/wp-json\/wp\/v2\/comments?post=28735"}],"wp:featuredmedia":[{"embeddable":true,"href":"https:\/\/soydeaqui.ddns.net\/pachuca\/index.php\/wp-json\/wp\/v2\/media\/28734"}],"wp:attachment":[{"href":"https:\/\/soydeaqui.ddns.net\/pachuca\/index.php\/wp-json\/wp\/v2\/media?parent=28735"}],"wp:term":[{"taxonomy":"product_brand","embeddable":true,"href":"https:\/\/soydeaqui.ddns.net\/pachuca\/index.php\/wp-json\/wp\/v2\/product_brand?post=28735"},{"taxonomy":"product_cat","embeddable":true,"href":"https:\/\/soydeaqui.ddns.net\/pachuca\/index.php\/wp-json\/wp\/v2\/product_cat?post=28735"},{"taxonomy":"product_tag","embeddable":true,"href":"https:\/\/soydeaqui.ddns.net\/pachuca\/index.php\/wp-json\/wp\/v2\/product_tag?post=28735"}],"curies":[{"name":"wp","href":"https:\/\/api.w.org\/{rel}","templated":true}]}}