{"id":2873,"date":"2026-03-18T06:01:49","date_gmt":"2026-03-18T06:01:49","guid":{"rendered":"https:\/\/soydeaqui.ddns.net\/pachuca\/index.php\/producto\/modulo-de-2-botones-iluminados-verde-y-azul-con-jack-de-35mm-para-pulsadores-nx0871-y-nx0881-y-lector-rfid-125khz-integrado-4-conexion-bus-rs485\/"},"modified":"2026-03-18T06:01:49","modified_gmt":"2026-03-18T06:01:49","slug":"modulo-de-2-botones-iluminados-verde-y-azul-con-jack-de-35mm-para-pulsadores-nx0871-y-nx0881-y-lector-rfid-125khz-integrado-4-conexion-bus-rs485","status":"publish","type":"product","link":"https:\/\/soydeaqui.ddns.net\/pachuca\/index.php\/producto\/modulo-de-2-botones-iluminados-verde-y-azul-con-jack-de-35mm-para-pulsadores-nx0871-y-nx0881-y-lector-rfid-125khz-integrado-4-conexion-bus-rs485\/","title":{"rendered":"MODULO DE 2 BOTONES ILUMINADOS (VERDE Y AZUL) CON JACK DE 3,5MM PARA PULSADORES NX0871 Y NX0881 Y LECTOR RFID 125KHz INTEGRADO (4). CONEXION BUS RS485"},"content":{"rendered":"<div style='width: 100%; max-width: 1200px; margin: 0 auto; font-family: sans-serif; line-height: 1.6; color: inherit; background-color: transparent;'>\n<div style='display: flex; flex-wrap: wrap; gap: 30px; margin-bottom: 30px;'>\n<div style='flex: 1 1 300px; min-width: 280px;'>\n<h3 style='font-size: 22px; border-bottom: 2px solid currentColor; padding-bottom: 5px; margin-top: 0; color: inherit; opacity: 0.8;'>Funciones principales<\/h3>\n<ul style='padding-left: 20px; font-size: 15px; color: inherit;'>\n<li style='margin-bottom: 5px;'>Pulsador de acci\u00f3n moment\u00e1nea<\/li>\n<li style='margin-bottom: 5px;'>2 teclas iluminadas con realimentaci\u00f3n t\u00e1ctil y audible<\/li>\n<li style='margin-bottom: 5px;'>Cancelaci\u00f3n de atenciones<\/li>\n<li style='margin-bottom: 5px;'>Instalaci\u00f3n empotrada en caja universal (incluye bastidor met\u00e1lico)<\/li>\n<li style='margin-bottom: 5px;'><strong>Requiere marco:<\/strong> <a style='color: inherit; text-decoration: none; font-weight: bold;' href='https:\/\/www.syscom.mx\/principal\/searchcont?route=NX9003-IBERNEX-195549&#038;autodetect=nx9003' target='_blank' rel='noopener'>NX9003<\/a><\/li>\n<\/ul><\/div>\n<div style='flex: 1 1 300px; min-width: 280px;'>\n<h3 style='font-size: 22px; border-bottom: 2px solid currentColor; padding-bottom: 5px; margin-top: 0; color: inherit; opacity: 0.8;'>Caracter\u00edsticas el\u00e9ctricas y f\u00edsicas<\/h3>\n<ul style='padding-left: 20px; font-size: 15px; color: inherit;'>\n<li style='margin-bottom: 5px;'><strong>Voltaje nominal:<\/strong> 12 V<\/li>\n<li style='margin-bottom: 5px;'><strong>Conexi\u00f3n:<\/strong> Bus RS485<\/li>\n<li style='margin-bottom: 5px;'><strong>Lector RFID:<\/strong> 125 KHz integrado<\/li>\n<li style='margin-bottom: 5px;'><a style='color: inherit; text-decoration: none; font-weight: bold;' title='Ficha t\u00e9cnica' href='https:\/\/ftp3.syscom.mx\/usuarios\/scorrea\/A\/IBERNEX\/NX0392\/fichaTecnica.NX0392.NX0393.NX0394.NX0395.NX0397.NX0591.pdf' target='_blank' rel='noopener'>Revise la ficha completa<\/a><\/li>\n<li style='margin-bottom: 5px;'><strong>Dimensiones:<\/strong> 44 x 44 x 46 mm<\/li>\n<\/ul><\/div>\n<div style='flex: 1 1 300px; min-width: 280px;'>\n<h3 style='font-size: 22px; border-bottom: 2px solid currentColor; padding-bottom: 5px; margin-top: 0; color: inherit; opacity: 0.8;'>Caracter\u00edsticas Destacadas<\/h3>\n<p style='font-size: 15px; color: inherit; margin-bottom: 15px;'>Los dos botones iluminados permiten desencadenar llamadas de petici\u00f3n de ayuda y urgente&comma; as\u00ed como registrar la presencia del personal en las habitaciones mediante la pulsaci\u00f3n del bot\u00f3n verde o la tarjeta RFID de 125 KHz.<\/p>\n<p style='font-size: 15px; color: inherit; margin-bottom: 5px;'><strong>Rojo:<\/strong> generar alarmas<\/p>\n<p style='font-size: 15px; color: inherit; margin-bottom: 5px;'><strong>Verde:<\/strong> presencia de personal sanitario y cancelaci\u00f3n de alarma.<\/p>\n<\/p><\/div>\n<\/p><\/div>\n<div style='margin: 30px 0;'>\n<p style='font-size: 15px; color: inherit; margin: 0;'><strong>Nota:<\/strong> Requiere certificaci\u00f3n para su instalaci\u00f3n y para solicitar soporte t\u00e9cnico.<\/p>\n<\/p><\/div>\n<hr style='border: 0; border-top: 1px solid rgba(150&comma; 150&comma; 150&comma; 0.3); margin: 30px 0;'>\n<div style='margin: 30px 0; text-align: center;'>\n<h2 style='font-size: 24px; color: inherit; margin-bottom: 10px;'><strong>Instalaci\u00f3n del m\u00f3dulo<\/strong><\/h2>\n<p style='font-size: 15px; color: inherit; margin: 0 auto 70px; max-width: 800px;'>El m\u00f3dulo incluye un bastidor para fijar de forma directa a una caja cuadrada de 2&#215;2 pulgadas (no incluida) y se coloca el marco embellecedor modelo NX9003 (no incluido).<\/p>\n<\/p><\/div>\n<div style='margin: 30px 0; text-align: center;'> <img style='width: 100%; max-width: 400px; height: auto; border: 1px solid rgba(150&comma;150&comma;150&comma;0.3); border-radius: 8px;' src='https:\/\/ftp3.syscom.mx\/usuarios\/scorrea\/A\/IBERNEX\/I\/caja_2x2.JPG' alt=''> <\/div>\n<\/p><\/div>\n","protected":false},"excerpt":{"rendered":"<p>MODULO DE 2 BOTONES ILUMINADOS (VERDE Y AZUL) CON JACK DE 3,5MM PARA PULSADORES NX0871 Y NX0881 Y LECTOR RFID 125KHz INTEGRADO (4). CONEXION BUS RS485<\/p>\n","protected":false},"featured_media":2872,"comment_status":"open","ping_status":"closed","template":"","meta":[],"product_brand":[],"product_cat":[151],"product_tag":[152,153,126],"class_list":{"0":"post-2873","1":"product","2":"type-product","3":"status-publish","4":"has-post-thumbnail","6":"product_cat-atencion-sociosanitaria","7":"product_tag-atencion-sociosanitaria","8":"product_tag-ibernex","9":"product_tag-sistemas-de-emergencia","11":"first","12":"instock","13":"sale","14":"shipping-taxable","15":"purchasable","16":"product-type-simple"},"_links":{"self":[{"href":"https:\/\/soydeaqui.ddns.net\/pachuca\/index.php\/wp-json\/wp\/v2\/product\/2873","targetHints":{"allow":["GET"]}}],"collection":[{"href":"https:\/\/soydeaqui.ddns.net\/pachuca\/index.php\/wp-json\/wp\/v2\/product"}],"about":[{"href":"https:\/\/soydeaqui.ddns.net\/pachuca\/index.php\/wp-json\/wp\/v2\/types\/product"}],"replies":[{"embeddable":true,"href":"https:\/\/soydeaqui.ddns.net\/pachuca\/index.php\/wp-json\/wp\/v2\/comments?post=2873"}],"wp:featuredmedia":[{"embeddable":true,"href":"https:\/\/soydeaqui.ddns.net\/pachuca\/index.php\/wp-json\/wp\/v2\/media\/2872"}],"wp:attachment":[{"href":"https:\/\/soydeaqui.ddns.net\/pachuca\/index.php\/wp-json\/wp\/v2\/media?parent=2873"}],"wp:term":[{"taxonomy":"product_brand","embeddable":true,"href":"https:\/\/soydeaqui.ddns.net\/pachuca\/index.php\/wp-json\/wp\/v2\/product_brand?post=2873"},{"taxonomy":"product_cat","embeddable":true,"href":"https:\/\/soydeaqui.ddns.net\/pachuca\/index.php\/wp-json\/wp\/v2\/product_cat?post=2873"},{"taxonomy":"product_tag","embeddable":true,"href":"https:\/\/soydeaqui.ddns.net\/pachuca\/index.php\/wp-json\/wp\/v2\/product_tag?post=2873"}],"curies":[{"name":"wp","href":"https:\/\/api.w.org\/{rel}","templated":true}]}}