{"id":28726,"date":"2026-03-18T13:04:04","date_gmt":"2026-03-18T13:04:04","guid":{"rendered":"https:\/\/soydeaqui.ddns.net\/pachuca\/index.php\/producto\/lector-biometrico-de-huella-proximidad-3000-huellas-5000-tarjetas-adms-gratis-wifi-teclado-tactil-estetico-soporta-ddns-con-biotimepro\/"},"modified":"2026-03-18T13:04:09","modified_gmt":"2026-03-18T13:04:09","slug":"lector-biometrico-de-huella-proximidad-3000-huellas-5000-tarjetas-adms-gratis-wifi-teclado-tactil-estetico-soporta-ddns-con-biotimepro","status":"publish","type":"product","link":"https:\/\/soydeaqui.ddns.net\/pachuca\/index.php\/producto\/lector-biometrico-de-huella-proximidad-3000-huellas-5000-tarjetas-adms-gratis-wifi-teclado-tactil-estetico-soporta-ddns-con-biotimepro\/","title":{"rendered":"Lector Biom\u00e9trico de Huella \/ PROXIMIDAD  \/ 3000 Huellas \/ 5,000 Tarjetas \/ ADMS Gratis \/ WiFi \/ Teclado t\u00e1ctil \/ Est\u00e9tico \/ Soporta DDNS con BIOTIMEPRO"},"content":{"rendered":"<div style='width: 100%; max-width: 1200px; margin: 0 auto; font-family: sans-serif; line-height: 1.6; color: inherit; background-color: transparent;'>\n<div style='display: flex; flex-wrap: wrap; gap: 30px; margin-bottom: 30px;'>\n<div style='flex: 1 1 300px; min-width: 280px;'>\n<h3 style='font-size: 22px; border-bottom: 2px solid currentColor; padding-bottom: 5px; margin-top: 0; color: inherit; opacity: 0.8;'>Descripci\u00f3n<\/h3>\n<p style='font-size: 15px; color: inherit;'>F22 es una terminal biom\u00e9trica ultradelgada para control de acceso y gesti\u00f3n de asistencia de empleados y comunicaci\u00f3n Wi-Fi&comma; lo que en conjunto con su avanzado y veloz algoritmo&comma; ofrece un gran&comma; confiable y preciso rendimiento. El F22 brinda una mejor experiencia con su teclado t\u00e1ctil y ofrece una gran flexibilidad para su instalaci\u00f3n como dispositivo independiente o conectado a cualquier panel de control de acceso que soporte se\u00f1al Wiegand est\u00e1ndar. Cuenta con comunicaciones TCP\/IP&comma; RS485 y Wi-Fi para que el dispositivo pueda ser utilizado de acuerdo a diferentes necesidades.<\/p>\n<\/p><\/div>\n<\/p><\/div>\n<div style='display: flex; flex-wrap: wrap; gap: 20px; margin-bottom: 30px;'>\n<div style='flex: 1 1 250px; border: 1px solid rgba(150&comma; 150&comma; 150&comma; 0.4); border-radius: 8px; overflow: hidden; display: flex; flex-direction: column;'>\n<div style='padding: 15px; border-bottom: 1px solid rgba(150&comma; 150&comma; 150&comma; 0.2); font-weight: bold; font-size: 18px; color: inherit;'>Caracter\u00edsticas<\/div>\n<div style='padding: 15px; color: inherit;'>\n<ul style='padding-left: 20px; margin: 0; font-size: 14px; list-style-type: disc;'>\n<li style='margin-bottom: 5px;'>Pantalla TFT a color de 2.4 pulgadas y teclado t\u00e1ctil.<\/li>\n<li style='margin-bottom: 5px;'>Dise\u00f1o ultradelgado y elegante<\/li>\n<li style='margin-bottom: 5px;'>Funciones avanzadas de control de acceso: Anti-passback&comma; cerradura el\u00e9ctrica&comma; sensor de puerta&comma; bot\u00f3n de salida&comma; alarma.<\/li>\n<li style='margin-bottom: 5px;'>WiFi<\/li>\n<li style='margin-bottom: 5px;'>Interfaz de red por TCP\/IP o RS485.<\/li>\n<li style='margin-bottom: 5px;'>Entrada auxiliar con mayor flexibilidad para conectar con alg\u00fan detector o interruptor de emergencia.<\/li>\n<li style='margin-bottom: 5px;'>Multi-verificaci\u00f3n: m\u00faltiples m\u00e9todos de verificaci\u00f3n (tarjeta es opcional)&comma; para proporcionar varias opciones al usuario.<\/li>\n<li style='margin-bottom: 5px;'>Soporta lector esclavo: FR1500&comma; FR1500WP y F12<\/li>\n<\/ul><\/div>\n<\/p><\/div>\n<div style='flex: 1 1 250px; border: 1px solid rgba(150&comma; 150&comma; 150&comma; 0.4); border-radius: 8px; overflow: hidden; display: flex; flex-direction: column;'>\n<div style='padding: 15px; border-bottom: 1px solid rgba(150&comma; 150&comma; 150&comma; 0.2); font-weight: bold; font-size: 18px; color: inherit;'>Especificaciones T\u00e9cnicas<\/div>\n<div style='padding: 15px; color: inherit;'>\n<ul style='padding-left: 20px; margin: 0; font-size: 14px; list-style-type: disc;'>\n<li style='margin-bottom: 5px;'><strong>Pantalla:<\/strong> Pantalla a Color TFT-LCD de 2.4 pulgadas<\/li>\n<li style='margin-bottom: 5px;'><strong>Capacidad de Huellas Digitales:<\/strong> 3&comma;000<\/li>\n<li style='margin-bottom: 5px;'><strong>Capacidad de Eventos:<\/strong> 30&comma;000<\/li>\n<li style='margin-bottom: 5px;'><strong>Lector de tarjetas:<\/strong> EM de 125 KHz (ACCESSISOCARD&comma; ACCESSPROXCARD&comma; ACCESKFBPROX)<\/li>\n<li style='margin-bottom: 5px;'><strong>Versi\u00f3n de Algoritmo:<\/strong> ZKFinger VX10.0<\/li>\n<li style='margin-bottom: 5px;'><strong>Comunicaci\u00f3n:<\/strong> TCP\/IP&comma; RS232\/RS485&comma; USB-Host&comma; WiFi<\/li>\n<li style='margin-bottom: 5px;'><strong>Interfaz de Control de Acceso:<\/strong> Cerradura el\u00e9ctrica&comma; Sensor de puerta&comma; Bot\u00f3n de Salida&comma; Alarma<\/li>\n<li style='margin-bottom: 5px;'><strong>Wiegand:<\/strong> Entrada y Salida<\/li>\n<li style='margin-bottom: 5px;'><strong>Entrada Auxiliar:<\/strong> 1 entrada auxiliar para vinculaciones<\/li>\n<li style='margin-bottom: 5px;'><strong>Funciones Estandar:<\/strong> Horario de Verano&comma; Cambio Autom\u00e1tico de Estado&comma; Consulta de Registros&comma; Teclado T9&comma; Anti-Passback&comma; ID de usuario de 14 d\u00edgitos&comma; Timbre Programado&comma; ADMS (incluido)<\/li>\n<li style='margin-bottom: 5px;'><strong>Alimentaci\u00f3n:<\/strong> 12v 3amp (No Incluida)<\/li>\n<li style='margin-bottom: 5px;'><strong>Temperatura de Operaci\u00f3n:<\/strong> 0\u00baC hasta 45\u00baC<\/li>\n<li style='margin-bottom: 5px;'><strong>Humedad de Operaci\u00f3n:<\/strong> 20% &#8211; 80%<\/li>\n<li style='margin-bottom: 5px;'><strong>Dimensiones:<\/strong> 158.5 x 78 x 19.4 mm<\/li>\n<li style='margin-bottom: 5px;'><strong>SDK:<\/strong> StandAlone SDK<\/li>\n<li style='margin-bottom: 5px;'><strong>Software compatible:<\/strong> ZKBIOACCESS&comma; ZKACCESS3.5&comma; BIOTIMEPRO&comma; ZKTIMENET<\/li>\n<\/ul><\/div>\n<\/p><\/div>\n<\/p><\/div>\n<div style='display: flex; flex-wrap: wrap; gap: 30px; margin-bottom: 30px;'>\n<div style='flex: 1 1 300px; min-width: 280px;'>\n<h3 style='font-size: 22px; border-bottom: 2px solid currentColor; padding-bottom: 5px; margin-top: 0; color: inherit; opacity: 0.8;'>Software Compatible<\/h3>\n<div style='display: flex; flex-direction: column; gap: 20px;'>\n<div style='display: flex; align-items: center; gap: 15px;'> <img style='width: 333px; height: 120.831px; border: 1px solid rgba(150&comma;150&comma;150&comma;0.3); border-radius: 8px;' src='https:\/\/ftp3.syscom.mx\/usuarios\/fotos\/ZKG3\/85293-bt.png' alt=''> <span style='font-size: 24px; color: inherit;'>\u2192 <a href='https:\/\/www.syscom.mx\/producto\/BIO-TIME-7-ZKTECO-160918.html' style='color: inherit; text-decoration: none;'>\u00a1Centralizaci\u00f3n de sucursales a trav\u00e9s de Internet!<\/a><\/span> <\/div>\n<div style='display: flex; align-items: center; gap: 15px;'> <img style='width: 350px; height: 127px; border: 1px solid rgba(150&comma;150&comma;150&comma;0.3); border-radius: 8px;' src='https:\/\/ftp3.syscom.mx\/usuarios\/fespinoza\/Acceso3_TITANIUM\/Recursos\/LOGOTITANIUM.png' alt=''> <span style='font-size: 24px; color: inherit;'>\u2192 <a href='https:\/\/www.syscom.mx\/producto\/TITANIUMACCESO3-ACCESSPRO-154936.html' style='color: inherit; text-decoration: none;'>\u00a1Ahora compatible con integraci\u00f3n a n\u00f3mina!<\/a><\/span> <\/div>\n<\/p><\/div>\n<\/p><\/div>\n<\/p><\/div>\n<div style='margin-bottom: 30px;'>\n<h3 style='font-size: 22px; border-bottom: 2px solid currentColor; padding-bottom: 5px; margin-top: 0; margin-bottom: 20px; color: inherit; opacity: 0.8;'>Software Compatibilidad<\/h3>\n<div style='display: grid; grid-template-columns: repeat(auto-fit&comma; minmax(200px&comma; 1fr)); gap: 20px;'>\n<div style='text-align: center;'> <img style='width: 100%; height: auto; border: 1px solid rgba(150&comma;150&comma;150&comma;0.3); border-radius: 8px;' src='https:\/\/ftp3.syscom.mx\/usuarios\/fmedina\/ZKTeco\/Marketing\/webfiles\/swlist\/lista02_features.png' alt=''> <\/div>\n<div style='text-align: center;'> <a href='https:\/\/www.syscom.mx\/producto\/TIMENET-ACCESSPRO-73893.html' target='_blank' rel='noopener'> <img style='width: 100%; height: auto; border: 1px solid rgba(150&comma;150&comma;150&comma;0.3); border-radius: 8px;' src='https:\/\/ftp3.syscom.mx\/usuarios\/fmedina\/ZKTeco\/Marketing\/webfiles\/swlist\/tnetlite.jpg' alt=''> <img style='width: 50%; margin-top: 10px; border: none;' src='https:\/\/ftp3.syscom.mx\/usuarios\/fmedina\/ZKTeco\/Marketing\/webfiles\/swlist\/descargaGratuita.png' alt=''> <\/a> <\/div>\n<div style='text-align: center;'> <a href='https:\/\/www.syscom.mx\/principal\/consultarproductosazul?global_search=TIMENET&#038;ordenar=Relevancia&#038;pag=1' target='_blank' rel='noopener'> <img style='width: 100%; height: auto; border: 1px solid rgba(150&comma;150&comma;150&comma;0.3); border-radius: 8px;' src='https:\/\/ftp3.syscom.mx\/usuarios\/fmedina\/ZKTeco\/Marketing\/webfiles\/swlist\/tnet3.jpg' alt=''> <img style='width: 50%; margin-top: 10px; border: none;' src='https:\/\/ftp3.syscom.mx\/usuarios\/fmedina\/ZKTeco\/Marketing\/webfiles\/swlist\/masInfo.png' alt=''> <\/a> <\/div>\n<div style='text-align: center;'> <a href='https:\/\/www.syscom.mx\/producto\/ZK-ACCESS3.5-ZKTECO-81923.html' target='_blank' rel='noopener'> <img style='width: 100%; height: auto; border: 1px solid rgba(150&comma;150&comma;150&comma;0.3); border-radius: 8px;' src='https:\/\/ftp3.syscom.mx\/usuarios\/fmedina\/ZKTeco\/Marketing\/webfiles\/swlist\/zkacc35.jpg' alt=''> <img style='width: 50%; margin-top: 10px; border: none;' src='https:\/\/ftp3.syscom.mx\/usuarios\/fmedina\/ZKTeco\/Marketing\/webfiles\/swlist\/masInfo.png' alt=''> <\/a> <\/div>\n<\/p><\/div>\n<\/p><\/div>\n<\/p><\/div>\n","protected":false},"excerpt":{"rendered":"<p>Lector Biom\u00e9trico de Huella \/ PROXIMIDAD  \/ 3000 Huellas \/ 5,000 Tarjetas \/ ADMS Gratis \/ WiFi \/ Teclado t\u00e1ctil \/ Est\u00e9tico \/ Soporta DDNS con BIOTIMEPRO<\/p>\n","protected":false},"featured_media":28725,"comment_status":"open","ping_status":"closed","template":"","meta":[],"product_brand":[],"product_cat":[743],"product_tag":[744,745,844],"class_list":{"0":"post-28726","1":"product","2":"type-product","3":"status-publish","4":"has-post-thumbnail","6":"product_cat-para-tiempo-y-asistencia-checadores","7":"product_tag-biometricos","8":"product_tag-para-tiempo-y-asistencia-checadores","9":"product_tag-zkteco","11":"first","12":"instock","13":"sale","14":"shipping-taxable","15":"purchasable","16":"product-type-simple"},"_links":{"self":[{"href":"https:\/\/soydeaqui.ddns.net\/pachuca\/index.php\/wp-json\/wp\/v2\/product\/28726","targetHints":{"allow":["GET"]}}],"collection":[{"href":"https:\/\/soydeaqui.ddns.net\/pachuca\/index.php\/wp-json\/wp\/v2\/product"}],"about":[{"href":"https:\/\/soydeaqui.ddns.net\/pachuca\/index.php\/wp-json\/wp\/v2\/types\/product"}],"replies":[{"embeddable":true,"href":"https:\/\/soydeaqui.ddns.net\/pachuca\/index.php\/wp-json\/wp\/v2\/comments?post=28726"}],"wp:featuredmedia":[{"embeddable":true,"href":"https:\/\/soydeaqui.ddns.net\/pachuca\/index.php\/wp-json\/wp\/v2\/media\/28725"}],"wp:attachment":[{"href":"https:\/\/soydeaqui.ddns.net\/pachuca\/index.php\/wp-json\/wp\/v2\/media?parent=28726"}],"wp:term":[{"taxonomy":"product_brand","embeddable":true,"href":"https:\/\/soydeaqui.ddns.net\/pachuca\/index.php\/wp-json\/wp\/v2\/product_brand?post=28726"},{"taxonomy":"product_cat","embeddable":true,"href":"https:\/\/soydeaqui.ddns.net\/pachuca\/index.php\/wp-json\/wp\/v2\/product_cat?post=28726"},{"taxonomy":"product_tag","embeddable":true,"href":"https:\/\/soydeaqui.ddns.net\/pachuca\/index.php\/wp-json\/wp\/v2\/product_tag?post=28726"}],"curies":[{"name":"wp","href":"https:\/\/api.w.org\/{rel}","templated":true}]}}