{"id":2871,"date":"2026-03-18T06:01:48","date_gmt":"2026-03-18T06:01:48","guid":{"rendered":"https:\/\/soydeaqui.ddns.net\/pachuca\/index.php\/producto\/kit-de-panel-vista48la-con-teclado-6160rf-y-sensores-5816-5800pir-y-58344\/"},"modified":"2026-03-18T06:01:48","modified_gmt":"2026-03-18T06:01:48","slug":"kit-de-panel-vista48la-con-teclado-6160rf-y-sensores-5816-5800pir-y-58344","status":"publish","type":"product","link":"https:\/\/soydeaqui.ddns.net\/pachuca\/index.php\/producto\/kit-de-panel-vista48la-con-teclado-6160rf-y-sensores-5816-5800pir-y-58344\/","title":{"rendered":"KIT DE PANEL VISTA48LA CON TECLADO 6160RF Y SENSORES 5816, 5800PIR Y 58344"},"content":{"rendered":"<div style='width: 100%; max-width: 1200px; margin: 0 auto; font-family: sans-serif; line-height: 1.6; color: inherit; background-color: transparent;'>\n<div style='display: flex; flex-wrap: wrap; gap: 30px; margin-bottom: 30px;'>\n<div style='flex: 1 1 300px; min-width: 280px;'>\n<h3 style='font-size: 22px; border-bottom: 2px solid currentColor; padding-bottom: 5px; margin-top: 0; color: inherit; opacity: 0.8;'>Caracter\u00edsticas Principales<\/h3>\n<ul style='padding-left: 20px; font-size: 15px; color: inherit;'>\n<li style='margin-bottom: 5px;'>Panel de control con capacidad para 48 zonas al\u00e1mbricas o inal\u00e1mbricas<\/li>\n<li style='margin-bottom: 5px;'>Carga\/descarga por internet con m\u00f3dulo 7845I-ENT<\/li>\n<li style='margin-bottom: 5px;'>Soporta hasta 40 zonas inal\u00e1mbricas de la serie 5800<\/li>\n<li style='margin-bottom: 5px;'>3 particiones independientes&comma; una puede ser \u00e1rea com\u00fan<\/li>\n<li style='margin-bottom: 5px;'>2 salidas programables de voltaje en la tarjeta principal<\/li>\n<li style='margin-bottom: 5px;'>48 c\u00f3digos de usuario con niveles asignables de autoridad<\/li>\n<li style='margin-bottom: 5px;'>Memoria para 254 eventos con visualizaci\u00f3n mediante COMPASS Downloader o teclados alfanum\u00e9ricos<\/li>\n<\/ul><\/div>\n<div style='flex: 1 1 300px; min-width: 280px;'>\n<h3 style='font-size: 22px; border-bottom: 2px solid currentColor; padding-bottom: 5px; margin-top: 0; color: inherit; opacity: 0.8;'>Caracter\u00edsticas T\u00e9cnicas<\/h3>\n<ul style='padding-left: 20px; font-size: 15px; color: inherit;'>\n<li style='margin-bottom: 5px;'><strong>Alimentaci\u00f3n:<\/strong> 12VDC&comma; 600mA m\u00e1x.<\/li>\n<li style='margin-bottom: 5px;'><strong>Salida de alarma:<\/strong> 12VDC&comma; 2.0A m\u00e1x.<\/li>\n<li style='margin-bottom: 5px;'><strong>Salidas programables:<\/strong> A: 12VDC\/100mA&comma; B: 12VDC\/30mA<\/li>\n<li style='margin-bottom: 5px;'><strong>Salida de control:<\/strong> 100mA<\/li>\n<li style='margin-bottom: 5px;'><strong>Consumo:<\/strong> Ingl\u00e9s &#8211; 85mA&comma; Lenguaje personalizado &#8211; 25mA<\/li>\n<li style='margin-bottom: 5px;'><strong>Capacidad de bater\u00eda:<\/strong> Hasta 7AH<\/li>\n<li style='margin-bottom: 5px;'><strong>Comunicaciones:<\/strong> Discado multifrecuencia o pulso dec\u00e1dico<\/li>\n<\/ul><\/div>\n<\/p><\/div>\n<div style='display: flex; flex-wrap: wrap; gap: 20px; margin-bottom: 30px;'>\n<div style='flex: 1 1 250px; border: 1px solid rgba(150&comma; 150&comma; 150&comma; 0.4); border-radius: 8px; overflow: hidden; display: flex; flex-direction: column;'>\n<div style='padding: 15px; border-bottom: 1px solid rgba(150&comma; 150&comma; 150&comma; 0.2); font-weight: bold; font-size: 18px; color: inherit;'>Zonas<\/div>\n<div style='padding: 15px; color: inherit;'>\n<ul style='padding-left: 20px; margin: 0; font-size: 14px; list-style-type: disc;'>\n<li style='margin-bottom: 5px;'>8 zonas al\u00e1mbricas b\u00e1sicas (7 pueden ser dobladas o doble alarma)<\/li>\n<li style='margin-bottom: 5px;'>Expande hasta 48 zonas al\u00e1mbricas o inal\u00e1mbricas<\/li>\n<li style='margin-bottom: 5px;'>23 tipos de zona configurables<\/li>\n<li style='margin-bottom: 5px;'>Supresi\u00f3n programable de sensor intermitente<\/li>\n<li style='margin-bottom: 5px;'>Asignable a cualquier partici\u00f3n<\/li>\n<\/ul><\/div>\n<\/p><\/div>\n<div style='flex: 1 1 250px; border: 1px solid rgba(150&comma; 150&comma; 150&comma; 0.4); border-radius: 8px; overflow: hidden; display: flex; flex-direction: column;'>\n<div style='padding: 15px; border-bottom: 1px solid rgba(150&comma; 150&comma; 150&comma; 0.2); font-weight: bold; font-size: 18px; color: inherit;'>Comunicaciones<\/div>\n<div style='padding: 15px; color: inherit;'>\n<ul style='padding-left: 20px; margin: 0; font-size: 14px; list-style-type: disc;'>\n<li style='margin-bottom: 5px;'>Reporte Expandido<\/li>\n<li style='margin-bottom: 5px;'>Formatos soportados: HONEYWELL Contact ID&comma; HONEYWELL 4 + 2 Express&comma; Robofon Contact ID&comma; Robofon 6 + 2<\/li>\n<li style='margin-bottom: 5px;'>C\u00f3digos de hasta 6 d\u00edgitos PABX<\/li>\n<li style='margin-bottom: 5px;'>Hasta 30 d\u00edgitos en n\u00fameros de telecomunicaci\u00f3n<\/li>\n<li style='margin-bottom: 5px;'>Toma de l\u00ednea de doble polo<\/li>\n<li style='margin-bottom: 5px;'>Verificaci\u00f3n de Audio de Alarma<\/li>\n<\/ul><\/div>\n<\/p><\/div>\n<div style='flex: 1 1 250px; border: 1px solid rgba(150&comma; 150&comma; 150&comma; 0.4); border-radius: 8px; overflow: hidden; display: flex; flex-direction: column;'>\n<div style='padding: 15px; border-bottom: 1px solid rgba(150&comma; 150&comma; 150&comma; 0.2); font-weight: bold; font-size: 18px; color: inherit;'>Teclados Compatibles<\/div>\n<div style='padding: 15px; color: inherit;'>\n<ul style='padding-left: 20px; margin: 0; font-size: 14px; list-style-type: disc;'>\n<li style='margin-bottom: 5px;'>Serie 6148 &#8211; LCD de palabras fijas<\/li>\n<li style='margin-bottom: 5px;'>6164 &#8211; LCD iluminada de 2 x 16<\/li>\n<li style='margin-bottom: 5px;'>6270 TouchCenter<\/li>\n<li style='margin-bottom: 5px;'>Symphony con iconos<\/li>\n<li style='margin-bottom: 5px;'>5839&comma; 5839EU &#038; 5839H &#8211; Teclados alfanum\u00e9ricos inal\u00e1mbricos de 2 v\u00edas<\/li>\n<\/ul><\/div>\n<\/p><\/div>\n<div style='flex: 1 1 250px; border: 1px solid rgba(150&comma; 150&comma; 150&comma; 0.4); border-radius: 8px; overflow: hidden; display: flex; flex-direction: column;'>\n<div style='padding: 15px; border-bottom: 1px solid rgba(150&comma; 150&comma; 150&comma; 0.2); font-weight: bold; font-size: 18px; color: inherit;'>Sensores Incluidos<\/div>\n<div style='padding: 15px; color: inherit;'>\n<ul style='padding-left: 20px; margin: 0; font-size: 14px; list-style-type: disc;'>\n<li style='margin-bottom: 5px;'>5816 &#8211; Contacto magn\u00e9tico inal\u00e1mbrico<\/li>\n<li style='margin-bottom: 5px;'>5800PIR &#8211; Detector de movimiento PIR<\/li>\n<li style='margin-bottom: 5px;'>58344 &#8211; Detector de humo de dos hilos<\/li>\n<\/ul><\/div>\n<\/p><\/div>\n<\/p><\/div>\n<div style='display: flex; flex-wrap: wrap; gap: 20px; margin-bottom: 30px;'>\n<div style='flex: 1 1 250px; border: 1px solid rgba(150&comma; 150&comma; 150&comma; 0.4); border-radius: 8px; overflow: hidden; display: flex; flex-direction: column;'>\n<div style='padding: 15px; border-bottom: 1px solid rgba(150&comma; 150&comma; 150&comma; 0.2); font-weight: bold; font-size: 18px; color: inherit;'>Agendas Programables<\/div>\n<div style='padding: 15px; color: inherit;'>\n<ul style='padding-left: 20px; margin: 0; font-size: 14px; list-style-type: disc;'>\n<li style='margin-bottom: 5px;'>Hasta 32 agendas programables<\/li>\n<li style='margin-bottom: 5px;'>8 definidas por el instalador y 24 definidas por el usuario<\/li>\n<li style='margin-bottom: 5px;'>Cada partici\u00f3n tiene su propia agenda para autoarmado\/desarmado<\/li>\n<li style='margin-bottom: 5px;'>Agendas repetitivas o no repetitivas (agendas temporales)<\/li>\n<\/ul><\/div>\n<\/p><\/div>\n<div style='flex: 1 1 250px; border: 1px solid rgba(150&comma; 150&comma; 150&comma; 0.4); border-radius: 8px; overflow: hidden; display: flex; flex-direction: column;'>\n<div style='padding: 15px; border-bottom: 1px solid rgba(150&comma; 150&comma; 150&comma; 0.2); font-weight: bold; font-size: 18px; color: inherit;'>Dispositivos de Expansi\u00f3n<\/div>\n<div style='padding: 15px; color: inherit;'>\n<ul style='padding-left: 20px; margin: 0; font-size: 14px; list-style-type: disc;'>\n<li style='margin-bottom: 5px;'>4219 &#8211; 8 zonas al\u00e1mbricas<\/li>\n<li style='margin-bottom: 5px;'>4204 &#8211; Hasta 4 relevos (hasta 4 tarjetas con 4 relevos cada una)<\/li>\n<li style='margin-bottom: 5px;'>4229 &#8211; 8 zonas al\u00e1mbricas y 2 relevos<\/li>\n<\/ul><\/div>\n<\/p><\/div>\n<div style='flex: 1 1 250px; border: 1px solid rgba(150&comma; 150&comma; 150&comma; 0.4); border-radius: 8px; overflow: hidden; display: flex; flex-direction: column;'>\n<div style='padding: 15px; border-bottom: 1px solid rgba(150&comma; 150&comma; 150&comma; 0.2); font-weight: bold; font-size: 18px; color: inherit;'>Certificaciones<\/div>\n<div style='padding: 15px; color: inherit;'>\n<ul style='padding-left: 20px; margin: 0; font-size: 14px; list-style-type: disc;'>\n<li style='margin-bottom: 5px;'>Aprobado CE<\/li>\n<li style='margin-bottom: 5px;'>Aprobado para Europa Oeste<\/li>\n<li style='margin-bottom: 5px;'>Aprobado para Australia<\/li>\n<\/ul><\/div>\n<\/p><\/div>\n<\/p><\/div>\n<hr style='border: 0; border-top: 1px solid rgba(150&comma; 150&comma; 150&comma; 0.3); margin: 30px 0;'>\n<div style='display: flex; flex-wrap: wrap; gap: 30px; margin-bottom: 30px;'>\n<div style='flex: 1 1 300px; min-width: 280px;'>\n<h3 style='font-size: 22px; border-bottom: 2px solid currentColor; padding-bottom: 5px; margin-top: 0; color: inherit; opacity: 0.8;'>Caracter\u00edsticas de Seguridad<\/h3>\n<ul style='padding-left: 20px; font-size: 15px; color: inherit;'>\n<li style='margin-bottom: 5px;'>C\u00f3digo de instalador separado para f\u00e1cil servicio<\/li>\n<li style='margin-bottom: 5px;'>Monitor incorporado de falla en l\u00ednea telef\u00f3nica<\/li>\n<li style='margin-bottom: 5px;'>C\u00f3digo desabotaje (CS) lock out<\/li>\n<li style='margin-bottom: 5px;'>Tamper de protecci\u00f3n contra retiro de cubierta o de muro<\/li>\n<li style='margin-bottom: 5px;'>Indicaci\u00f3n de bater\u00eda baja (11.2-11.6 VDC)<\/li>\n<li style='margin-bottom: 5px;'>Detecci\u00f3n de interferencia en RF<\/li>\n<li style='margin-bottom: 5px;'>Indicaci\u00f3n de bater\u00eda baja en dispositivos inal\u00e1mbricos<\/li>\n<\/ul><\/div>\n<div style='flex: 1 1 300px; min-width: 280px;'>\n<h3 style='font-size: 22px; border-bottom: 2px solid currentColor; padding-bottom: 5px; margin-top: 0; color: inherit; opacity: 0.8;'>Control de Dispositivos<\/h3>\n<ul style='padding-left: 20px; font-size: 15px; color: inherit;'>\n<li style='margin-bottom: 5px;'>Hasta 16 dispositivos controlables<\/li>\n<li style='margin-bottom: 5px;'>Activaci\u00f3n por dispositivos inal\u00e1mbricos&comma; teclados&comma; eventos del sistema o agendas de tiempo<\/li>\n<li style='margin-bottom: 5px;'>Soporte para dispositivos X-10<\/li>\n<li style='margin-bottom: 5px;'>Diversidad de recepci\u00f3n con dos antenas<\/li>\n<li style='margin-bottom: 5px;'>Soporta dispositivos de interruptor de llave (4146)<\/li>\n<li style='margin-bottom: 5px;'>Control de iluminaci\u00f3n y aparatos el\u00e9ctricos<\/li>\n<\/ul><\/div>\n<\/p><\/div>\n<\/p><\/div>\n","protected":false},"excerpt":{"rendered":"<p>KIT DE PANEL VISTA48LA CON TECLADO 6160RF Y SENSORES 5816, 5800PIR Y 58344<\/p>\n","protected":false},"featured_media":32,"comment_status":"open","ping_status":"closed","template":"","meta":[],"product_brand":[],"product_cat":[60],"product_tag":[45,61,62],"class_list":{"0":"post-2871","1":"product","2":"type-product","3":"status-publish","4":"has-post-thumbnail","6":"product_cat-todos","7":"product_tag-honeywell-home-resideo","8":"product_tag-paneles-de-alarma","9":"product_tag-todos","11":"first","12":"outofstock","13":"sale","14":"shipping-taxable","15":"purchasable","16":"product-type-simple"},"_links":{"self":[{"href":"https:\/\/soydeaqui.ddns.net\/pachuca\/index.php\/wp-json\/wp\/v2\/product\/2871","targetHints":{"allow":["GET"]}}],"collection":[{"href":"https:\/\/soydeaqui.ddns.net\/pachuca\/index.php\/wp-json\/wp\/v2\/product"}],"about":[{"href":"https:\/\/soydeaqui.ddns.net\/pachuca\/index.php\/wp-json\/wp\/v2\/types\/product"}],"replies":[{"embeddable":true,"href":"https:\/\/soydeaqui.ddns.net\/pachuca\/index.php\/wp-json\/wp\/v2\/comments?post=2871"}],"wp:featuredmedia":[{"embeddable":true,"href":"https:\/\/soydeaqui.ddns.net\/pachuca\/index.php\/wp-json\/wp\/v2\/media\/32"}],"wp:attachment":[{"href":"https:\/\/soydeaqui.ddns.net\/pachuca\/index.php\/wp-json\/wp\/v2\/media?parent=2871"}],"wp:term":[{"taxonomy":"product_brand","embeddable":true,"href":"https:\/\/soydeaqui.ddns.net\/pachuca\/index.php\/wp-json\/wp\/v2\/product_brand?post=2871"},{"taxonomy":"product_cat","embeddable":true,"href":"https:\/\/soydeaqui.ddns.net\/pachuca\/index.php\/wp-json\/wp\/v2\/product_cat?post=2871"},{"taxonomy":"product_tag","embeddable":true,"href":"https:\/\/soydeaqui.ddns.net\/pachuca\/index.php\/wp-json\/wp\/v2\/product_tag?post=2871"}],"curies":[{"name":"wp","href":"https:\/\/api.w.org\/{rel}","templated":true}]}}