{"id":28707,"date":"2026-03-18T13:03:40","date_gmt":"2026-03-18T13:03:40","guid":{"rendered":"https:\/\/soydeaqui.ddns.net\/pachuca\/index.php\/producto\/modulo-laminador-para-impresora-smart-51\/"},"modified":"2026-03-18T13:03:44","modified_gmt":"2026-03-18T13:03:44","slug":"modulo-laminador-para-impresora-smart-51","status":"publish","type":"product","link":"https:\/\/soydeaqui.ddns.net\/pachuca\/index.php\/producto\/modulo-laminador-para-impresora-smart-51\/","title":{"rendered":"M\u00f3dulo Laminador para impresora  SMART-51"},"content":{"rendered":"<div style='width: 100%; max-width: 1200px; margin: 0 auto; font-family: sans-serif; line-height: 1.6; color: inherit; background-color: transparent;'>\n<div style='display: flex; flex-wrap: wrap; gap: 30px; margin-bottom: 30px;'>\n<div style='flex: 1 1 300px; min-width: 280px;'>\n<h3 style='font-size: 22px; border-bottom: 2px solid currentColor; padding-bottom: 5px; margin-top: 0; color: inherit; opacity: 0.8;'>Caracter\u00edsticas<\/h3>\n<ul style='padding-left: 20px; font-size: 15px; color: inherit;'>\n<li style='margin-bottom: 5px;'>El laminador no opera por si solo&comma; requiere ser instalado en la SMART51.<\/li>\n<li style='margin-bottom: 5px;'>Requiere cintas de laminar: <a href='https:\/\/www.syscom.mx\/producto\/659392-IDP-141106.html' style='color: inherit; text-decoration: underline; font-weight: bold;' target='_blank'>659392<\/a> \/ <a href='https:\/\/www.syscom.mx\/producto\/659380-IDP-141108.html' style='color: inherit; text-decoration: underline; font-weight: bold;' target='_blank'>659380<\/a>. Nota: Aunque no se vaya a utilizar la laminadora en algunas impresiones&comma; la cinta de laminaci\u00f3n debe estar instalada siempre.<\/li>\n<li style='margin-bottom: 5px;'>Alimentaci\u00f3n incluida.<\/li>\n<\/ul><\/div>\n<\/p><\/div>\n<hr style='border: 0; border-top: 1px solid rgba(150&comma; 150&comma; 150&comma; 0.3); margin: 30px 0;'>\n<div style='display: flex; flex-wrap: wrap; gap: 30px; margin-bottom: 30px;'>\n<div style='flex: 1 1 300px; min-width: 280px;'>\n<h3 style='font-size: 22px; border-bottom: 2px solid currentColor; padding-bottom: 5px; margin-top: 0; color: inherit; opacity: 0.8;'>Pol\u00edtica de Garant\u00eda<\/h3>\n<ul style='padding-left: 20px; font-size: 15px; color: inherit;'>\n<li style='margin-bottom: 5px;'>.<\/li>\n<\/ul><\/div>\n<\/p><\/div>\n<hr style='border: 0; border-top: 1px solid rgba(150&comma; 150&comma; 150&comma; 0.3); margin: 30px 0;'>\n<div style='display: flex; flex-wrap: wrap; gap: 30px; margin-bottom: 30px;'>\n<div style='flex: 1 1 300px; min-width: 280px;'>\n<h3 style='font-size: 22px; border-bottom: 2px solid currentColor; padding-bottom: 5px; margin-top: 0; color: inherit; opacity: 0.8;'>Mejoras de la SMART51 Vs SMART50<\/h3>\n<ul style='padding-left: 20px; font-size: 15px; color: inherit;'>\n<li style='margin-bottom: 5px;'>Nueva bandeja con rodillo de entrada plana (100 tarjetas tapa cerrada&comma; 200 con la tapa abierta).<\/li>\n<li style='margin-bottom: 5px;'>Bandeja de salida posterior hasta 100 tarjetas*** opcional sobre pedido.<\/li>\n<li style='margin-bottom: 5px;'>Bandeja de salida extra\u00edble.<\/li>\n<li style='margin-bottom: 5px;'>Velocidad de impresi\u00f3n mejorada&comma; mejora calidad de imagen (tonos de piel)&comma; CPU de \u00faltima generaci\u00f3n&comma; ruido de impresi\u00f3n reducido.<\/li>\n<li style='margin-bottom: 5px;'>En el m\u00f3dulo de laminaci\u00f3n ahora incluye un cartucho para colocar la cinta.<\/li>\n<\/ul><\/div>\n<\/p><\/div>\n<div style='display: flex; flex-wrap: wrap; gap: 30px; margin-bottom: 30px;'>\n<div style='flex: 1 1 300px; min-width: 280px;'>\n<div style='padding: 15px; border: 1px solid rgba(150&comma; 150&comma; 150&comma; 0.4); border-radius: 8px; background-color: rgba(255&comma; 255&comma; 255&comma; 0.05);'> <strong>Producto sobre pedido<\/strong> <\/div>\n<\/p><\/div>\n<\/p><\/div>\n<\/p><\/div>\n","protected":false},"excerpt":{"rendered":"<p>M\u00f3dulo Laminador para impresora  SMART-51<\/p>\n","protected":false},"featured_media":28706,"comment_status":"open","ping_status":"closed","template":"","meta":[],"product_brand":[],"product_cat":[886],"product_tag":[812,824,887],"class_list":{"0":"post-28707","1":"product","2":"type-product","3":"status-publish","4":"has-post-thumbnail","6":"product_cat-impresoras-todas","7":"product_tag-identificacion-y-credencializacion","8":"product_tag-idp","9":"product_tag-impresoras-todas","11":"first","12":"outofstock","13":"sale","14":"shipping-taxable","15":"purchasable","16":"product-type-simple"},"_links":{"self":[{"href":"https:\/\/soydeaqui.ddns.net\/pachuca\/index.php\/wp-json\/wp\/v2\/product\/28707","targetHints":{"allow":["GET"]}}],"collection":[{"href":"https:\/\/soydeaqui.ddns.net\/pachuca\/index.php\/wp-json\/wp\/v2\/product"}],"about":[{"href":"https:\/\/soydeaqui.ddns.net\/pachuca\/index.php\/wp-json\/wp\/v2\/types\/product"}],"replies":[{"embeddable":true,"href":"https:\/\/soydeaqui.ddns.net\/pachuca\/index.php\/wp-json\/wp\/v2\/comments?post=28707"}],"wp:featuredmedia":[{"embeddable":true,"href":"https:\/\/soydeaqui.ddns.net\/pachuca\/index.php\/wp-json\/wp\/v2\/media\/28706"}],"wp:attachment":[{"href":"https:\/\/soydeaqui.ddns.net\/pachuca\/index.php\/wp-json\/wp\/v2\/media?parent=28707"}],"wp:term":[{"taxonomy":"product_brand","embeddable":true,"href":"https:\/\/soydeaqui.ddns.net\/pachuca\/index.php\/wp-json\/wp\/v2\/product_brand?post=28707"},{"taxonomy":"product_cat","embeddable":true,"href":"https:\/\/soydeaqui.ddns.net\/pachuca\/index.php\/wp-json\/wp\/v2\/product_cat?post=28707"},{"taxonomy":"product_tag","embeddable":true,"href":"https:\/\/soydeaqui.ddns.net\/pachuca\/index.php\/wp-json\/wp\/v2\/product_tag?post=28707"}],"curies":[{"name":"wp","href":"https:\/\/api.w.org\/{rel}","templated":true}]}}