{"id":28680,"date":"2026-03-18T13:03:03","date_gmt":"2026-03-18T13:03:03","guid":{"rendered":"https:\/\/soydeaqui.ddns.net\/pachuca\/index.php\/producto\/lector-biometrico-7000-huellas-mifare-wiegand-ip-listo-para-axtrax\/"},"modified":"2026-03-18T13:03:09","modified_gmt":"2026-03-18T13:03:09","slug":"lector-biometrico-7000-huellas-mifare-wiegand-ip-listo-para-axtrax","status":"publish","type":"product","link":"https:\/\/soydeaqui.ddns.net\/pachuca\/index.php\/producto\/lector-biometrico-7000-huellas-mifare-wiegand-ip-listo-para-axtrax\/","title":{"rendered":"Lector Biom\u00e9trico \/ 7,000 HUELLAS \/ MIFARE \/ WIEGAND \/ IP \/ Listo para AXTRAX"},"content":{"rendered":"<div style='width: 100%; max-width: 1200px; margin: 0 auto; font-family: sans-serif; line-height: 1.6; color: inherit; background-color: transparent;'>\n<div style='background: linear-gradient(to bottom&comma; #595959 0%&comma; #a80007 100%); border-bottom: 6px solid #a80007; border-left: 6px solid #a80007; border-right: 6px solid #a80007; padding: 30px; margin-bottom: 30px; text-align: center;'> <img style='width: 100%; max-width: 450px; height: auto; border: 1px solid rgba(150&comma;150&comma;150&comma;0.3); border-radius: 8px; margin-bottom: 15px;' src='https:\/\/ftp3.syscom.mx\/usuarios\/fotos\/ACF44\/10062-rosslare.png' alt='AY-B8650'> <\/p>\n<h2 style='color: black; margin: 0 0 10px; font-size: 24px;'>AY-B8650<\/h2>\n<h2 style='color: black; margin: 0; font-size: 20px;'>Lector Biom\u00e9trico \/ 7&comma;000 Huellas \/ MIFARE \/ WIEGAND \/ IP \/ Listo para AXTRAX<\/h2>\n<\/p><\/div>\n<div style='display: flex; flex-wrap: wrap; gap: 30px; margin-bottom: 30px;'>\n<div style='flex: 1 1 300px; min-width: 280px;'>\n<h3 style='font-size: 22px; border-bottom: 2px solid currentColor; padding-bottom: 5px; margin-top: 0; color: inherit; opacity: 0.8;'>Caracter\u00edsticas Principales<\/h3>\n<ul style='padding-left: 20px; font-size: 15px; color: inherit;'>\n<li style='margin-bottom: 5px;'>Lector biom\u00e9trico compatible con AXTRAX<\/li>\n<li style='margin-bottom: 5px;'>Gabinete de metal resistente (IK10)<\/li>\n<li style='margin-bottom: 5px;'>Encapsulado ep\u00f3xico para protecci\u00f3n<\/li>\n<li style='margin-bottom: 5px;'>Adecuado para uso en interiores y exteriores (IP65)<\/li>\n<li style='margin-bottom: 5px;'>Registro de 7&comma;000 plantillas dactilares (1:N)<\/li>\n<li style='margin-bottom: 5px;'>Habilita factores de autenticidad dual (huella dactilar + tarjeta)<\/li>\n<li style='margin-bottom: 5px;'>Salida Wiegand para conexi\u00f3n a paneles de control de acceso de terceros<\/li>\n<li style='margin-bottom: 5px;'>Conectividad TCP\/IP para administraci\u00f3n de terminales<\/li>\n<li style='margin-bottom: 5px;'>Configuraci\u00f3n mediante software de cliente AxTraxNG<\/li>\n<\/ul><\/div>\n<div style='flex: 1 1 300px; min-width: 280px;'> <img style='width: 100%; height: auto; border: 1px solid rgba(150&comma;150&comma;150&comma;0.3); border-radius: 8px;' src='https:\/\/ftp3.syscom.mx\/usuarios\/fotos\/AYB8650\/166864-descarga.png' alt='Diagrama de conexi\u00f3n'> <\/div>\n<\/p><\/div>\n<div style='display: flex; flex-wrap: wrap; gap: 20px; margin-bottom: 30px;'>\n<div style='flex: 1 1 250px; border: 1px solid rgba(150&comma; 150&comma; 150&comma; 0.4); border-radius: 8px; overflow: hidden; display: flex; flex-direction: column;'>\n<div style='padding: 15px; border-bottom: 1px solid rgba(150&comma; 150&comma; 150&comma; 0.2); font-weight: bold; font-size: 18px; color: inherit;'>Notas<\/div>\n<div style='padding: 15px; color: inherit;'>\n<ul style='padding-left: 20px; margin: 0; font-size: 14px; list-style-type: disc;'>\n<li style='margin-bottom: 5px;'><strong>*1 A\u00f1o de garant\u00eda<\/strong><\/li>\n<\/ul><\/div>\n<\/p><\/div>\n<\/p><\/div>\n<div style='margin-top: 50px;'>\n<h2 style='font-size: 20px; margin-bottom: 15px; color: inherit;'>Lectoras Biom\u00e9tricas con Rosslare + AXTRAX. &#8216; Todo en un Mismo Software &#8216;<\/h2>\n<div style='position: relative; padding-bottom: 56.25%; height: 0; overflow: hidden; margin-bottom: 30px;'>   <\/div>\n<h2 style='font-size: 20px; margin-bottom: 15px; color: inherit;'>F\u00e1cil y R\u00e1pida configuraci\u00f3n del Lector<\/h2>\n<div style='position: relative; padding-bottom: 56.25%; height: 0; overflow: hidden; margin-bottom: 30px;'>   <\/div>\n<\/p><\/div>\n<\/p><\/div>\n","protected":false},"excerpt":{"rendered":"<p>Lector Biom\u00e9trico \/ 7,000 HUELLAS \/ MIFARE \/ WIEGAND \/ IP \/ Listo para AXTRAX<\/p>\n","protected":false},"featured_media":28679,"comment_status":"open","ping_status":"closed","template":"","meta":[],"product_brand":[],"product_cat":[806],"product_tag":[744,807,563],"class_list":{"0":"post-28680","1":"product","2":"type-product","3":"status-publish","4":"has-post-thumbnail","6":"product_cat-para-control-de-acceso","7":"product_tag-biometricos","8":"product_tag-para-control-de-acceso","9":"product_tag-rosslare-security-products","11":"first","12":"outofstock","13":"sale","14":"shipping-taxable","15":"purchasable","16":"product-type-simple"},"_links":{"self":[{"href":"https:\/\/soydeaqui.ddns.net\/pachuca\/index.php\/wp-json\/wp\/v2\/product\/28680","targetHints":{"allow":["GET"]}}],"collection":[{"href":"https:\/\/soydeaqui.ddns.net\/pachuca\/index.php\/wp-json\/wp\/v2\/product"}],"about":[{"href":"https:\/\/soydeaqui.ddns.net\/pachuca\/index.php\/wp-json\/wp\/v2\/types\/product"}],"replies":[{"embeddable":true,"href":"https:\/\/soydeaqui.ddns.net\/pachuca\/index.php\/wp-json\/wp\/v2\/comments?post=28680"}],"wp:featuredmedia":[{"embeddable":true,"href":"https:\/\/soydeaqui.ddns.net\/pachuca\/index.php\/wp-json\/wp\/v2\/media\/28679"}],"wp:attachment":[{"href":"https:\/\/soydeaqui.ddns.net\/pachuca\/index.php\/wp-json\/wp\/v2\/media?parent=28680"}],"wp:term":[{"taxonomy":"product_brand","embeddable":true,"href":"https:\/\/soydeaqui.ddns.net\/pachuca\/index.php\/wp-json\/wp\/v2\/product_brand?post=28680"},{"taxonomy":"product_cat","embeddable":true,"href":"https:\/\/soydeaqui.ddns.net\/pachuca\/index.php\/wp-json\/wp\/v2\/product_cat?post=28680"},{"taxonomy":"product_tag","embeddable":true,"href":"https:\/\/soydeaqui.ddns.net\/pachuca\/index.php\/wp-json\/wp\/v2\/product_tag?post=28680"}],"curies":[{"name":"wp","href":"https:\/\/api.w.org\/{rel}","templated":true}]}}